{"id":524,"date":"2021-06-23T09:08:04","date_gmt":"2021-06-23T09:08:04","guid":{"rendered":"https:\/\/tasa-arvokasvatuksessa.fi\/?page_id=524"},"modified":"2022-01-25T13:19:43","modified_gmt":"2022-01-25T13:19:43","slug":"home","status":"publish","type":"page","link":"https:\/\/tasa-arvokasvatuksessa.fi\/en\/","title":{"rendered":"Home"},"content":{"rendered":"\t\t<div data-elementor-type=\"wp-page\" data-elementor-id=\"524\" class=\"elementor elementor-524 elementor-14\" data-elementor-post-type=\"page\">\n\t\t\t\t\t\t<section class=\"elementor-section elementor-top-section elementor-element elementor-element-ddf3731 elementor-section-boxed elementor-section-height-default elementor-section-height-default\" data-id=\"ddf3731\" data-element_type=\"section\">\n\t\t\t\t\t\t<div class=\"elementor-container elementor-column-gap-default\">\n\t\t\t\t\t<div class=\"elementor-column elementor-col-100 elementor-top-column elementor-element elementor-element-729c96c\" data-id=\"729c96c\" data-element_type=\"column\">\n\t\t\t<div class=\"elementor-widget-wrap elementor-element-populated\">\n\t\t\t\t\t\t<div class=\"elementor-element elementor-element-961308f elementor-widget elementor-widget-spacer\" data-id=\"961308f\" data-element_type=\"widget\" data-widget_type=\"spacer.default\">\n\t\t\t\t<div class=\"elementor-widget-container\">\n\t\t\t\t\t\t\t<div class=\"elementor-spacer\">\n\t\t\t<div class=\"elementor-spacer-inner\"><\/div>\n\t\t<\/div>\n\t\t\t\t\t\t<\/div>\n\t\t\t\t<\/div>\n\t\t\t\t<div class=\"elementor-element elementor-element-83a0072 elementor-widget elementor-widget-heading\" data-id=\"83a0072\" data-element_type=\"widget\" data-widget_type=\"heading.default\">\n\t\t\t\t<div class=\"elementor-widget-container\">\n\t\t\t\t\t<h2 class=\"elementor-heading-title elementor-size-default\">\nTasa-arvo kasvatuksessa<\/h2>\t\t\t\t<\/div>\n\t\t\t\t<\/div>\n\t\t\t\t\t<\/div>\n\t\t<\/div>\n\t\t\t\t\t<\/div>\n\t\t<\/section>\n\t\t\t\t<section class=\"elementor-section elementor-top-section elementor-element elementor-element-1c65f22 elementor-section-boxed elementor-section-height-default elementor-section-height-default\" data-id=\"1c65f22\" data-element_type=\"section\">\n\t\t\t\t\t\t<div class=\"elementor-container elementor-column-gap-default\">\n\t\t\t\t\t<div class=\"elementor-column elementor-col-100 elementor-top-column elementor-element elementor-element-a2c669b\" data-id=\"a2c669b\" data-element_type=\"column\">\n\t\t\t<div class=\"elementor-widget-wrap elementor-element-populated\">\n\t\t\t\t\t\t<div class=\"elementor-element elementor-element-7cded03 elementor-widget elementor-widget-heading\" data-id=\"7cded03\" data-element_type=\"widget\" data-widget_type=\"heading.default\">\n\t\t\t\t<div class=\"elementor-widget-container\">\n\t\t\t\t\t<h1 class=\"elementor-heading-title elementor-size-default\">Gender Equality in Education (Eng) \u2014 Tasa-arvo kasvatuksessa (Fin) \u2014 J\u00e4mst\u00e4lldhet i l\u00e4rande (Swe)<\/h1>\t\t\t\t<\/div>\n\t\t\t\t<\/div>\n\t\t\t\t\t<\/div>\n\t\t<\/div>\n\t\t\t\t\t<\/div>\n\t\t<\/section>\n\t\t\t\t<section class=\"elementor-section elementor-top-section elementor-element elementor-element-bc9dcb0 elementor-section-boxed elementor-section-height-default elementor-section-height-default\" data-id=\"bc9dcb0\" data-element_type=\"section\" data-settings=\"{&quot;background_background&quot;:&quot;classic&quot;}\">\n\t\t\t\t\t\t<div class=\"elementor-container elementor-column-gap-default\">\n\t\t\t\t\t<div class=\"elementor-column elementor-col-100 elementor-top-column elementor-element elementor-element-ac4407b\" data-id=\"ac4407b\" data-element_type=\"column\">\n\t\t\t<div class=\"elementor-widget-wrap elementor-element-populated\">\n\t\t\t\t\t\t<section class=\"elementor-section elementor-inner-section elementor-element elementor-element-ee1e382 elementor-section-boxed elementor-section-height-default elementor-section-height-default\" data-id=\"ee1e382\" data-element_type=\"section\">\n\t\t\t\t\t\t<div class=\"elementor-container elementor-column-gap-default\">\n\t\t\t\t\t<div class=\"elementor-column elementor-col-50 elementor-inner-column elementor-element elementor-element-8be086d\" data-id=\"8be086d\" data-element_type=\"column\">\n\t\t\t<div class=\"elementor-widget-wrap elementor-element-populated\">\n\t\t\t\t\t\t<div class=\"elementor-element elementor-element-f62d9cc elementor-widget elementor-widget-text-editor\" data-id=\"f62d9cc\" data-element_type=\"widget\" data-widget_type=\"text-editor.default\">\n\t\t\t\t<div class=\"elementor-widget-container\">\n\t\t\t\t\t\t\t\t\t<p><span style=\"font-weight: 400;\">Gender Equality in Education (Eng) \u2014 Tasa-arvo kasvatuksessa (Fin) \u2014 J\u00e4mst\u00e4lldhet i l\u00e4rande (Swe)<\/span><\/p><p><span style=\"font-weight: 400;\">The portal <\/span><a href=\"http:\/\/www.tasa-arvokasvatuksessa.fi\/\"><span style=\"font-weight: 400;\">www.tasa-arvokasvatuksessa.fi<\/span><\/a><span style=\"font-weight: 400;\"> supports a gender perspective of the pedagogical work carried out within early childhood learning (day care and pre-school) and the education of the comprehensive school (grades 1\u20149) in Finland. In 2021, an equivalent part targeting vocational schools in Finland was integrated into the portal.\u00a0 <br \/><\/span><\/p>\t\t\t\t\t\t\t\t<\/div>\n\t\t\t\t<\/div>\n\t\t\t\t\t<\/div>\n\t\t<\/div>\n\t\t\t\t<div class=\"elementor-column elementor-col-50 elementor-inner-column elementor-element elementor-element-c62ccf3\" data-id=\"c62ccf3\" data-element_type=\"column\">\n\t\t\t<div class=\"elementor-widget-wrap elementor-element-populated\">\n\t\t\t\t\t\t<div class=\"elementor-element elementor-element-47a54c3 elementor-widget elementor-widget-image\" data-id=\"47a54c3\" data-element_type=\"widget\" data-widget_type=\"image.default\">\n\t\t\t\t<div class=\"elementor-widget-container\">\n\t\t\t\t\t\t\t\t\t\t\t\t\t\t\t<img decoding=\"async\" src=\"https:\/\/tasa-arvokasvatuksessa.fi\/wp-content\/uploads\/elementor\/thumbs\/genderequalityineducation_b-pjj9pzfm048xbfms9l9vpxziyidt2c09tm4mex0t5y.png\" title=\"genderequalityineducation_b\" alt=\"genderequalityineducation_b\" loading=\"lazy\" \/>\t\t\t\t\t\t\t\t\t\t\t\t\t\t\t<\/div>\n\t\t\t\t<\/div>\n\t\t\t\t\t<\/div>\n\t\t<\/div>\n\t\t\t\t\t<\/div>\n\t\t<\/section>\n\t\t\t\t<div class=\"elementor-element elementor-element-6b9140c elementor-widget elementor-widget-text-editor\" data-id=\"6b9140c\" data-element_type=\"widget\" data-widget_type=\"text-editor.default\">\n\t\t\t\t<div class=\"elementor-widget-container\">\n\t\t\t\t\t\t\t\t\t<p><span style=\"font-weight: 400;\">The portal is designed to aid everyday pedagogical work in regards to gender equality. Gender equality consist of a broad intersectional understanding of gender, including trans and non-binary people.<\/span><\/p><p><span style=\"font-weight: 400;\">The portal Tasa-arvo kasvatuksessa is found in two languages, Finnish and Swedish. Basic education in Finland is provided either in Finnish or Swedish according to the Basic Education Act (Perusopetuslaki 21.8.1998\/628). The language of instruction may also be Saami, Roma or sign language. When using the material of the portal, do note that if you master both languages, external tips and links vary between languages due to availability of materials in the respective languages. The portal was established in 2013 as a study package and it has been updated regularly over the years. The latest update was implemented in 2021 with a renewed design and structure as well as content. <\/span><span style=\"font-weight: 400;\"><br \/><\/span><span style=\"font-weight: 400;\"><br \/><\/span><span style=\"font-weight: 400;\">The portal comprises material and video interviews by teachers, day care personnel, pupils, principals, supervisors, officials, researchers, consultants and people involved in gender equality projects carried out by various organizations in Finland. They relate their experiences, research results and methods by which you can start or restart your own gender equality work and development in education. There are reflective questions in order to further deepen your learning, along with practical exercises for inspiration and implementation. You can also find external tips and links to further your learning.<\/span><\/p><p><span style=\"font-weight: 400;\">The portal is divided into three separate parts based on the intended target groups as follows:\u00a0\u00a0<\/span><\/p><ul><li style=\"font-weight: 400;\" aria-level=\"1\"><span style=\"font-weight: 400;\">personnel within early childhood learning,\u00a0<\/span><\/li><li style=\"font-weight: 400;\" aria-level=\"1\"><span style=\"font-weight: 400;\">personnel in schools, grades 1\u20146\u00a0<\/span><\/li><li style=\"font-weight: 400;\" aria-level=\"1\"><span style=\"font-weight: 400;\">personnel in schools, grades 7\u20149\u00a0<\/span><\/li><\/ul><p><span style=\"font-weight: 400;\">Each part includes a toolkit and a self-test, where personnel can test their knowledge in gender equality in their everyday work. Further, there is an access to a material for personnel in vocational schools which follows the same structure.<\/span><\/p><p><span style=\"font-weight: 400;\">Tasa-arvo kasvatuksessa.fi is owned by the Council for Gender Equality (Tane) (www.tane.fi).\u00a0 <\/span><span style=\"font-weight: 400;\"><br \/><\/span><span style=\"font-weight: 400;\">The portal has been designed and produced by Ekvalita Ab (<\/span><a href=\"http:\/\/www.ekvalita.fi\/\"><span style=\"font-weight: 400;\">www.ekvalita.fi<\/span><\/a><span style=\"font-weight: 400;\">)\u00a0 The development of the part targeting vocational schools was originally financed by the Ministry of Education and Culture. Today, it is financed by external funds through Ekvalita.\u00a0\u00a0\u00a0<\/span><\/p><p><span style=\"font-weight: 400;\">The portal materials can be freely distributed and shared as long as proper copyright details are provided.<\/span><\/p><p><span style=\"font-weight: 400;\">\u00a9 2013-2021 The Council for Gender Equality &amp; Ekvalita <\/span><\/p>\t\t\t\t\t\t\t\t<\/div>\n\t\t\t\t<\/div>\n\t\t\t\t\t<\/div>\n\t\t<\/div>\n\t\t\t\t\t<\/div>\n\t\t<\/section>\n\t\t\t\t<\/div>\n\t\t","protected":false},"excerpt":{"rendered":"<p>Tasa-arvo kasvatuksessa Gender Equality in Education (Eng) \u2014 Tasa-arvo kasvatuksessa (Fin) \u2014 J\u00e4mst\u00e4lldhet i l\u00e4rande (Swe) Gender Equality in Education (Eng) \u2014 Tasa-arvo kasvatuksessa (Fin) \u2014 J\u00e4mst\u00e4lldhet i l\u00e4rande (Swe) The portal www.tasa-arvokasvatuksessa.fi supports a gender perspective of the pedagogical work carried out within early childhood learning (day care and pre-school) and the education of [&hellip;]<\/p>\n","protected":false},"author":4,"featured_media":0,"parent":0,"menu_order":0,"comment_status":"closed","ping_status":"closed","template":"elementor_header_footer","meta":{"footnotes":""},"class_list":["post-524","page","type-page","status-publish","hentry"],"_links":{"self":[{"href":"https:\/\/tasa-arvokasvatuksessa.fi\/en\/wp-json\/wp\/v2\/pages\/524","targetHints":{"allow":["GET"]}}],"collection":[{"href":"https:\/\/tasa-arvokasvatuksessa.fi\/en\/wp-json\/wp\/v2\/pages"}],"about":[{"href":"https:\/\/tasa-arvokasvatuksessa.fi\/en\/wp-json\/wp\/v2\/types\/page"}],"author":[{"embeddable":true,"href":"https:\/\/tasa-arvokasvatuksessa.fi\/en\/wp-json\/wp\/v2\/users\/4"}],"replies":[{"embeddable":true,"href":"https:\/\/tasa-arvokasvatuksessa.fi\/en\/wp-json\/wp\/v2\/comments?post=524"}],"version-history":[{"count":19,"href":"https:\/\/tasa-arvokasvatuksessa.fi\/en\/wp-json\/wp\/v2\/pages\/524\/revisions"}],"predecessor-version":[{"id":7840,"href":"https:\/\/tasa-arvokasvatuksessa.fi\/en\/wp-json\/wp\/v2\/pages\/524\/revisions\/7840"}],"wp:attachment":[{"href":"https:\/\/tasa-arvokasvatuksessa.fi\/en\/wp-json\/wp\/v2\/media?parent=524"}],"curies":[{"name":"wp","href":"https:\/\/api.w.org\/{rel}","templated":true}]}}