{"id":529,"date":"2021-06-23T09:09:05","date_gmt":"2021-06-23T09:09:05","guid":{"rendered":"https:\/\/tasa-arvokasvatuksessa.fi\/?page_id=529"},"modified":"2022-05-16T07:30:19","modified_gmt":"2022-05-16T07:30:19","slug":"home-sw","status":"publish","type":"page","link":"https:\/\/tasa-arvokasvatuksessa.fi\/sv\/","title":{"rendered":"Home SV"},"content":{"rendered":"\t\t<div data-elementor-type=\"wp-page\" data-elementor-id=\"529\" class=\"elementor elementor-529 elementor-14\" data-elementor-post-type=\"page\">\n\t\t\t\t\t\t<section class=\"elementor-section elementor-top-section elementor-element elementor-element-ddf3731 elementor-section-boxed elementor-section-height-default elementor-section-height-default\" data-id=\"ddf3731\" data-element_type=\"section\">\n\t\t\t\t\t\t<div class=\"elementor-container elementor-column-gap-default\">\n\t\t\t\t\t<div class=\"elementor-column elementor-col-100 elementor-top-column elementor-element elementor-element-729c96c\" data-id=\"729c96c\" data-element_type=\"column\">\n\t\t\t<div class=\"elementor-widget-wrap elementor-element-populated\">\n\t\t\t\t\t\t<div class=\"elementor-element elementor-element-59feea4 elementor-widget elementor-widget-spacer\" data-id=\"59feea4\" data-element_type=\"widget\" data-widget_type=\"spacer.default\">\n\t\t\t\t<div class=\"elementor-widget-container\">\n\t\t\t\t\t\t\t<div class=\"elementor-spacer\">\n\t\t\t<div class=\"elementor-spacer-inner\"><\/div>\n\t\t<\/div>\n\t\t\t\t\t\t<\/div>\n\t\t\t\t<\/div>\n\t\t\t\t<div class=\"elementor-element elementor-element-3026d42 elementor-widget elementor-widget-heading\" data-id=\"3026d42\" data-element_type=\"widget\" data-widget_type=\"heading.default\">\n\t\t\t\t<div class=\"elementor-widget-container\">\n\t\t\t\t\t<h2 class=\"elementor-heading-title elementor-size-default\">J\u00e4mst\u00e4lldhet i l\u00e4rande<\/h2>\t\t\t\t<\/div>\n\t\t\t\t<\/div>\n\t\t\t\t\t<\/div>\n\t\t<\/div>\n\t\t\t\t\t<\/div>\n\t\t<\/section>\n\t\t\t\t<section class=\"elementor-section elementor-top-section elementor-element elementor-element-1c65f22 elementor-section-boxed elementor-section-height-default elementor-section-height-default\" data-id=\"1c65f22\" data-element_type=\"section\">\n\t\t\t\t\t\t<div class=\"elementor-container elementor-column-gap-default\">\n\t\t\t\t\t<div class=\"elementor-column elementor-col-100 elementor-top-column elementor-element elementor-element-a2c669b\" data-id=\"a2c669b\" data-element_type=\"column\">\n\t\t\t<div class=\"elementor-widget-wrap elementor-element-populated\">\n\t\t\t\t\t\t<div class=\"elementor-element elementor-element-7cded03 elementor-widget elementor-widget-heading\" data-id=\"7cded03\" data-element_type=\"widget\" data-widget_type=\"heading.default\">\n\t\t\t\t<div class=\"elementor-widget-container\">\n\t\t\t\t\t<h1 class=\"elementor-heading-title elementor-size-default\">V\u00e4lkommen att arbeta f\u00f6r ett mer j\u00e4mst\u00e4llt dagis och skola<\/h1>\t\t\t\t<\/div>\n\t\t\t\t<\/div>\n\t\t\t\t\t<\/div>\n\t\t<\/div>\n\t\t\t\t\t<\/div>\n\t\t<\/section>\n\t\t\t\t<section class=\"elementor-section elementor-top-section elementor-element elementor-element-df28037 elementor-section-boxed elementor-section-height-default elementor-section-height-default\" data-id=\"df28037\" data-element_type=\"section\">\n\t\t\t\t\t\t<div class=\"elementor-container elementor-column-gap-default\">\n\t\t\t\t\t<div class=\"elementor-column elementor-col-100 elementor-top-column elementor-element elementor-element-66a2097\" data-id=\"66a2097\" data-element_type=\"column\">\n\t\t\t<div class=\"elementor-widget-wrap elementor-element-populated\">\n\t\t\t\t\t\t<div class=\"elementor-element elementor-element-2046ca0 elementor-widget elementor-widget-heading\" data-id=\"2046ca0\" data-element_type=\"widget\" data-widget_type=\"heading.default\">\n\t\t\t\t<div class=\"elementor-widget-container\">\n\t\t\t\t\t<h2 class=\"elementor-heading-title elementor-size-default\">V\u00e4lj ett tema som \u00e4r mest intressant f\u00f6r dig.<\/h2>\t\t\t\t<\/div>\n\t\t\t\t<\/div>\n\t\t\t\t\t<\/div>\n\t\t<\/div>\n\t\t\t\t\t<\/div>\n\t\t<\/section>\n\t\t\t\t<section class=\"elementor-section elementor-top-section elementor-element elementor-element-3dedffb elementor-section-boxed elementor-section-height-default elementor-section-height-default\" data-id=\"3dedffb\" data-element_type=\"section\">\n\t\t\t\t\t\t<div class=\"elementor-container elementor-column-gap-default\">\n\t\t\t\t\t<div class=\"elementor-column elementor-col-100 elementor-top-column elementor-element elementor-element-5586fc2\" data-id=\"5586fc2\" data-element_type=\"column\">\n\t\t\t<div class=\"elementor-widget-wrap elementor-element-populated\">\n\t\t\t\t\t\t<section class=\"elementor-section elementor-inner-section elementor-element elementor-element-efa237a elementor-section-boxed elementor-section-height-default elementor-section-height-default\" data-id=\"efa237a\" data-element_type=\"section\">\n\t\t\t\t\t\t<div class=\"elementor-container elementor-column-gap-default\">\n\t\t\t\t\t<div class=\"elementor-column elementor-col-25 elementor-inner-column elementor-element elementor-element-6994fe7\" data-id=\"6994fe7\" data-element_type=\"column\">\n\t\t\t<div class=\"elementor-widget-wrap elementor-element-populated\">\n\t\t\t\t\t\t<div class=\"elementor-element elementor-element-87250d2 elementor-widget elementor-widget-image\" data-id=\"87250d2\" data-element_type=\"widget\" data-widget_type=\"image.default\">\n\t\t\t\t<div class=\"elementor-widget-container\">\n\t\t\t\t\t\t\t\t\t\t\t\t\t\t\t\t<a href=\"https:\/\/tasa-arvokasvatuksessa.fi\/varhaiskasvattaja\/\">\n\t\t\t\t\t\t\t<img fetchpriority=\"high\" decoding=\"async\" width=\"255\" height=\"255\" src=\"https:\/\/tasa-arvokasvatuksessa.fi\/wp-content\/uploads\/2020\/11\/Kuva_valikko_1_1.png\" class=\"attachment-full size-full wp-image-125\" alt=\"Varhaiskasvattaja\" srcset=\"https:\/\/tasa-arvokasvatuksessa.fi\/wp-content\/uploads\/2020\/11\/Kuva_valikko_1_1.png 255w, https:\/\/tasa-arvokasvatuksessa.fi\/wp-content\/uploads\/2020\/11\/Kuva_valikko_1_1-150x150.png 150w\" sizes=\"(max-width: 255px) 100vw, 255px\" \/>\t\t\t\t\t\t\t\t<\/a>\n\t\t\t\t\t\t\t\t\t\t\t\t\t\t\t<\/div>\n\t\t\t\t<\/div>\n\t\t\t\t<div class=\"elementor-element elementor-element-5a537be elementor-align-justify elementor-widget elementor-widget-button\" data-id=\"5a537be\" data-element_type=\"widget\" data-widget_type=\"button.default\">\n\t\t\t\t<div class=\"elementor-widget-container\">\n\t\t\t\t\t\t\t\t\t<div class=\"elementor-button-wrapper\">\n\t\t\t\t\t<a class=\"elementor-button elementor-button-link elementor-size-sm\" href=\"https:\/\/tasa-arvokasvatuksessa.fi\/sv\/smabarnspedagogik\/\">\n\t\t\t\t\t\t<span class=\"elementor-button-content-wrapper\">\n\t\t\t\t\t\t\t\t\t<span class=\"elementor-button-text\">Sm\u00e5barnspedagog<\/span>\n\t\t\t\t\t<\/span>\n\t\t\t\t\t<\/a>\n\t\t\t\t<\/div>\n\t\t\t\t\t\t\t\t<\/div>\n\t\t\t\t<\/div>\n\t\t\t\t\t<\/div>\n\t\t<\/div>\n\t\t\t\t<div class=\"elementor-column elementor-col-25 elementor-inner-column elementor-element elementor-element-415dbd2\" data-id=\"415dbd2\" data-element_type=\"column\">\n\t\t\t<div class=\"elementor-widget-wrap elementor-element-populated\">\n\t\t\t\t\t\t<div class=\"elementor-element elementor-element-7056fca elementor-widget elementor-widget-image\" data-id=\"7056fca\" data-element_type=\"widget\" data-widget_type=\"image.default\">\n\t\t\t\t<div class=\"elementor-widget-container\">\n\t\t\t\t\t\t\t\t\t\t\t\t\t\t\t\t<a href=\"https:\/\/tasa-arvokasvatuksessa.fi\/luokanopettaja\/\">\n\t\t\t\t\t\t\t<img decoding=\"async\" width=\"255\" height=\"255\" src=\"https:\/\/tasa-arvokasvatuksessa.fi\/wp-content\/uploads\/2020\/11\/Kuva_valikko_1_2.png\" class=\"attachment-full size-full wp-image-159\" alt=\"Luokanopettaja\" srcset=\"https:\/\/tasa-arvokasvatuksessa.fi\/wp-content\/uploads\/2020\/11\/Kuva_valikko_1_2.png 255w, https:\/\/tasa-arvokasvatuksessa.fi\/wp-content\/uploads\/2020\/11\/Kuva_valikko_1_2-150x150.png 150w\" sizes=\"(max-width: 255px) 100vw, 255px\" \/>\t\t\t\t\t\t\t\t<\/a>\n\t\t\t\t\t\t\t\t\t\t\t\t\t\t\t<\/div>\n\t\t\t\t<\/div>\n\t\t\t\t<div class=\"elementor-element elementor-element-bd52cdc elementor-align-justify elementor-widget elementor-widget-button\" data-id=\"bd52cdc\" data-element_type=\"widget\" data-widget_type=\"button.default\">\n\t\t\t\t<div class=\"elementor-widget-container\">\n\t\t\t\t\t\t\t\t\t<div class=\"elementor-button-wrapper\">\n\t\t\t\t\t<a class=\"elementor-button elementor-button-link elementor-size-sm\" href=\"https:\/\/tasa-arvokasvatuksessa.fi\/sv\/klasslarare\/\">\n\t\t\t\t\t\t<span class=\"elementor-button-content-wrapper\">\n\t\t\t\t\t\t\t\t\t<span class=\"elementor-button-text\">Klassl\u00e4rare<\/span>\n\t\t\t\t\t<\/span>\n\t\t\t\t\t<\/a>\n\t\t\t\t<\/div>\n\t\t\t\t\t\t\t\t<\/div>\n\t\t\t\t<\/div>\n\t\t\t\t\t<\/div>\n\t\t<\/div>\n\t\t\t\t<div class=\"elementor-column elementor-col-25 elementor-inner-column elementor-element elementor-element-81c809c\" data-id=\"81c809c\" data-element_type=\"column\">\n\t\t\t<div class=\"elementor-widget-wrap elementor-element-populated\">\n\t\t\t\t\t\t<div class=\"elementor-element elementor-element-e086585 elementor-widget elementor-widget-image\" data-id=\"e086585\" data-element_type=\"widget\" data-widget_type=\"image.default\">\n\t\t\t\t<div class=\"elementor-widget-container\">\n\t\t\t\t\t\t\t\t\t\t\t\t\t\t\t\t<a href=\"https:\/\/tasa-arvokasvatuksessa.fi\/aineenopettaja\/\">\n\t\t\t\t\t\t\t<img decoding=\"async\" width=\"255\" height=\"255\" src=\"https:\/\/tasa-arvokasvatuksessa.fi\/wp-content\/uploads\/2020\/11\/Kuva_valikko_1_3.png\" class=\"attachment-full size-full wp-image-165\" alt=\"Aineenopettaja\" srcset=\"https:\/\/tasa-arvokasvatuksessa.fi\/wp-content\/uploads\/2020\/11\/Kuva_valikko_1_3.png 255w, https:\/\/tasa-arvokasvatuksessa.fi\/wp-content\/uploads\/2020\/11\/Kuva_valikko_1_3-150x150.png 150w\" sizes=\"(max-width: 255px) 100vw, 255px\" \/>\t\t\t\t\t\t\t\t<\/a>\n\t\t\t\t\t\t\t\t\t\t\t\t\t\t\t<\/div>\n\t\t\t\t<\/div>\n\t\t\t\t<div class=\"elementor-element elementor-element-bbc7913 elementor-align-justify elementor-widget elementor-widget-button\" data-id=\"bbc7913\" data-element_type=\"widget\" data-widget_type=\"button.default\">\n\t\t\t\t<div class=\"elementor-widget-container\">\n\t\t\t\t\t\t\t\t\t<div class=\"elementor-button-wrapper\">\n\t\t\t\t\t<a class=\"elementor-button elementor-button-link elementor-size-sm\" href=\"https:\/\/tasa-arvokasvatuksessa.fi\/sv\/amneslarare\/\">\n\t\t\t\t\t\t<span class=\"elementor-button-content-wrapper\">\n\t\t\t\t\t\t\t\t\t<span class=\"elementor-button-text\">\u00c4mnesl\u00e4rare<\/span>\n\t\t\t\t\t<\/span>\n\t\t\t\t\t<\/a>\n\t\t\t\t<\/div>\n\t\t\t\t\t\t\t\t<\/div>\n\t\t\t\t<\/div>\n\t\t\t\t\t<\/div>\n\t\t<\/div>\n\t\t\t\t<div class=\"elementor-column elementor-col-25 elementor-inner-column elementor-element elementor-element-a740ac3\" data-id=\"a740ac3\" data-element_type=\"column\">\n\t\t\t<div class=\"elementor-widget-wrap elementor-element-populated\">\n\t\t\t\t\t\t<div class=\"elementor-element elementor-element-4452cbc elementor-widget elementor-widget-image\" data-id=\"4452cbc\" data-element_type=\"widget\" data-widget_type=\"image.default\">\n\t\t\t\t<div class=\"elementor-widget-container\">\n\t\t\t\t\t\t\t\t\t\t\t\t\t\t\t\t<a href=\"https:\/\/tasa-arvokasvatuksessa.fi\/ammattiopettaja\/\">\n\t\t\t\t\t\t\t<img loading=\"lazy\" decoding=\"async\" width=\"255\" height=\"255\" src=\"https:\/\/tasa-arvokasvatuksessa.fi\/wp-content\/uploads\/2020\/11\/Kuva_valikko_1_4.png\" class=\"attachment-full size-full wp-image-171\" alt=\"Ammattiopettaja\" srcset=\"https:\/\/tasa-arvokasvatuksessa.fi\/wp-content\/uploads\/2020\/11\/Kuva_valikko_1_4.png 255w, https:\/\/tasa-arvokasvatuksessa.fi\/wp-content\/uploads\/2020\/11\/Kuva_valikko_1_4-150x150.png 150w\" sizes=\"(max-width: 255px) 100vw, 255px\" \/>\t\t\t\t\t\t\t\t<\/a>\n\t\t\t\t\t\t\t\t\t\t\t\t\t\t\t<\/div>\n\t\t\t\t<\/div>\n\t\t\t\t<div class=\"elementor-element elementor-element-b62c3d3 elementor-align-justify elementor-widget elementor-widget-button\" data-id=\"b62c3d3\" data-element_type=\"widget\" data-widget_type=\"button.default\">\n\t\t\t\t<div class=\"elementor-widget-container\">\n\t\t\t\t\t\t\t\t\t<div class=\"elementor-button-wrapper\">\n\t\t\t\t\t<a class=\"elementor-button elementor-button-link elementor-size-sm\" href=\"https:\/\/tasa-arvokasvatuksessa.fi\/sv\/ammattiopettaja\/\">\n\t\t\t\t\t\t<span class=\"elementor-button-content-wrapper\">\n\t\t\t\t\t\t\t\t\t<span class=\"elementor-button-text\">Yrkesl\u00e4rare<\/span>\n\t\t\t\t\t<\/span>\n\t\t\t\t\t<\/a>\n\t\t\t\t<\/div>\n\t\t\t\t\t\t\t\t<\/div>\n\t\t\t\t<\/div>\n\t\t\t\t\t<\/div>\n\t\t<\/div>\n\t\t\t\t\t<\/div>\n\t\t<\/section>\n\t\t\t\t<div class=\"elementor-element elementor-element-781eb20 elementor-widget elementor-widget-spacer\" data-id=\"781eb20\" data-element_type=\"widget\" data-widget_type=\"spacer.default\">\n\t\t\t\t<div class=\"elementor-widget-container\">\n\t\t\t\t\t\t\t<div class=\"elementor-spacer\">\n\t\t\t<div class=\"elementor-spacer-inner\"><\/div>\n\t\t<\/div>\n\t\t\t\t\t\t<\/div>\n\t\t\t\t<\/div>\n\t\t\t\t\t<\/div>\n\t\t<\/div>\n\t\t\t\t\t<\/div>\n\t\t<\/section>\n\t\t\t\t<section class=\"elementor-section elementor-top-section elementor-element elementor-element-bc9dcb0 elementor-section-boxed elementor-section-height-default elementor-section-height-default\" data-id=\"bc9dcb0\" data-element_type=\"section\" data-settings=\"{&quot;background_background&quot;:&quot;classic&quot;}\">\n\t\t\t\t\t\t<div class=\"elementor-container elementor-column-gap-default\">\n\t\t\t\t\t<div class=\"elementor-column elementor-col-100 elementor-top-column elementor-element elementor-element-ac4407b\" data-id=\"ac4407b\" data-element_type=\"column\">\n\t\t\t<div class=\"elementor-widget-wrap elementor-element-populated\">\n\t\t\t\t\t\t<div class=\"elementor-element elementor-element-6b9140c elementor-widget elementor-widget-text-editor\" data-id=\"6b9140c\" data-element_type=\"widget\" data-widget_type=\"text-editor.default\">\n\t\t\t\t<div class=\"elementor-widget-container\">\n\t\t\t\t\t\t\t\t\t<h3>Om portalen<\/h3><p>Portalen J\u00e4mst\u00e4lldhet i l\u00e4rande st\u00f6djer j\u00e4mst\u00e4lldhetsarbete f\u00f6r personal i skolan\u00a0 och inom sm\u00e5barnspedagogiken. Portalen riktar sig s\u00e4rskilt till yrkesverksamma inom sm\u00e5barnspedagogik och undervisning.<\/p><p><strong>Syftet med portalen \u00e4r att st\u00f6da<\/strong><\/p><ul><li>en \u00f6kad k\u00f6nsmedvetenhet inom sm\u00e5barnspedagogiken och den grundl\u00e4ggande utbildningen<\/li><li>f\u00f6rverkligande av j\u00e4mst\u00e4lldhet i praktiken<\/li><li>f\u00f6rst\u00e5elsen av k\u00f6nskodade praktiker och hur de kan f\u00f6r\u00e4ndras i pedagogernas arbete och skolans verksamhetsmilj\u00f6n<\/li><\/ul><p>Portalen best\u00e5r av skriftligt material och videon.\u00a0 Dessutom delar utbildare, forskare och experter exempel p\u00e5 hur j\u00e4mst\u00e4lldhetsarbete inom utbildning kan f\u00f6rverkligas. Portalen inneh\u00e5ller \u00e4ven f\u00f6rdjupande uppgifter, praktiska \u00f6vningar och l\u00e4nkar till ytterligare material.<\/p><h3>Hur fungerar portalen?<\/h3><p>Materialet p\u00e5 sajten \u00e4r indelat i m\u00e5lgrupper:<\/p><ul><li>sm\u00e5barnspedagoger<\/li><li>klassl\u00e4rare<\/li><li>\u00e4mnesl\u00e4rare<\/li><\/ul><p>I undermenyn f\u00f6r varje m\u00e5lgrupp finns en verktygsl\u00e5da och ett test d\u00e4r skolpersonal och sm\u00e5barnspedagoger kan testa sina kunskaper i j\u00e4mst\u00e4lldhetsfr\u00e5gor.<\/p><p>Via portalen hittar du ocks\u00e5 Allas yrkes portalen f\u00f6r yrkesl\u00e4rare, som f\u00f6ljer samma sidstruktur.<\/p><p>Fr\u00e5n menyn kan du v\u00e4lja de teman som \u00e4r aktuella eller intressanta f\u00f6r just dig.<\/p><p>Sedan 2013 har tusentals yrkesverksamma inom utbildningsomr\u00e5det bekantat sig med j\u00e4mst\u00e4lldhetil\u00e4rande-materialet. Portalens utseende och struktur f\u00f6rnyades 2022, samtidigt som inneh\u00e5llet i materialet uppdaterades och f\u00f6rtydligades.<\/p><p>Det finska materialet hittas genom att \u00e4ndra spr\u00e5ket p\u00e5 sajten i det \u00f6vre h\u00f6gra h\u00f6rnet.\u00a0 L\u00e4nklistan skiljer sig \u00e5t d\u00e5 de \u00e4r spr\u00e5kbaserade, s\u00e5 det l\u00f6nar sig att bekanta sig med materialet p\u00e5 b\u00e5da spr\u00e5ken om m\u00f6jligt.<\/p>\t\t\t\t\t\t\t\t<\/div>\n\t\t\t\t<\/div>\n\t\t\t\t\t<\/div>\n\t\t<\/div>\n\t\t\t\t\t<\/div>\n\t\t<\/section>\n\t\t\t\t<\/div>\n\t\t","protected":false},"excerpt":{"rendered":"<p>J\u00e4mst\u00e4lldhet i l\u00e4rande V\u00e4lkommen att arbeta f\u00f6r ett mer j\u00e4mst\u00e4llt dagis och skola V\u00e4lj ett tema som \u00e4r mest intressant f\u00f6r dig. Sm\u00e5barnspedagog Klassl\u00e4rare \u00c4mnesl\u00e4rare Yrkesl\u00e4rare Om portalen Portalen J\u00e4mst\u00e4lldhet i l\u00e4rande st\u00f6djer j\u00e4mst\u00e4lldhetsarbete f\u00f6r personal i skolan\u00a0 och inom sm\u00e5barnspedagogiken. Portalen riktar sig s\u00e4rskilt till yrkesverksamma inom sm\u00e5barnspedagogik och undervisning. Syftet med portalen \u00e4r [&hellip;]<\/p>\n","protected":false},"author":4,"featured_media":0,"parent":0,"menu_order":0,"comment_status":"closed","ping_status":"closed","template":"elementor_header_footer","meta":{"footnotes":""},"class_list":["post-529","page","type-page","status-publish","hentry"],"_links":{"self":[{"href":"https:\/\/tasa-arvokasvatuksessa.fi\/sv\/wp-json\/wp\/v2\/pages\/529","targetHints":{"allow":["GET"]}}],"collection":[{"href":"https:\/\/tasa-arvokasvatuksessa.fi\/sv\/wp-json\/wp\/v2\/pages"}],"about":[{"href":"https:\/\/tasa-arvokasvatuksessa.fi\/sv\/wp-json\/wp\/v2\/types\/page"}],"author":[{"embeddable":true,"href":"https:\/\/tasa-arvokasvatuksessa.fi\/sv\/wp-json\/wp\/v2\/users\/4"}],"replies":[{"embeddable":true,"href":"https:\/\/tasa-arvokasvatuksessa.fi\/sv\/wp-json\/wp\/v2\/comments?post=529"}],"version-history":[{"count":114,"href":"https:\/\/tasa-arvokasvatuksessa.fi\/sv\/wp-json\/wp\/v2\/pages\/529\/revisions"}],"predecessor-version":[{"id":8829,"href":"https:\/\/tasa-arvokasvatuksessa.fi\/sv\/wp-json\/wp\/v2\/pages\/529\/revisions\/8829"}],"wp:attachment":[{"href":"https:\/\/tasa-arvokasvatuksessa.fi\/sv\/wp-json\/wp\/v2\/media?parent=529"}],"curies":[{"name":"wp","href":"https:\/\/api.w.org\/{rel}","templated":true}]}}