{"id":5655,"date":"2021-12-09T11:19:03","date_gmt":"2021-12-09T11:19:03","guid":{"rendered":"https:\/\/tasa-arvokasvatuksessa.fi\/?page_id=5655"},"modified":"2022-08-12T06:17:09","modified_gmt":"2022-08-12T06:17:09","slug":"smabarnspedagogik","status":"publish","type":"page","link":"https:\/\/tasa-arvokasvatuksessa.fi\/sv\/smabarnspedagogik\/","title":{"rendered":"Sm\u00e5barnspedagog"},"content":{"rendered":"\t\t<div data-elementor-type=\"wp-page\" data-elementor-id=\"5655\" class=\"elementor elementor-5655 elementor-27\" data-elementor-post-type=\"page\">\n\t\t\t\t\t\t<section class=\"elementor-section elementor-top-section elementor-element elementor-element-6c57071 elementor-section-boxed elementor-section-height-default elementor-section-height-default\" data-id=\"6c57071\" data-element_type=\"section\">\n\t\t\t\t\t\t<div class=\"elementor-container elementor-column-gap-default\">\n\t\t\t\t\t<div class=\"elementor-column elementor-col-100 elementor-top-column elementor-element elementor-element-822956c\" data-id=\"822956c\" data-element_type=\"column\">\n\t\t\t<div class=\"elementor-widget-wrap elementor-element-populated\">\n\t\t\t\t\t\t<div class=\"elementor-element elementor-element-245fcef elementor-widget elementor-widget-spacer\" data-id=\"245fcef\" data-element_type=\"widget\" data-widget_type=\"spacer.default\">\n\t\t\t\t<div class=\"elementor-widget-container\">\n\t\t\t\t\t\t\t<div class=\"elementor-spacer\">\n\t\t\t<div class=\"elementor-spacer-inner\"><\/div>\n\t\t<\/div>\n\t\t\t\t\t\t<\/div>\n\t\t\t\t<\/div>\n\t\t\t\t<div class=\"elementor-element elementor-element-731e02c elementor-widget elementor-widget-global elementor-global-6132 elementor-widget-heading\" data-id=\"731e02c\" data-element_type=\"widget\" data-widget_type=\"heading.default\">\n\t\t\t\t<div class=\"elementor-widget-container\">\n\t\t\t\t\t<h2 class=\"elementor-heading-title elementor-size-default\">J\u00e4mst\u00e4lldhet i l\u00e4rande<\/h2>\t\t\t\t<\/div>\n\t\t\t\t<\/div>\n\t\t\t\t\t<\/div>\n\t\t<\/div>\n\t\t\t\t\t<\/div>\n\t\t<\/section>\n\t\t\t\t<section class=\"elementor-section elementor-top-section elementor-element elementor-element-baed623 elementor-section-boxed elementor-section-height-default elementor-section-height-default\" data-id=\"baed623\" data-element_type=\"section\">\n\t\t\t\t\t\t<div class=\"elementor-container elementor-column-gap-default\">\n\t\t\t\t\t<div class=\"elementor-column elementor-col-100 elementor-top-column elementor-element elementor-element-016a11b\" data-id=\"016a11b\" data-element_type=\"column\">\n\t\t\t<div class=\"elementor-widget-wrap elementor-element-populated\">\n\t\t\t\t\t\t<div class=\"elementor-element elementor-element-085a79c elementor-nav-menu--dropdown-none elementor-widget elementor-widget-nav-menu\" data-id=\"085a79c\" data-element_type=\"widget\" id=\"subheader\" data-settings=\"{&quot;submenu_icon&quot;:{&quot;value&quot;:&quot;&lt;i class=\\&quot;\\&quot; aria-hidden=\\&quot;true\\&quot;&gt;&lt;\\\/i&gt;&quot;,&quot;library&quot;:&quot;&quot;},&quot;layout&quot;:&quot;horizontal&quot;}\" data-widget_type=\"nav-menu.default\">\n\t\t\t\t<div class=\"elementor-widget-container\">\n\t\t\t\t\t\t\t\t<nav aria-label=\"Meny\" class=\"elementor-nav-menu--main elementor-nav-menu__container elementor-nav-menu--layout-horizontal e--pointer-none\">\n\t\t\t\t<ul id=\"menu-1-085a79c\" class=\"elementor-nav-menu\"><li class=\"menu-item menu-item-type-post_type menu-item-object-page menu-item-5677\"><a href=\"https:\/\/tasa-arvokasvatuksessa.fi\/sv\/smabarnspedagogik\/\" class=\"elementor-item\">Sm\u00e5barnspedagog<\/a><\/li>\n<li class=\"menu-item menu-item-type-post_type menu-item-object-page menu-item-5770\"><a href=\"https:\/\/tasa-arvokasvatuksessa.fi\/sv\/smabarnspedagogik-testa-dig-sjalv\/\" class=\"elementor-item\">Testa dig sj\u00e4lv<\/a><\/li>\n<li class=\"menu-item menu-item-type-post_type menu-item-object-page menu-item-5771\"><a href=\"https:\/\/tasa-arvokasvatuksessa.fi\/sv\/smabarnspedagogik-verktygslada\/\" class=\"elementor-item\">Verktygsl\u00e5da<\/a><\/li>\n<\/ul>\t\t\t<\/nav>\n\t\t\t\t\t\t<nav class=\"elementor-nav-menu--dropdown elementor-nav-menu__container\" aria-hidden=\"true\">\n\t\t\t\t<ul id=\"menu-2-085a79c\" class=\"elementor-nav-menu\"><li class=\"menu-item menu-item-type-post_type menu-item-object-page menu-item-5677\"><a href=\"https:\/\/tasa-arvokasvatuksessa.fi\/sv\/smabarnspedagogik\/\" class=\"elementor-item\" tabindex=\"-1\">Sm\u00e5barnspedagog<\/a><\/li>\n<li class=\"menu-item menu-item-type-post_type menu-item-object-page menu-item-5770\"><a href=\"https:\/\/tasa-arvokasvatuksessa.fi\/sv\/smabarnspedagogik-testa-dig-sjalv\/\" class=\"elementor-item\" tabindex=\"-1\">Testa dig sj\u00e4lv<\/a><\/li>\n<li class=\"menu-item menu-item-type-post_type menu-item-object-page menu-item-5771\"><a href=\"https:\/\/tasa-arvokasvatuksessa.fi\/sv\/smabarnspedagogik-verktygslada\/\" class=\"elementor-item\" tabindex=\"-1\">Verktygsl\u00e5da<\/a><\/li>\n<\/ul>\t\t\t<\/nav>\n\t\t\t\t\t\t<\/div>\n\t\t\t\t<\/div>\n\t\t\t\t\t<\/div>\n\t\t<\/div>\n\t\t\t\t\t<\/div>\n\t\t<\/section>\n\t\t\t\t<section class=\"elementor-section elementor-top-section elementor-element elementor-element-5f5cf88e block__elem_tasa_arvo elementor-section-boxed elementor-section-height-default elementor-section-height-default\" data-id=\"5f5cf88e\" data-element_type=\"section\" data-settings=\"{&quot;background_background&quot;:&quot;classic&quot;}\">\n\t\t\t\t\t\t<div class=\"elementor-container elementor-column-gap-default\">\n\t\t\t\t\t<div class=\"elementor-column elementor-col-50 elementor-top-column elementor-element elementor-element-3861ccac page__content\" data-id=\"3861ccac\" data-element_type=\"column\">\n\t\t\t<div class=\"elementor-widget-wrap elementor-element-populated\">\n\t\t\t\t\t\t<div class=\"elementor-element elementor-element-562912c elementor-widget elementor-widget-text-editor\" data-id=\"562912c\" data-element_type=\"widget\" data-widget_type=\"text-editor.default\">\n\t\t\t\t<div class=\"elementor-widget-container\">\n\t\t\t\t\t\t\t\t\t<h2>V\u00e4lkommen, pedagog inom sm\u00e5barnspedagogik!<\/h2><p>Du g\u00f6r ett viktigt jobb och d\u00e4rf\u00f6r vill vi specifikt st\u00f6dja dig i j\u00e4mst\u00e4lldhetsarbetet.<\/p><h2>Varf\u00f6r?<\/h2><p>Forskning visar att flickor och pojkar blir bem\u00f6tta p\u00e5 olika s\u00e4tt inom sm\u00e5barnspedagogiken. Det h\u00e4r p\u00e5verkar barnens utveckling. Det \u00e4r viktigt att det g\u00f6rs l\u00e5ngsiktigt och systematiskt j\u00e4mst\u00e4lldhetsarbete redan inom sm\u00e5barnspedagogiken. M\u00e5let \u00e4r att ge plats \u00e5t alla barn s\u00e5 att de kan g\u00f6ra val utan stereotypa kopplingar till k\u00f6n eller andra stereotypa egenskaper som \u00e4r kopplade till olika roller eller f\u00f6rv\u00e4ntningar.<\/p><p>Vi b\u00f6rjar fr\u00e5n grunderna inom sm\u00e5barnspedagogik. Enligt dem ska sm\u00e5barnspedagogiken erbjuda samma m\u00f6jligheter f\u00f6r alla barn, oberoende av k\u00f6n:<\/p><ul><li>att utvecklas<\/li><li>att l\u00e4ra sig\u00a0<\/li><li>att leka\u00a0<\/li><\/ul><p>Pedagogernas uppgift \u00e4r att garantera likv\u00e4rdiga m\u00f6jligheter f\u00f6r alla barn samt att se och f\u00f6rst\u00e5 att alla har r\u00e4tt att definiera eller l\u00e5ta bli att definiera sitt k\u00f6n. En del av barnen vet redan att det finns andra k\u00f6n \u00e4n flickor och pojkar i v\u00e4rlden. Barnets v\u00e5rdnadshavare eller n\u00e5gon annan n\u00e4rst\u00e5ende vuxen kan vara transperson, det vill s\u00e4ga exempelvis transk\u00f6nad, transvestit eller ickebin\u00e4r.<\/p><p>K\u00f6nsmedvetenhet samt att k\u00e4nna igen k\u00f6nsm\u00e5ngfald f\u00f6ruts\u00e4tter en medvetenhet om stereotypa k\u00f6nsuppfattningar bland pedagogerna. Stereotypa k\u00f6nsuppfattningar f\u00f6rekommer i v\u00e5ra attityder, i hur vi l\u00e4rt oss att bete oss samt i hur barn bem\u00f6ts som individer. Det \u00e4r \u00e4ven viktigt att l\u00e4ra sig att k\u00e4nna igen hur barn bem\u00f6ter varandra p\u00e5 ett oj\u00e4mlikt s\u00e4tt och att ingripa i det.<\/p><h2>Hur?<\/h2><p>Arbetet b\u00f6rjar fr\u00e5n oss sj\u00e4lva. F\u00f6rst m\u00e5ste vi se det som \u00e4r fel omkring oss, f\u00f6rst d\u00e5 kan vi b\u00f6rja fr\u00e4mja j\u00e4mst\u00e4lldhet i v\u00e5ra daghem. M\u00e5len \u00e4r att erbjuda j\u00e4mlika r\u00e4ttigheter, skyldigheter och m\u00f6jligheter f\u00f6r alla.<\/p><p>Praktiker och situationer som f\u00f6ljer stereotypa m\u00f6nster handlar ofta om vardagliga situationer och det \u00e4r inte sagt att vi m\u00e4rker eller k\u00e4nner igen dem, p\u00e5visar forskning. Oj\u00e4mlikt bem\u00f6tande som grundar sig p\u00e5 k\u00f6n visar sig p\u00e5 daghem till exempel i<\/p><ul><li aria-level=\"1\">vem vi tilltalar<\/li><li aria-level=\"1\">vem f\u00e5r talutrymme<\/li><li aria-level=\"1\">vem f\u00f6rv\u00e4ntar vi oss att hj\u00e4lper andra<\/li><li aria-level=\"1\">hurudana f\u00f6rebilder erbjuder vi \u00e5t barnen i form av b\u00f6cker, bilder och annat material inom sm\u00e5barnspedagogiken.<\/li><\/ul><p>Det \u00e4r fullt m\u00f6jligt att bli medveten om dessa praktiker och de kan utvecklas tillsammans b\u00e5de med daghemmets personal och i samarbete med familjerna.<\/p><p>Vi hoppas att du hittar mycket nytt och inspirerande material l\u00e4ngs med v\u00e4gen!<\/p><h3>Arbetet b\u00f6rjar med oss!<\/h3>\t\t\t\t\t\t\t\t<\/div>\n\t\t\t\t<\/div>\n\t\t\t\t\t<\/div>\n\t\t<\/div>\n\t\t\t\t<div class=\"elementor-column elementor-col-50 elementor-top-column elementor-element elementor-element-331cba24\" data-id=\"331cba24\" data-element_type=\"column\">\n\t\t\t<div class=\"elementor-widget-wrap elementor-element-populated\">\n\t\t\t\t\t\t<div class=\"elementor-element elementor-element-4c90f67 elementor-widget elementor-widget-image\" data-id=\"4c90f67\" data-element_type=\"widget\" data-widget_type=\"image.default\">\n\t\t\t\t<div class=\"elementor-widget-container\">\n\t\t\t\t\t\t\t\t\t\t\t\t<figure class=\"wp-caption\">\n\t\t\t\t\t\t\t\t\t\t<img decoding=\"async\" src=\"https:\/\/tasa-arvokasvatuksessa.fi\/wp-content\/uploads\/elementor\/thumbs\/3-e1635419184290-pgzaa5yc0a0fghpbzzdzzqv6jn895cix6eeku8cn40.png\" title=\"3\" alt=\"3\" loading=\"lazy\" \/>\t\t\t\t\t\t\t\t\t\t\t<figcaption class=\"widget-image-caption wp-caption-text\"><\/figcaption>\n\t\t\t\t\t\t\t\t\t\t<\/figure>\n\t\t\t\t\t\t\t\t\t<\/div>\n\t\t\t\t<\/div>\n\t\t\t\t\t<\/div>\n\t\t<\/div>\n\t\t\t\t\t<\/div>\n\t\t<\/section>\n\t\t\t\t<\/div>\n\t\t","protected":false},"excerpt":{"rendered":"<p>J\u00e4mst\u00e4lldhet i l\u00e4rande V\u00e4lkommen, pedagog inom sm\u00e5barnspedagogik! Du g\u00f6r ett viktigt jobb och d\u00e4rf\u00f6r vill vi specifikt st\u00f6dja dig i j\u00e4mst\u00e4lldhetsarbetet. Varf\u00f6r? Forskning visar att flickor och pojkar blir bem\u00f6tta p\u00e5 olika s\u00e4tt inom sm\u00e5barnspedagogiken. Det h\u00e4r p\u00e5verkar barnens utveckling. Det \u00e4r viktigt att det g\u00f6rs l\u00e5ngsiktigt och systematiskt j\u00e4mst\u00e4lldhetsarbete redan inom sm\u00e5barnspedagogiken. M\u00e5let \u00e4r [&hellip;]<\/p>\n","protected":false},"author":5,"featured_media":0,"parent":0,"menu_order":0,"comment_status":"closed","ping_status":"closed","template":"","meta":{"footnotes":""},"class_list":["post-5655","page","type-page","status-publish","hentry"],"_links":{"self":[{"href":"https:\/\/tasa-arvokasvatuksessa.fi\/sv\/wp-json\/wp\/v2\/pages\/5655","targetHints":{"allow":["GET"]}}],"collection":[{"href":"https:\/\/tasa-arvokasvatuksessa.fi\/sv\/wp-json\/wp\/v2\/pages"}],"about":[{"href":"https:\/\/tasa-arvokasvatuksessa.fi\/sv\/wp-json\/wp\/v2\/types\/page"}],"author":[{"embeddable":true,"href":"https:\/\/tasa-arvokasvatuksessa.fi\/sv\/wp-json\/wp\/v2\/users\/5"}],"replies":[{"embeddable":true,"href":"https:\/\/tasa-arvokasvatuksessa.fi\/sv\/wp-json\/wp\/v2\/comments?post=5655"}],"version-history":[{"count":40,"href":"https:\/\/tasa-arvokasvatuksessa.fi\/sv\/wp-json\/wp\/v2\/pages\/5655\/revisions"}],"predecessor-version":[{"id":8861,"href":"https:\/\/tasa-arvokasvatuksessa.fi\/sv\/wp-json\/wp\/v2\/pages\/5655\/revisions\/8861"}],"wp:attachment":[{"href":"https:\/\/tasa-arvokasvatuksessa.fi\/sv\/wp-json\/wp\/v2\/media?parent=5655"}],"curies":[{"name":"wp","href":"https:\/\/api.w.org\/{rel}","templated":true}]}}