{"id":5657,"date":"2021-12-09T10:01:57","date_gmt":"2021-12-09T10:01:57","guid":{"rendered":"https:\/\/tasa-arvokasvatuksessa.fi\/?page_id=5657"},"modified":"2022-03-15T08:23:12","modified_gmt":"2022-03-15T08:23:12","slug":"smabarnspedagogik-verktygslada-lar-dig-begreppen","status":"publish","type":"page","link":"https:\/\/tasa-arvokasvatuksessa.fi\/sv\/smabarnspedagogik-verktygslada-lar-dig-begreppen\/","title":{"rendered":"L\u00e4r dig begreppen"},"content":{"rendered":"\t\t<div data-elementor-type=\"wp-page\" data-elementor-id=\"5657\" class=\"elementor elementor-5657 elementor-418\" data-elementor-post-type=\"page\">\n\t\t\t\t\t\t<section class=\"elementor-section elementor-top-section elementor-element elementor-element-73f6111e elementor-section-boxed elementor-section-height-default elementor-section-height-default\" data-id=\"73f6111e\" data-element_type=\"section\">\n\t\t\t\t\t\t<div class=\"elementor-container elementor-column-gap-default\">\n\t\t\t\t\t<div class=\"elementor-column elementor-col-100 elementor-top-column elementor-element elementor-element-7b3bf426\" data-id=\"7b3bf426\" data-element_type=\"column\">\n\t\t\t<div class=\"elementor-widget-wrap elementor-element-populated\">\n\t\t\t\t\t\t<div class=\"elementor-element elementor-element-0323554 elementor-widget elementor-widget-heading\" data-id=\"0323554\" data-element_type=\"widget\" data-widget_type=\"heading.default\">\n\t\t\t\t<div class=\"elementor-widget-container\">\n\t\t\t\t\t<h2 class=\"elementor-heading-title elementor-size-default\">Tasa-arvo kasvatuksessa<\/h2>\t\t\t\t<\/div>\n\t\t\t\t<\/div>\n\t\t\t\t<div class=\"elementor-element elementor-element-0613e8a elementor-nav-menu--dropdown-none elementor-widget elementor-widget-nav-menu\" data-id=\"0613e8a\" data-element_type=\"widget\" id=\"subheader\" data-settings=\"{&quot;submenu_icon&quot;:{&quot;value&quot;:&quot;&lt;i class=\\&quot;\\&quot; aria-hidden=\\&quot;true\\&quot;&gt;&lt;\\\/i&gt;&quot;,&quot;library&quot;:&quot;&quot;},&quot;layout&quot;:&quot;horizontal&quot;}\" data-widget_type=\"nav-menu.default\">\n\t\t\t\t<div class=\"elementor-widget-container\">\n\t\t\t\t\t\t\t\t<nav aria-label=\"Meny\" class=\"elementor-nav-menu--main elementor-nav-menu__container elementor-nav-menu--layout-horizontal e--pointer-none\">\n\t\t\t\t<ul id=\"menu-1-0613e8a\" class=\"elementor-nav-menu\"><li class=\"menu-item menu-item-type-post_type menu-item-object-page menu-item-5677\"><a href=\"https:\/\/tasa-arvokasvatuksessa.fi\/sv\/smabarnspedagogik\/\" class=\"elementor-item\">Sm\u00e5barnspedagog<\/a><\/li>\n<li class=\"menu-item menu-item-type-post_type menu-item-object-page menu-item-5770\"><a href=\"https:\/\/tasa-arvokasvatuksessa.fi\/sv\/smabarnspedagogik-testa-dig-sjalv\/\" class=\"elementor-item\">Testa dig sj\u00e4lv<\/a><\/li>\n<li class=\"menu-item menu-item-type-post_type menu-item-object-page menu-item-5771\"><a href=\"https:\/\/tasa-arvokasvatuksessa.fi\/sv\/smabarnspedagogik-verktygslada\/\" class=\"elementor-item\">Verktygsl\u00e5da<\/a><\/li>\n<\/ul>\t\t\t<\/nav>\n\t\t\t\t\t\t<nav class=\"elementor-nav-menu--dropdown elementor-nav-menu__container\" aria-hidden=\"true\">\n\t\t\t\t<ul id=\"menu-2-0613e8a\" class=\"elementor-nav-menu\"><li class=\"menu-item menu-item-type-post_type menu-item-object-page menu-item-5677\"><a href=\"https:\/\/tasa-arvokasvatuksessa.fi\/sv\/smabarnspedagogik\/\" class=\"elementor-item\" tabindex=\"-1\">Sm\u00e5barnspedagog<\/a><\/li>\n<li class=\"menu-item menu-item-type-post_type menu-item-object-page menu-item-5770\"><a href=\"https:\/\/tasa-arvokasvatuksessa.fi\/sv\/smabarnspedagogik-testa-dig-sjalv\/\" class=\"elementor-item\" tabindex=\"-1\">Testa dig sj\u00e4lv<\/a><\/li>\n<li class=\"menu-item menu-item-type-post_type menu-item-object-page menu-item-5771\"><a href=\"https:\/\/tasa-arvokasvatuksessa.fi\/sv\/smabarnspedagogik-verktygslada\/\" class=\"elementor-item\" tabindex=\"-1\">Verktygsl\u00e5da<\/a><\/li>\n<\/ul>\t\t\t<\/nav>\n\t\t\t\t\t\t<\/div>\n\t\t\t\t<\/div>\n\t\t\t\t\t<\/div>\n\t\t<\/div>\n\t\t\t\t\t<\/div>\n\t\t<\/section>\n\t\t\t\t<section class=\"elementor-section elementor-top-section elementor-element elementor-element-37525fe8 block__elem_tasa_arvo elementor-section-boxed elementor-section-height-default elementor-section-height-default\" data-id=\"37525fe8\" data-element_type=\"section\" data-settings=\"{&quot;background_background&quot;:&quot;classic&quot;}\">\n\t\t\t\t\t\t<div class=\"elementor-container elementor-column-gap-default\">\n\t\t\t\t\t<div class=\"elementor-column elementor-col-50 elementor-top-column elementor-element elementor-element-d51e805 page__content\" data-id=\"d51e805\" data-element_type=\"column\">\n\t\t\t<div class=\"elementor-widget-wrap elementor-element-populated\">\n\t\t\t\t\t\t<div class=\"elementor-element elementor-element-05f74bd elementor-widget elementor-widget-text-editor\" data-id=\"05f74bd\" data-element_type=\"widget\" data-widget_type=\"text-editor.default\">\n\t\t\t\t<div class=\"elementor-widget-container\">\n\t\t\t\t\t\t\t\t\t<p>Att fr\u00e4mja j\u00e4mst\u00e4lldhet kr\u00e4ver att vi l\u00e4ser in oss p\u00e5 relevanta begrepp, vilket \u00e4r en f\u00f6ruts\u00e4ttning f\u00f6r att vi ska kunna namnge de fenomen vi \u00e5sk\u00e5dar och f\u00f6r att vi ska kunna diskutera om dem.\u00a0<\/p>\t\t\t\t\t\t\t\t<\/div>\n\t\t\t\t<\/div>\n\t\t\t\t<div class=\"elementor-element elementor-element-2f8f50e elementor-widget elementor-widget-image\" data-id=\"2f8f50e\" data-element_type=\"widget\" data-widget_type=\"image.default\">\n\t\t\t\t<div class=\"elementor-widget-container\">\n\t\t\t\t\t\t\t\t\t\t\t\t\t\t\t<img decoding=\"async\" src=\"https:\/\/tasa-arvokasvatuksessa.fi\/wp-content\/uploads\/elementor\/thumbs\/9-e1637260836670-pgzablnmjfron501bx9qk7p8k2pkglix5m9spvcklq.png\" title=\"9\" alt=\"9\" loading=\"lazy\" \/>\t\t\t\t\t\t\t\t\t\t\t\t\t\t\t<\/div>\n\t\t\t\t<\/div>\n\t\t\t\t<div class=\"elementor-element elementor-element-cf5932a elementor-widget elementor-widget-text-editor\" data-id=\"cf5932a\" data-element_type=\"widget\" data-widget_type=\"text-editor.default\">\n\t\t\t\t<div class=\"elementor-widget-container\">\n\t\t\t\t\t\t\t\t\t<h3>Centrala begrepp\u00a0<\/h3><p>Bekanta dig med tips \u00f6ver hur du kan diskutera centrala begrepp med dina kolleger.<\/p><p><a href=\"https:\/\/tasa-arvokasvatuksessa.fi\/wp-content\/uploads\/2022\/03\/1.2.1.-Jamstalldhetsbegrepp-inom-barnomsorgen-1.pdf\">\u00a0J\u00e4mstalldhetsbegrepp inom sm\u00e5barnspedagogik.<\/a>(PDF).<\/p>\t\t\t\t\t\t\t\t<\/div>\n\t\t\t\t<\/div>\n\t\t\t\t\t<\/div>\n\t\t<\/div>\n\t\t\t\t<div class=\"elementor-column elementor-col-50 elementor-top-column elementor-element elementor-element-7ecb2157\" data-id=\"7ecb2157\" data-element_type=\"column\">\n\t\t\t<div class=\"elementor-widget-wrap elementor-element-populated\">\n\t\t\t\t\t\t<div class=\"elementor-element elementor-element-0e37fa8 elementor-nav-menu--dropdown-none side-nav elementor-widget elementor-widget-global elementor-global-5309 elementor-widget-nav-menu\" data-id=\"0e37fa8\" data-element_type=\"widget\" id=\"widget\" data-settings=\"{&quot;layout&quot;:&quot;vertical&quot;,&quot;submenu_icon&quot;:{&quot;value&quot;:&quot;&quot;,&quot;library&quot;:&quot;&quot;}}\" data-widget_type=\"nav-menu.default\">\n\t\t\t\t<div class=\"elementor-widget-container\">\n\t\t\t\t\t\t\t\t<nav aria-label=\"Meny\" class=\"elementor-nav-menu--main elementor-nav-menu__container elementor-nav-menu--layout-vertical e--pointer-none\">\n\t\t\t\t<ul id=\"menu-1-0e37fa8\" class=\"elementor-nav-menu sm-vertical\"><li class=\"menu-item menu-item-type-post_type menu-item-object-page menu-item-5772\"><a href=\"https:\/\/tasa-arvokasvatuksessa.fi\/sv\/smabarnspedagogik-verktygslada-arbetet-borjar-med-oss\/\" class=\"elementor-item\">Arbetet b\u00f6rjar med oss<\/a><\/li>\n<li class=\"menu-item menu-item-type-post_type menu-item-object-page menu-item-5678\"><a href=\"https:\/\/tasa-arvokasvatuksessa.fi\/sv\/smabarnspedagogik-verktygslada-lar-dig-begreppen\/\" class=\"elementor-item\">L\u00e4r dig begreppen<\/a><\/li>\n<li class=\"menu-item menu-item-type-post_type menu-item-object-page menu-item-5773\"><a href=\"https:\/\/tasa-arvokasvatuksessa.fi\/sv\/smabarnspedagogik-verktygslada-jamstallt-bemotande\/\" class=\"elementor-item\">J\u00e4mst\u00e4llt bem\u00f6tande<\/a><\/li>\n<li class=\"menu-item menu-item-type-post_type menu-item-object-page menu-item-5774\"><a href=\"https:\/\/tasa-arvokasvatuksessa.fi\/sv\/smabarnspedagogik-verktygslada-jamstalld-interaktion\/\" class=\"elementor-item\">J\u00e4mst\u00e4lld interaktion<\/a><\/li>\n<li class=\"menu-item menu-item-type-post_type menu-item-object-page menu-item-5775\"><a href=\"https:\/\/tasa-arvokasvatuksessa.fi\/sv\/smabarnspedagogik-verktygsalada-dokumentation-som-ett-redskap-for-jamstalldhetsarbete\/\" class=\"elementor-item\">Dokumentation som ett redskap f\u00f6r j\u00e4mst\u00e4lldhetsarbete<\/a><\/li>\n<li class=\"menu-item menu-item-type-post_type menu-item-object-page menu-item-5776\"><a href=\"https:\/\/tasa-arvokasvatuksessa.fi\/sv\/smabarnspedagogik-verktygslada-betydelsen-av-bocker\/\" class=\"elementor-item\">Betydelsen av b\u00f6cker<\/a><\/li>\n<li class=\"menu-item menu-item-type-post_type menu-item-object-page menu-item-5777\"><a href=\"https:\/\/tasa-arvokasvatuksessa.fi\/sv\/smabarnspedagogik-verktygslada-lekplatser-och-leksaker\/\" class=\"elementor-item\">Lek, lekplatser och leksaker<\/a><\/li>\n<li class=\"menu-item menu-item-type-post_type menu-item-object-page menu-item-5778\"><a href=\"https:\/\/tasa-arvokasvatuksessa.fi\/sv\/smabarnspedagogik-verktygslada-mobbning-och-kon\/\" class=\"elementor-item\">Mobbning och k\u00f6n<\/a><\/li>\n<li class=\"menu-item menu-item-type-post_type menu-item-object-page menu-item-5779\"><a href=\"https:\/\/tasa-arvokasvatuksessa.fi\/sv\/smabarnspedagogik-verktygslada-jamstalldhetsplan-i-daghem\/\" class=\"elementor-item\">J\u00e4mst\u00e4lldhetsplan p\u00e5 daghemmet<\/a><\/li>\n<li class=\"menu-item menu-item-type-post_type menu-item-object-page menu-item-5780\"><a href=\"https:\/\/tasa-arvokasvatuksessa.fi\/sv\/smabarnspedagogik-verktygslada-forandring-sker-tillsammans\/\" class=\"elementor-item\">For\u00e4ndring skapas tillsammans<\/a><\/li>\n<li class=\"menu-item menu-item-type-post_type menu-item-object-page menu-item-5781\"><a href=\"https:\/\/tasa-arvokasvatuksessa.fi\/sv\/smabarnspedagogik-verktygslada-lagstiftningen-och-avtal-som-stod\/\" class=\"elementor-item\">Lagstiftningen och avtal som st\u00f6d<\/a><\/li>\n<li class=\"menu-item menu-item-type-post_type menu-item-object-page menu-item-5782\"><a href=\"https:\/\/tasa-arvokasvatuksessa.fi\/sv\/smabarnspedagogik-verktygslada-lanktips\/\" class=\"elementor-item\">L\u00e4nktips<\/a><\/li>\n<\/ul>\t\t\t<\/nav>\n\t\t\t\t\t\t<nav class=\"elementor-nav-menu--dropdown elementor-nav-menu__container\" aria-hidden=\"true\">\n\t\t\t\t<ul id=\"menu-2-0e37fa8\" class=\"elementor-nav-menu sm-vertical\"><li class=\"menu-item menu-item-type-post_type menu-item-object-page menu-item-5772\"><a href=\"https:\/\/tasa-arvokasvatuksessa.fi\/sv\/smabarnspedagogik-verktygslada-arbetet-borjar-med-oss\/\" class=\"elementor-item\" tabindex=\"-1\">Arbetet b\u00f6rjar med oss<\/a><\/li>\n<li class=\"menu-item menu-item-type-post_type menu-item-object-page menu-item-5678\"><a href=\"https:\/\/tasa-arvokasvatuksessa.fi\/sv\/smabarnspedagogik-verktygslada-lar-dig-begreppen\/\" class=\"elementor-item\" tabindex=\"-1\">L\u00e4r dig begreppen<\/a><\/li>\n<li class=\"menu-item menu-item-type-post_type menu-item-object-page menu-item-5773\"><a href=\"https:\/\/tasa-arvokasvatuksessa.fi\/sv\/smabarnspedagogik-verktygslada-jamstallt-bemotande\/\" class=\"elementor-item\" tabindex=\"-1\">J\u00e4mst\u00e4llt bem\u00f6tande<\/a><\/li>\n<li class=\"menu-item menu-item-type-post_type menu-item-object-page menu-item-5774\"><a href=\"https:\/\/tasa-arvokasvatuksessa.fi\/sv\/smabarnspedagogik-verktygslada-jamstalld-interaktion\/\" class=\"elementor-item\" tabindex=\"-1\">J\u00e4mst\u00e4lld interaktion<\/a><\/li>\n<li class=\"menu-item menu-item-type-post_type menu-item-object-page menu-item-5775\"><a href=\"https:\/\/tasa-arvokasvatuksessa.fi\/sv\/smabarnspedagogik-verktygsalada-dokumentation-som-ett-redskap-for-jamstalldhetsarbete\/\" class=\"elementor-item\" tabindex=\"-1\">Dokumentation som ett redskap f\u00f6r j\u00e4mst\u00e4lldhetsarbete<\/a><\/li>\n<li class=\"menu-item menu-item-type-post_type menu-item-object-page menu-item-5776\"><a href=\"https:\/\/tasa-arvokasvatuksessa.fi\/sv\/smabarnspedagogik-verktygslada-betydelsen-av-bocker\/\" class=\"elementor-item\" tabindex=\"-1\">Betydelsen av b\u00f6cker<\/a><\/li>\n<li class=\"menu-item menu-item-type-post_type menu-item-object-page menu-item-5777\"><a href=\"https:\/\/tasa-arvokasvatuksessa.fi\/sv\/smabarnspedagogik-verktygslada-lekplatser-och-leksaker\/\" class=\"elementor-item\" tabindex=\"-1\">Lek, lekplatser och leksaker<\/a><\/li>\n<li class=\"menu-item menu-item-type-post_type menu-item-object-page menu-item-5778\"><a href=\"https:\/\/tasa-arvokasvatuksessa.fi\/sv\/smabarnspedagogik-verktygslada-mobbning-och-kon\/\" class=\"elementor-item\" tabindex=\"-1\">Mobbning och k\u00f6n<\/a><\/li>\n<li class=\"menu-item menu-item-type-post_type menu-item-object-page menu-item-5779\"><a href=\"https:\/\/tasa-arvokasvatuksessa.fi\/sv\/smabarnspedagogik-verktygslada-jamstalldhetsplan-i-daghem\/\" class=\"elementor-item\" tabindex=\"-1\">J\u00e4mst\u00e4lldhetsplan p\u00e5 daghemmet<\/a><\/li>\n<li class=\"menu-item menu-item-type-post_type menu-item-object-page menu-item-5780\"><a href=\"https:\/\/tasa-arvokasvatuksessa.fi\/sv\/smabarnspedagogik-verktygslada-forandring-sker-tillsammans\/\" class=\"elementor-item\" tabindex=\"-1\">For\u00e4ndring skapas tillsammans<\/a><\/li>\n<li class=\"menu-item menu-item-type-post_type menu-item-object-page menu-item-5781\"><a href=\"https:\/\/tasa-arvokasvatuksessa.fi\/sv\/smabarnspedagogik-verktygslada-lagstiftningen-och-avtal-som-stod\/\" class=\"elementor-item\" tabindex=\"-1\">Lagstiftningen och avtal som st\u00f6d<\/a><\/li>\n<li class=\"menu-item menu-item-type-post_type menu-item-object-page menu-item-5782\"><a href=\"https:\/\/tasa-arvokasvatuksessa.fi\/sv\/smabarnspedagogik-verktygslada-lanktips\/\" class=\"elementor-item\" tabindex=\"-1\">L\u00e4nktips<\/a><\/li>\n<\/ul>\t\t\t<\/nav>\n\t\t\t\t\t\t<\/div>\n\t\t\t\t<\/div>\n\t\t\t\t\t<\/div>\n\t\t<\/div>\n\t\t\t\t\t<\/div>\n\t\t<\/section>\n\t\t\t\t<\/div>\n\t\t","protected":false},"excerpt":{"rendered":"<p>Tasa-arvo kasvatuksessa Att fr\u00e4mja j\u00e4mst\u00e4lldhet kr\u00e4ver att vi l\u00e4ser in oss p\u00e5 relevanta begrepp, vilket \u00e4r en f\u00f6ruts\u00e4ttning f\u00f6r att vi ska kunna namnge de fenomen vi \u00e5sk\u00e5dar och f\u00f6r att vi ska kunna diskutera om dem.\u00a0 Centrala begrepp\u00a0 Bekanta dig med tips \u00f6ver hur du kan diskutera centrala begrepp med dina kolleger. \u00a0J\u00e4mstalldhetsbegrepp inom [&hellip;]<\/p>\n","protected":false},"author":5,"featured_media":0,"parent":0,"menu_order":0,"comment_status":"closed","ping_status":"closed","template":"","meta":{"footnotes":""},"class_list":["post-5657","page","type-page","status-publish","hentry"],"_links":{"self":[{"href":"https:\/\/tasa-arvokasvatuksessa.fi\/sv\/wp-json\/wp\/v2\/pages\/5657","targetHints":{"allow":["GET"]}}],"collection":[{"href":"https:\/\/tasa-arvokasvatuksessa.fi\/sv\/wp-json\/wp\/v2\/pages"}],"about":[{"href":"https:\/\/tasa-arvokasvatuksessa.fi\/sv\/wp-json\/wp\/v2\/types\/page"}],"author":[{"embeddable":true,"href":"https:\/\/tasa-arvokasvatuksessa.fi\/sv\/wp-json\/wp\/v2\/users\/5"}],"replies":[{"embeddable":true,"href":"https:\/\/tasa-arvokasvatuksessa.fi\/sv\/wp-json\/wp\/v2\/comments?post=5657"}],"version-history":[{"count":30,"href":"https:\/\/tasa-arvokasvatuksessa.fi\/sv\/wp-json\/wp\/v2\/pages\/5657\/revisions"}],"predecessor-version":[{"id":8587,"href":"https:\/\/tasa-arvokasvatuksessa.fi\/sv\/wp-json\/wp\/v2\/pages\/5657\/revisions\/8587"}],"wp:attachment":[{"href":"https:\/\/tasa-arvokasvatuksessa.fi\/sv\/wp-json\/wp\/v2\/media?parent=5657"}],"curies":[{"name":"wp","href":"https:\/\/api.w.org\/{rel}","templated":true}]}}