{"id":5720,"date":"2021-12-09T10:23:18","date_gmt":"2021-12-09T10:23:18","guid":{"rendered":"https:\/\/tasa-arvokasvatuksessa.fi\/?page_id=5720"},"modified":"2022-03-10T13:11:45","modified_gmt":"2022-03-10T13:11:45","slug":"smabarnspedagogik-verktygslada-jamstallt-bemotande","status":"publish","type":"page","link":"https:\/\/tasa-arvokasvatuksessa.fi\/sv\/smabarnspedagogik-verktygslada-jamstallt-bemotande\/","title":{"rendered":"J\u00e4mst\u00e4llt bem\u00f6tande"},"content":{"rendered":"\t\t<div data-elementor-type=\"wp-page\" data-elementor-id=\"5720\" class=\"elementor elementor-5720 elementor-2365\" data-elementor-post-type=\"page\">\n\t\t\t\t\t\t<section class=\"elementor-section elementor-top-section elementor-element elementor-element-3ed96216 elementor-section-boxed elementor-section-height-default elementor-section-height-default\" data-id=\"3ed96216\" data-element_type=\"section\">\n\t\t\t\t\t\t<div class=\"elementor-container elementor-column-gap-default\">\n\t\t\t\t\t<div class=\"elementor-column elementor-col-100 elementor-top-column elementor-element elementor-element-6625a401\" data-id=\"6625a401\" data-element_type=\"column\">\n\t\t\t<div class=\"elementor-widget-wrap elementor-element-populated\">\n\t\t\t\t\t\t<div class=\"elementor-element elementor-element-2dfebaa elementor-widget elementor-widget-heading\" data-id=\"2dfebaa\" data-element_type=\"widget\" data-widget_type=\"heading.default\">\n\t\t\t\t<div class=\"elementor-widget-container\">\n\t\t\t\t\t<h2 class=\"elementor-heading-title elementor-size-default\">Tasa-arvo kasvatuksessa<\/h2>\t\t\t\t<\/div>\n\t\t\t\t<\/div>\n\t\t\t\t<div class=\"elementor-element elementor-element-5b82600 elementor-nav-menu--dropdown-none elementor-widget elementor-widget-nav-menu\" data-id=\"5b82600\" data-element_type=\"widget\" id=\"subheader\" data-settings=\"{&quot;submenu_icon&quot;:{&quot;value&quot;:&quot;&lt;i class=\\&quot;\\&quot; aria-hidden=\\&quot;true\\&quot;&gt;&lt;\\\/i&gt;&quot;,&quot;library&quot;:&quot;&quot;},&quot;layout&quot;:&quot;horizontal&quot;}\" data-widget_type=\"nav-menu.default\">\n\t\t\t\t<div class=\"elementor-widget-container\">\n\t\t\t\t\t\t\t\t<nav aria-label=\"Meny\" class=\"elementor-nav-menu--main elementor-nav-menu__container elementor-nav-menu--layout-horizontal e--pointer-none\">\n\t\t\t\t<ul id=\"menu-1-5b82600\" class=\"elementor-nav-menu\"><li class=\"menu-item menu-item-type-post_type menu-item-object-page menu-item-5677\"><a href=\"https:\/\/tasa-arvokasvatuksessa.fi\/sv\/smabarnspedagogik\/\" class=\"elementor-item\">Sm\u00e5barnspedagog<\/a><\/li>\n<li class=\"menu-item menu-item-type-post_type menu-item-object-page menu-item-5770\"><a href=\"https:\/\/tasa-arvokasvatuksessa.fi\/sv\/smabarnspedagogik-testa-dig-sjalv\/\" class=\"elementor-item\">Testa dig sj\u00e4lv<\/a><\/li>\n<li class=\"menu-item menu-item-type-post_type menu-item-object-page menu-item-5771\"><a href=\"https:\/\/tasa-arvokasvatuksessa.fi\/sv\/smabarnspedagogik-verktygslada\/\" class=\"elementor-item\">Verktygsl\u00e5da<\/a><\/li>\n<\/ul>\t\t\t<\/nav>\n\t\t\t\t\t\t<nav class=\"elementor-nav-menu--dropdown elementor-nav-menu__container\" aria-hidden=\"true\">\n\t\t\t\t<ul id=\"menu-2-5b82600\" class=\"elementor-nav-menu\"><li class=\"menu-item menu-item-type-post_type menu-item-object-page menu-item-5677\"><a href=\"https:\/\/tasa-arvokasvatuksessa.fi\/sv\/smabarnspedagogik\/\" class=\"elementor-item\" tabindex=\"-1\">Sm\u00e5barnspedagog<\/a><\/li>\n<li class=\"menu-item menu-item-type-post_type menu-item-object-page menu-item-5770\"><a href=\"https:\/\/tasa-arvokasvatuksessa.fi\/sv\/smabarnspedagogik-testa-dig-sjalv\/\" class=\"elementor-item\" tabindex=\"-1\">Testa dig sj\u00e4lv<\/a><\/li>\n<li class=\"menu-item menu-item-type-post_type menu-item-object-page menu-item-5771\"><a href=\"https:\/\/tasa-arvokasvatuksessa.fi\/sv\/smabarnspedagogik-verktygslada\/\" class=\"elementor-item\" tabindex=\"-1\">Verktygsl\u00e5da<\/a><\/li>\n<\/ul>\t\t\t<\/nav>\n\t\t\t\t\t\t<\/div>\n\t\t\t\t<\/div>\n\t\t\t\t\t<\/div>\n\t\t<\/div>\n\t\t\t\t\t<\/div>\n\t\t<\/section>\n\t\t\t\t<section class=\"elementor-section elementor-top-section elementor-element elementor-element-ac02397 block__elem_tasa_arvo elementor-section-boxed elementor-section-height-default elementor-section-height-default\" data-id=\"ac02397\" data-element_type=\"section\" data-settings=\"{&quot;background_background&quot;:&quot;classic&quot;}\">\n\t\t\t\t\t\t<div class=\"elementor-container elementor-column-gap-default\">\n\t\t\t\t\t<div class=\"elementor-column elementor-col-50 elementor-top-column elementor-element elementor-element-3c376ad page__content\" data-id=\"3c376ad\" data-element_type=\"column\">\n\t\t\t<div class=\"elementor-widget-wrap elementor-element-populated\">\n\t\t\t\t\t\t<div class=\"elementor-element elementor-element-136d7d4 elementor-widget elementor-widget-text-editor\" data-id=\"136d7d4\" data-element_type=\"widget\" data-widget_type=\"text-editor.default\">\n\t\t\t\t<div class=\"elementor-widget-container\">\n\t\t\t\t\t\t\t\t\t<p>Att st\u00f6dja sig p\u00e5 inl\u00e4rda k\u00f6nsstereotypier och att f\u00f6rst\u00e4rka dem \u00e4r oftast omedvetet och d\u00e4rf\u00f6r \u00e4r det sv\u00e5rt att sj\u00e4lv se n\u00e4r det h\u00e4nder. Stressituationer \u00e4r en riskfaktor, eftersom vi under stress oftast reagerar automatiskt och enligt gamla m\u00f6nster. D\u00e5 \u00e5terspeglas n\u00f6dv\u00e4ndigtvis inte v\u00e5r verkliga v\u00e4rdegrund i vad vi g\u00f6r.<\/p><p>Det \u00e4r bra att b\u00e5de tillsammans och f\u00f6r sig sj\u00e4lv fundera hur attityder kring k\u00f6n och dess m\u00e5ngfald syns i tal, gester, handlingar och verksamhetss\u00e4tt. Det vi g\u00f6r, men ocks\u00e5 det vi inte g\u00f6r, \u00e4r att anv\u00e4nda makt. Det \u00e4r ocks\u00e5 bra att komma ih\u00e5g att modellerna f\u00f6r interaktion och spr\u00e5kbruk samt s\u00e4tt att agera p\u00e5 enligt stereotypa f\u00f6rv\u00e4ntningar f\u00f6rmedlas till barnen.<\/p><p>Vi blir alla p\u00e5verkade av det heteronormativa tankes\u00e4ttet enligt vilket det existerar endast tv\u00e5 k\u00f6n (kvinna\/man). Heteronormativitet inneb\u00e4r \u00e4ven att kvinnor och flickor f\u00f6rv\u00e4ntas vara feminina och att de ska uttrycka sin femininitet p\u00e5 ett visst s\u00e4tt, medan m\u00e4n och pojkar f\u00f6rv\u00e4ntas vara maskulina och att de ska uttrycka sin maskulinitet p\u00e5 ett visst s\u00e4tt. P\u00e5 grund av det h\u00e4r har vi olika, b\u00e5de medvetna och omedvetna f\u00f6rv\u00e4ntningar p\u00e5 flickor och pojkar om hur de ska vara och bete sig, v\u00e4lja sina intressen och hurdant spr\u00e5k de ska anv\u00e4nda.<\/p><p>Heteronormativitet handlar \u00e4ven om att alla f\u00f6rv\u00e4ntas vara heterosexuella och att mellanm\u00e4nskliga relationer ska vara p\u00e5 ett visst s\u00e4tt. D\u00e4rf\u00f6r \u00e4r det sv\u00e5rt att i j\u00e4mst\u00e4lldhetsarbete fokusera endast p\u00e5 k\u00f6n och k\u00f6nsminoriteter &#8211; k\u00f6nsnormer \u00e4r ofta kopplade till sexualitet.<\/p><p>J\u00e4mst\u00e4lldhetsarbete handlar om att bryta f\u00f6rlegade f\u00f6rest\u00e4llningar och ifr\u00e5gas\u00e4tta normer som begr\u00e4nsar barnen att v\u00e4xa och utvecklas enligt sin egen potential. En av de \u00e5terkommande uppgifterna \u00e4r att utmana och bryta k\u00f6nade normer p\u00e5 daghemmet<\/p>\t\t\t\t\t\t\t\t<\/div>\n\t\t\t\t<\/div>\n\t\t\t\t<div class=\"elementor-element elementor-element-8e39683 elementor-widget elementor-widget-image\" data-id=\"8e39683\" data-element_type=\"widget\" data-widget_type=\"image.default\">\n\t\t\t\t<div class=\"elementor-widget-container\">\n\t\t\t\t\t\t\t\t\t\t\t\t\t\t\t<img decoding=\"async\" src=\"https:\/\/tasa-arvokasvatuksessa.fi\/wp-content\/uploads\/elementor\/thumbs\/2-e1635418826715-pgzabg0fb5rh9dufj1apvx8rnix8milroqddcsgcn4.png\" title=\"2\" alt=\"2\" loading=\"lazy\" \/>\t\t\t\t\t\t\t\t\t\t\t\t\t\t\t<\/div>\n\t\t\t\t<\/div>\n\t\t\t\t<div class=\"elementor-element elementor-element-2a522d7 elementor-widget elementor-widget-text-editor\" data-id=\"2a522d7\" data-element_type=\"widget\" data-widget_type=\"text-editor.default\">\n\t\t\t\t<div class=\"elementor-widget-container\">\n\t\t\t\t\t\t\t\t\t<h2>Hur?<\/h2><p>N\u00e4r vi str\u00e4var efter ett mer j\u00e4mst\u00e4llt bem\u00f6tande \u00e4r det v\u00e4sentligt att iaktta varf\u00f6r vissa situationer fungerar bra i barngruppen och i vilka situationer man kunde utveckla nya metoder och tillv\u00e4gag\u00e5ngss\u00e4tt. Det \u00e4r f\u00f6rst d\u00e5 man ser vilka handlingar som leder till en mer j\u00e4mst\u00e4lldhetsfr\u00e4mjande verksamhet som det \u00e4r m\u00f6jligt att \u00f6ka och utveckla h\u00e5llbara j\u00e4mst\u00e4lldhetsfr\u00e4mjande strukturer i verksamheten.<\/p><h3><strong>L\u00e4gg m\u00e4rke till oj\u00e4mst\u00e4llt bem\u00f6tande i vardagen<\/strong><\/h3><p>I f\u00f6ljande video presenteras konkreta exempel ur vardagen p\u00e5 daghemmet n\u00e4r och hur personalen bem\u00f6ter barnen olika och hur man kan blir mer uppm\u00e4rksam p\u00e5 dessa situationer. Videon behandlar ocks\u00e5 hur k\u00f6nsnormer skapas i v\u00e5rt tal och att det kr\u00e4vs en reflektion i arbetet f\u00f6r att inte f\u00f6lja eller falla in i gamla (k\u00f6ns)m\u00f6nster. D\u00e4rf\u00f6r blir det extra viktigt att inte bara synligg\u00f6ra k\u00f6nsstrukturerna, utan att vara tydlig i vad m\u00e5let med arbetet \u00e4r.<\/p><p>Videon \u00f6ppnar ocks\u00e5 upp ett normkritiskt f\u00f6rh\u00e5llningss\u00e4tt. Ett normkritiskt f\u00f6rh\u00e5llningss\u00e4tt handlar om att k\u00e4nna igen maktstrukturer, att f\u00f6rst\u00e5 hur normer skapas, hurdana konsekvenser de kan f\u00e5 samt hur vi kan g\u00f6ra p\u00e5 nya s\u00e4tt. I det h\u00e4r tillv\u00e4gag\u00e5ngss\u00e4ttet fokuserar vi allts\u00e5 p\u00e5 hur normer begr\u00e4nsar och utesluter. Normkritik \u00e4r ett viktigt verktyg i j\u00e4mst\u00e4lldhetsarbetet.<\/p>\t\t\t\t\t\t\t\t<\/div>\n\t\t\t\t<\/div>\n\t\t\t\t<div class=\"elementor-element elementor-element-39d37a5 elementor-widget elementor-widget-video\" data-id=\"39d37a5\" data-element_type=\"widget\" data-settings=\"{&quot;video_type&quot;:&quot;vimeo&quot;}\" data-widget_type=\"video.default\">\n\t\t\t\t<div class=\"elementor-widget-container\">\n\t\t\t\t\t\t\t<div class=\"elementor-wrapper elementor-open-inline\">\n\t\t\t<iframe class=\"elementor-video-iframe\" allowfullscreen allow=\"clipboard-write\" title=\"vimeo-videospelare\" src=\"https:\/\/player.vimeo.com\/video\/53232110?color&amp;autopause=0&amp;loop=0&amp;muted=0&amp;title=1&amp;portrait=1&amp;byline=1#t=\"><\/iframe>\t\t<\/div>\n\t\t\t\t\t\t<\/div>\n\t\t\t\t<\/div>\n\t\t\t\t<div class=\"elementor-element elementor-element-7626d05 vid-cred elementor-widget elementor-widget-global elementor-global-987 elementor-widget-accordion\" data-id=\"7626d05\" data-element_type=\"widget\" data-widget_type=\"accordion.default\">\n\t\t\t\t<div class=\"elementor-widget-container\">\n\t\t\t\t\t\t\t<div class=\"elementor-accordion\">\n\t\t\t\t\t\t\t<div class=\"elementor-accordion-item\">\n\t\t\t\t\t<div id=\"elementor-tab-title-1231\" class=\"elementor-tab-title\" data-tab=\"1\" role=\"button\" aria-controls=\"elementor-tab-content-1231\" aria-expanded=\"false\">\n\t\t\t\t\t\t\t\t\t\t\t\t\t<span class=\"elementor-accordion-icon elementor-accordion-icon-left\" aria-hidden=\"true\">\n\t\t\t\t\t\t\t\t\t\t\t\t\t\t\t<span class=\"elementor-accordion-icon-closed\"><i class=\"fas fa-plus\"><\/i><\/span>\n\t\t\t\t\t\t\t\t<span class=\"elementor-accordion-icon-opened\"><i class=\"fas fa-minus\"><\/i><\/span>\n\t\t\t\t\t\t\t\t\t\t\t\t\t\t<\/span>\n\t\t\t\t\t\t\t\t\t\t\t\t<a class=\"elementor-accordion-title\" tabindex=\"0\">Videolla esiintyv\u00e4t<\/a>\n\t\t\t\t\t<\/div>\n\t\t\t\t\t<div id=\"elementor-tab-content-1231\" class=\"elementor-tab-content elementor-clearfix\" data-tab=\"1\" role=\"region\" aria-labelledby=\"elementor-tab-title-1231\"><p><span style=\"font-weight: 400;\">Stolt, Birthe \u2014 Daghemsf\u00f6rest\u00e5ndare, Daghemmet Flaggskeppet, Griffis, Larrie \u2014 Barntr\u00e4dg\u00e5rdsl\u00e4rare, Smedsby daghem, Tarvonen, Vera \u2014 Specialbarntr\u00e4dg\u00e5rdsl\u00e4rare, P\u00e4iv\u00e4koti Kamppi, Paumo, Milla \u2014 Projektledare f\u00f6r projektet J\u00e4mst\u00e4llt bem\u00f6tande i daghem, Mansikka, Jan-Erik \u2014 Universitetslektor i pedagogik, Helsingfors universitet, Helldorff, Malin \u2014 Utbildare f\u00f6r Machofabriken-materialet, Manninen, Sari \u2014 Doktor i pedagogik, Ule\u00e5borgs universitet, Sundell, Sara \u2014 Ansvarig f\u00f6r j\u00e4mst\u00e4lldhetsarbete med barn och unga, Folkh\u00e4lsan, Sundelin, Marina \u2014 Daghemsf\u00f6rest\u00e5ndare, Daghemmet Myran<\/span><\/p><\/div>\n\t\t\t\t<\/div>\n\t\t\t\t\t\t\t\t<\/div>\n\t\t\t\t\t\t<\/div>\n\t\t\t\t<\/div>\n\t\t\t\t<div class=\"elementor-element elementor-element-deb1091 elementor-widget elementor-widget-text-editor\" data-id=\"deb1091\" data-element_type=\"widget\" data-widget_type=\"text-editor.default\">\n\t\t\t\t<div class=\"elementor-widget-container\">\n\t\t\t\t\t\t\t\t\t<h3>Reflektionsfr\u00e5gor:<\/h3><ul><li>Vilken typ av vardagliga situationer vore s\u00e4rskilt viktiga att g\u00e5 igenom f\u00f6r att ett j\u00e4mst\u00e4llt bem\u00f6tande av barnen ska kunna framskrida?<\/li><li>Vilka vardagliga aktiviteter kan fungera diskriminerande mot barn som inte identifierar enligt det k\u00f6n som tilldelats dem vid f\u00f6dseln?<\/li><li>Hur f\u00f6r\u00e4ndras handledningen i och med ett normkritiskt tillv\u00e4gag\u00e5ngss\u00e4tt och vad kunde det i praktiken betyda?<\/li><li>Hurdana redskap erbjuder ett normkritiskt perspektiv \u00e5t barn att bredda p\u00e5 uppfattningen om sig sj\u00e4lva och sina m\u00f6jligheter?<\/li><\/ul>\t\t\t\t\t\t\t\t<\/div>\n\t\t\t\t<\/div>\n\t\t\t\t<div class=\"elementor-element elementor-element-93b2844 elementor-widget elementor-widget-text-editor\" data-id=\"93b2844\" data-element_type=\"widget\" data-widget_type=\"text-editor.default\">\n\t\t\t\t<div class=\"elementor-widget-container\">\n\t\t\t\t\t\t\t\t\t<h3><strong>Att v\u00e4lkomna barnen p\u00e5 morgonen<\/strong><\/h3><p>P\u00e5 videon diskuterades om att v\u00e4lkomna barnen till daghemmet p\u00e5 morgonen. Ett f\u00f6rsta s\u00e4tt att observera bem\u00f6tande av barnen kan g\u00f6ras med papper och penna. Det kan man g\u00f6ra redan imorgon!<\/p><p>Bekanta dig med v\u00e5ra tips \u00f6ver hur du kan reflektera kring hur barnen blir bem\u00f6tta d\u00e5 de kommer till daghemmet p\u00e5 morgonen.<\/p><p><a href=\"https:\/\/tasa-arvokasvatuksessa.fi\/wp-content\/uploads\/2022\/03\/1.2.2.-Bemotande-i-hallen.pdf\">Bem\u00f6tande i hallen.<\/a>(PDF).<\/p>\t\t\t\t\t\t\t\t<\/div>\n\t\t\t\t<\/div>\n\t\t\t\t\t<\/div>\n\t\t<\/div>\n\t\t\t\t<div class=\"elementor-column elementor-col-50 elementor-top-column elementor-element elementor-element-135a334\" data-id=\"135a334\" data-element_type=\"column\">\n\t\t\t<div class=\"elementor-widget-wrap elementor-element-populated\">\n\t\t\t\t\t\t<div class=\"elementor-element elementor-element-dad0452 elementor-nav-menu--dropdown-none side-nav elementor-widget elementor-widget-global elementor-global-5309 elementor-widget-nav-menu\" data-id=\"dad0452\" data-element_type=\"widget\" id=\"widget\" data-settings=\"{&quot;layout&quot;:&quot;vertical&quot;,&quot;submenu_icon&quot;:{&quot;value&quot;:&quot;&quot;,&quot;library&quot;:&quot;&quot;}}\" data-widget_type=\"nav-menu.default\">\n\t\t\t\t<div class=\"elementor-widget-container\">\n\t\t\t\t\t\t\t\t<nav aria-label=\"Meny\" class=\"elementor-nav-menu--main elementor-nav-menu__container elementor-nav-menu--layout-vertical e--pointer-none\">\n\t\t\t\t<ul id=\"menu-1-dad0452\" class=\"elementor-nav-menu sm-vertical\"><li class=\"menu-item menu-item-type-post_type menu-item-object-page menu-item-5772\"><a href=\"https:\/\/tasa-arvokasvatuksessa.fi\/sv\/smabarnspedagogik-verktygslada-arbetet-borjar-med-oss\/\" class=\"elementor-item\">Arbetet b\u00f6rjar med oss<\/a><\/li>\n<li class=\"menu-item menu-item-type-post_type menu-item-object-page menu-item-5678\"><a href=\"https:\/\/tasa-arvokasvatuksessa.fi\/sv\/smabarnspedagogik-verktygslada-lar-dig-begreppen\/\" class=\"elementor-item\">L\u00e4r dig begreppen<\/a><\/li>\n<li class=\"menu-item menu-item-type-post_type menu-item-object-page menu-item-5773\"><a href=\"https:\/\/tasa-arvokasvatuksessa.fi\/sv\/smabarnspedagogik-verktygslada-jamstallt-bemotande\/\" class=\"elementor-item\">J\u00e4mst\u00e4llt bem\u00f6tande<\/a><\/li>\n<li class=\"menu-item menu-item-type-post_type menu-item-object-page menu-item-5774\"><a href=\"https:\/\/tasa-arvokasvatuksessa.fi\/sv\/smabarnspedagogik-verktygslada-jamstalld-interaktion\/\" class=\"elementor-item\">J\u00e4mst\u00e4lld interaktion<\/a><\/li>\n<li class=\"menu-item menu-item-type-post_type menu-item-object-page menu-item-5775\"><a href=\"https:\/\/tasa-arvokasvatuksessa.fi\/sv\/smabarnspedagogik-verktygsalada-dokumentation-som-ett-redskap-for-jamstalldhetsarbete\/\" class=\"elementor-item\">Dokumentation som ett redskap f\u00f6r j\u00e4mst\u00e4lldhetsarbete<\/a><\/li>\n<li class=\"menu-item menu-item-type-post_type menu-item-object-page menu-item-5776\"><a href=\"https:\/\/tasa-arvokasvatuksessa.fi\/sv\/smabarnspedagogik-verktygslada-betydelsen-av-bocker\/\" class=\"elementor-item\">Betydelsen av b\u00f6cker<\/a><\/li>\n<li class=\"menu-item menu-item-type-post_type menu-item-object-page menu-item-5777\"><a href=\"https:\/\/tasa-arvokasvatuksessa.fi\/sv\/smabarnspedagogik-verktygslada-lekplatser-och-leksaker\/\" class=\"elementor-item\">Lek, lekplatser och leksaker<\/a><\/li>\n<li class=\"menu-item menu-item-type-post_type menu-item-object-page menu-item-5778\"><a href=\"https:\/\/tasa-arvokasvatuksessa.fi\/sv\/smabarnspedagogik-verktygslada-mobbning-och-kon\/\" class=\"elementor-item\">Mobbning och k\u00f6n<\/a><\/li>\n<li class=\"menu-item menu-item-type-post_type menu-item-object-page menu-item-5779\"><a href=\"https:\/\/tasa-arvokasvatuksessa.fi\/sv\/smabarnspedagogik-verktygslada-jamstalldhetsplan-i-daghem\/\" class=\"elementor-item\">J\u00e4mst\u00e4lldhetsplan p\u00e5 daghemmet<\/a><\/li>\n<li class=\"menu-item menu-item-type-post_type menu-item-object-page menu-item-5780\"><a href=\"https:\/\/tasa-arvokasvatuksessa.fi\/sv\/smabarnspedagogik-verktygslada-forandring-sker-tillsammans\/\" class=\"elementor-item\">For\u00e4ndring skapas tillsammans<\/a><\/li>\n<li class=\"menu-item menu-item-type-post_type menu-item-object-page menu-item-5781\"><a href=\"https:\/\/tasa-arvokasvatuksessa.fi\/sv\/smabarnspedagogik-verktygslada-lagstiftningen-och-avtal-som-stod\/\" class=\"elementor-item\">Lagstiftningen och avtal som st\u00f6d<\/a><\/li>\n<li class=\"menu-item menu-item-type-post_type menu-item-object-page menu-item-5782\"><a href=\"https:\/\/tasa-arvokasvatuksessa.fi\/sv\/smabarnspedagogik-verktygslada-lanktips\/\" class=\"elementor-item\">L\u00e4nktips<\/a><\/li>\n<\/ul>\t\t\t<\/nav>\n\t\t\t\t\t\t<nav class=\"elementor-nav-menu--dropdown elementor-nav-menu__container\" aria-hidden=\"true\">\n\t\t\t\t<ul id=\"menu-2-dad0452\" class=\"elementor-nav-menu sm-vertical\"><li class=\"menu-item menu-item-type-post_type menu-item-object-page menu-item-5772\"><a href=\"https:\/\/tasa-arvokasvatuksessa.fi\/sv\/smabarnspedagogik-verktygslada-arbetet-borjar-med-oss\/\" class=\"elementor-item\" tabindex=\"-1\">Arbetet b\u00f6rjar med oss<\/a><\/li>\n<li class=\"menu-item menu-item-type-post_type menu-item-object-page menu-item-5678\"><a href=\"https:\/\/tasa-arvokasvatuksessa.fi\/sv\/smabarnspedagogik-verktygslada-lar-dig-begreppen\/\" class=\"elementor-item\" tabindex=\"-1\">L\u00e4r dig begreppen<\/a><\/li>\n<li class=\"menu-item menu-item-type-post_type menu-item-object-page menu-item-5773\"><a href=\"https:\/\/tasa-arvokasvatuksessa.fi\/sv\/smabarnspedagogik-verktygslada-jamstallt-bemotande\/\" class=\"elementor-item\" tabindex=\"-1\">J\u00e4mst\u00e4llt bem\u00f6tande<\/a><\/li>\n<li class=\"menu-item menu-item-type-post_type menu-item-object-page menu-item-5774\"><a href=\"https:\/\/tasa-arvokasvatuksessa.fi\/sv\/smabarnspedagogik-verktygslada-jamstalld-interaktion\/\" class=\"elementor-item\" tabindex=\"-1\">J\u00e4mst\u00e4lld interaktion<\/a><\/li>\n<li class=\"menu-item menu-item-type-post_type menu-item-object-page menu-item-5775\"><a href=\"https:\/\/tasa-arvokasvatuksessa.fi\/sv\/smabarnspedagogik-verktygsalada-dokumentation-som-ett-redskap-for-jamstalldhetsarbete\/\" class=\"elementor-item\" tabindex=\"-1\">Dokumentation som ett redskap f\u00f6r j\u00e4mst\u00e4lldhetsarbete<\/a><\/li>\n<li class=\"menu-item menu-item-type-post_type menu-item-object-page menu-item-5776\"><a href=\"https:\/\/tasa-arvokasvatuksessa.fi\/sv\/smabarnspedagogik-verktygslada-betydelsen-av-bocker\/\" class=\"elementor-item\" tabindex=\"-1\">Betydelsen av b\u00f6cker<\/a><\/li>\n<li class=\"menu-item menu-item-type-post_type menu-item-object-page menu-item-5777\"><a href=\"https:\/\/tasa-arvokasvatuksessa.fi\/sv\/smabarnspedagogik-verktygslada-lekplatser-och-leksaker\/\" class=\"elementor-item\" tabindex=\"-1\">Lek, lekplatser och leksaker<\/a><\/li>\n<li class=\"menu-item menu-item-type-post_type menu-item-object-page menu-item-5778\"><a href=\"https:\/\/tasa-arvokasvatuksessa.fi\/sv\/smabarnspedagogik-verktygslada-mobbning-och-kon\/\" class=\"elementor-item\" tabindex=\"-1\">Mobbning och k\u00f6n<\/a><\/li>\n<li class=\"menu-item menu-item-type-post_type menu-item-object-page menu-item-5779\"><a href=\"https:\/\/tasa-arvokasvatuksessa.fi\/sv\/smabarnspedagogik-verktygslada-jamstalldhetsplan-i-daghem\/\" class=\"elementor-item\" tabindex=\"-1\">J\u00e4mst\u00e4lldhetsplan p\u00e5 daghemmet<\/a><\/li>\n<li class=\"menu-item menu-item-type-post_type menu-item-object-page menu-item-5780\"><a href=\"https:\/\/tasa-arvokasvatuksessa.fi\/sv\/smabarnspedagogik-verktygslada-forandring-sker-tillsammans\/\" class=\"elementor-item\" tabindex=\"-1\">For\u00e4ndring skapas tillsammans<\/a><\/li>\n<li class=\"menu-item menu-item-type-post_type menu-item-object-page menu-item-5781\"><a href=\"https:\/\/tasa-arvokasvatuksessa.fi\/sv\/smabarnspedagogik-verktygslada-lagstiftningen-och-avtal-som-stod\/\" class=\"elementor-item\" tabindex=\"-1\">Lagstiftningen och avtal som st\u00f6d<\/a><\/li>\n<li class=\"menu-item menu-item-type-post_type menu-item-object-page menu-item-5782\"><a href=\"https:\/\/tasa-arvokasvatuksessa.fi\/sv\/smabarnspedagogik-verktygslada-lanktips\/\" class=\"elementor-item\" tabindex=\"-1\">L\u00e4nktips<\/a><\/li>\n<\/ul>\t\t\t<\/nav>\n\t\t\t\t\t\t<\/div>\n\t\t\t\t<\/div>\n\t\t\t\t\t<\/div>\n\t\t<\/div>\n\t\t\t\t\t<\/div>\n\t\t<\/section>\n\t\t\t\t<section class=\"elementor-section elementor-top-section elementor-element elementor-element-745962b elementor-section-boxed elementor-section-height-default elementor-section-height-default\" data-id=\"745962b\" data-element_type=\"section\">\n\t\t\t\t\t\t<div class=\"elementor-container elementor-column-gap-default\">\n\t\t\t\t\t<div class=\"elementor-column elementor-col-100 elementor-top-column elementor-element elementor-element-2eb5ab0\" data-id=\"2eb5ab0\" data-element_type=\"column\">\n\t\t\t<div class=\"elementor-widget-wrap\">\n\t\t\t\t\t\t\t<\/div>\n\t\t<\/div>\n\t\t\t\t\t<\/div>\n\t\t<\/section>\n\t\t\t\t<\/div>\n\t\t","protected":false},"excerpt":{"rendered":"<p>Tasa-arvo kasvatuksessa Att st\u00f6dja sig p\u00e5 inl\u00e4rda k\u00f6nsstereotypier och att f\u00f6rst\u00e4rka dem \u00e4r oftast omedvetet och d\u00e4rf\u00f6r \u00e4r det sv\u00e5rt att sj\u00e4lv se n\u00e4r det h\u00e4nder. Stressituationer \u00e4r en riskfaktor, eftersom vi under stress oftast reagerar automatiskt och enligt gamla m\u00f6nster. D\u00e5 \u00e5terspeglas n\u00f6dv\u00e4ndigtvis inte v\u00e5r verkliga v\u00e4rdegrund i vad vi g\u00f6r. Det \u00e4r bra [&hellip;]<\/p>\n","protected":false},"author":5,"featured_media":0,"parent":0,"menu_order":0,"comment_status":"closed","ping_status":"closed","template":"","meta":{"footnotes":""},"class_list":["post-5720","page","type-page","status-publish","hentry"],"_links":{"self":[{"href":"https:\/\/tasa-arvokasvatuksessa.fi\/sv\/wp-json\/wp\/v2\/pages\/5720","targetHints":{"allow":["GET"]}}],"collection":[{"href":"https:\/\/tasa-arvokasvatuksessa.fi\/sv\/wp-json\/wp\/v2\/pages"}],"about":[{"href":"https:\/\/tasa-arvokasvatuksessa.fi\/sv\/wp-json\/wp\/v2\/types\/page"}],"author":[{"embeddable":true,"href":"https:\/\/tasa-arvokasvatuksessa.fi\/sv\/wp-json\/wp\/v2\/users\/5"}],"replies":[{"embeddable":true,"href":"https:\/\/tasa-arvokasvatuksessa.fi\/sv\/wp-json\/wp\/v2\/comments?post=5720"}],"version-history":[{"count":56,"href":"https:\/\/tasa-arvokasvatuksessa.fi\/sv\/wp-json\/wp\/v2\/pages\/5720\/revisions"}],"predecessor-version":[{"id":8531,"href":"https:\/\/tasa-arvokasvatuksessa.fi\/sv\/wp-json\/wp\/v2\/pages\/5720\/revisions\/8531"}],"wp:attachment":[{"href":"https:\/\/tasa-arvokasvatuksessa.fi\/sv\/wp-json\/wp\/v2\/media?parent=5720"}],"curies":[{"name":"wp","href":"https:\/\/api.w.org\/{rel}","templated":true}]}}