{"id":5757,"date":"2021-12-09T11:08:04","date_gmt":"2021-12-09T11:08:04","guid":{"rendered":"https:\/\/tasa-arvokasvatuksessa.fi\/?page_id=5757"},"modified":"2022-03-01T11:08:57","modified_gmt":"2022-03-01T11:08:57","slug":"smabarnspedagogik-verktygslada-lanktips","status":"publish","type":"page","link":"https:\/\/tasa-arvokasvatuksessa.fi\/sv\/smabarnspedagogik-verktygslada-lanktips\/","title":{"rendered":"L\u00e4nktips"},"content":{"rendered":"\t\t<div data-elementor-type=\"wp-page\" data-elementor-id=\"5757\" class=\"elementor elementor-5757 elementor-515\" data-elementor-post-type=\"page\">\n\t\t\t\t\t\t<section class=\"elementor-section elementor-top-section elementor-element elementor-element-16250112 elementor-section-boxed elementor-section-height-default elementor-section-height-default\" data-id=\"16250112\" data-element_type=\"section\">\n\t\t\t\t\t\t<div class=\"elementor-container elementor-column-gap-default\">\n\t\t\t\t\t<div class=\"elementor-column elementor-col-100 elementor-top-column elementor-element elementor-element-4feb7478\" data-id=\"4feb7478\" data-element_type=\"column\">\n\t\t\t<div class=\"elementor-widget-wrap elementor-element-populated\">\n\t\t\t\t\t\t<div class=\"elementor-element elementor-element-f969d69 elementor-widget elementor-widget-heading\" data-id=\"f969d69\" data-element_type=\"widget\" data-widget_type=\"heading.default\">\n\t\t\t\t<div class=\"elementor-widget-container\">\n\t\t\t\t\t<h2 class=\"elementor-heading-title elementor-size-default\">Tasa-arvo kasvatuksessa<\/h2>\t\t\t\t<\/div>\n\t\t\t\t<\/div>\n\t\t\t\t<div class=\"elementor-element elementor-element-399b4a1 elementor-nav-menu--dropdown-none elementor-widget elementor-widget-nav-menu\" data-id=\"399b4a1\" data-element_type=\"widget\" id=\"subheader\" data-settings=\"{&quot;submenu_icon&quot;:{&quot;value&quot;:&quot;&lt;i class=\\&quot;\\&quot; aria-hidden=\\&quot;true\\&quot;&gt;&lt;\\\/i&gt;&quot;,&quot;library&quot;:&quot;&quot;},&quot;layout&quot;:&quot;horizontal&quot;}\" data-widget_type=\"nav-menu.default\">\n\t\t\t\t<div class=\"elementor-widget-container\">\n\t\t\t\t\t\t\t\t<nav aria-label=\"Meny\" class=\"elementor-nav-menu--main elementor-nav-menu__container elementor-nav-menu--layout-horizontal e--pointer-none\">\n\t\t\t\t<ul id=\"menu-1-399b4a1\" class=\"elementor-nav-menu\"><li class=\"menu-item menu-item-type-post_type menu-item-object-page menu-item-5677\"><a href=\"https:\/\/tasa-arvokasvatuksessa.fi\/sv\/smabarnspedagogik\/\" class=\"elementor-item\">Sm\u00e5barnspedagog<\/a><\/li>\n<li class=\"menu-item menu-item-type-post_type menu-item-object-page menu-item-5770\"><a href=\"https:\/\/tasa-arvokasvatuksessa.fi\/sv\/smabarnspedagogik-testa-dig-sjalv\/\" class=\"elementor-item\">Testa dig sj\u00e4lv<\/a><\/li>\n<li class=\"menu-item menu-item-type-post_type menu-item-object-page menu-item-5771\"><a href=\"https:\/\/tasa-arvokasvatuksessa.fi\/sv\/smabarnspedagogik-verktygslada\/\" class=\"elementor-item\">Verktygsl\u00e5da<\/a><\/li>\n<\/ul>\t\t\t<\/nav>\n\t\t\t\t\t\t<nav class=\"elementor-nav-menu--dropdown elementor-nav-menu__container\" aria-hidden=\"true\">\n\t\t\t\t<ul id=\"menu-2-399b4a1\" class=\"elementor-nav-menu\"><li class=\"menu-item menu-item-type-post_type menu-item-object-page menu-item-5677\"><a href=\"https:\/\/tasa-arvokasvatuksessa.fi\/sv\/smabarnspedagogik\/\" class=\"elementor-item\" tabindex=\"-1\">Sm\u00e5barnspedagog<\/a><\/li>\n<li class=\"menu-item menu-item-type-post_type menu-item-object-page menu-item-5770\"><a href=\"https:\/\/tasa-arvokasvatuksessa.fi\/sv\/smabarnspedagogik-testa-dig-sjalv\/\" class=\"elementor-item\" tabindex=\"-1\">Testa dig sj\u00e4lv<\/a><\/li>\n<li class=\"menu-item menu-item-type-post_type menu-item-object-page menu-item-5771\"><a href=\"https:\/\/tasa-arvokasvatuksessa.fi\/sv\/smabarnspedagogik-verktygslada\/\" class=\"elementor-item\" tabindex=\"-1\">Verktygsl\u00e5da<\/a><\/li>\n<\/ul>\t\t\t<\/nav>\n\t\t\t\t\t\t<\/div>\n\t\t\t\t<\/div>\n\t\t\t\t\t<\/div>\n\t\t<\/div>\n\t\t\t\t\t<\/div>\n\t\t<\/section>\n\t\t\t\t<section class=\"elementor-section elementor-top-section elementor-element elementor-element-907a5bf block__elem_tasa_arvo elementor-section-boxed elementor-section-height-default elementor-section-height-default\" data-id=\"907a5bf\" data-element_type=\"section\" data-settings=\"{&quot;background_background&quot;:&quot;classic&quot;}\">\n\t\t\t\t\t\t<div class=\"elementor-container elementor-column-gap-default\">\n\t\t\t\t\t<div class=\"elementor-column elementor-col-50 elementor-top-column elementor-element elementor-element-64d6f6c7 page__content\" data-id=\"64d6f6c7\" data-element_type=\"column\">\n\t\t\t<div class=\"elementor-widget-wrap elementor-element-populated\">\n\t\t\t\t\t\t<div class=\"elementor-element elementor-element-ad669a8 elementor-widget elementor-widget-text-editor\" data-id=\"ad669a8\" data-element_type=\"widget\" data-widget_type=\"text-editor.default\">\n\t\t\t\t<div class=\"elementor-widget-container\">\n\t\t\t\t\t\t\t\t\t<h3>Allm\u00e4nt om j\u00e4mst\u00e4lldhet inom sm\u00e5barnspedagogiken (Finland)<\/h3>\n<ul>\n \t<li>Esbo stad. <a href=\"https:\/\/sites.google.com\/eduespoo.fi\/lage\/materialbank\/j%C3%A4mst%C3%A4lldhet-och-likabehandling\">J\u00e4mst\u00e4lldhet och likabehandling\u00a0<\/a> Webbsida.<\/li>\n \t<li>Kvinnosaksf\u00f6rbundet unionen (2014). <a href=\"http:\/\/tasa-arvoinenvarhaiskasvatus.fi\/pa-svenska\/\">Genusperspektiv inom f\u00f6rskolepedagogik<\/a> Webbsida.<\/li>\n \t<li>Nordman, Martina (2019). <a href=\"https:\/\/www.theseus.fi\/bitstream\/handle\/10024\/165862\/Examensarbete%20Novia%20klart.pdf?sequence=2&amp;isAllowed=y\">\u201dDet skall diskuteras tills det sitter i ryggm\u00e4rgen&#8221; : En kvalitativ studie om j\u00e4mst\u00e4lldhet mellan k\u00f6nen inom sm\u00e5barnspedagogiken.<\/a> Examensarbete. Novia.<\/li>\n \t<li>Sundell, Sara (2012). <a href=\"http:\/\/docplayer.se\/41587-Folkhalsans-rapporter-1-2012-ett-jamstallt-dagis-projektrapport-sara-sundell.html\">Ett j\u00e4mst\u00e4llt dagis &#8211; projektrapport. <\/a>Folkh\u00e4lsan.<\/li>\n \t<li><span style=\"letter-spacing: 0px;\">Social och h\u00e4lsov\u00e5rdsministeriet. <a href=\"https:\/\/stm.fi\/documents\/1271139\/5825378\/STM_kasvatusjakoulutus_SWE_verkko.pdf\/2d44fed0-a701-4cc1-b21c-bdf578421153\/STM_kasvatusjakoulutus_SWE_verkko.pdf\">J\u00e4mst\u00e4lldhet i fostran och utbildning. <\/a><\/span>Kort sammandrag.<\/li>\n \t<li>Yl\u00e9n, Laura Maria (2019). <a href=\"https:\/\/www.theseus.fi\/bitstream\/handle\/10024\/160102\/Ylen_Laura.pdf?sequence=1&amp;isAllowed=y\">Bem\u00f6tande av barn i sm\u00e5barnspedagogisk verksamhet ur ett genusperspektiv.<\/a> En litteraturstudie. Examensarbete. Arcada<\/li>\n \t<li>Wegelius, Emma (2019). <a href=\"https:\/\/www.doria.fi\/handle\/10024\/169189\">Lilla fr\u00f6ken och stora pojken : en studie om samspel mellan flickor, pojkar och pedagoger i daghemmets rutinsituationer.<\/a> Pro gradu avhandling. \u00c5bo Akademi.<\/li>\n<\/ul>\n<h3>Samlade material och tips fr\u00e5n Sverige om hur en kan jobba med j\u00e4mst\u00e4lldhet i f\u00f6rskolan<\/h3>\n<ul>\n \t<li>Friends. <a href=\"https:\/\/friends.se\/kunskap-och-stod\/forskola\/normkritik\/\">Jobba med normkritik<\/a>. Webbsida<\/li>\n \t<li>L\u00e4nsstyrelsen i V\u00e4stermanland.\u00a0<a href=\"http:\/\/www.jamstalldskola.se\/index.shtml\">J\u00e4mst\u00e4lldhet i skola och f\u00f6rskola. <\/a>Webbsida.<\/li>\n \t<li>Skolverket. <a href=\"https:\/\/www.skolverket.se\/skolutveckling\/inspiration-och-stod-i-arbetet\/stod-i-arbetet\/jamstalldhet-i-forskolan\">J\u00e4mst\u00e4lldhet i f\u00f6rskola.<\/a> Webbsida.<\/li>\n \t<li>Uppsala antidiskrimineringsbyr\u00e5 (2015). <a href=\"https:\/\/www.antidiskrimineringuppsala.se\/wp-content\/uploads\/2018\/05\/Tankatillsammans.pdf\">T\u00e4nka tillsammans. Verktygsbok f\u00f6r normkritik och likabehandling i f\u00f6rskolan.<\/a><\/li>\n<\/ul>\n<h3><strong>M\u00e5ngfald av k\u00f6n och kroppar\u00a0\u00a0<\/strong><\/h3>\n<ul>\n \t<li>Harrysson, Viktoria. <a href=\"https:\/\/www.youtube.com\/playlist?list=PLJD4xmsR--uQR4cvfh41swbexkOjkjRVR\">Min transsexuella resa.<\/a> Youtube-kanal<\/li>\n \t<li>J\u00e4mst\u00e4lldhetsombudsmannen. <a href=\"https:\/\/tasa-arvo.fi\/sv\/konsidentitet-och-konsuttryck\">K\u00f6nsm\u00e5ngfald.<\/a> Webbsida.<\/li>\n \t<li>Kompetenscentrum f\u00f6r k\u00f6nsm\u00e5ngfald (2021). <a href=\"https:\/\/seta.fi\/tue\/sukupuolen-moninaisuus-ja-kehon-kirjo-svenska\/\">M\u00e5ngfalden av k\u00f6n och kroppar. <\/a>Handbok.<\/li>\n \t<li>RFSL (2020). Oavsett k\u00f6n? <a href=\"https:\/\/www.rfsl.se\/wp-content\/uploads\/2020\/01\/OavsettKo%CC%88n.pdf\">Handbok f\u00f6r arbete med j\u00e4mst\u00e4lldhet och<\/a>\ntrans.<\/li>\n \t<li>Seta och Kompetenscentrum f\u00f6r k\u00f6nsm\u00e5ngfald (2017). <a href=\"https:\/\/sukupuolenosaamiskeskus.fi\/wp-content\/uploads\/2020\/03\/Va%CC%88rldens-finaste-bal.pdf\">En saga om Santeri.<\/a><\/li>\n \t<li>Transammans hemsida. <a href=\"https:\/\/www.transammans.se\/om-trans\/personliga-ber%C3%A4ttelser\">Personliga ber\u00e4ttelser om transbarn och -unga.\u00a0<\/a><\/li>\n \t<li>UR (2020). <a href=\"https:\/\/urplay.se\/program\/219286-tack-gud-jag-ar-homo-vad-ar-trans-egentligen\">Vad \u00e4r trans egentligen? <\/a>UR Video<\/li>\n<\/ul>\n<h3><strong>Terminologi<\/strong><\/h3>\n<ul>\n \t<li>Centret f\u00f6r j\u00e4mst\u00e4lldhetsinformation. <a href=\"https:\/\/thl.fi\/sv\/web\/jamstalldhet\/kon\/ordlista\">Ordlista.<\/a><\/li>\n \t<li>Regnb\u00e5gsallians. <a href=\"https:\/\/www.regnbagsankan.fi\/utbildning\/fakta-om-hbtiq\/\">Svenskfinlands ordlista.<\/a><\/li>\n<\/ul>\n<h3><strong>\u00d6vrigt<\/strong><\/h3>\n<ul>\n \t<li>Alasaari, Nea och Sundell, Sara (2021) <a href=\"https:\/\/norden.diva-portal.org\/smash\/get\/diva2:1590397\/FULLTEXT03.pdf\">\u00c4ndra f\u00f6rest\u00e4llningar och bryt traditioner! K\u00f6n och j\u00e4mst\u00e4lldhet i sm\u00e5barnspedagogiken i Norden<\/a>. Nordiska ministerr\u00e5det, Nordisk Ministerr\u00e5ds sekretariat<\/li>\n<\/ul>\t\t\t\t\t\t\t\t<\/div>\n\t\t\t\t<\/div>\n\t\t\t\t\t<\/div>\n\t\t<\/div>\n\t\t\t\t<div class=\"elementor-column elementor-col-50 elementor-top-column elementor-element elementor-element-1612b5fc\" data-id=\"1612b5fc\" data-element_type=\"column\">\n\t\t\t<div class=\"elementor-widget-wrap elementor-element-populated\">\n\t\t\t\t\t\t<div class=\"elementor-element elementor-element-2d3406a elementor-nav-menu--dropdown-none side-nav elementor-widget elementor-widget-global elementor-global-5309 elementor-widget-nav-menu\" data-id=\"2d3406a\" data-element_type=\"widget\" id=\"widget\" data-settings=\"{&quot;layout&quot;:&quot;vertical&quot;,&quot;submenu_icon&quot;:{&quot;value&quot;:&quot;&quot;,&quot;library&quot;:&quot;&quot;}}\" data-widget_type=\"nav-menu.default\">\n\t\t\t\t<div class=\"elementor-widget-container\">\n\t\t\t\t\t\t\t\t<nav aria-label=\"Meny\" class=\"elementor-nav-menu--main elementor-nav-menu__container elementor-nav-menu--layout-vertical e--pointer-none\">\n\t\t\t\t<ul id=\"menu-1-2d3406a\" class=\"elementor-nav-menu sm-vertical\"><li class=\"menu-item menu-item-type-post_type menu-item-object-page menu-item-5772\"><a href=\"https:\/\/tasa-arvokasvatuksessa.fi\/sv\/smabarnspedagogik-verktygslada-arbetet-borjar-med-oss\/\" class=\"elementor-item\">Arbetet b\u00f6rjar med oss<\/a><\/li>\n<li class=\"menu-item menu-item-type-post_type menu-item-object-page menu-item-5678\"><a href=\"https:\/\/tasa-arvokasvatuksessa.fi\/sv\/smabarnspedagogik-verktygslada-lar-dig-begreppen\/\" class=\"elementor-item\">L\u00e4r dig begreppen<\/a><\/li>\n<li class=\"menu-item menu-item-type-post_type menu-item-object-page menu-item-5773\"><a href=\"https:\/\/tasa-arvokasvatuksessa.fi\/sv\/smabarnspedagogik-verktygslada-jamstallt-bemotande\/\" class=\"elementor-item\">J\u00e4mst\u00e4llt bem\u00f6tande<\/a><\/li>\n<li class=\"menu-item menu-item-type-post_type menu-item-object-page menu-item-5774\"><a href=\"https:\/\/tasa-arvokasvatuksessa.fi\/sv\/smabarnspedagogik-verktygslada-jamstalld-interaktion\/\" class=\"elementor-item\">J\u00e4mst\u00e4lld interaktion<\/a><\/li>\n<li class=\"menu-item menu-item-type-post_type menu-item-object-page menu-item-5775\"><a href=\"https:\/\/tasa-arvokasvatuksessa.fi\/sv\/smabarnspedagogik-verktygsalada-dokumentation-som-ett-redskap-for-jamstalldhetsarbete\/\" class=\"elementor-item\">Dokumentation som ett redskap f\u00f6r j\u00e4mst\u00e4lldhetsarbete<\/a><\/li>\n<li class=\"menu-item menu-item-type-post_type menu-item-object-page menu-item-5776\"><a href=\"https:\/\/tasa-arvokasvatuksessa.fi\/sv\/smabarnspedagogik-verktygslada-betydelsen-av-bocker\/\" class=\"elementor-item\">Betydelsen av b\u00f6cker<\/a><\/li>\n<li class=\"menu-item menu-item-type-post_type menu-item-object-page menu-item-5777\"><a href=\"https:\/\/tasa-arvokasvatuksessa.fi\/sv\/smabarnspedagogik-verktygslada-lekplatser-och-leksaker\/\" class=\"elementor-item\">Lek, lekplatser och leksaker<\/a><\/li>\n<li class=\"menu-item menu-item-type-post_type menu-item-object-page menu-item-5778\"><a href=\"https:\/\/tasa-arvokasvatuksessa.fi\/sv\/smabarnspedagogik-verktygslada-mobbning-och-kon\/\" class=\"elementor-item\">Mobbning och k\u00f6n<\/a><\/li>\n<li class=\"menu-item menu-item-type-post_type menu-item-object-page menu-item-5779\"><a href=\"https:\/\/tasa-arvokasvatuksessa.fi\/sv\/smabarnspedagogik-verktygslada-jamstalldhetsplan-i-daghem\/\" class=\"elementor-item\">J\u00e4mst\u00e4lldhetsplan p\u00e5 daghemmet<\/a><\/li>\n<li class=\"menu-item menu-item-type-post_type menu-item-object-page menu-item-5780\"><a href=\"https:\/\/tasa-arvokasvatuksessa.fi\/sv\/smabarnspedagogik-verktygslada-forandring-sker-tillsammans\/\" class=\"elementor-item\">For\u00e4ndring skapas tillsammans<\/a><\/li>\n<li class=\"menu-item menu-item-type-post_type menu-item-object-page menu-item-5781\"><a href=\"https:\/\/tasa-arvokasvatuksessa.fi\/sv\/smabarnspedagogik-verktygslada-lagstiftningen-och-avtal-som-stod\/\" class=\"elementor-item\">Lagstiftningen och avtal som st\u00f6d<\/a><\/li>\n<li class=\"menu-item menu-item-type-post_type menu-item-object-page menu-item-5782\"><a href=\"https:\/\/tasa-arvokasvatuksessa.fi\/sv\/smabarnspedagogik-verktygslada-lanktips\/\" class=\"elementor-item\">L\u00e4nktips<\/a><\/li>\n<\/ul>\t\t\t<\/nav>\n\t\t\t\t\t\t<nav class=\"elementor-nav-menu--dropdown elementor-nav-menu__container\" aria-hidden=\"true\">\n\t\t\t\t<ul id=\"menu-2-2d3406a\" class=\"elementor-nav-menu sm-vertical\"><li class=\"menu-item menu-item-type-post_type menu-item-object-page menu-item-5772\"><a href=\"https:\/\/tasa-arvokasvatuksessa.fi\/sv\/smabarnspedagogik-verktygslada-arbetet-borjar-med-oss\/\" class=\"elementor-item\" tabindex=\"-1\">Arbetet b\u00f6rjar med oss<\/a><\/li>\n<li class=\"menu-item menu-item-type-post_type menu-item-object-page menu-item-5678\"><a href=\"https:\/\/tasa-arvokasvatuksessa.fi\/sv\/smabarnspedagogik-verktygslada-lar-dig-begreppen\/\" class=\"elementor-item\" tabindex=\"-1\">L\u00e4r dig begreppen<\/a><\/li>\n<li class=\"menu-item menu-item-type-post_type menu-item-object-page menu-item-5773\"><a href=\"https:\/\/tasa-arvokasvatuksessa.fi\/sv\/smabarnspedagogik-verktygslada-jamstallt-bemotande\/\" class=\"elementor-item\" tabindex=\"-1\">J\u00e4mst\u00e4llt bem\u00f6tande<\/a><\/li>\n<li class=\"menu-item menu-item-type-post_type menu-item-object-page menu-item-5774\"><a href=\"https:\/\/tasa-arvokasvatuksessa.fi\/sv\/smabarnspedagogik-verktygslada-jamstalld-interaktion\/\" class=\"elementor-item\" tabindex=\"-1\">J\u00e4mst\u00e4lld interaktion<\/a><\/li>\n<li class=\"menu-item menu-item-type-post_type menu-item-object-page menu-item-5775\"><a href=\"https:\/\/tasa-arvokasvatuksessa.fi\/sv\/smabarnspedagogik-verktygsalada-dokumentation-som-ett-redskap-for-jamstalldhetsarbete\/\" class=\"elementor-item\" tabindex=\"-1\">Dokumentation som ett redskap f\u00f6r j\u00e4mst\u00e4lldhetsarbete<\/a><\/li>\n<li class=\"menu-item menu-item-type-post_type menu-item-object-page menu-item-5776\"><a href=\"https:\/\/tasa-arvokasvatuksessa.fi\/sv\/smabarnspedagogik-verktygslada-betydelsen-av-bocker\/\" class=\"elementor-item\" tabindex=\"-1\">Betydelsen av b\u00f6cker<\/a><\/li>\n<li class=\"menu-item menu-item-type-post_type menu-item-object-page menu-item-5777\"><a href=\"https:\/\/tasa-arvokasvatuksessa.fi\/sv\/smabarnspedagogik-verktygslada-lekplatser-och-leksaker\/\" class=\"elementor-item\" tabindex=\"-1\">Lek, lekplatser och leksaker<\/a><\/li>\n<li class=\"menu-item menu-item-type-post_type menu-item-object-page menu-item-5778\"><a href=\"https:\/\/tasa-arvokasvatuksessa.fi\/sv\/smabarnspedagogik-verktygslada-mobbning-och-kon\/\" class=\"elementor-item\" tabindex=\"-1\">Mobbning och k\u00f6n<\/a><\/li>\n<li class=\"menu-item menu-item-type-post_type menu-item-object-page menu-item-5779\"><a href=\"https:\/\/tasa-arvokasvatuksessa.fi\/sv\/smabarnspedagogik-verktygslada-jamstalldhetsplan-i-daghem\/\" class=\"elementor-item\" tabindex=\"-1\">J\u00e4mst\u00e4lldhetsplan p\u00e5 daghemmet<\/a><\/li>\n<li class=\"menu-item menu-item-type-post_type menu-item-object-page menu-item-5780\"><a href=\"https:\/\/tasa-arvokasvatuksessa.fi\/sv\/smabarnspedagogik-verktygslada-forandring-sker-tillsammans\/\" class=\"elementor-item\" tabindex=\"-1\">For\u00e4ndring skapas tillsammans<\/a><\/li>\n<li class=\"menu-item menu-item-type-post_type menu-item-object-page menu-item-5781\"><a href=\"https:\/\/tasa-arvokasvatuksessa.fi\/sv\/smabarnspedagogik-verktygslada-lagstiftningen-och-avtal-som-stod\/\" class=\"elementor-item\" tabindex=\"-1\">Lagstiftningen och avtal som st\u00f6d<\/a><\/li>\n<li class=\"menu-item menu-item-type-post_type menu-item-object-page menu-item-5782\"><a href=\"https:\/\/tasa-arvokasvatuksessa.fi\/sv\/smabarnspedagogik-verktygslada-lanktips\/\" class=\"elementor-item\" tabindex=\"-1\">L\u00e4nktips<\/a><\/li>\n<\/ul>\t\t\t<\/nav>\n\t\t\t\t\t\t<\/div>\n\t\t\t\t<\/div>\n\t\t\t\t\t<\/div>\n\t\t<\/div>\n\t\t\t\t\t<\/div>\n\t\t<\/section>\n\t\t\t\t<\/div>\n\t\t","protected":false},"excerpt":{"rendered":"<p>Tasa-arvo kasvatuksessa Allm\u00e4nt om j\u00e4mst\u00e4lldhet inom sm\u00e5barnspedagogiken (Finland) Esbo stad. J\u00e4mst\u00e4lldhet och likabehandling\u00a0 Webbsida. Kvinnosaksf\u00f6rbundet unionen (2014). Genusperspektiv inom f\u00f6rskolepedagogik Webbsida. Nordman, Martina (2019). \u201dDet skall diskuteras tills det sitter i ryggm\u00e4rgen&#8221; : En kvalitativ studie om j\u00e4mst\u00e4lldhet mellan k\u00f6nen inom sm\u00e5barnspedagogiken. Examensarbete. Novia. Sundell, Sara (2012). Ett j\u00e4mst\u00e4llt dagis &#8211; projektrapport. Folkh\u00e4lsan. Social och [&hellip;]<\/p>\n","protected":false},"author":5,"featured_media":0,"parent":0,"menu_order":0,"comment_status":"closed","ping_status":"closed","template":"","meta":{"footnotes":""},"class_list":["post-5757","page","type-page","status-publish","hentry"],"_links":{"self":[{"href":"https:\/\/tasa-arvokasvatuksessa.fi\/sv\/wp-json\/wp\/v2\/pages\/5757","targetHints":{"allow":["GET"]}}],"collection":[{"href":"https:\/\/tasa-arvokasvatuksessa.fi\/sv\/wp-json\/wp\/v2\/pages"}],"about":[{"href":"https:\/\/tasa-arvokasvatuksessa.fi\/sv\/wp-json\/wp\/v2\/types\/page"}],"author":[{"embeddable":true,"href":"https:\/\/tasa-arvokasvatuksessa.fi\/sv\/wp-json\/wp\/v2\/users\/5"}],"replies":[{"embeddable":true,"href":"https:\/\/tasa-arvokasvatuksessa.fi\/sv\/wp-json\/wp\/v2\/comments?post=5757"}],"version-history":[{"count":38,"href":"https:\/\/tasa-arvokasvatuksessa.fi\/sv\/wp-json\/wp\/v2\/pages\/5757\/revisions"}],"predecessor-version":[{"id":8490,"href":"https:\/\/tasa-arvokasvatuksessa.fi\/sv\/wp-json\/wp\/v2\/pages\/5757\/revisions\/8490"}],"wp:attachment":[{"href":"https:\/\/tasa-arvokasvatuksessa.fi\/sv\/wp-json\/wp\/v2\/media?parent=5757"}],"curies":[{"name":"wp","href":"https:\/\/api.w.org\/{rel}","templated":true}]}}