{"id":5759,"date":"2021-12-09T11:10:02","date_gmt":"2021-12-09T11:10:02","guid":{"rendered":"https:\/\/tasa-arvokasvatuksessa.fi\/?page_id=5759"},"modified":"2022-03-10T13:41:24","modified_gmt":"2022-03-10T13:41:24","slug":"smabarnspedagogik-verktygslada-jamstalld-interaktion","status":"publish","type":"page","link":"https:\/\/tasa-arvokasvatuksessa.fi\/sv\/smabarnspedagogik-verktygslada-jamstalld-interaktion\/","title":{"rendered":"J\u00e4mst\u00e4lld interaktion"},"content":{"rendered":"\t\t<div data-elementor-type=\"wp-page\" data-elementor-id=\"5759\" class=\"elementor elementor-5759 elementor-441\" data-elementor-post-type=\"page\">\n\t\t\t\t\t\t<section class=\"elementor-section elementor-top-section elementor-element elementor-element-1339b68e elementor-section-boxed elementor-section-height-default elementor-section-height-default\" data-id=\"1339b68e\" data-element_type=\"section\">\n\t\t\t\t\t\t<div class=\"elementor-container elementor-column-gap-default\">\n\t\t\t\t\t<div class=\"elementor-column elementor-col-100 elementor-top-column elementor-element elementor-element-1de49d06\" data-id=\"1de49d06\" data-element_type=\"column\">\n\t\t\t<div class=\"elementor-widget-wrap elementor-element-populated\">\n\t\t\t\t\t\t<div class=\"elementor-element elementor-element-6cea72e elementor-widget elementor-widget-heading\" data-id=\"6cea72e\" data-element_type=\"widget\" data-widget_type=\"heading.default\">\n\t\t\t\t<div class=\"elementor-widget-container\">\n\t\t\t\t\t<h2 class=\"elementor-heading-title elementor-size-default\">Tasa-arvo kasvatuksessa<\/h2>\t\t\t\t<\/div>\n\t\t\t\t<\/div>\n\t\t\t\t<div class=\"elementor-element elementor-element-292efad elementor-nav-menu--dropdown-none elementor-widget elementor-widget-nav-menu\" data-id=\"292efad\" data-element_type=\"widget\" id=\"subheader\" data-settings=\"{&quot;submenu_icon&quot;:{&quot;value&quot;:&quot;&lt;i class=\\&quot;\\&quot; aria-hidden=\\&quot;true\\&quot;&gt;&lt;\\\/i&gt;&quot;,&quot;library&quot;:&quot;&quot;},&quot;layout&quot;:&quot;horizontal&quot;}\" data-widget_type=\"nav-menu.default\">\n\t\t\t\t<div class=\"elementor-widget-container\">\n\t\t\t\t\t\t\t\t<nav aria-label=\"Meny\" class=\"elementor-nav-menu--main elementor-nav-menu__container elementor-nav-menu--layout-horizontal e--pointer-none\">\n\t\t\t\t<ul id=\"menu-1-292efad\" class=\"elementor-nav-menu\"><li class=\"menu-item menu-item-type-post_type menu-item-object-page menu-item-5677\"><a href=\"https:\/\/tasa-arvokasvatuksessa.fi\/sv\/smabarnspedagogik\/\" class=\"elementor-item\">Sm\u00e5barnspedagog<\/a><\/li>\n<li class=\"menu-item menu-item-type-post_type menu-item-object-page menu-item-5770\"><a href=\"https:\/\/tasa-arvokasvatuksessa.fi\/sv\/smabarnspedagogik-testa-dig-sjalv\/\" class=\"elementor-item\">Testa dig sj\u00e4lv<\/a><\/li>\n<li class=\"menu-item menu-item-type-post_type menu-item-object-page menu-item-5771\"><a href=\"https:\/\/tasa-arvokasvatuksessa.fi\/sv\/smabarnspedagogik-verktygslada\/\" class=\"elementor-item\">Verktygsl\u00e5da<\/a><\/li>\n<\/ul>\t\t\t<\/nav>\n\t\t\t\t\t\t<nav class=\"elementor-nav-menu--dropdown elementor-nav-menu__container\" aria-hidden=\"true\">\n\t\t\t\t<ul id=\"menu-2-292efad\" class=\"elementor-nav-menu\"><li class=\"menu-item menu-item-type-post_type menu-item-object-page menu-item-5677\"><a href=\"https:\/\/tasa-arvokasvatuksessa.fi\/sv\/smabarnspedagogik\/\" class=\"elementor-item\" tabindex=\"-1\">Sm\u00e5barnspedagog<\/a><\/li>\n<li class=\"menu-item menu-item-type-post_type menu-item-object-page menu-item-5770\"><a href=\"https:\/\/tasa-arvokasvatuksessa.fi\/sv\/smabarnspedagogik-testa-dig-sjalv\/\" class=\"elementor-item\" tabindex=\"-1\">Testa dig sj\u00e4lv<\/a><\/li>\n<li class=\"menu-item menu-item-type-post_type menu-item-object-page menu-item-5771\"><a href=\"https:\/\/tasa-arvokasvatuksessa.fi\/sv\/smabarnspedagogik-verktygslada\/\" class=\"elementor-item\" tabindex=\"-1\">Verktygsl\u00e5da<\/a><\/li>\n<\/ul>\t\t\t<\/nav>\n\t\t\t\t\t\t<\/div>\n\t\t\t\t<\/div>\n\t\t\t\t\t<\/div>\n\t\t<\/div>\n\t\t\t\t\t<\/div>\n\t\t<\/section>\n\t\t\t\t<section class=\"elementor-section elementor-top-section elementor-element elementor-element-787b9897 block__elem_tasa_arvo elementor-section-boxed elementor-section-height-default elementor-section-height-default\" data-id=\"787b9897\" data-element_type=\"section\" data-settings=\"{&quot;background_background&quot;:&quot;classic&quot;}\">\n\t\t\t\t\t\t<div class=\"elementor-container elementor-column-gap-default\">\n\t\t\t\t\t<div class=\"elementor-column elementor-col-50 elementor-top-column elementor-element elementor-element-5a847725 page__content\" data-id=\"5a847725\" data-element_type=\"column\">\n\t\t\t<div class=\"elementor-widget-wrap elementor-element-populated\">\n\t\t\t\t\t\t<div class=\"elementor-element elementor-element-af631b9 elementor-widget elementor-widget-text-editor\" data-id=\"af631b9\" data-element_type=\"widget\" data-widget_type=\"text-editor.default\">\n\t\t\t\t<div class=\"elementor-widget-container\">\n\t\t\t\t\t\t\t\t\t<p>Enligt forskningen pratar pojkar mer \u00e4n flickor och anv\u00e4nder och tar d\u00e4rmed mer plats \u00e4n flickor inom sm\u00e5barnspedagogiken. Pojkar f\u00e5r \u00e4ven mer negativ uppm\u00e4rksamhet, vilket p\u00e5verkar deras sj\u00e4lvbild.<\/p>\t\t\t\t\t\t\t\t<\/div>\n\t\t\t\t<\/div>\n\t\t\t\t<div class=\"elementor-element elementor-element-0acd78d elementor-widget elementor-widget-image\" data-id=\"0acd78d\" data-element_type=\"widget\" data-widget_type=\"image.default\">\n\t\t\t\t<div class=\"elementor-widget-container\">\n\t\t\t\t\t\t\t\t\t\t\t\t\t\t\t<img decoding=\"async\" src=\"https:\/\/tasa-arvokasvatuksessa.fi\/wp-content\/uploads\/elementor\/thumbs\/5-e1637260948594-pgzaaeevpsc0czd1ml1n46qbw42k2mgi7k9y5q03k0.png\" title=\"5\" alt=\"5\" loading=\"lazy\" \/>\t\t\t\t\t\t\t\t\t\t\t\t\t\t\t<\/div>\n\t\t\t\t<\/div>\n\t\t\t\t<div class=\"elementor-element elementor-element-07104ae elementor-widget elementor-widget-text-editor\" data-id=\"07104ae\" data-element_type=\"widget\" data-widget_type=\"text-editor.default\">\n\t\t\t\t<div class=\"elementor-widget-container\">\n\t\t\t\t\t\t\t\t\t<h2>Hur?<\/h2><p>Dokumentering \u00e4r ett viktigt verktyg f\u00f6r att se omedvetna praktiker i verksamheten. Ett s\u00e4tt att dokumentera p\u00e5 \u00e4r att l\u00e4gga m\u00e4rke till vilka av barnen som f\u00e5r prata och vilka som f\u00e5r st\u00f6d. Ett annat exempel p\u00e5 dokumentering \u00e4r att granska hur mycket plats barnen f\u00e5r och hur de vardagliga rutinerna ifr\u00e5gas\u00e4tter eller st\u00e4rker barngruppens k\u00f6nsnormer.<\/p><p>I den h\u00e4r videon presenteras olika konkreta metoder f\u00f6r att st\u00e4rka j\u00e4mst\u00e4lld v\u00e4xelverkan mellan barnen.<\/p>\t\t\t\t\t\t\t\t<\/div>\n\t\t\t\t<\/div>\n\t\t\t\t<div class=\"elementor-element elementor-element-88e18c2 elementor-widget elementor-widget-video\" data-id=\"88e18c2\" data-element_type=\"widget\" data-settings=\"{&quot;video_type&quot;:&quot;vimeo&quot;}\" data-widget_type=\"video.default\">\n\t\t\t\t<div class=\"elementor-widget-container\">\n\t\t\t\t\t\t\t<div class=\"elementor-wrapper elementor-open-inline\">\n\t\t\t<iframe class=\"elementor-video-iframe\" allowfullscreen allow=\"clipboard-write\" title=\"vimeo-videospelare\" src=\"https:\/\/player.vimeo.com\/video\/53033801?color&amp;autopause=0&amp;loop=0&amp;muted=0&amp;title=1&amp;portrait=1&amp;byline=1#t=\"><\/iframe>\t\t<\/div>\n\t\t\t\t\t\t<\/div>\n\t\t\t\t<\/div>\n\t\t\t\t<div class=\"elementor-element elementor-element-3237c3d vid-cred elementor-widget elementor-widget-accordion\" data-id=\"3237c3d\" data-element_type=\"widget\" data-widget_type=\"accordion.default\">\n\t\t\t\t<div class=\"elementor-widget-container\">\n\t\t\t\t\t\t\t<div class=\"elementor-accordion\">\n\t\t\t\t\t\t\t<div class=\"elementor-accordion-item\">\n\t\t\t\t\t<div id=\"elementor-tab-title-5261\" class=\"elementor-tab-title\" data-tab=\"1\" role=\"button\" aria-controls=\"elementor-tab-content-5261\" aria-expanded=\"false\">\n\t\t\t\t\t\t\t\t\t\t\t\t\t<span class=\"elementor-accordion-icon elementor-accordion-icon-left\" aria-hidden=\"true\">\n\t\t\t\t\t\t\t\t\t\t\t\t\t\t\t<span class=\"elementor-accordion-icon-closed\"><i class=\"fas fa-plus\"><\/i><\/span>\n\t\t\t\t\t\t\t\t<span class=\"elementor-accordion-icon-opened\"><i class=\"fas fa-minus\"><\/i><\/span>\n\t\t\t\t\t\t\t\t\t\t\t\t\t\t<\/span>\n\t\t\t\t\t\t\t\t\t\t\t\t<a class=\"elementor-accordion-title\" tabindex=\"0\">I videon medverkar<\/a>\n\t\t\t\t\t<\/div>\n\t\t\t\t\t<div id=\"elementor-tab-content-5261\" class=\"elementor-tab-content elementor-clearfix\" data-tab=\"1\" role=\"region\" aria-labelledby=\"elementor-tab-title-5261\"><p><span style=\"font-weight: 400;\">Sundell, Sara &#8211; J\u00e4mst\u00e4lldhetsarbete med barn och unga, Folkh\u00e4lsan; Griffis, Larrie &#8211; Barntr\u00e4dg\u00e5rdsl\u00e4rare, Smedby daghem, Tarvonen, Vera &#8211; Specialbarntr\u00e4dg\u00e5rdsl\u00e4rare, P\u00e4iv\u00e4koti Kamppi<\/span><\/p><\/div>\n\t\t\t\t<\/div>\n\t\t\t\t\t\t\t\t<\/div>\n\t\t\t\t\t\t<\/div>\n\t\t\t\t<\/div>\n\t\t\t\t<div class=\"elementor-element elementor-element-6578374 elementor-widget elementor-widget-text-editor\" data-id=\"6578374\" data-element_type=\"widget\" data-widget_type=\"text-editor.default\">\n\t\t\t\t<div class=\"elementor-widget-container\">\n\t\t\t\t\t\t\t\t\t<h3>Reflektionsfr\u00e5gor:<\/h3><ul><li>Har ni arbetat med att f\u00f6rdela ord och uppm\u00e4rksamhet j\u00e4mnt i verksamheten och hur har metoderna fungerat?<\/li><li>Skulle stopphanden kunna vara en anv\u00e4ndbar metod f\u00f6r er? Varf\u00f6r? Varf\u00f6r inte?<\/li><\/ul><h3>Gruppsituationer<\/h3><p>Talutrymmeskartl\u00e4ggning ger en bild av hur barn tar och ges plats i barngruppen och hurdana k\u00f6nade rutiner det formats i ert daghem. Exempel p\u00e5 detta \u00e4r vilka utrymmen barnen leker i, hurdana lekar de leker och vem det \u00e4r som talar och h\u00f6rs mest i gruppsituationer.<\/p><p>Bekanta dig med v\u00e5ra tips \u00f6ver hur du kan granska k\u00f6nade rutiner under morgonsamlingen.<\/p><p><a href=\"https:\/\/tasa-arvokasvatuksessa.fi\/wp-content\/uploads\/2022\/03\/1.2.3.-Vem-talar-vid-samlingen_.pdf\">Vem talar vid samlingen.<\/a> (PDF).<\/p><h3>Bryt den onda cirkeln av negativ uppm\u00e4rksamhet<\/h3><p>Att korrigera ett barns beteende sker ofta genom att f\u00f6rbjuda hen. D\u00e5 kan en ond cirkel av negativ uppm\u00e4rksamhet skapas d\u00e4r barnet endast f\u00e5r negativ respons. Det \u00e4r dock p\u00e5visat att ett barn reagerar m\u00e4rkbart b\u00e4ttre p\u00e5 positiv v\u00e4gledning \u00e4n ett negativt f\u00f6rbud. Ett s\u00e4tt att f\u00f6rebygga att vissa barn f\u00e5r mer negativ uppm\u00e4rksamhet \u00e4n andra \u00e4r att f\u00f6r\u00e4ndra sitt s\u00e4tt att bem\u00f6ta barnen med negationer.\u00a0<\/p><p>H\u00e4r hittas inspiration f\u00f6r hur man uppm\u00e4rksammar tilltalet till barnen:<\/p><p>Minska negativa tills\u00e4gelser (ladda pdf).<\/p><h3>Exempel: f\u00f6delsedagar<\/h3><p>F\u00f6delsedagar \u00e4r betydelsefulla och lyckliga h\u00e4ndelser i barns liv. Det \u00e4r vanligt att ordna f\u00f6delsedagskalas, men f\u00f6delsedagsinbjudningar har tyv\u00e4rr blivit ett maktredskap som barn anv\u00e4nder mot varandra. Pedagoger kan diskutera med barnen och komma \u00f6verens om gemensamma praktiker f\u00f6r att f\u00f6rebygga oj\u00e4mlikhet.<\/p><p>I f\u00f6ljande video presenteras ett fallexempel om f\u00f6delsedagar ur ett k\u00f6nsperspektiv. Videon beskriver ocks\u00e5 p\u00e5 vilket s\u00e4tt f\u00f6delsedagskalas och negativt maktut\u00f6vande kan h\u00e4nga ihop.<\/p>\t\t\t\t\t\t\t\t<\/div>\n\t\t\t\t<\/div>\n\t\t\t\t<div class=\"elementor-element elementor-element-bcb8a6b elementor-widget elementor-widget-video\" data-id=\"bcb8a6b\" data-element_type=\"widget\" data-settings=\"{&quot;video_type&quot;:&quot;vimeo&quot;}\" data-widget_type=\"video.default\">\n\t\t\t\t<div class=\"elementor-widget-container\">\n\t\t\t\t\t\t\t<div class=\"elementor-wrapper elementor-open-inline\">\n\t\t\t<iframe class=\"elementor-video-iframe\" allowfullscreen allow=\"clipboard-write\" title=\"vimeo-videospelare\" src=\"https:\/\/player.vimeo.com\/video\/53104711?color&amp;autopause=0&amp;loop=0&amp;muted=0&amp;title=1&amp;portrait=1&amp;byline=1#t=\"><\/iframe>\t\t<\/div>\n\t\t\t\t\t\t<\/div>\n\t\t\t\t<\/div>\n\t\t\t\t<div class=\"elementor-element elementor-element-001d1c4 vid-cred elementor-widget elementor-widget-accordion\" data-id=\"001d1c4\" data-element_type=\"widget\" data-widget_type=\"accordion.default\">\n\t\t\t\t<div class=\"elementor-widget-container\">\n\t\t\t\t\t\t\t<div class=\"elementor-accordion\">\n\t\t\t\t\t\t\t<div class=\"elementor-accordion-item\">\n\t\t\t\t\t<div id=\"elementor-tab-title-1191\" class=\"elementor-tab-title\" data-tab=\"1\" role=\"button\" aria-controls=\"elementor-tab-content-1191\" aria-expanded=\"false\">\n\t\t\t\t\t\t\t\t\t\t\t\t\t<span class=\"elementor-accordion-icon elementor-accordion-icon-left\" aria-hidden=\"true\">\n\t\t\t\t\t\t\t\t\t\t\t\t\t\t\t<span class=\"elementor-accordion-icon-closed\"><i class=\"fas fa-plus\"><\/i><\/span>\n\t\t\t\t\t\t\t\t<span class=\"elementor-accordion-icon-opened\"><i class=\"fas fa-minus\"><\/i><\/span>\n\t\t\t\t\t\t\t\t\t\t\t\t\t\t<\/span>\n\t\t\t\t\t\t\t\t\t\t\t\t<a class=\"elementor-accordion-title\" tabindex=\"0\">I videon medverkar<\/a>\n\t\t\t\t\t<\/div>\n\t\t\t\t\t<div id=\"elementor-tab-content-1191\" class=\"elementor-tab-content elementor-clearfix\" data-tab=\"1\" role=\"region\" aria-labelledby=\"elementor-tab-title-1191\"><p><span style=\"font-weight: 400;\">Stoor-Grenner, Maria &#8211; projektledare, Daghem utan mobbning, Folkh\u00e4lsan<\/span><\/p><\/div>\n\t\t\t\t<\/div>\n\t\t\t\t\t\t\t\t<\/div>\n\t\t\t\t\t\t<\/div>\n\t\t\t\t<\/div>\n\t\t\t\t<div class=\"elementor-element elementor-element-d3c4c1e elementor-widget elementor-widget-text-editor\" data-id=\"d3c4c1e\" data-element_type=\"widget\" data-widget_type=\"text-editor.default\">\n\t\t\t\t<div class=\"elementor-widget-container\">\n\t\t\t\t\t\t\t\t\t<h3 style=\"font-weight: bold; font-size: 21px;\">Reflektionsfr\u00e5gor:<\/h3><ul><li>Hur ter sig f\u00f6delsedagstraditionerna i videon fr\u00e5n ett j\u00e4mst\u00e4lldhetsperspektiv?<\/li><li>Hur f\u00f6rebygger vi negativt maktut\u00f6vande hos barnen?<\/li><li>Vilka j\u00e4mst\u00e4lldhetsfr\u00e4mjande element finns i ert f\u00f6delsedagsfirande?<\/li><\/ul><p>Bekanta dig med tips om hur du kan diskutera f\u00f6delsedagsfirande med barnen, kollegor och v\u00e5rdnadshavare f\u00f6r att fr\u00e4mja ett mer j\u00e4mlikt f\u00f6delsedagsfirande.<\/p><p><a href=\"https:\/\/tasa-arvokasvatuksessa.fi\/wp-content\/uploads\/2022\/03\/1.2.5.-Diskussion-om-fodelsedagsfirande.pdf\">Diskussion om f\u00f6delsedagsfirande.<\/a> (PDF).<\/p>\t\t\t\t\t\t\t\t<\/div>\n\t\t\t\t<\/div>\n\t\t\t\t\t<\/div>\n\t\t<\/div>\n\t\t\t\t<div class=\"elementor-column elementor-col-50 elementor-top-column elementor-element elementor-element-7ae6c3a2\" data-id=\"7ae6c3a2\" data-element_type=\"column\">\n\t\t\t<div class=\"elementor-widget-wrap elementor-element-populated\">\n\t\t\t\t\t\t<div class=\"elementor-element elementor-element-197523e elementor-nav-menu--dropdown-none side-nav elementor-widget elementor-widget-global elementor-global-5309 elementor-widget-nav-menu\" data-id=\"197523e\" data-element_type=\"widget\" id=\"widget\" data-settings=\"{&quot;layout&quot;:&quot;vertical&quot;,&quot;submenu_icon&quot;:{&quot;value&quot;:&quot;&quot;,&quot;library&quot;:&quot;&quot;}}\" data-widget_type=\"nav-menu.default\">\n\t\t\t\t<div class=\"elementor-widget-container\">\n\t\t\t\t\t\t\t\t<nav aria-label=\"Meny\" class=\"elementor-nav-menu--main elementor-nav-menu__container elementor-nav-menu--layout-vertical e--pointer-none\">\n\t\t\t\t<ul id=\"menu-1-197523e\" class=\"elementor-nav-menu sm-vertical\"><li class=\"menu-item menu-item-type-post_type menu-item-object-page menu-item-5772\"><a href=\"https:\/\/tasa-arvokasvatuksessa.fi\/sv\/smabarnspedagogik-verktygslada-arbetet-borjar-med-oss\/\" class=\"elementor-item\">Arbetet b\u00f6rjar med oss<\/a><\/li>\n<li class=\"menu-item menu-item-type-post_type menu-item-object-page menu-item-5678\"><a href=\"https:\/\/tasa-arvokasvatuksessa.fi\/sv\/smabarnspedagogik-verktygslada-lar-dig-begreppen\/\" class=\"elementor-item\">L\u00e4r dig begreppen<\/a><\/li>\n<li class=\"menu-item menu-item-type-post_type menu-item-object-page menu-item-5773\"><a href=\"https:\/\/tasa-arvokasvatuksessa.fi\/sv\/smabarnspedagogik-verktygslada-jamstallt-bemotande\/\" class=\"elementor-item\">J\u00e4mst\u00e4llt bem\u00f6tande<\/a><\/li>\n<li class=\"menu-item menu-item-type-post_type menu-item-object-page menu-item-5774\"><a href=\"https:\/\/tasa-arvokasvatuksessa.fi\/sv\/smabarnspedagogik-verktygslada-jamstalld-interaktion\/\" class=\"elementor-item\">J\u00e4mst\u00e4lld interaktion<\/a><\/li>\n<li class=\"menu-item menu-item-type-post_type menu-item-object-page menu-item-5775\"><a href=\"https:\/\/tasa-arvokasvatuksessa.fi\/sv\/smabarnspedagogik-verktygsalada-dokumentation-som-ett-redskap-for-jamstalldhetsarbete\/\" class=\"elementor-item\">Dokumentation som ett redskap f\u00f6r j\u00e4mst\u00e4lldhetsarbete<\/a><\/li>\n<li class=\"menu-item menu-item-type-post_type menu-item-object-page menu-item-5776\"><a href=\"https:\/\/tasa-arvokasvatuksessa.fi\/sv\/smabarnspedagogik-verktygslada-betydelsen-av-bocker\/\" class=\"elementor-item\">Betydelsen av b\u00f6cker<\/a><\/li>\n<li class=\"menu-item menu-item-type-post_type menu-item-object-page menu-item-5777\"><a href=\"https:\/\/tasa-arvokasvatuksessa.fi\/sv\/smabarnspedagogik-verktygslada-lekplatser-och-leksaker\/\" class=\"elementor-item\">Lek, lekplatser och leksaker<\/a><\/li>\n<li class=\"menu-item menu-item-type-post_type menu-item-object-page menu-item-5778\"><a href=\"https:\/\/tasa-arvokasvatuksessa.fi\/sv\/smabarnspedagogik-verktygslada-mobbning-och-kon\/\" class=\"elementor-item\">Mobbning och k\u00f6n<\/a><\/li>\n<li class=\"menu-item menu-item-type-post_type menu-item-object-page menu-item-5779\"><a href=\"https:\/\/tasa-arvokasvatuksessa.fi\/sv\/smabarnspedagogik-verktygslada-jamstalldhetsplan-i-daghem\/\" class=\"elementor-item\">J\u00e4mst\u00e4lldhetsplan p\u00e5 daghemmet<\/a><\/li>\n<li class=\"menu-item menu-item-type-post_type menu-item-object-page menu-item-5780\"><a href=\"https:\/\/tasa-arvokasvatuksessa.fi\/sv\/smabarnspedagogik-verktygslada-forandring-sker-tillsammans\/\" class=\"elementor-item\">For\u00e4ndring skapas tillsammans<\/a><\/li>\n<li class=\"menu-item menu-item-type-post_type menu-item-object-page menu-item-5781\"><a href=\"https:\/\/tasa-arvokasvatuksessa.fi\/sv\/smabarnspedagogik-verktygslada-lagstiftningen-och-avtal-som-stod\/\" class=\"elementor-item\">Lagstiftningen och avtal som st\u00f6d<\/a><\/li>\n<li class=\"menu-item menu-item-type-post_type menu-item-object-page menu-item-5782\"><a href=\"https:\/\/tasa-arvokasvatuksessa.fi\/sv\/smabarnspedagogik-verktygslada-lanktips\/\" class=\"elementor-item\">L\u00e4nktips<\/a><\/li>\n<\/ul>\t\t\t<\/nav>\n\t\t\t\t\t\t<nav class=\"elementor-nav-menu--dropdown elementor-nav-menu__container\" aria-hidden=\"true\">\n\t\t\t\t<ul id=\"menu-2-197523e\" class=\"elementor-nav-menu sm-vertical\"><li class=\"menu-item menu-item-type-post_type menu-item-object-page menu-item-5772\"><a href=\"https:\/\/tasa-arvokasvatuksessa.fi\/sv\/smabarnspedagogik-verktygslada-arbetet-borjar-med-oss\/\" class=\"elementor-item\" tabindex=\"-1\">Arbetet b\u00f6rjar med oss<\/a><\/li>\n<li class=\"menu-item menu-item-type-post_type menu-item-object-page menu-item-5678\"><a href=\"https:\/\/tasa-arvokasvatuksessa.fi\/sv\/smabarnspedagogik-verktygslada-lar-dig-begreppen\/\" class=\"elementor-item\" tabindex=\"-1\">L\u00e4r dig begreppen<\/a><\/li>\n<li class=\"menu-item menu-item-type-post_type menu-item-object-page menu-item-5773\"><a href=\"https:\/\/tasa-arvokasvatuksessa.fi\/sv\/smabarnspedagogik-verktygslada-jamstallt-bemotande\/\" class=\"elementor-item\" tabindex=\"-1\">J\u00e4mst\u00e4llt bem\u00f6tande<\/a><\/li>\n<li class=\"menu-item menu-item-type-post_type menu-item-object-page menu-item-5774\"><a href=\"https:\/\/tasa-arvokasvatuksessa.fi\/sv\/smabarnspedagogik-verktygslada-jamstalld-interaktion\/\" class=\"elementor-item\" tabindex=\"-1\">J\u00e4mst\u00e4lld interaktion<\/a><\/li>\n<li class=\"menu-item menu-item-type-post_type menu-item-object-page menu-item-5775\"><a href=\"https:\/\/tasa-arvokasvatuksessa.fi\/sv\/smabarnspedagogik-verktygsalada-dokumentation-som-ett-redskap-for-jamstalldhetsarbete\/\" class=\"elementor-item\" tabindex=\"-1\">Dokumentation som ett redskap f\u00f6r j\u00e4mst\u00e4lldhetsarbete<\/a><\/li>\n<li class=\"menu-item menu-item-type-post_type menu-item-object-page menu-item-5776\"><a href=\"https:\/\/tasa-arvokasvatuksessa.fi\/sv\/smabarnspedagogik-verktygslada-betydelsen-av-bocker\/\" class=\"elementor-item\" tabindex=\"-1\">Betydelsen av b\u00f6cker<\/a><\/li>\n<li class=\"menu-item menu-item-type-post_type menu-item-object-page menu-item-5777\"><a href=\"https:\/\/tasa-arvokasvatuksessa.fi\/sv\/smabarnspedagogik-verktygslada-lekplatser-och-leksaker\/\" class=\"elementor-item\" tabindex=\"-1\">Lek, lekplatser och leksaker<\/a><\/li>\n<li class=\"menu-item menu-item-type-post_type menu-item-object-page menu-item-5778\"><a href=\"https:\/\/tasa-arvokasvatuksessa.fi\/sv\/smabarnspedagogik-verktygslada-mobbning-och-kon\/\" class=\"elementor-item\" tabindex=\"-1\">Mobbning och k\u00f6n<\/a><\/li>\n<li class=\"menu-item menu-item-type-post_type menu-item-object-page menu-item-5779\"><a href=\"https:\/\/tasa-arvokasvatuksessa.fi\/sv\/smabarnspedagogik-verktygslada-jamstalldhetsplan-i-daghem\/\" class=\"elementor-item\" tabindex=\"-1\">J\u00e4mst\u00e4lldhetsplan p\u00e5 daghemmet<\/a><\/li>\n<li class=\"menu-item menu-item-type-post_type menu-item-object-page menu-item-5780\"><a href=\"https:\/\/tasa-arvokasvatuksessa.fi\/sv\/smabarnspedagogik-verktygslada-forandring-sker-tillsammans\/\" class=\"elementor-item\" tabindex=\"-1\">For\u00e4ndring skapas tillsammans<\/a><\/li>\n<li class=\"menu-item menu-item-type-post_type menu-item-object-page menu-item-5781\"><a href=\"https:\/\/tasa-arvokasvatuksessa.fi\/sv\/smabarnspedagogik-verktygslada-lagstiftningen-och-avtal-som-stod\/\" class=\"elementor-item\" tabindex=\"-1\">Lagstiftningen och avtal som st\u00f6d<\/a><\/li>\n<li class=\"menu-item menu-item-type-post_type menu-item-object-page menu-item-5782\"><a href=\"https:\/\/tasa-arvokasvatuksessa.fi\/sv\/smabarnspedagogik-verktygslada-lanktips\/\" class=\"elementor-item\" tabindex=\"-1\">L\u00e4nktips<\/a><\/li>\n<\/ul>\t\t\t<\/nav>\n\t\t\t\t\t\t<\/div>\n\t\t\t\t<\/div>\n\t\t\t\t\t<\/div>\n\t\t<\/div>\n\t\t\t\t\t<\/div>\n\t\t<\/section>\n\t\t\t\t<\/div>\n\t\t","protected":false},"excerpt":{"rendered":"<p>Tasa-arvo kasvatuksessa Enligt forskningen pratar pojkar mer \u00e4n flickor och anv\u00e4nder och tar d\u00e4rmed mer plats \u00e4n flickor inom sm\u00e5barnspedagogiken. Pojkar f\u00e5r \u00e4ven mer negativ uppm\u00e4rksamhet, vilket p\u00e5verkar deras sj\u00e4lvbild. Hur? Dokumentering \u00e4r ett viktigt verktyg f\u00f6r att se omedvetna praktiker i verksamheten. Ett s\u00e4tt att dokumentera p\u00e5 \u00e4r att l\u00e4gga m\u00e4rke till vilka av [&hellip;]<\/p>\n","protected":false},"author":5,"featured_media":0,"parent":0,"menu_order":0,"comment_status":"closed","ping_status":"closed","template":"","meta":{"footnotes":""},"class_list":["post-5759","page","type-page","status-publish","hentry"],"_links":{"self":[{"href":"https:\/\/tasa-arvokasvatuksessa.fi\/sv\/wp-json\/wp\/v2\/pages\/5759","targetHints":{"allow":["GET"]}}],"collection":[{"href":"https:\/\/tasa-arvokasvatuksessa.fi\/sv\/wp-json\/wp\/v2\/pages"}],"about":[{"href":"https:\/\/tasa-arvokasvatuksessa.fi\/sv\/wp-json\/wp\/v2\/types\/page"}],"author":[{"embeddable":true,"href":"https:\/\/tasa-arvokasvatuksessa.fi\/sv\/wp-json\/wp\/v2\/users\/5"}],"replies":[{"embeddable":true,"href":"https:\/\/tasa-arvokasvatuksessa.fi\/sv\/wp-json\/wp\/v2\/comments?post=5759"}],"version-history":[{"count":48,"href":"https:\/\/tasa-arvokasvatuksessa.fi\/sv\/wp-json\/wp\/v2\/pages\/5759\/revisions"}],"predecessor-version":[{"id":8543,"href":"https:\/\/tasa-arvokasvatuksessa.fi\/sv\/wp-json\/wp\/v2\/pages\/5759\/revisions\/8543"}],"wp:attachment":[{"href":"https:\/\/tasa-arvokasvatuksessa.fi\/sv\/wp-json\/wp\/v2\/media?parent=5759"}],"curies":[{"name":"wp","href":"https:\/\/api.w.org\/{rel}","templated":true}]}}