{"id":5761,"date":"2021-12-09T11:12:14","date_gmt":"2021-12-09T11:12:14","guid":{"rendered":"https:\/\/tasa-arvokasvatuksessa.fi\/?page_id=5761"},"modified":"2023-06-02T06:09:21","modified_gmt":"2023-06-02T06:09:21","slug":"smabarnspedagogik-verktygslada-jamstalldhetsplan-i-daghem","status":"publish","type":"page","link":"https:\/\/tasa-arvokasvatuksessa.fi\/sv\/smabarnspedagogik-verktygslada-jamstalldhetsplan-i-daghem\/","title":{"rendered":"J\u00e4mst\u00e4lldhetsplan p\u00e5 daghemmet"},"content":{"rendered":"\t\t<div data-elementor-type=\"wp-page\" data-elementor-id=\"5761\" class=\"elementor elementor-5761 elementor-490\" data-elementor-post-type=\"page\">\n\t\t\t\t\t\t<section class=\"elementor-section elementor-top-section elementor-element elementor-element-17f1ed02 elementor-section-boxed elementor-section-height-default elementor-section-height-default\" data-id=\"17f1ed02\" data-element_type=\"section\">\n\t\t\t\t\t\t<div class=\"elementor-container elementor-column-gap-default\">\n\t\t\t\t\t<div class=\"elementor-column elementor-col-100 elementor-top-column elementor-element elementor-element-746ad5ae\" data-id=\"746ad5ae\" data-element_type=\"column\">\n\t\t\t<div class=\"elementor-widget-wrap elementor-element-populated\">\n\t\t\t\t\t\t<div class=\"elementor-element elementor-element-65cb5d1 elementor-widget elementor-widget-heading\" data-id=\"65cb5d1\" data-element_type=\"widget\" data-widget_type=\"heading.default\">\n\t\t\t\t<div class=\"elementor-widget-container\">\n\t\t\t\t\t<h2 class=\"elementor-heading-title elementor-size-default\">Tasa-arvo kasvatuksessa<\/h2>\t\t\t\t<\/div>\n\t\t\t\t<\/div>\n\t\t\t\t<div class=\"elementor-element elementor-element-ac16c6b elementor-nav-menu--dropdown-none elementor-widget elementor-widget-nav-menu\" data-id=\"ac16c6b\" data-element_type=\"widget\" id=\"subheader\" data-settings=\"{&quot;submenu_icon&quot;:{&quot;value&quot;:&quot;&lt;i class=\\&quot;\\&quot; aria-hidden=\\&quot;true\\&quot;&gt;&lt;\\\/i&gt;&quot;,&quot;library&quot;:&quot;&quot;},&quot;layout&quot;:&quot;horizontal&quot;}\" data-widget_type=\"nav-menu.default\">\n\t\t\t\t<div class=\"elementor-widget-container\">\n\t\t\t\t\t\t\t\t<nav aria-label=\"Meny\" class=\"elementor-nav-menu--main elementor-nav-menu__container elementor-nav-menu--layout-horizontal e--pointer-none\">\n\t\t\t\t<ul id=\"menu-1-ac16c6b\" class=\"elementor-nav-menu\"><li class=\"menu-item menu-item-type-post_type menu-item-object-page menu-item-5677\"><a href=\"https:\/\/tasa-arvokasvatuksessa.fi\/sv\/smabarnspedagogik\/\" class=\"elementor-item\">Sm\u00e5barnspedagog<\/a><\/li>\n<li class=\"menu-item menu-item-type-post_type menu-item-object-page menu-item-5770\"><a href=\"https:\/\/tasa-arvokasvatuksessa.fi\/sv\/smabarnspedagogik-testa-dig-sjalv\/\" class=\"elementor-item\">Testa dig sj\u00e4lv<\/a><\/li>\n<li class=\"menu-item menu-item-type-post_type menu-item-object-page menu-item-5771\"><a href=\"https:\/\/tasa-arvokasvatuksessa.fi\/sv\/smabarnspedagogik-verktygslada\/\" class=\"elementor-item\">Verktygsl\u00e5da<\/a><\/li>\n<\/ul>\t\t\t<\/nav>\n\t\t\t\t\t\t<nav class=\"elementor-nav-menu--dropdown elementor-nav-menu__container\" aria-hidden=\"true\">\n\t\t\t\t<ul id=\"menu-2-ac16c6b\" class=\"elementor-nav-menu\"><li class=\"menu-item menu-item-type-post_type menu-item-object-page menu-item-5677\"><a href=\"https:\/\/tasa-arvokasvatuksessa.fi\/sv\/smabarnspedagogik\/\" class=\"elementor-item\" tabindex=\"-1\">Sm\u00e5barnspedagog<\/a><\/li>\n<li class=\"menu-item menu-item-type-post_type menu-item-object-page menu-item-5770\"><a href=\"https:\/\/tasa-arvokasvatuksessa.fi\/sv\/smabarnspedagogik-testa-dig-sjalv\/\" class=\"elementor-item\" tabindex=\"-1\">Testa dig sj\u00e4lv<\/a><\/li>\n<li class=\"menu-item menu-item-type-post_type menu-item-object-page menu-item-5771\"><a href=\"https:\/\/tasa-arvokasvatuksessa.fi\/sv\/smabarnspedagogik-verktygslada\/\" class=\"elementor-item\" tabindex=\"-1\">Verktygsl\u00e5da<\/a><\/li>\n<\/ul>\t\t\t<\/nav>\n\t\t\t\t\t\t<\/div>\n\t\t\t\t<\/div>\n\t\t\t\t\t<\/div>\n\t\t<\/div>\n\t\t\t\t\t<\/div>\n\t\t<\/section>\n\t\t\t\t<section class=\"elementor-section elementor-top-section elementor-element elementor-element-5d89dc1d block__elem_tasa_arvo elementor-section-boxed elementor-section-height-default elementor-section-height-default\" data-id=\"5d89dc1d\" data-element_type=\"section\" data-settings=\"{&quot;background_background&quot;:&quot;classic&quot;}\">\n\t\t\t\t\t\t<div class=\"elementor-container elementor-column-gap-default\">\n\t\t\t\t\t<div class=\"elementor-column elementor-col-50 elementor-top-column elementor-element elementor-element-704853e9 page__content\" data-id=\"704853e9\" data-element_type=\"column\">\n\t\t\t<div class=\"elementor-widget-wrap elementor-element-populated\">\n\t\t\t\t\t\t<div class=\"elementor-element elementor-element-3c0da96 elementor-widget elementor-widget-text-editor\" data-id=\"3c0da96\" data-element_type=\"widget\" data-widget_type=\"text-editor.default\">\n\t\t\t\t<div class=\"elementor-widget-container\">\n\t\t\t\t\t\t\t\t\t<p>F\u00f6r\u00e4ndringsarbete kr\u00e4ver m\u00e5l och konkreta \u00e5tg\u00e4rder f\u00f6r att n\u00e5 dit. Daghemmet beh\u00f6ver utveckla en j\u00e4mst\u00e4lldhetsplan och grunda en grupp som st\u00f6der f\u00f6rverkligandet av arbetet.&nbsp;<\/p>\n<p>J\u00e4mst\u00e4lldhetsplanen omfattar en rapport som beskriver j\u00e4mst\u00e4lldhetssituationen inom daghemmet och p\u00e5 basen av den fastst\u00e4lls \u00e5tg\u00e4rder f\u00f6r att fr\u00e4mja j\u00e4mst\u00e4lldhet och utv\u00e4rderingar av tidigare planerade \u00e5tg\u00e4rder och dess resultat.&nbsp;<\/p>\n<p>Enligt j\u00e4mst\u00e4lldhetslagen ska daghem och l\u00e4roanstalterna ha en j\u00e4mst\u00e4lldhetsplan. N\u00e4r det g\u00e4ller familjedagv\u00e5rd och \u00f6ppen kommunal sm\u00e5barnspedagogik utarbetar kommunen tillsammans med akt\u00f6rerna i omr\u00e5det gemensamma j\u00e4mst\u00e4lldhets- och likabehandlingsplaner f\u00f6r akt\u00f6rerna. Trots detta \u00e4r det viktigt att arbeta f\u00f6r j\u00e4mst\u00e4lldheten inom sm\u00e5barnspedagogiken oberoende var verksameten tar plats.<\/p>\t\t\t\t\t\t\t\t<\/div>\n\t\t\t\t<\/div>\n\t\t\t\t<div class=\"elementor-element elementor-element-3bb12d1 elementor-widget elementor-widget-image\" data-id=\"3bb12d1\" data-element_type=\"widget\" data-widget_type=\"image.default\">\n\t\t\t\t<div class=\"elementor-widget-container\">\n\t\t\t\t\t\t\t\t\t\t\t\t\t\t\t<img decoding=\"async\" src=\"https:\/\/tasa-arvokasvatuksessa.fi\/wp-content\/uploads\/elementor\/thumbs\/12-e1637261320482-pgzabg0lefjyph888utz594gzrhd6ewj4ucvu7kxn2.png\" title=\"12\" alt=\"12\" loading=\"lazy\" \/>\t\t\t\t\t\t\t\t\t\t\t\t\t\t\t<\/div>\n\t\t\t\t<\/div>\n\t\t\t\t<div class=\"elementor-element elementor-element-7960371 elementor-widget elementor-widget-text-editor\" data-id=\"7960371\" data-element_type=\"widget\" data-widget_type=\"text-editor.default\">\n\t\t\t\t<div class=\"elementor-widget-container\">\n\t\t\t\t\t\t\t\t\t<h2>Hur?<\/h2><h3><b>Aktivt deltagande<\/b><\/h3><p>Konkretisering av j\u00e4mst\u00e4lldhetsarbetet sker b\u00e4st genom ett aktivt deltagande, inte bara bland personalen utan \u00e4ven bland barnen. Arbetet ska ha sin utg\u00e5ngspunkt i vardagen p\u00e5 daghemmet.\u00a0 \u00a0<\/p><p>En j\u00e4mst\u00e4lldhetsgrupp kan grundas f\u00f6r att ansvara f\u00f6r j\u00e4mst\u00e4lldhetsarbetet.\u00a0 F\u00f6ljande video riktar sig speciellt till grundskolan, men fungerar \u00e4ven f\u00f6r personal inom sm\u00e5barnspedagogiken. Videon ger instruktioner om hur ni kommer ig\u00e5ng med arbetet och f\u00f6rklarar vilken typ av fr\u00e5gor som det l\u00f6nar sig att st\u00e4lla i b\u00f6rjan. Dessutom ges information om arbetsf\u00f6rdelning, dokumentation, uppdrag och m\u00e5l i arbetet.<\/p>\t\t\t\t\t\t\t\t<\/div>\n\t\t\t\t<\/div>\n\t\t\t\t<div class=\"elementor-element elementor-element-c13c490 elementor-widget elementor-widget-video\" data-id=\"c13c490\" data-element_type=\"widget\" data-settings=\"{&quot;video_type&quot;:&quot;vimeo&quot;}\" data-widget_type=\"video.default\">\n\t\t\t\t<div class=\"elementor-widget-container\">\n\t\t\t\t\t\t\t<div class=\"elementor-wrapper elementor-open-inline\">\n\t\t\t<iframe class=\"elementor-video-iframe\" allowfullscreen allow=\"clipboard-write\" title=\"vimeo-videospelare\" src=\"https:\/\/player.vimeo.com\/video\/55467913?color&amp;autopause=0&amp;loop=0&amp;muted=0&amp;title=1&amp;portrait=1&amp;byline=1#t=\"><\/iframe>\t\t<\/div>\n\t\t\t\t\t\t<\/div>\n\t\t\t\t<\/div>\n\t\t\t\t<div class=\"elementor-element elementor-element-aa36338 vid-cred elementor-widget elementor-widget-accordion\" data-id=\"aa36338\" data-element_type=\"widget\" data-widget_type=\"accordion.default\">\n\t\t\t\t<div class=\"elementor-widget-container\">\n\t\t\t\t\t\t\t<div class=\"elementor-accordion\">\n\t\t\t\t\t\t\t<div class=\"elementor-accordion-item\">\n\t\t\t\t\t<div id=\"elementor-tab-title-1781\" class=\"elementor-tab-title\" data-tab=\"1\" role=\"button\" aria-controls=\"elementor-tab-content-1781\" aria-expanded=\"false\">\n\t\t\t\t\t\t\t\t\t\t\t\t\t<span class=\"elementor-accordion-icon elementor-accordion-icon-left\" aria-hidden=\"true\">\n\t\t\t\t\t\t\t\t\t\t\t\t\t\t\t<span class=\"elementor-accordion-icon-closed\"><i class=\"fas fa-plus\"><\/i><\/span>\n\t\t\t\t\t\t\t\t<span class=\"elementor-accordion-icon-opened\"><i class=\"fas fa-minus\"><\/i><\/span>\n\t\t\t\t\t\t\t\t\t\t\t\t\t\t<\/span>\n\t\t\t\t\t\t\t\t\t\t\t\t<a class=\"elementor-accordion-title\" tabindex=\"0\">I videon medverkar<\/a>\n\t\t\t\t\t<\/div>\n\t\t\t\t\t<div id=\"elementor-tab-content-1781\" class=\"elementor-tab-content elementor-clearfix\" data-tab=\"1\" role=\"region\" aria-labelledby=\"elementor-tab-title-1781\"><p><span style=\"font-weight: 400;\">Ik\u00e4valko, Elina \u2014 pol.mag., doktorand, Gustavsson, Malin \u2014 J\u00e4mst\u00e4lldhets- och m\u00e5ngfaldskonsult, Ekvalita Ab<\/span><\/p><\/div>\n\t\t\t\t<\/div>\n\t\t\t\t\t\t\t\t<\/div>\n\t\t\t\t\t\t<\/div>\n\t\t\t\t<\/div>\n\t\t\t\t<div class=\"elementor-element elementor-element-29b53db elementor-widget elementor-widget-text-editor\" data-id=\"29b53db\" data-element_type=\"widget\" data-widget_type=\"text-editor.default\">\n\t\t\t\t<div class=\"elementor-widget-container\">\n\t\t\t\t\t\t\t\t\t<p style=\"font-size: 21px; font-weight: bold;\"><b>Reflektionsfr\u00e5gor<\/b>:<\/p><ul><li style=\"font-weight: 400;\" aria-level=\"1\">Har ditt daghem en j\u00e4mst\u00e4lldhetsgrupp? Om ja, vet du vad den h\u00e4r gruppen g\u00f6r? Om inte, kunde ni grunda en s\u00e5dan grupp?<\/li><li style=\"font-weight: 400;\" aria-level=\"1\">Har ni en j\u00e4mst\u00e4lldhetsplan? Vad vet du om den? Om det inte finns en, n\u00e4r ska en s\u00e5dan utvecklas och vem \u00e4r med i arbetet?\u00a0<\/li><li style=\"font-weight: 400;\" aria-level=\"1\">Om ni har en j\u00e4mst\u00e4lldhetsplan; hur f\u00f6ljer ni den och dess f\u00f6rverkligande? P\u00e5 vilket s\u00e4tt \u00e4r du med i genomf\u00f6randet av planen?<\/li><\/ul><h3>J\u00e4mst\u00e4lldhetsplan<\/h3><p>Dokumentet nedan ger tips f\u00f6r att granska arbetet med er j\u00e4mst\u00e4lldhetsplan samt uppf\u00f6ljande av era m\u00e5l. J\u00e4mst\u00e4lldhetsplanen ska inneh\u00e5lla en nul\u00e4gesbeskrivning, de \u00e5tg\u00e4rder som utarbetats utifr\u00e5n nul\u00e4get och utv\u00e4rdering av hur de tidigare \u00e5tg\u00e4rderna har genomf\u00f6rts.<\/p><p><a href=\"https:\/\/tasa-arvokasvatuksessa.fi\/wp-content\/uploads\/2022\/03\/1.2.8.-Checklista-for-kvalitetssakring-av-jamstalldhetsarbete.pdf\">Checklista f\u00f6r kvalitetss\u00e4kring av j\u00e4mst\u00e4lldhetsarbete<\/a>. (PDF).\u00a0<\/p>\t\t\t\t\t\t\t\t<\/div>\n\t\t\t\t<\/div>\n\t\t\t\t\t<\/div>\n\t\t<\/div>\n\t\t\t\t<div class=\"elementor-column elementor-col-50 elementor-top-column elementor-element elementor-element-4d840962\" data-id=\"4d840962\" data-element_type=\"column\">\n\t\t\t<div class=\"elementor-widget-wrap elementor-element-populated\">\n\t\t\t\t\t\t<div class=\"elementor-element elementor-element-f40f0b2 elementor-nav-menu--dropdown-none side-nav elementor-widget elementor-widget-global elementor-global-5309 elementor-widget-nav-menu\" data-id=\"f40f0b2\" data-element_type=\"widget\" id=\"widget\" data-settings=\"{&quot;layout&quot;:&quot;vertical&quot;,&quot;submenu_icon&quot;:{&quot;value&quot;:&quot;&quot;,&quot;library&quot;:&quot;&quot;}}\" data-widget_type=\"nav-menu.default\">\n\t\t\t\t<div class=\"elementor-widget-container\">\n\t\t\t\t\t\t\t\t<nav aria-label=\"Meny\" class=\"elementor-nav-menu--main elementor-nav-menu__container elementor-nav-menu--layout-vertical e--pointer-none\">\n\t\t\t\t<ul id=\"menu-1-f40f0b2\" class=\"elementor-nav-menu sm-vertical\"><li class=\"menu-item menu-item-type-post_type menu-item-object-page menu-item-5772\"><a href=\"https:\/\/tasa-arvokasvatuksessa.fi\/sv\/smabarnspedagogik-verktygslada-arbetet-borjar-med-oss\/\" class=\"elementor-item\">Arbetet b\u00f6rjar med oss<\/a><\/li>\n<li class=\"menu-item menu-item-type-post_type menu-item-object-page menu-item-5678\"><a href=\"https:\/\/tasa-arvokasvatuksessa.fi\/sv\/smabarnspedagogik-verktygslada-lar-dig-begreppen\/\" class=\"elementor-item\">L\u00e4r dig begreppen<\/a><\/li>\n<li class=\"menu-item menu-item-type-post_type menu-item-object-page menu-item-5773\"><a href=\"https:\/\/tasa-arvokasvatuksessa.fi\/sv\/smabarnspedagogik-verktygslada-jamstallt-bemotande\/\" class=\"elementor-item\">J\u00e4mst\u00e4llt bem\u00f6tande<\/a><\/li>\n<li class=\"menu-item menu-item-type-post_type menu-item-object-page menu-item-5774\"><a href=\"https:\/\/tasa-arvokasvatuksessa.fi\/sv\/smabarnspedagogik-verktygslada-jamstalld-interaktion\/\" class=\"elementor-item\">J\u00e4mst\u00e4lld interaktion<\/a><\/li>\n<li class=\"menu-item menu-item-type-post_type menu-item-object-page menu-item-5775\"><a href=\"https:\/\/tasa-arvokasvatuksessa.fi\/sv\/smabarnspedagogik-verktygsalada-dokumentation-som-ett-redskap-for-jamstalldhetsarbete\/\" class=\"elementor-item\">Dokumentation som ett redskap f\u00f6r j\u00e4mst\u00e4lldhetsarbete<\/a><\/li>\n<li class=\"menu-item menu-item-type-post_type menu-item-object-page menu-item-5776\"><a href=\"https:\/\/tasa-arvokasvatuksessa.fi\/sv\/smabarnspedagogik-verktygslada-betydelsen-av-bocker\/\" class=\"elementor-item\">Betydelsen av b\u00f6cker<\/a><\/li>\n<li class=\"menu-item menu-item-type-post_type menu-item-object-page menu-item-5777\"><a href=\"https:\/\/tasa-arvokasvatuksessa.fi\/sv\/smabarnspedagogik-verktygslada-lekplatser-och-leksaker\/\" class=\"elementor-item\">Lek, lekplatser och leksaker<\/a><\/li>\n<li class=\"menu-item menu-item-type-post_type menu-item-object-page menu-item-5778\"><a href=\"https:\/\/tasa-arvokasvatuksessa.fi\/sv\/smabarnspedagogik-verktygslada-mobbning-och-kon\/\" class=\"elementor-item\">Mobbning och k\u00f6n<\/a><\/li>\n<li class=\"menu-item menu-item-type-post_type menu-item-object-page menu-item-5779\"><a href=\"https:\/\/tasa-arvokasvatuksessa.fi\/sv\/smabarnspedagogik-verktygslada-jamstalldhetsplan-i-daghem\/\" class=\"elementor-item\">J\u00e4mst\u00e4lldhetsplan p\u00e5 daghemmet<\/a><\/li>\n<li class=\"menu-item menu-item-type-post_type menu-item-object-page menu-item-5780\"><a href=\"https:\/\/tasa-arvokasvatuksessa.fi\/sv\/smabarnspedagogik-verktygslada-forandring-sker-tillsammans\/\" class=\"elementor-item\">For\u00e4ndring skapas tillsammans<\/a><\/li>\n<li class=\"menu-item menu-item-type-post_type menu-item-object-page menu-item-5781\"><a href=\"https:\/\/tasa-arvokasvatuksessa.fi\/sv\/smabarnspedagogik-verktygslada-lagstiftningen-och-avtal-som-stod\/\" class=\"elementor-item\">Lagstiftningen och avtal som st\u00f6d<\/a><\/li>\n<li class=\"menu-item menu-item-type-post_type menu-item-object-page menu-item-5782\"><a href=\"https:\/\/tasa-arvokasvatuksessa.fi\/sv\/smabarnspedagogik-verktygslada-lanktips\/\" class=\"elementor-item\">L\u00e4nktips<\/a><\/li>\n<\/ul>\t\t\t<\/nav>\n\t\t\t\t\t\t<nav class=\"elementor-nav-menu--dropdown elementor-nav-menu__container\" aria-hidden=\"true\">\n\t\t\t\t<ul id=\"menu-2-f40f0b2\" class=\"elementor-nav-menu sm-vertical\"><li class=\"menu-item menu-item-type-post_type menu-item-object-page menu-item-5772\"><a href=\"https:\/\/tasa-arvokasvatuksessa.fi\/sv\/smabarnspedagogik-verktygslada-arbetet-borjar-med-oss\/\" class=\"elementor-item\" tabindex=\"-1\">Arbetet b\u00f6rjar med oss<\/a><\/li>\n<li class=\"menu-item menu-item-type-post_type menu-item-object-page menu-item-5678\"><a href=\"https:\/\/tasa-arvokasvatuksessa.fi\/sv\/smabarnspedagogik-verktygslada-lar-dig-begreppen\/\" class=\"elementor-item\" tabindex=\"-1\">L\u00e4r dig begreppen<\/a><\/li>\n<li class=\"menu-item menu-item-type-post_type menu-item-object-page menu-item-5773\"><a href=\"https:\/\/tasa-arvokasvatuksessa.fi\/sv\/smabarnspedagogik-verktygslada-jamstallt-bemotande\/\" class=\"elementor-item\" tabindex=\"-1\">J\u00e4mst\u00e4llt bem\u00f6tande<\/a><\/li>\n<li class=\"menu-item menu-item-type-post_type menu-item-object-page menu-item-5774\"><a href=\"https:\/\/tasa-arvokasvatuksessa.fi\/sv\/smabarnspedagogik-verktygslada-jamstalld-interaktion\/\" class=\"elementor-item\" tabindex=\"-1\">J\u00e4mst\u00e4lld interaktion<\/a><\/li>\n<li class=\"menu-item menu-item-type-post_type menu-item-object-page menu-item-5775\"><a href=\"https:\/\/tasa-arvokasvatuksessa.fi\/sv\/smabarnspedagogik-verktygsalada-dokumentation-som-ett-redskap-for-jamstalldhetsarbete\/\" class=\"elementor-item\" tabindex=\"-1\">Dokumentation som ett redskap f\u00f6r j\u00e4mst\u00e4lldhetsarbete<\/a><\/li>\n<li class=\"menu-item menu-item-type-post_type menu-item-object-page menu-item-5776\"><a href=\"https:\/\/tasa-arvokasvatuksessa.fi\/sv\/smabarnspedagogik-verktygslada-betydelsen-av-bocker\/\" class=\"elementor-item\" tabindex=\"-1\">Betydelsen av b\u00f6cker<\/a><\/li>\n<li class=\"menu-item menu-item-type-post_type menu-item-object-page menu-item-5777\"><a href=\"https:\/\/tasa-arvokasvatuksessa.fi\/sv\/smabarnspedagogik-verktygslada-lekplatser-och-leksaker\/\" class=\"elementor-item\" tabindex=\"-1\">Lek, lekplatser och leksaker<\/a><\/li>\n<li class=\"menu-item menu-item-type-post_type menu-item-object-page menu-item-5778\"><a href=\"https:\/\/tasa-arvokasvatuksessa.fi\/sv\/smabarnspedagogik-verktygslada-mobbning-och-kon\/\" class=\"elementor-item\" tabindex=\"-1\">Mobbning och k\u00f6n<\/a><\/li>\n<li class=\"menu-item menu-item-type-post_type menu-item-object-page menu-item-5779\"><a href=\"https:\/\/tasa-arvokasvatuksessa.fi\/sv\/smabarnspedagogik-verktygslada-jamstalldhetsplan-i-daghem\/\" class=\"elementor-item\" tabindex=\"-1\">J\u00e4mst\u00e4lldhetsplan p\u00e5 daghemmet<\/a><\/li>\n<li class=\"menu-item menu-item-type-post_type menu-item-object-page menu-item-5780\"><a href=\"https:\/\/tasa-arvokasvatuksessa.fi\/sv\/smabarnspedagogik-verktygslada-forandring-sker-tillsammans\/\" class=\"elementor-item\" tabindex=\"-1\">For\u00e4ndring skapas tillsammans<\/a><\/li>\n<li class=\"menu-item menu-item-type-post_type menu-item-object-page menu-item-5781\"><a href=\"https:\/\/tasa-arvokasvatuksessa.fi\/sv\/smabarnspedagogik-verktygslada-lagstiftningen-och-avtal-som-stod\/\" class=\"elementor-item\" tabindex=\"-1\">Lagstiftningen och avtal som st\u00f6d<\/a><\/li>\n<li class=\"menu-item menu-item-type-post_type menu-item-object-page menu-item-5782\"><a href=\"https:\/\/tasa-arvokasvatuksessa.fi\/sv\/smabarnspedagogik-verktygslada-lanktips\/\" class=\"elementor-item\" tabindex=\"-1\">L\u00e4nktips<\/a><\/li>\n<\/ul>\t\t\t<\/nav>\n\t\t\t\t\t\t<\/div>\n\t\t\t\t<\/div>\n\t\t\t\t\t<\/div>\n\t\t<\/div>\n\t\t\t\t\t<\/div>\n\t\t<\/section>\n\t\t\t\t<\/div>\n\t\t","protected":false},"excerpt":{"rendered":"<p>Tasa-arvo kasvatuksessa F\u00f6r\u00e4ndringsarbete kr\u00e4ver m\u00e5l och konkreta \u00e5tg\u00e4rder f\u00f6r att n\u00e5 dit. Daghemmet beh\u00f6ver utveckla en j\u00e4mst\u00e4lldhetsplan och grunda en grupp som st\u00f6der f\u00f6rverkligandet av arbetet.&nbsp; J\u00e4mst\u00e4lldhetsplanen omfattar en rapport som beskriver j\u00e4mst\u00e4lldhetssituationen inom daghemmet och p\u00e5 basen av den fastst\u00e4lls \u00e5tg\u00e4rder f\u00f6r att fr\u00e4mja j\u00e4mst\u00e4lldhet och utv\u00e4rderingar av tidigare planerade \u00e5tg\u00e4rder och dess resultat.&nbsp; [&hellip;]<\/p>\n","protected":false},"author":5,"featured_media":0,"parent":0,"menu_order":0,"comment_status":"closed","ping_status":"closed","template":"","meta":{"footnotes":""},"class_list":["post-5761","page","type-page","status-publish","hentry"],"_links":{"self":[{"href":"https:\/\/tasa-arvokasvatuksessa.fi\/sv\/wp-json\/wp\/v2\/pages\/5761","targetHints":{"allow":["GET"]}}],"collection":[{"href":"https:\/\/tasa-arvokasvatuksessa.fi\/sv\/wp-json\/wp\/v2\/pages"}],"about":[{"href":"https:\/\/tasa-arvokasvatuksessa.fi\/sv\/wp-json\/wp\/v2\/types\/page"}],"author":[{"embeddable":true,"href":"https:\/\/tasa-arvokasvatuksessa.fi\/sv\/wp-json\/wp\/v2\/users\/5"}],"replies":[{"embeddable":true,"href":"https:\/\/tasa-arvokasvatuksessa.fi\/sv\/wp-json\/wp\/v2\/comments?post=5761"}],"version-history":[{"count":45,"href":"https:\/\/tasa-arvokasvatuksessa.fi\/sv\/wp-json\/wp\/v2\/pages\/5761\/revisions"}],"predecessor-version":[{"id":8942,"href":"https:\/\/tasa-arvokasvatuksessa.fi\/sv\/wp-json\/wp\/v2\/pages\/5761\/revisions\/8942"}],"wp:attachment":[{"href":"https:\/\/tasa-arvokasvatuksessa.fi\/sv\/wp-json\/wp\/v2\/media?parent=5761"}],"curies":[{"name":"wp","href":"https:\/\/api.w.org\/{rel}","templated":true}]}}