{"id":5784,"date":"2021-12-09T14:35:03","date_gmt":"2021-12-09T14:35:03","guid":{"rendered":"https:\/\/tasa-arvokasvatuksessa.fi\/?page_id=5784"},"modified":"2022-02-22T08:42:47","modified_gmt":"2022-02-22T08:42:47","slug":"klasslarare-verktygslada-lar-dig-begreppen","status":"publish","type":"page","link":"https:\/\/tasa-arvokasvatuksessa.fi\/sv\/klasslarare-verktygslada-lar-dig-begreppen\/","title":{"rendered":"L\u00e4r dig begreppen"},"content":{"rendered":"\t\t<div data-elementor-type=\"wp-page\" data-elementor-id=\"5784\" class=\"elementor elementor-5784 elementor-3707\" data-elementor-post-type=\"page\">\n\t\t\t\t\t\t<section class=\"elementor-section elementor-top-section elementor-element elementor-element-5456254f elementor-section-boxed elementor-section-height-default elementor-section-height-default\" data-id=\"5456254f\" data-element_type=\"section\">\n\t\t\t\t\t\t<div class=\"elementor-container elementor-column-gap-default\">\n\t\t\t\t\t<div class=\"elementor-column elementor-col-100 elementor-top-column elementor-element elementor-element-2ed25105\" data-id=\"2ed25105\" data-element_type=\"column\">\n\t\t\t<div class=\"elementor-widget-wrap elementor-element-populated\">\n\t\t\t\t\t\t<div class=\"elementor-element elementor-element-54f3654e elementor-widget elementor-widget-theme-site-title elementor-widget-heading\" data-id=\"54f3654e\" data-element_type=\"widget\" data-widget_type=\"theme-site-title.default\">\n\t\t\t\t<div class=\"elementor-widget-container\">\n\t\t\t\t\t<h2 class=\"elementor-heading-title elementor-size-default\"><a href=\"https:\/\/tasa-arvokasvatuksessa.fi\/sv\/\">J\u00e4mst\u00e4lldhet i l\u00e4rande\n<\/a><\/h2>\t\t\t\t<\/div>\n\t\t\t\t<\/div>\n\t\t\t\t<div class=\"elementor-element elementor-element-5260029 elementor-nav-menu--dropdown-none elementor-widget elementor-widget-global elementor-global-5442 elementor-widget-nav-menu\" data-id=\"5260029\" data-element_type=\"widget\" id=\"subheader-green\" data-settings=\"{&quot;submenu_icon&quot;:{&quot;value&quot;:&quot;&quot;,&quot;library&quot;:&quot;&quot;},&quot;layout&quot;:&quot;horizontal&quot;}\" data-widget_type=\"nav-menu.default\">\n\t\t\t\t<div class=\"elementor-widget-container\">\n\t\t\t\t\t\t\t\t<nav aria-label=\"Meny\" class=\"elementor-nav-menu--main elementor-nav-menu__container elementor-nav-menu--layout-horizontal e--pointer-none\">\n\t\t\t\t<ul id=\"menu-1-5260029\" class=\"elementor-nav-menu\"><li class=\"menu-item menu-item-type-post_type menu-item-object-page menu-item-6624\"><a href=\"https:\/\/tasa-arvokasvatuksessa.fi\/sv\/klasslarare\/\" class=\"elementor-item\">Klassl\u00e4rare<\/a><\/li>\n<li class=\"menu-item menu-item-type-post_type menu-item-object-page menu-item-6625\"><a href=\"https:\/\/tasa-arvokasvatuksessa.fi\/sv\/klasslarare-testa-dig-sjalv-klasslarare\/\" class=\"elementor-item\">Testa dig sj\u00e4lv<\/a><\/li>\n<li class=\"menu-item menu-item-type-post_type menu-item-object-page menu-item-6626\"><a href=\"https:\/\/tasa-arvokasvatuksessa.fi\/sv\/klasslarare-verktygslada\/\" class=\"elementor-item\">Verktygsl\u00e5da<\/a><\/li>\n<\/ul>\t\t\t<\/nav>\n\t\t\t\t\t\t<nav class=\"elementor-nav-menu--dropdown elementor-nav-menu__container\" aria-hidden=\"true\">\n\t\t\t\t<ul id=\"menu-2-5260029\" class=\"elementor-nav-menu\"><li class=\"menu-item menu-item-type-post_type menu-item-object-page menu-item-6624\"><a href=\"https:\/\/tasa-arvokasvatuksessa.fi\/sv\/klasslarare\/\" class=\"elementor-item\" tabindex=\"-1\">Klassl\u00e4rare<\/a><\/li>\n<li class=\"menu-item menu-item-type-post_type menu-item-object-page menu-item-6625\"><a href=\"https:\/\/tasa-arvokasvatuksessa.fi\/sv\/klasslarare-testa-dig-sjalv-klasslarare\/\" class=\"elementor-item\" tabindex=\"-1\">Testa dig sj\u00e4lv<\/a><\/li>\n<li class=\"menu-item menu-item-type-post_type menu-item-object-page menu-item-6626\"><a href=\"https:\/\/tasa-arvokasvatuksessa.fi\/sv\/klasslarare-verktygslada\/\" class=\"elementor-item\" tabindex=\"-1\">Verktygsl\u00e5da<\/a><\/li>\n<\/ul>\t\t\t<\/nav>\n\t\t\t\t\t\t<\/div>\n\t\t\t\t<\/div>\n\t\t\t\t\t<\/div>\n\t\t<\/div>\n\t\t\t\t\t<\/div>\n\t\t<\/section>\n\t\t\t\t<section class=\"elementor-section elementor-top-section elementor-element elementor-element-2846629 elementor-section-boxed elementor-section-height-default elementor-section-height-default\" data-id=\"2846629\" data-element_type=\"section\" data-settings=\"{&quot;background_background&quot;:&quot;classic&quot;}\">\n\t\t\t\t\t\t<div class=\"elementor-container elementor-column-gap-default\">\n\t\t\t\t\t<div class=\"elementor-column elementor-col-66 elementor-top-column elementor-element elementor-element-213075a\" data-id=\"213075a\" data-element_type=\"column\">\n\t\t\t<div class=\"elementor-widget-wrap elementor-element-populated\">\n\t\t\t\t\t\t<div class=\"elementor-element elementor-element-41fc8c9 elementor-widget elementor-widget-text-editor\" data-id=\"41fc8c9\" data-element_type=\"widget\" data-widget_type=\"text-editor.default\">\n\t\t\t\t<div class=\"elementor-widget-container\">\n\t\t\t\t\t\t\t\t\t<p>Att fr\u00e4mja j\u00e4mst\u00e4lldhet f\u00f6ruts\u00e4tter att f\u00f6rdjupa sig i begrepp s\u00e5 att de fenomen som f\u00f6rekommer kan ben\u00e4mnas med ord och diskuteras om. I det h\u00e4r kapitlet har vi samlat diskussioner och funderingar kring n\u00e5gra centrala begrepp. Med hj\u00e4lp av dem kan du f\u00f6rdjupa din f\u00f6rst\u00e5else f\u00f6r vad j\u00e4mst\u00e4lldhetsarbete handlar om.<\/p>\t\t\t\t\t\t\t\t<\/div>\n\t\t\t\t<\/div>\n\t\t\t\t<div class=\"elementor-element elementor-element-a5e48f2 elementor-widget elementor-widget-image\" data-id=\"a5e48f2\" data-element_type=\"widget\" data-widget_type=\"image.default\">\n\t\t\t\t<div class=\"elementor-widget-container\">\n\t\t\t\t\t\t\t\t\t\t\t\t\t\t\t<img decoding=\"async\" src=\"https:\/\/tasa-arvokasvatuksessa.fi\/wp-content\/uploads\/elementor\/thumbs\/6-pgza7ms5omc3merki7ig17r69i9rylrpxz3zrt8eeu.png\" title=\"6\" alt=\"6\" loading=\"lazy\" \/>\t\t\t\t\t\t\t\t\t\t\t\t\t\t\t<\/div>\n\t\t\t\t<\/div>\n\t\t\t\t<div class=\"elementor-element elementor-element-a5ecf15 elementor-widget elementor-widget-text-editor\" data-id=\"a5ecf15\" data-element_type=\"widget\" data-widget_type=\"text-editor.default\">\n\t\t\t\t<div class=\"elementor-widget-container\">\n\t\t\t\t\t\t\t\t\t<h2><strong>Normkritiskt f\u00f6rh\u00e5llningss\u00e4tt i skolan<\/strong><\/h2><p>Ett normkritiskt f\u00f6rh\u00e5llningss\u00e4tt handlar om att k\u00e4nna igen och f\u00f6rst\u00e5 maktstrukturer; om att s\u00e4tta normen, snarare \u00e4n den som avviker, i fokus f\u00f6r att komma \u00e5t begr\u00e4nsande och uteslutande normer.\u00a0 I det h\u00e4r tillv\u00e4gag\u00e5ngss\u00e4ttet fokuserar vi allts\u00e5 p\u00e5 hur normer begr\u00e4nsar och utesluter. Normkritik \u00e4r ett viktigt verktyg i j\u00e4mst\u00e4lldhetsarbetet.<\/p><p><br \/>Normkritik \u00e4r utvecklat i Sverige f\u00f6r cirka 15 \u00e5r sedan. Det h\u00e4r f\u00f6rh\u00e5llningss\u00e4ttet har blivit mer vanligt \u00e4ven i Finland under de senaste \u00e5ren.\u00a0<\/p><p><br \/>I den h\u00e4r videon presenteras normkritik som pedagogik, f\u00f6rh\u00e5llningss\u00e4tt eller synvinkel.<\/p>\t\t\t\t\t\t\t\t<\/div>\n\t\t\t\t<\/div>\n\t\t\t\t<div class=\"elementor-element elementor-element-a3bb46b elementor-widget elementor-widget-video\" data-id=\"a3bb46b\" data-element_type=\"widget\" data-settings=\"{&quot;video_type&quot;:&quot;vimeo&quot;}\" data-widget_type=\"video.default\">\n\t\t\t\t<div class=\"elementor-widget-container\">\n\t\t\t\t\t\t\t<div class=\"elementor-wrapper elementor-open-inline\">\n\t\t\t<iframe class=\"elementor-video-iframe\" allowfullscreen allow=\"clipboard-write\" title=\"vimeo-videospelare\" src=\"https:\/\/player.vimeo.com\/video\/55467910?color&amp;autopause=0&amp;loop=0&amp;muted=0&amp;title=1&amp;portrait=1&amp;byline=1#t=\"><\/iframe>\t\t<\/div>\n\t\t\t\t\t\t<\/div>\n\t\t\t\t<\/div>\n\t\t\t\t<div class=\"elementor-element elementor-element-357d5ed vid-cred elementor-widget elementor-widget-accordion\" data-id=\"357d5ed\" data-element_type=\"widget\" data-widget_type=\"accordion.default\">\n\t\t\t\t<div class=\"elementor-widget-container\">\n\t\t\t\t\t\t\t<div class=\"elementor-accordion\">\n\t\t\t\t\t\t\t<div class=\"elementor-accordion-item\">\n\t\t\t\t\t<div id=\"elementor-tab-title-5601\" class=\"elementor-tab-title\" data-tab=\"1\" role=\"button\" aria-controls=\"elementor-tab-content-5601\" aria-expanded=\"false\">\n\t\t\t\t\t\t\t\t\t\t\t\t\t<span class=\"elementor-accordion-icon elementor-accordion-icon-left\" aria-hidden=\"true\">\n\t\t\t\t\t\t\t\t\t\t\t\t\t\t\t<span class=\"elementor-accordion-icon-closed\"><i class=\"fas fa-plus\"><\/i><\/span>\n\t\t\t\t\t\t\t\t<span class=\"elementor-accordion-icon-opened\"><i class=\"fas fa-minus\"><\/i><\/span>\n\t\t\t\t\t\t\t\t\t\t\t\t\t\t<\/span>\n\t\t\t\t\t\t\t\t\t\t\t\t<a class=\"elementor-accordion-title\" tabindex=\"0\">I videon medverkar<\/a>\n\t\t\t\t\t<\/div>\n\t\t\t\t\t<div id=\"elementor-tab-content-5601\" class=\"elementor-tab-content elementor-clearfix\" data-tab=\"1\" role=\"region\" aria-labelledby=\"elementor-tab-title-5601\"><p><span style=\"font-weight: 400;\">Mansikka, Jan-Erik \u2014 Universitetslektor i pedagogik, Helsingfors universitet, Helldorff, Malin \u2014 Utbildare Machofabrikens material, Gustavsson, Malin \u2014 J\u00e4mst\u00e4lldhets- och m\u00e5ngfaldskonsult, Ekvalita Ab, J\u00e4ms\u00e4, Juha \u2014 Verksamhetsledare, Sateenkaariperheet ry<\/span><\/p><\/div>\n\t\t\t\t<\/div>\n\t\t\t\t\t\t\t\t<\/div>\n\t\t\t\t\t\t<\/div>\n\t\t\t\t<\/div>\n\t\t\t\t<div class=\"elementor-element elementor-element-a6ddfc5 elementor-widget elementor-widget-text-editor\" data-id=\"a6ddfc5\" data-element_type=\"widget\" data-widget_type=\"text-editor.default\">\n\t\t\t\t<div class=\"elementor-widget-container\">\n\t\t\t\t\t\t\t\t\t<h3>Reflektionsfr\u00e5gor:<\/h3><ul><li>P\u00e5 vilket s\u00e4tt f\u00f6r\u00e4ndras sj\u00e4lva undervisningen med ett normkritiskt f\u00f6rh\u00e5llningss\u00e4tt och vad skulle det konkret betyda f\u00f6r din undervisning?<\/li><li>Vilka verktyg ger ett normkritiskt perspektiv f\u00f6r elevernas uppfattningar om vem de \u00e4r och hur de skulle bredda sin uppfattning om sig sj\u00e4lv?<\/li><\/ul><h3><strong>Terminologi<\/strong><\/h3><p>Bekanta dig med tips om hur du kan ta de centrala begreppen inom j\u00e4mst\u00e4lldhetsarbete till diskussion med kollegor.<\/p><p><a href=\"https:\/\/tasa-arvokasvatuksessa.fi\/wp-content\/uploads\/2022\/02\/2.1.2.-Jamstalldhetsbegrepp-i-skolan.pdf\">J\u00e4mst\u00e4lldhetsbegrepp i skolan.<\/a> (PDF).<\/p><p>Normer om k\u00f6n och sexualitet tas upp i MUFC:s (Myndigheten f\u00f6r ungdoms- och civilsamh\u00e4llesfr\u00e5gor) material \u00d6ppna skolan. Materialet finns p\u00e5 <a href=\"https:\/\/www.mucf.se\/publikationer\/oppna-skolan-hbtq-normer-inkludering\">MUFC:s hemsida.<\/a><\/p>\t\t\t\t\t\t\t\t<\/div>\n\t\t\t\t<\/div>\n\t\t\t\t\t<\/div>\n\t\t<\/div>\n\t\t\t\t<div class=\"elementor-column elementor-col-33 elementor-top-column elementor-element elementor-element-5b2725b\" data-id=\"5b2725b\" data-element_type=\"column\">\n\t\t\t<div class=\"elementor-widget-wrap elementor-element-populated\">\n\t\t\t\t\t\t<div class=\"elementor-element elementor-element-5669866 elementor-nav-menu--dropdown-none elementor-widget elementor-widget-global elementor-global-5330 elementor-widget-nav-menu\" data-id=\"5669866\" data-element_type=\"widget\" id=\"widget-green\" data-settings=\"{&quot;layout&quot;:&quot;vertical&quot;,&quot;submenu_icon&quot;:{&quot;value&quot;:&quot;&quot;,&quot;library&quot;:&quot;&quot;}}\" data-widget_type=\"nav-menu.default\">\n\t\t\t\t<div class=\"elementor-widget-container\">\n\t\t\t\t\t\t\t\t<nav aria-label=\"Meny\" class=\"elementor-nav-menu--main elementor-nav-menu__container elementor-nav-menu--layout-vertical e--pointer-none\">\n\t\t\t\t<ul id=\"menu-1-5669866\" class=\"elementor-nav-menu sm-vertical\"><li class=\"menu-item menu-item-type-post_type menu-item-object-page menu-item-5690\"><a href=\"https:\/\/tasa-arvokasvatuksessa.fi\/sv\/klasslarare-verktygslada-arbetet-borjar-med-oss\/\" class=\"elementor-item\">Arbetet b\u00f6rjar med oss<\/a><\/li>\n<li class=\"menu-item menu-item-type-post_type menu-item-object-page menu-item-6629\"><a href=\"https:\/\/tasa-arvokasvatuksessa.fi\/sv\/klasslarare-verktygslada-lar-dig-begreppen\/\" class=\"elementor-item\">L\u00e4r dig begreppen<\/a><\/li>\n<li class=\"menu-item menu-item-type-post_type menu-item-object-page menu-item-6630\"><a href=\"https:\/\/tasa-arvokasvatuksessa.fi\/sv\/klasslarare-verktygslada-konsstereotyper-i-skolan\/\" class=\"elementor-item\">K\u00f6nsstereotyper i skolan<\/a><\/li>\n<li class=\"menu-item menu-item-type-post_type menu-item-object-page menu-item-6631\"><a href=\"https:\/\/tasa-arvokasvatuksessa.fi\/sv\/klasslarare-verktygslada-fem-synvinklar-pa-skolans-jamstalldhetsarbete\/\" class=\"elementor-item\">Fem synvinklar p\u00e5 skolans j\u00e4mst\u00e4lldhetsarbete<\/a><\/li>\n<li class=\"menu-item menu-item-type-post_type menu-item-object-page menu-item-6632\"><a href=\"https:\/\/tasa-arvokasvatuksessa.fi\/sv\/klasslarare-verktygslada-skolans-jamstalldhetsplan\/\" class=\"elementor-item\">Skolans j\u00e4mst\u00e4lldhetsplan<\/a><\/li>\n<li class=\"menu-item menu-item-type-post_type menu-item-object-page menu-item-6633\"><a href=\"https:\/\/tasa-arvokasvatuksessa.fi\/sv\/klasslarare-verktygslada-samarbete\/\" class=\"elementor-item\">Samarbete<\/a><\/li>\n<li class=\"menu-item menu-item-type-post_type menu-item-object-page menu-item-5680\"><a href=\"https:\/\/tasa-arvokasvatuksessa.fi\/sv\/klasslarare-verktygslada-trakasserier-och-mobbning\/\" class=\"elementor-item\">Trakasserier och mobbning<\/a><\/li>\n<li class=\"menu-item menu-item-type-post_type menu-item-object-page menu-item-6634\"><a href=\"https:\/\/tasa-arvokasvatuksessa.fi\/sv\/klasslarare-verktygslada-lagstiftningen-och-avtal-som-stod\/\" class=\"elementor-item\">Lagstiftningen och avtal som st\u00f6d<\/a><\/li>\n<li class=\"menu-item menu-item-type-post_type menu-item-object-page menu-item-6635\"><a href=\"https:\/\/tasa-arvokasvatuksessa.fi\/sv\/klasslarare-verktygslada-lanktips\/\" class=\"elementor-item\">L\u00e4nktips<\/a><\/li>\n<\/ul>\t\t\t<\/nav>\n\t\t\t\t\t\t<nav class=\"elementor-nav-menu--dropdown elementor-nav-menu__container\" aria-hidden=\"true\">\n\t\t\t\t<ul id=\"menu-2-5669866\" class=\"elementor-nav-menu sm-vertical\"><li class=\"menu-item menu-item-type-post_type menu-item-object-page menu-item-5690\"><a href=\"https:\/\/tasa-arvokasvatuksessa.fi\/sv\/klasslarare-verktygslada-arbetet-borjar-med-oss\/\" class=\"elementor-item\" tabindex=\"-1\">Arbetet b\u00f6rjar med oss<\/a><\/li>\n<li class=\"menu-item menu-item-type-post_type menu-item-object-page menu-item-6629\"><a href=\"https:\/\/tasa-arvokasvatuksessa.fi\/sv\/klasslarare-verktygslada-lar-dig-begreppen\/\" class=\"elementor-item\" tabindex=\"-1\">L\u00e4r dig begreppen<\/a><\/li>\n<li class=\"menu-item menu-item-type-post_type menu-item-object-page menu-item-6630\"><a href=\"https:\/\/tasa-arvokasvatuksessa.fi\/sv\/klasslarare-verktygslada-konsstereotyper-i-skolan\/\" class=\"elementor-item\" tabindex=\"-1\">K\u00f6nsstereotyper i skolan<\/a><\/li>\n<li class=\"menu-item menu-item-type-post_type menu-item-object-page menu-item-6631\"><a href=\"https:\/\/tasa-arvokasvatuksessa.fi\/sv\/klasslarare-verktygslada-fem-synvinklar-pa-skolans-jamstalldhetsarbete\/\" class=\"elementor-item\" tabindex=\"-1\">Fem synvinklar p\u00e5 skolans j\u00e4mst\u00e4lldhetsarbete<\/a><\/li>\n<li class=\"menu-item menu-item-type-post_type menu-item-object-page menu-item-6632\"><a href=\"https:\/\/tasa-arvokasvatuksessa.fi\/sv\/klasslarare-verktygslada-skolans-jamstalldhetsplan\/\" class=\"elementor-item\" tabindex=\"-1\">Skolans j\u00e4mst\u00e4lldhetsplan<\/a><\/li>\n<li class=\"menu-item menu-item-type-post_type menu-item-object-page menu-item-6633\"><a href=\"https:\/\/tasa-arvokasvatuksessa.fi\/sv\/klasslarare-verktygslada-samarbete\/\" class=\"elementor-item\" tabindex=\"-1\">Samarbete<\/a><\/li>\n<li class=\"menu-item menu-item-type-post_type menu-item-object-page menu-item-5680\"><a href=\"https:\/\/tasa-arvokasvatuksessa.fi\/sv\/klasslarare-verktygslada-trakasserier-och-mobbning\/\" class=\"elementor-item\" tabindex=\"-1\">Trakasserier och mobbning<\/a><\/li>\n<li class=\"menu-item menu-item-type-post_type menu-item-object-page menu-item-6634\"><a href=\"https:\/\/tasa-arvokasvatuksessa.fi\/sv\/klasslarare-verktygslada-lagstiftningen-och-avtal-som-stod\/\" class=\"elementor-item\" tabindex=\"-1\">Lagstiftningen och avtal som st\u00f6d<\/a><\/li>\n<li class=\"menu-item menu-item-type-post_type menu-item-object-page menu-item-6635\"><a href=\"https:\/\/tasa-arvokasvatuksessa.fi\/sv\/klasslarare-verktygslada-lanktips\/\" class=\"elementor-item\" tabindex=\"-1\">L\u00e4nktips<\/a><\/li>\n<\/ul>\t\t\t<\/nav>\n\t\t\t\t\t\t<\/div>\n\t\t\t\t<\/div>\n\t\t\t\t\t<\/div>\n\t\t<\/div>\n\t\t\t\t\t<\/div>\n\t\t<\/section>\n\t\t\t\t<\/div>\n\t\t","protected":false},"excerpt":{"rendered":"<p>Att fr\u00e4mja j\u00e4mst\u00e4lldhet f\u00f6ruts\u00e4tter att f\u00f6rdjupa sig i begrepp s\u00e5 att de fenomen som f\u00f6rekommer kan ben\u00e4mnas med ord och diskuteras om. I det h\u00e4r kapitlet har vi samlat diskussioner och funderingar kring n\u00e5gra centrala begrepp. Med hj\u00e4lp av dem kan du f\u00f6rdjupa din f\u00f6rst\u00e5else f\u00f6r vad j\u00e4mst\u00e4lldhetsarbete handlar om. Normkritiskt f\u00f6rh\u00e5llningss\u00e4tt i skolan Ett [&hellip;]<\/p>\n","protected":false},"author":5,"featured_media":0,"parent":0,"menu_order":0,"comment_status":"closed","ping_status":"closed","template":"","meta":{"footnotes":""},"class_list":["post-5784","page","type-page","status-publish","hentry"],"_links":{"self":[{"href":"https:\/\/tasa-arvokasvatuksessa.fi\/sv\/wp-json\/wp\/v2\/pages\/5784","targetHints":{"allow":["GET"]}}],"collection":[{"href":"https:\/\/tasa-arvokasvatuksessa.fi\/sv\/wp-json\/wp\/v2\/pages"}],"about":[{"href":"https:\/\/tasa-arvokasvatuksessa.fi\/sv\/wp-json\/wp\/v2\/types\/page"}],"author":[{"embeddable":true,"href":"https:\/\/tasa-arvokasvatuksessa.fi\/sv\/wp-json\/wp\/v2\/users\/5"}],"replies":[{"embeddable":true,"href":"https:\/\/tasa-arvokasvatuksessa.fi\/sv\/wp-json\/wp\/v2\/comments?post=5784"}],"version-history":[{"count":34,"href":"https:\/\/tasa-arvokasvatuksessa.fi\/sv\/wp-json\/wp\/v2\/pages\/5784\/revisions"}],"predecessor-version":[{"id":8195,"href":"https:\/\/tasa-arvokasvatuksessa.fi\/sv\/wp-json\/wp\/v2\/pages\/5784\/revisions\/8195"}],"wp:attachment":[{"href":"https:\/\/tasa-arvokasvatuksessa.fi\/sv\/wp-json\/wp\/v2\/media?parent=5784"}],"curies":[{"name":"wp","href":"https:\/\/api.w.org\/{rel}","templated":true}]}}