{"id":5793,"date":"2021-12-09T14:42:00","date_gmt":"2021-12-09T14:42:00","guid":{"rendered":"https:\/\/tasa-arvokasvatuksessa.fi\/?page_id=5793"},"modified":"2022-02-22T08:46:19","modified_gmt":"2022-02-22T08:46:19","slug":"klasslarare-verktygslada-konsstereotyper-i-skolan","status":"publish","type":"page","link":"https:\/\/tasa-arvokasvatuksessa.fi\/sv\/klasslarare-verktygslada-konsstereotyper-i-skolan\/","title":{"rendered":"K\u00f6nsstereotyper i skolan"},"content":{"rendered":"\t\t<div data-elementor-type=\"wp-page\" data-elementor-id=\"5793\" class=\"elementor elementor-5793 elementor-3705\" data-elementor-post-type=\"page\">\n\t\t\t\t\t\t<section class=\"elementor-section elementor-top-section elementor-element elementor-element-5456254f elementor-section-boxed elementor-section-height-default elementor-section-height-default\" data-id=\"5456254f\" data-element_type=\"section\">\n\t\t\t\t\t\t<div class=\"elementor-container elementor-column-gap-default\">\n\t\t\t\t\t<div class=\"elementor-column elementor-col-100 elementor-top-column elementor-element elementor-element-2ed25105\" data-id=\"2ed25105\" data-element_type=\"column\">\n\t\t\t<div class=\"elementor-widget-wrap elementor-element-populated\">\n\t\t\t\t\t\t<div class=\"elementor-element elementor-element-54f3654e elementor-widget elementor-widget-theme-site-title elementor-widget-heading\" data-id=\"54f3654e\" data-element_type=\"widget\" data-widget_type=\"theme-site-title.default\">\n\t\t\t\t<div class=\"elementor-widget-container\">\n\t\t\t\t\t<h2 class=\"elementor-heading-title elementor-size-default\"><a href=\"https:\/\/tasa-arvokasvatuksessa.fi\/sv\/\">J\u00e4mst\u00e4lldhet i l\u00e4rande\n<\/a><\/h2>\t\t\t\t<\/div>\n\t\t\t\t<\/div>\n\t\t\t\t<div class=\"elementor-element elementor-element-19414ce elementor-nav-menu--dropdown-none elementor-widget elementor-widget-global elementor-global-5442 elementor-widget-nav-menu\" data-id=\"19414ce\" data-element_type=\"widget\" id=\"subheader-green\" data-settings=\"{&quot;submenu_icon&quot;:{&quot;value&quot;:&quot;&quot;,&quot;library&quot;:&quot;&quot;},&quot;layout&quot;:&quot;horizontal&quot;}\" data-widget_type=\"nav-menu.default\">\n\t\t\t\t<div class=\"elementor-widget-container\">\n\t\t\t\t\t\t\t\t<nav aria-label=\"Meny\" class=\"elementor-nav-menu--main elementor-nav-menu__container elementor-nav-menu--layout-horizontal e--pointer-none\">\n\t\t\t\t<ul id=\"menu-1-19414ce\" class=\"elementor-nav-menu\"><li class=\"menu-item menu-item-type-post_type menu-item-object-page menu-item-6624\"><a href=\"https:\/\/tasa-arvokasvatuksessa.fi\/sv\/klasslarare\/\" class=\"elementor-item\">Klassl\u00e4rare<\/a><\/li>\n<li class=\"menu-item menu-item-type-post_type menu-item-object-page menu-item-6625\"><a href=\"https:\/\/tasa-arvokasvatuksessa.fi\/sv\/klasslarare-testa-dig-sjalv-klasslarare\/\" class=\"elementor-item\">Testa dig sj\u00e4lv<\/a><\/li>\n<li class=\"menu-item menu-item-type-post_type menu-item-object-page menu-item-6626\"><a href=\"https:\/\/tasa-arvokasvatuksessa.fi\/sv\/klasslarare-verktygslada\/\" class=\"elementor-item\">Verktygsl\u00e5da<\/a><\/li>\n<\/ul>\t\t\t<\/nav>\n\t\t\t\t\t\t<nav class=\"elementor-nav-menu--dropdown elementor-nav-menu__container\" aria-hidden=\"true\">\n\t\t\t\t<ul id=\"menu-2-19414ce\" class=\"elementor-nav-menu\"><li class=\"menu-item menu-item-type-post_type menu-item-object-page menu-item-6624\"><a href=\"https:\/\/tasa-arvokasvatuksessa.fi\/sv\/klasslarare\/\" class=\"elementor-item\" tabindex=\"-1\">Klassl\u00e4rare<\/a><\/li>\n<li class=\"menu-item menu-item-type-post_type menu-item-object-page menu-item-6625\"><a href=\"https:\/\/tasa-arvokasvatuksessa.fi\/sv\/klasslarare-testa-dig-sjalv-klasslarare\/\" class=\"elementor-item\" tabindex=\"-1\">Testa dig sj\u00e4lv<\/a><\/li>\n<li class=\"menu-item menu-item-type-post_type menu-item-object-page menu-item-6626\"><a href=\"https:\/\/tasa-arvokasvatuksessa.fi\/sv\/klasslarare-verktygslada\/\" class=\"elementor-item\" tabindex=\"-1\">Verktygsl\u00e5da<\/a><\/li>\n<\/ul>\t\t\t<\/nav>\n\t\t\t\t\t\t<\/div>\n\t\t\t\t<\/div>\n\t\t\t\t\t<\/div>\n\t\t<\/div>\n\t\t\t\t\t<\/div>\n\t\t<\/section>\n\t\t\t\t<section class=\"elementor-section elementor-top-section elementor-element elementor-element-2846629 elementor-section-boxed elementor-section-height-default elementor-section-height-default\" data-id=\"2846629\" data-element_type=\"section\" data-settings=\"{&quot;background_background&quot;:&quot;classic&quot;}\">\n\t\t\t\t\t\t<div class=\"elementor-container elementor-column-gap-default\">\n\t\t\t\t\t<div class=\"elementor-column elementor-col-66 elementor-top-column elementor-element elementor-element-213075a\" data-id=\"213075a\" data-element_type=\"column\">\n\t\t\t<div class=\"elementor-widget-wrap elementor-element-populated\">\n\t\t\t\t\t\t<div class=\"elementor-element elementor-element-95d795a elementor-widget elementor-widget-text-editor\" data-id=\"95d795a\" data-element_type=\"widget\" data-widget_type=\"text-editor.default\">\n\t\t\t\t<div class=\"elementor-widget-container\">\n\t\t\t\t\t\t\t\t\t<p>J\u00e4mst\u00e4lldhetsarbete handlar om att bryta f\u00f6rlegade f\u00f6rest\u00e4llningar och ifr\u00e5gas\u00e4tta normer som begr\u00e4nsar eleverna att v\u00e4xa och utvecklas enligt sin egen potential. En av de \u00e5terkommande uppgifterna \u00e4r att utmana och bryta k\u00f6nade normer p\u00e5 skolan.<\/p><p><span style=\"letter-spacing: 0px;\">Vi blir alla p\u00e5verkade av det heteronormativa tankes\u00e4ttet enligt vilket det existerar endast tv\u00e5 k\u00f6n (kvinna\/man). Heteronormativitet inneb\u00e4r \u00e4ven att kvinnor och flickor f\u00f6rv\u00e4ntas vara feminina och att de ska uttrycka sin femininitet p\u00e5 ett visst s\u00e4tt, medan m\u00e4n och pojkar f\u00f6rv\u00e4ntas vara maskulina och att de ska uttrycka sin maskulinitet p\u00e5 ett visst s\u00e4tt. P\u00e5 grund av det h\u00e4r har vi olika, b\u00e5de medvetna och omedvetna f\u00f6rv\u00e4ntningar p\u00e5 flickor och pojkar om hur de ska vara och bete sig, klara sig i skolan, v\u00e4lja sina skol\u00e4mnen och hurdant spr\u00e5k de ska anv\u00e4nda.<\/span><\/p>\t\t\t\t\t\t\t\t<\/div>\n\t\t\t\t<\/div>\n\t\t\t\t<div class=\"elementor-element elementor-element-1d1f6b6 elementor-widget elementor-widget-image\" data-id=\"1d1f6b6\" data-element_type=\"widget\" data-widget_type=\"image.default\">\n\t\t\t\t<div class=\"elementor-widget-container\">\n\t\t\t\t\t\t\t\t\t\t\t\t\t\t\t<img fetchpriority=\"high\" decoding=\"async\" width=\"800\" height=\"698\" src=\"https:\/\/tasa-arvokasvatuksessa.fi\/wp-content\/uploads\/2021\/11\/9-1024x894.png\" class=\"attachment-large size-large wp-image-4166\" alt=\"\" srcset=\"https:\/\/tasa-arvokasvatuksessa.fi\/wp-content\/uploads\/2021\/11\/9-1024x894.png 1024w, https:\/\/tasa-arvokasvatuksessa.fi\/wp-content\/uploads\/2021\/11\/9-300x262.png 300w, https:\/\/tasa-arvokasvatuksessa.fi\/wp-content\/uploads\/2021\/11\/9-768x670.png 768w, https:\/\/tasa-arvokasvatuksessa.fi\/wp-content\/uploads\/2021\/11\/9.png 1146w\" sizes=\"(max-width: 800px) 100vw, 800px\" \/>\t\t\t\t\t\t\t\t\t\t\t\t\t\t\t<\/div>\n\t\t\t\t<\/div>\n\t\t\t\t<div class=\"elementor-element elementor-element-a5ecf15 elementor-widget elementor-widget-text-editor\" data-id=\"a5ecf15\" data-element_type=\"widget\" data-widget_type=\"text-editor.default\">\n\t\t\t\t<div class=\"elementor-widget-container\">\n\t\t\t\t\t\t\t\t\t<p>Heteronormativitet handlar \u00e4ven om att alla f\u00f6rv\u00e4ntas vara heterosexuella och att mellanm\u00e4nskliga relationer ska vara p\u00e5 ett visst s\u00e4tt. D\u00e4rf\u00f6r \u00e4r det sv\u00e5rt att i j\u00e4mst\u00e4lldhetsarbete fokusera endast p\u00e5 k\u00f6n och k\u00f6nsminoriteter &#8211; k\u00f6nsnormer \u00e4r ofta kopplade till sexualitet.<\/p><p><br \/>Det heteronormativa t\u00e4nket syns p\u00e5 m\u00e5nga olika s\u00e4tt i skolans vardag. Det h\u00e4r kommer fram till exempel i undervisningsmaterialen d\u00e5 vi funderar p\u00e5 vem som syns i dem och vad de g\u00f6r i dem (grundar en familj, k\u00f6per ett hus). Ett annat exempel p\u00e5 heteronormativitet \u00e4r praktiker d\u00e4r eleverna delas in i flick-\/pojkgrupper, utan att vi t\u00e4nker p\u00e5 att vi kanske k\u00f6nar n\u00e5gon elev fel eller att ickebin\u00e4ra och transk\u00f6nade elever kan uppleva en s\u00e5dan indelning som obekv\u00e4m.<\/p><h2><strong>Hur?<\/strong><\/h2><p>K\u00f6nsstereotyper syns i skolans vardag. I den h\u00e4r videon lyfts det fram p\u00e5 vilket s\u00e4tt k\u00f6n \u00e4r n\u00e4rvarande i skolan och varf\u00f6r det \u00e4r bra att vara medveten om det.<\/p>\t\t\t\t\t\t\t\t<\/div>\n\t\t\t\t<\/div>\n\t\t\t\t<div class=\"elementor-element elementor-element-abf1d1a elementor-widget elementor-widget-video\" data-id=\"abf1d1a\" data-element_type=\"widget\" data-settings=\"{&quot;video_type&quot;:&quot;vimeo&quot;}\" data-widget_type=\"video.default\">\n\t\t\t\t<div class=\"elementor-widget-container\">\n\t\t\t\t\t\t\t<div class=\"elementor-wrapper elementor-open-inline\">\n\t\t\t<iframe class=\"elementor-video-iframe\" allowfullscreen allow=\"clipboard-write\" title=\"vimeo-videospelare\" src=\"https:\/\/player.vimeo.com\/video\/55466655?color&amp;autopause=0&amp;loop=0&amp;muted=0&amp;title=1&amp;portrait=1&amp;byline=1#t=\"><\/iframe>\t\t<\/div>\n\t\t\t\t\t\t<\/div>\n\t\t\t\t<\/div>\n\t\t\t\t<div class=\"elementor-element elementor-element-e08c1a3 vid-cred elementor-widget elementor-widget-accordion\" data-id=\"e08c1a3\" data-element_type=\"widget\" data-widget_type=\"accordion.default\">\n\t\t\t\t<div class=\"elementor-widget-container\">\n\t\t\t\t\t\t\t<div class=\"elementor-accordion\">\n\t\t\t\t\t\t\t<div class=\"elementor-accordion-item\">\n\t\t\t\t\t<div id=\"elementor-tab-title-2351\" class=\"elementor-tab-title\" data-tab=\"1\" role=\"button\" aria-controls=\"elementor-tab-content-2351\" aria-expanded=\"false\">\n\t\t\t\t\t\t\t\t\t\t\t\t\t<span class=\"elementor-accordion-icon elementor-accordion-icon-left\" aria-hidden=\"true\">\n\t\t\t\t\t\t\t\t\t\t\t\t\t\t\t<span class=\"elementor-accordion-icon-closed\"><i class=\"fas fa-plus\"><\/i><\/span>\n\t\t\t\t\t\t\t\t<span class=\"elementor-accordion-icon-opened\"><i class=\"fas fa-minus\"><\/i><\/span>\n\t\t\t\t\t\t\t\t\t\t\t\t\t\t<\/span>\n\t\t\t\t\t\t\t\t\t\t\t\t<a class=\"elementor-accordion-title\" tabindex=\"0\">I videon medverkar<\/a>\n\t\t\t\t\t<\/div>\n\t\t\t\t\t<div id=\"elementor-tab-content-2351\" class=\"elementor-tab-content elementor-clearfix\" data-tab=\"1\" role=\"region\" aria-labelledby=\"elementor-tab-title-2351\"><p><span style=\"font-weight: 400;\">Ter\u00e4s, Leena \u2014 Projektledare, forskare (Oulun yliopisto), verkst\u00e4llande direkt\u00f6r (SINNI Oy), Isaksson, Bernt \u2014 Rektor, Vikinga\u00e5sens skola,Pietil\u00e4, Penni \u2014 L\u00e4rare i modersm\u00e5l och litteratur, Ik\u00e4valko, Elina \u2014 pol.mag, doktorand, Griffis, Larrie \u2014 L\u00e4rare inom sm\u00e5barnspedagogik, Smedsby daghem <\/span><\/p><\/div>\n\t\t\t\t<\/div>\n\t\t\t\t\t\t\t\t<\/div>\n\t\t\t\t\t\t<\/div>\n\t\t\t\t<\/div>\n\t\t\t\t<div class=\"elementor-element elementor-element-61a1575 elementor-widget elementor-widget-text-editor\" data-id=\"61a1575\" data-element_type=\"widget\" data-widget_type=\"text-editor.default\">\n\t\t\t\t<div class=\"elementor-widget-container\">\n\t\t\t\t\t\t\t\t\t<p>Det \u00e4r i princip om\u00f6jligt att inte ber\u00f6ra j\u00e4mst\u00e4lldhet, utan att \u00e4ven ber\u00f6ra fr\u00e5gor om sexualitet. Detta beror p\u00e5 att k\u00f6n och sexualitet \u00e4r t\u00e4tt sammanfl\u00e4tade begrepp och h\u00e4nger ihop med hur vi f\u00f6rst\u00e5r k\u00f6n. Bland annat detta diskuteras i f\u00f6ljande video:<\/p>\t\t\t\t\t\t\t\t<\/div>\n\t\t\t\t<\/div>\n\t\t\t\t<div class=\"elementor-element elementor-element-606ef32 elementor-widget elementor-widget-video\" data-id=\"606ef32\" data-element_type=\"widget\" data-settings=\"{&quot;video_type&quot;:&quot;vimeo&quot;}\" data-widget_type=\"video.default\">\n\t\t\t\t<div class=\"elementor-widget-container\">\n\t\t\t\t\t\t\t<div class=\"elementor-wrapper elementor-open-inline\">\n\t\t\t<iframe class=\"elementor-video-iframe\" allowfullscreen allow=\"clipboard-write\" title=\"vimeo-videospelare\" src=\"https:\/\/player.vimeo.com\/video\/55463079?color&amp;autopause=0&amp;loop=0&amp;muted=0&amp;title=1&amp;portrait=1&amp;byline=1#t=\"><\/iframe>\t\t<\/div>\n\t\t\t\t\t\t<\/div>\n\t\t\t\t<\/div>\n\t\t\t\t<div class=\"elementor-element elementor-element-21432f1 vid-cred elementor-widget elementor-widget-accordion\" data-id=\"21432f1\" data-element_type=\"widget\" data-widget_type=\"accordion.default\">\n\t\t\t\t<div class=\"elementor-widget-container\">\n\t\t\t\t\t\t\t<div class=\"elementor-accordion\">\n\t\t\t\t\t\t\t<div class=\"elementor-accordion-item\">\n\t\t\t\t\t<div id=\"elementor-tab-title-3481\" class=\"elementor-tab-title\" data-tab=\"1\" role=\"button\" aria-controls=\"elementor-tab-content-3481\" aria-expanded=\"false\">\n\t\t\t\t\t\t\t\t\t\t\t\t\t<span class=\"elementor-accordion-icon elementor-accordion-icon-left\" aria-hidden=\"true\">\n\t\t\t\t\t\t\t\t\t\t\t\t\t\t\t<span class=\"elementor-accordion-icon-closed\"><i class=\"fas fa-plus\"><\/i><\/span>\n\t\t\t\t\t\t\t\t<span class=\"elementor-accordion-icon-opened\"><i class=\"fas fa-minus\"><\/i><\/span>\n\t\t\t\t\t\t\t\t\t\t\t\t\t\t<\/span>\n\t\t\t\t\t\t\t\t\t\t\t\t<a class=\"elementor-accordion-title\" tabindex=\"0\">I videon medverkar<\/a>\n\t\t\t\t\t<\/div>\n\t\t\t\t\t<div id=\"elementor-tab-content-3481\" class=\"elementor-tab-content elementor-clearfix\" data-tab=\"1\" role=\"region\" aria-labelledby=\"elementor-tab-title-3481\"><p><span style=\"font-weight: 400;\">Lehtonen, Jukka \u2014 Docent i utbildningssociologi, Helsingfors universitet, Friman, Gerts \u2014 Rektor, Kyrkby h\u00f6gstadieskola, Helldorff, Malin \u2014 Utbildare Machofabrikens material, Isaksson, Bernt \u2014 Rektor, Vikinga\u00e5sens skola, Enkvist, Eira \u2014 L\u00e4rare i bildkonst, Svenska samskolan i Tammerfors, Rundgren, Anita \u2014 Kurator, Svenska samskolan i Tammerfors, Tanhuanp\u00e4\u00e4, Marika \u2014 L\u00e4rare i gymnastik och h\u00e4lsokunskap, Svenska samskolan i Tammerfors, Kotkamaa, Joonas \u2014 L\u00e4rare i historia och samh\u00e4llskunskap, Svenska samskolan i Tammerfors<\/span><\/p><\/div>\n\t\t\t\t<\/div>\n\t\t\t\t\t\t\t\t<\/div>\n\t\t\t\t\t\t<\/div>\n\t\t\t\t<\/div>\n\t\t\t\t<div class=\"elementor-element elementor-element-3eb12e9 elementor-widget elementor-widget-text-editor\" data-id=\"3eb12e9\" data-element_type=\"widget\" data-widget_type=\"text-editor.default\">\n\t\t\t\t<div class=\"elementor-widget-container\">\n\t\t\t\t\t\t\t\t\t<h3><strong>Reflektionsfr\u00e5gor:<\/strong><\/h3><ul><li>Vilken av denna argumentationsretorik (k\u00f6nsneutralitet, olika behov eller manliga l\u00e4rare) hittas i din skola och hur ser de ut?<\/li><li>Hur kunde man bem\u00f6ta ovann\u00e4mnda retorik?<\/li><\/ul><h3>Ifr\u00e5gas\u00e4ttande av heteronormativa uttryck<\/h3><p>Den h\u00e4r videon inneh\u00e5ller reflektioner kring hur en enskild l\u00e4rare eller kolleger gemensamt kan integrera ett k\u00f6nsperspektiv och normkritik i undervisningen. I videon ifr\u00e5gas\u00e4tts uppfattningen om k\u00f6nsneutrala l\u00e4ro\u00e4mnens existens, reflekteras kring oj\u00e4mst\u00e4llt bem\u00f6tande hos l\u00e4rare och elever, men ocks\u00e5 kring vilka teman som lyfts fram och inte lyfts fram i undervisningen, avsaknad av kunskap om heteronormativitet och hur detta kan motverkas.<\/p>\t\t\t\t\t\t\t\t<\/div>\n\t\t\t\t<\/div>\n\t\t\t\t<div class=\"elementor-element elementor-element-ac11854 elementor-widget elementor-widget-video\" data-id=\"ac11854\" data-element_type=\"widget\" data-settings=\"{&quot;video_type&quot;:&quot;vimeo&quot;}\" data-widget_type=\"video.default\">\n\t\t\t\t<div class=\"elementor-widget-container\">\n\t\t\t\t\t\t\t<div class=\"elementor-wrapper elementor-open-inline\">\n\t\t\t<iframe class=\"elementor-video-iframe\" allowfullscreen allow=\"clipboard-write\" title=\"vimeo-videospelare\" src=\"https:\/\/player.vimeo.com\/video\/55469641?color&amp;autopause=0&amp;loop=0&amp;muted=0&amp;title=1&amp;portrait=1&amp;byline=1#t=\"><\/iframe>\t\t<\/div>\n\t\t\t\t\t\t<\/div>\n\t\t\t\t<\/div>\n\t\t\t\t<div class=\"elementor-element elementor-element-f58cc12 vid-cred elementor-widget elementor-widget-accordion\" data-id=\"f58cc12\" data-element_type=\"widget\" data-widget_type=\"accordion.default\">\n\t\t\t\t<div class=\"elementor-widget-container\">\n\t\t\t\t\t\t\t<div class=\"elementor-accordion\">\n\t\t\t\t\t\t\t<div class=\"elementor-accordion-item\">\n\t\t\t\t\t<div id=\"elementor-tab-title-2571\" class=\"elementor-tab-title\" data-tab=\"1\" role=\"button\" aria-controls=\"elementor-tab-content-2571\" aria-expanded=\"false\">\n\t\t\t\t\t\t\t\t\t\t\t\t\t<span class=\"elementor-accordion-icon elementor-accordion-icon-left\" aria-hidden=\"true\">\n\t\t\t\t\t\t\t\t\t\t\t\t\t\t\t<span class=\"elementor-accordion-icon-closed\"><i class=\"fas fa-plus\"><\/i><\/span>\n\t\t\t\t\t\t\t\t<span class=\"elementor-accordion-icon-opened\"><i class=\"fas fa-minus\"><\/i><\/span>\n\t\t\t\t\t\t\t\t\t\t\t\t\t\t<\/span>\n\t\t\t\t\t\t\t\t\t\t\t\t<a class=\"elementor-accordion-title\" tabindex=\"0\">I videon medverkar<\/a>\n\t\t\t\t\t<\/div>\n\t\t\t\t\t<div id=\"elementor-tab-content-2571\" class=\"elementor-tab-content elementor-clearfix\" data-tab=\"1\" role=\"region\" aria-labelledby=\"elementor-tab-title-2571\"><p><span style=\"font-weight: 400;\">Alar\u00e4is\u00e4nen, Heli \u2014 Projektledare, Lapin Letka, Pietil\u00e4, Penni \u2014 L\u00e4rare i modersm\u00e5l och litteratur, Lehtonen, Jukka \u2014 Docent i utbildningssociologi, Helsingfors universitet, Ik\u00e4valko, Elina \u2014 VTM, doktorand, Gustavsson, Malin \u2014 J\u00e4mst\u00e4lldhets- och m\u00e5ngfaldskonsult, Ekvalita Ab, Isaksson, Bernt \u2014 Rektor, Vikinga\u00e5sens skola, Kotkamaa, Joonas \u2014 L\u00e4rare i historia och samh\u00e4llskunskap, Svenska samskolan i Tammerfors, Harju, Aino \u2014 Gymnasiestuderande, Karhu, Veera \u2014 Gymnasiestuderande, Helenius, Soile \u2014 Skolh\u00e4lsov\u00e5rdare, Sompion koulu<\/span><\/p><\/div>\n\t\t\t\t<\/div>\n\t\t\t\t\t\t\t\t<\/div>\n\t\t\t\t\t\t<\/div>\n\t\t\t\t<\/div>\n\t\t\t\t<div class=\"elementor-element elementor-element-637c4a2 elementor-widget elementor-widget-text-editor\" data-id=\"637c4a2\" data-element_type=\"widget\" data-widget_type=\"text-editor.default\">\n\t\t\t\t<div class=\"elementor-widget-container\">\n\t\t\t\t\t\t\t\t\t<p>Bekanta dig med v\u00e5r material kring hbtqi+ :\u00a0<\/p><p><a href=\"https:\/\/tasa-arvokasvatuksessa.fi\/wp-content\/uploads\/2022\/02\/Mer-mangfald-i-skolan-\u2014-kunskapshojning-kring-HBTQI-1.pdf\">Mer m\u00e5ngfald i skolan \u2014 kunskapsh\u00f6jning kring HBTQI+.<\/a>\u00a0(PDF).\u00a0<\/p>\t\t\t\t\t\t\t\t<\/div>\n\t\t\t\t<\/div>\n\t\t\t\t<div class=\"elementor-element elementor-element-942e32a elementor-widget elementor-widget-text-editor\" data-id=\"942e32a\" data-element_type=\"widget\" data-widget_type=\"text-editor.default\">\n\t\t\t\t<div class=\"elementor-widget-container\">\n\t\t\t\t\t\t\t\t\t<h3><strong>Reflektionsfr\u00e5gor:<\/strong><\/h3><ul><li>Har du kommit p\u00e5 dig sj\u00e4lv eller f\u00e5tt kommentarer av eleverna f\u00f6r att anv\u00e4nda k\u00f6nsstereotypa uttryck eller beskrivningar i undervisningssituationer? Om ja, hur gick det till? Om inte, p\u00e5 vilket s\u00e4tt kunde den h\u00e4r videon st\u00f6dja ett kritiskt granskade av ditt bem\u00f6tande?<\/li><li>Kommer du p\u00e5 exempel p\u00e5 hur du kunde \u201drekonstruera\u201d bilder eller ber\u00e4ttelser f\u00f6r att synligg\u00f6ra k\u00f6n och makt, likt exemplet i videon?<\/li><\/ul>\t\t\t\t\t\t\t\t<\/div>\n\t\t\t\t<\/div>\n\t\t\t\t\t<\/div>\n\t\t<\/div>\n\t\t\t\t<div class=\"elementor-column elementor-col-33 elementor-top-column elementor-element elementor-element-5b2725b\" data-id=\"5b2725b\" data-element_type=\"column\">\n\t\t\t<div class=\"elementor-widget-wrap elementor-element-populated\">\n\t\t\t\t\t\t<div class=\"elementor-element elementor-element-3c8ceb8 elementor-nav-menu--dropdown-none elementor-widget elementor-widget-nav-menu\" data-id=\"3c8ceb8\" data-element_type=\"widget\" id=\"widget-green\" data-settings=\"{&quot;layout&quot;:&quot;vertical&quot;,&quot;submenu_icon&quot;:{&quot;value&quot;:&quot;&lt;i class=\\&quot;\\&quot; aria-hidden=\\&quot;true\\&quot;&gt;&lt;\\\/i&gt;&quot;,&quot;library&quot;:&quot;&quot;}}\" data-widget_type=\"nav-menu.default\">\n\t\t\t\t<div class=\"elementor-widget-container\">\n\t\t\t\t\t\t\t\t<nav aria-label=\"Meny\" class=\"elementor-nav-menu--main elementor-nav-menu__container elementor-nav-menu--layout-vertical e--pointer-none\">\n\t\t\t\t<ul id=\"menu-1-3c8ceb8\" class=\"elementor-nav-menu sm-vertical\"><li class=\"menu-item menu-item-type-post_type menu-item-object-page menu-item-5690\"><a href=\"https:\/\/tasa-arvokasvatuksessa.fi\/sv\/klasslarare-verktygslada-arbetet-borjar-med-oss\/\" class=\"elementor-item\">Arbetet b\u00f6rjar med oss<\/a><\/li>\n<li class=\"menu-item menu-item-type-post_type menu-item-object-page menu-item-6629\"><a href=\"https:\/\/tasa-arvokasvatuksessa.fi\/sv\/klasslarare-verktygslada-lar-dig-begreppen\/\" class=\"elementor-item\">L\u00e4r dig begreppen<\/a><\/li>\n<li class=\"menu-item menu-item-type-post_type menu-item-object-page menu-item-6630\"><a href=\"https:\/\/tasa-arvokasvatuksessa.fi\/sv\/klasslarare-verktygslada-konsstereotyper-i-skolan\/\" class=\"elementor-item\">K\u00f6nsstereotyper i skolan<\/a><\/li>\n<li class=\"menu-item menu-item-type-post_type menu-item-object-page menu-item-6631\"><a href=\"https:\/\/tasa-arvokasvatuksessa.fi\/sv\/klasslarare-verktygslada-fem-synvinklar-pa-skolans-jamstalldhetsarbete\/\" class=\"elementor-item\">Fem synvinklar p\u00e5 skolans j\u00e4mst\u00e4lldhetsarbete<\/a><\/li>\n<li class=\"menu-item menu-item-type-post_type menu-item-object-page menu-item-6632\"><a href=\"https:\/\/tasa-arvokasvatuksessa.fi\/sv\/klasslarare-verktygslada-skolans-jamstalldhetsplan\/\" class=\"elementor-item\">Skolans j\u00e4mst\u00e4lldhetsplan<\/a><\/li>\n<li class=\"menu-item menu-item-type-post_type menu-item-object-page menu-item-6633\"><a href=\"https:\/\/tasa-arvokasvatuksessa.fi\/sv\/klasslarare-verktygslada-samarbete\/\" class=\"elementor-item\">Samarbete<\/a><\/li>\n<li class=\"menu-item menu-item-type-post_type menu-item-object-page menu-item-5680\"><a href=\"https:\/\/tasa-arvokasvatuksessa.fi\/sv\/klasslarare-verktygslada-trakasserier-och-mobbning\/\" class=\"elementor-item\">Trakasserier och mobbning<\/a><\/li>\n<li class=\"menu-item menu-item-type-post_type menu-item-object-page menu-item-6634\"><a href=\"https:\/\/tasa-arvokasvatuksessa.fi\/sv\/klasslarare-verktygslada-lagstiftningen-och-avtal-som-stod\/\" class=\"elementor-item\">Lagstiftningen och avtal som st\u00f6d<\/a><\/li>\n<li class=\"menu-item menu-item-type-post_type menu-item-object-page menu-item-6635\"><a href=\"https:\/\/tasa-arvokasvatuksessa.fi\/sv\/klasslarare-verktygslada-lanktips\/\" class=\"elementor-item\">L\u00e4nktips<\/a><\/li>\n<\/ul>\t\t\t<\/nav>\n\t\t\t\t\t\t<nav class=\"elementor-nav-menu--dropdown elementor-nav-menu__container\" aria-hidden=\"true\">\n\t\t\t\t<ul id=\"menu-2-3c8ceb8\" class=\"elementor-nav-menu sm-vertical\"><li class=\"menu-item menu-item-type-post_type menu-item-object-page menu-item-5690\"><a href=\"https:\/\/tasa-arvokasvatuksessa.fi\/sv\/klasslarare-verktygslada-arbetet-borjar-med-oss\/\" class=\"elementor-item\" tabindex=\"-1\">Arbetet b\u00f6rjar med oss<\/a><\/li>\n<li class=\"menu-item menu-item-type-post_type menu-item-object-page menu-item-6629\"><a href=\"https:\/\/tasa-arvokasvatuksessa.fi\/sv\/klasslarare-verktygslada-lar-dig-begreppen\/\" class=\"elementor-item\" tabindex=\"-1\">L\u00e4r dig begreppen<\/a><\/li>\n<li class=\"menu-item menu-item-type-post_type menu-item-object-page menu-item-6630\"><a href=\"https:\/\/tasa-arvokasvatuksessa.fi\/sv\/klasslarare-verktygslada-konsstereotyper-i-skolan\/\" class=\"elementor-item\" tabindex=\"-1\">K\u00f6nsstereotyper i skolan<\/a><\/li>\n<li class=\"menu-item menu-item-type-post_type menu-item-object-page menu-item-6631\"><a href=\"https:\/\/tasa-arvokasvatuksessa.fi\/sv\/klasslarare-verktygslada-fem-synvinklar-pa-skolans-jamstalldhetsarbete\/\" class=\"elementor-item\" tabindex=\"-1\">Fem synvinklar p\u00e5 skolans j\u00e4mst\u00e4lldhetsarbete<\/a><\/li>\n<li class=\"menu-item menu-item-type-post_type menu-item-object-page menu-item-6632\"><a href=\"https:\/\/tasa-arvokasvatuksessa.fi\/sv\/klasslarare-verktygslada-skolans-jamstalldhetsplan\/\" class=\"elementor-item\" tabindex=\"-1\">Skolans j\u00e4mst\u00e4lldhetsplan<\/a><\/li>\n<li class=\"menu-item menu-item-type-post_type menu-item-object-page menu-item-6633\"><a href=\"https:\/\/tasa-arvokasvatuksessa.fi\/sv\/klasslarare-verktygslada-samarbete\/\" class=\"elementor-item\" tabindex=\"-1\">Samarbete<\/a><\/li>\n<li class=\"menu-item menu-item-type-post_type menu-item-object-page menu-item-5680\"><a href=\"https:\/\/tasa-arvokasvatuksessa.fi\/sv\/klasslarare-verktygslada-trakasserier-och-mobbning\/\" class=\"elementor-item\" tabindex=\"-1\">Trakasserier och mobbning<\/a><\/li>\n<li class=\"menu-item menu-item-type-post_type menu-item-object-page menu-item-6634\"><a href=\"https:\/\/tasa-arvokasvatuksessa.fi\/sv\/klasslarare-verktygslada-lagstiftningen-och-avtal-som-stod\/\" class=\"elementor-item\" tabindex=\"-1\">Lagstiftningen och avtal som st\u00f6d<\/a><\/li>\n<li class=\"menu-item menu-item-type-post_type menu-item-object-page menu-item-6635\"><a href=\"https:\/\/tasa-arvokasvatuksessa.fi\/sv\/klasslarare-verktygslada-lanktips\/\" class=\"elementor-item\" tabindex=\"-1\">L\u00e4nktips<\/a><\/li>\n<\/ul>\t\t\t<\/nav>\n\t\t\t\t\t\t<\/div>\n\t\t\t\t<\/div>\n\t\t\t\t\t<\/div>\n\t\t<\/div>\n\t\t\t\t\t<\/div>\n\t\t<\/section>\n\t\t\t\t<\/div>\n\t\t","protected":false},"excerpt":{"rendered":"<p>J\u00e4mst\u00e4lldhetsarbete handlar om att bryta f\u00f6rlegade f\u00f6rest\u00e4llningar och ifr\u00e5gas\u00e4tta normer som begr\u00e4nsar eleverna att v\u00e4xa och utvecklas enligt sin egen potential. En av de \u00e5terkommande uppgifterna \u00e4r att utmana och bryta k\u00f6nade normer p\u00e5 skolan. Vi blir alla p\u00e5verkade av det heteronormativa tankes\u00e4ttet enligt vilket det existerar endast tv\u00e5 k\u00f6n (kvinna\/man). Heteronormativitet inneb\u00e4r \u00e4ven att [&hellip;]<\/p>\n","protected":false},"author":5,"featured_media":0,"parent":0,"menu_order":0,"comment_status":"closed","ping_status":"closed","template":"","meta":{"footnotes":""},"class_list":["post-5793","page","type-page","status-publish","hentry"],"_links":{"self":[{"href":"https:\/\/tasa-arvokasvatuksessa.fi\/sv\/wp-json\/wp\/v2\/pages\/5793","targetHints":{"allow":["GET"]}}],"collection":[{"href":"https:\/\/tasa-arvokasvatuksessa.fi\/sv\/wp-json\/wp\/v2\/pages"}],"about":[{"href":"https:\/\/tasa-arvokasvatuksessa.fi\/sv\/wp-json\/wp\/v2\/types\/page"}],"author":[{"embeddable":true,"href":"https:\/\/tasa-arvokasvatuksessa.fi\/sv\/wp-json\/wp\/v2\/users\/5"}],"replies":[{"embeddable":true,"href":"https:\/\/tasa-arvokasvatuksessa.fi\/sv\/wp-json\/wp\/v2\/comments?post=5793"}],"version-history":[{"count":61,"href":"https:\/\/tasa-arvokasvatuksessa.fi\/sv\/wp-json\/wp\/v2\/pages\/5793\/revisions"}],"predecessor-version":[{"id":8207,"href":"https:\/\/tasa-arvokasvatuksessa.fi\/sv\/wp-json\/wp\/v2\/pages\/5793\/revisions\/8207"}],"wp:attachment":[{"href":"https:\/\/tasa-arvokasvatuksessa.fi\/sv\/wp-json\/wp\/v2\/media?parent=5793"}],"curies":[{"name":"wp","href":"https:\/\/api.w.org\/{rel}","templated":true}]}}