{"id":5795,"date":"2021-12-09T14:43:10","date_gmt":"2021-12-09T14:43:10","guid":{"rendered":"https:\/\/tasa-arvokasvatuksessa.fi\/?page_id=5795"},"modified":"2022-02-22T09:06:23","modified_gmt":"2022-02-22T09:06:23","slug":"klasslarare-verktygslada-skolans-jamstalldhetsplan","status":"publish","type":"page","link":"https:\/\/tasa-arvokasvatuksessa.fi\/sv\/klasslarare-verktygslada-skolans-jamstalldhetsplan\/","title":{"rendered":"Skolans j\u00e4mst\u00e4lldhetsplan"},"content":{"rendered":"\t\t<div data-elementor-type=\"wp-page\" data-elementor-id=\"5795\" class=\"elementor elementor-5795 elementor-3757\" data-elementor-post-type=\"page\">\n\t\t\t\t\t\t<section class=\"elementor-section elementor-top-section elementor-element elementor-element-5456254f elementor-section-boxed elementor-section-height-default elementor-section-height-default\" data-id=\"5456254f\" data-element_type=\"section\">\n\t\t\t\t\t\t<div class=\"elementor-container elementor-column-gap-default\">\n\t\t\t\t\t<div class=\"elementor-column elementor-col-100 elementor-top-column elementor-element elementor-element-2ed25105\" data-id=\"2ed25105\" data-element_type=\"column\">\n\t\t\t<div class=\"elementor-widget-wrap elementor-element-populated\">\n\t\t\t\t\t\t<div class=\"elementor-element elementor-element-54f3654e elementor-widget elementor-widget-theme-site-title elementor-widget-heading\" data-id=\"54f3654e\" data-element_type=\"widget\" data-widget_type=\"theme-site-title.default\">\n\t\t\t\t<div class=\"elementor-widget-container\">\n\t\t\t\t\t<h2 class=\"elementor-heading-title elementor-size-default\"><a href=\"https:\/\/tasa-arvokasvatuksessa.fi\/sv\/\">J\u00e4mst\u00e4lldhet i l\u00e4rande\n<\/a><\/h2>\t\t\t\t<\/div>\n\t\t\t\t<\/div>\n\t\t\t\t<div class=\"elementor-element elementor-element-a35e43f elementor-nav-menu--dropdown-none elementor-widget elementor-widget-global elementor-global-5442 elementor-widget-nav-menu\" data-id=\"a35e43f\" data-element_type=\"widget\" id=\"subheader-green\" data-settings=\"{&quot;submenu_icon&quot;:{&quot;value&quot;:&quot;&quot;,&quot;library&quot;:&quot;&quot;},&quot;layout&quot;:&quot;horizontal&quot;}\" data-widget_type=\"nav-menu.default\">\n\t\t\t\t<div class=\"elementor-widget-container\">\n\t\t\t\t\t\t\t\t<nav aria-label=\"Meny\" class=\"elementor-nav-menu--main elementor-nav-menu__container elementor-nav-menu--layout-horizontal e--pointer-none\">\n\t\t\t\t<ul id=\"menu-1-a35e43f\" class=\"elementor-nav-menu\"><li class=\"menu-item menu-item-type-post_type menu-item-object-page menu-item-6624\"><a href=\"https:\/\/tasa-arvokasvatuksessa.fi\/sv\/klasslarare\/\" class=\"elementor-item\">Klassl\u00e4rare<\/a><\/li>\n<li class=\"menu-item menu-item-type-post_type menu-item-object-page menu-item-6625\"><a href=\"https:\/\/tasa-arvokasvatuksessa.fi\/sv\/klasslarare-testa-dig-sjalv-klasslarare\/\" class=\"elementor-item\">Testa dig sj\u00e4lv<\/a><\/li>\n<li class=\"menu-item menu-item-type-post_type menu-item-object-page menu-item-6626\"><a href=\"https:\/\/tasa-arvokasvatuksessa.fi\/sv\/klasslarare-verktygslada\/\" class=\"elementor-item\">Verktygsl\u00e5da<\/a><\/li>\n<\/ul>\t\t\t<\/nav>\n\t\t\t\t\t\t<nav class=\"elementor-nav-menu--dropdown elementor-nav-menu__container\" aria-hidden=\"true\">\n\t\t\t\t<ul id=\"menu-2-a35e43f\" class=\"elementor-nav-menu\"><li class=\"menu-item menu-item-type-post_type menu-item-object-page menu-item-6624\"><a href=\"https:\/\/tasa-arvokasvatuksessa.fi\/sv\/klasslarare\/\" class=\"elementor-item\" tabindex=\"-1\">Klassl\u00e4rare<\/a><\/li>\n<li class=\"menu-item menu-item-type-post_type menu-item-object-page menu-item-6625\"><a href=\"https:\/\/tasa-arvokasvatuksessa.fi\/sv\/klasslarare-testa-dig-sjalv-klasslarare\/\" class=\"elementor-item\" tabindex=\"-1\">Testa dig sj\u00e4lv<\/a><\/li>\n<li class=\"menu-item menu-item-type-post_type menu-item-object-page menu-item-6626\"><a href=\"https:\/\/tasa-arvokasvatuksessa.fi\/sv\/klasslarare-verktygslada\/\" class=\"elementor-item\" tabindex=\"-1\">Verktygsl\u00e5da<\/a><\/li>\n<\/ul>\t\t\t<\/nav>\n\t\t\t\t\t\t<\/div>\n\t\t\t\t<\/div>\n\t\t\t\t\t<\/div>\n\t\t<\/div>\n\t\t\t\t\t<\/div>\n\t\t<\/section>\n\t\t\t\t<section class=\"elementor-section elementor-top-section elementor-element elementor-element-2846629 elementor-section-boxed elementor-section-height-default elementor-section-height-default\" data-id=\"2846629\" data-element_type=\"section\" data-settings=\"{&quot;background_background&quot;:&quot;classic&quot;}\">\n\t\t\t\t\t\t<div class=\"elementor-container elementor-column-gap-default\">\n\t\t\t\t\t<div class=\"elementor-column elementor-col-66 elementor-top-column elementor-element elementor-element-213075a\" data-id=\"213075a\" data-element_type=\"column\">\n\t\t\t<div class=\"elementor-widget-wrap elementor-element-populated\">\n\t\t\t\t\t\t<div class=\"elementor-element elementor-element-a5ecf15 elementor-widget elementor-widget-text-editor\" data-id=\"a5ecf15\" data-element_type=\"widget\" data-widget_type=\"text-editor.default\">\n\t\t\t\t<div class=\"elementor-widget-container\">\n\t\t\t\t\t\t\t\t\t<p>Enligt j\u00e4mst\u00e4lldhetslagen ska alla skolor ha en j\u00e4mst\u00e4lldhetsplan. J\u00e4mst\u00e4lldhetsplanen omfattar en rapport som beskriver j\u00e4mst\u00e4lldhetssituationen p\u00e5 skolan och p\u00e5 basen av den fastst\u00e4lls \u00e5tg\u00e4rder f\u00f6r att fr\u00e4mja j\u00e4mst\u00e4lldhet och utv\u00e4rderingar av tidigare planerade \u00e5tg\u00e4rder och dess resultat.\u00a0<\/p><p>Enligt j\u00e4mst\u00e4lldhetslagen ska undervisningen, forskningen samt undervisningsmaterialen st\u00f6dja j\u00e4mst\u00e4lldhet. Samma m\u00f6jligheter f\u00f6r utbildning och yrkesm\u00e4ssig utveckling ska ordnas f\u00f6r alla elever, oberoende av k\u00f6n. Skolans uppgift \u00e4r att erbjuda en j\u00e4mst\u00e4lld utbildning till alla. Detta finns nedtecknat i flera b\u00e5de nationella och internationella styrdokument som styr verksamheten.<\/p><p>Diskriminering som grundar sig p\u00e5 k\u00f6nsidentitet eller k\u00f6nsuttryck ska f\u00f6rebyggas. Det h\u00e4r inneb\u00e4r till exempel att skolan l\u00e4r ut respektfullt f\u00f6rh\u00e5llningss\u00e4tt gentemot alla och att grundfakta om k\u00f6nsm\u00e5ngfald g\u00e5s igenom.<\/p><h2><strong>Hur?\u00a0\u00a0\u00a0<\/strong><\/h2><h3><strong>Aktivt deltagande<\/strong><\/h3><p>Konkretisering av j\u00e4mst\u00e4lldhetsarbetet sker b\u00e4st genom ett aktivt deltagande, inte bara bland skolpersonalen utan \u00e4ven bland eleverna, och det ska ha sin utg\u00e5ngspunkt i vardagen. I f\u00f6ljande video hittas tips p\u00e5 hur man kan anv\u00e4nda sig av l\u00e4s\u00e5rsplanen, skolans insamlade statistik och utv\u00e4rderingar f\u00f6r att st\u00f6dja arbetet.<\/p>\t\t\t\t\t\t\t\t<\/div>\n\t\t\t\t<\/div>\n\t\t\t\t<div class=\"elementor-element elementor-element-6f94a70 elementor-widget elementor-widget-video\" data-id=\"6f94a70\" data-element_type=\"widget\" data-settings=\"{&quot;video_type&quot;:&quot;vimeo&quot;}\" data-widget_type=\"video.default\">\n\t\t\t\t<div class=\"elementor-widget-container\">\n\t\t\t\t\t\t\t<div class=\"elementor-wrapper elementor-open-inline\">\n\t\t\t<iframe class=\"elementor-video-iframe\" allowfullscreen allow=\"clipboard-write\" title=\"vimeo-videospelare\" src=\"https:\/\/player.vimeo.com\/video\/55467912?color&amp;autopause=0&amp;loop=0&amp;muted=0&amp;title=1&amp;portrait=1&amp;byline=1#t=\"><\/iframe>\t\t<\/div>\n\t\t\t\t\t\t<\/div>\n\t\t\t\t<\/div>\n\t\t\t\t<div class=\"elementor-element elementor-element-8d8f7a3 vid-cred elementor-widget elementor-widget-accordion\" data-id=\"8d8f7a3\" data-element_type=\"widget\" data-widget_type=\"accordion.default\">\n\t\t\t\t<div class=\"elementor-widget-container\">\n\t\t\t\t\t\t\t<div class=\"elementor-accordion\">\n\t\t\t\t\t\t\t<div class=\"elementor-accordion-item\">\n\t\t\t\t\t<div id=\"elementor-tab-title-1481\" class=\"elementor-tab-title\" data-tab=\"1\" role=\"button\" aria-controls=\"elementor-tab-content-1481\" aria-expanded=\"false\">\n\t\t\t\t\t\t\t\t\t\t\t\t\t<span class=\"elementor-accordion-icon elementor-accordion-icon-left\" aria-hidden=\"true\">\n\t\t\t\t\t\t\t\t\t\t\t\t\t\t\t<span class=\"elementor-accordion-icon-closed\"><i class=\"fas fa-plus\"><\/i><\/span>\n\t\t\t\t\t\t\t\t<span class=\"elementor-accordion-icon-opened\"><i class=\"fas fa-minus\"><\/i><\/span>\n\t\t\t\t\t\t\t\t\t\t\t\t\t\t<\/span>\n\t\t\t\t\t\t\t\t\t\t\t\t<a class=\"elementor-accordion-title\" tabindex=\"0\">I videon medverkar<\/a>\n\t\t\t\t\t<\/div>\n\t\t\t\t\t<div id=\"elementor-tab-content-1481\" class=\"elementor-tab-content elementor-clearfix\" data-tab=\"1\" role=\"region\" aria-labelledby=\"elementor-tab-title-1481\"><p><span style=\"font-weight: 400;\">Karlsson, Bob \u2014 Chef f\u00f6r den svenskspr\u00e5kiga enheten, Utbildningsstyrelsen, Ouakrim-Soivio, Najat \u2014 Lektor i historia och samh\u00e4llskunskap, Helsingin normaalilyseo<\/span><\/p><\/div>\n\t\t\t\t<\/div>\n\t\t\t\t\t\t\t\t<\/div>\n\t\t\t\t\t\t<\/div>\n\t\t\t\t<\/div>\n\t\t\t\t<div class=\"elementor-element elementor-element-055dc7f elementor-widget elementor-widget-text-editor\" data-id=\"055dc7f\" data-element_type=\"widget\" data-widget_type=\"text-editor.default\">\n\t\t\t\t<div class=\"elementor-widget-container\">\n\t\t\t\t\t\t\t\t\t<h3>Reflektionsfr\u00e5gor:<\/h3><ul><li aria-level=\"1\">Hur kan du integrera j\u00e4mst\u00e4lldhetsarbetet i din skolas l\u00e4roplan? Vilka styrkor och svagheter ser du i en s\u00e5dan process? ?<\/li><li aria-level=\"1\">Hur kunde du anv\u00e4nda statistiken fr\u00e5n elevernas prestationer f\u00f6r att skapa en mer j\u00e4mst\u00e4lldhetsfr\u00e4mjande undervisning?<\/li><\/ul><h3>J\u00e4mst\u00e4lldhetsgruppen<\/h3><p>Att arbeta planerat och m\u00e5linriktat med j\u00e4mst\u00e4lldhet underl\u00e4ttas av att det finns en grupp som koordinerar arbetet, men \u00e4ven en extra grupp f\u00f6r eleverna kan ha flera f\u00f6rdelar i arbetet.\u00a0<span style=\"font-size: 13.5pt; white-space: pre-wrap; letter-spacing: 0px;\">Videon ger instruktioner om hur ni kommer ig\u00e5ng med arbetet och f\u00f6rklarar vilken typ av fr\u00e5gor som det l\u00f6nar sig att st\u00e4lla i b\u00f6rjan. Dessutom ges information om arbetsf\u00f6rdelning, dokumentation, uppdrag och m\u00e5l p\u00e5 skolan.<\/span><\/p>\t\t\t\t\t\t\t\t<\/div>\n\t\t\t\t<\/div>\n\t\t\t\t<div class=\"elementor-element elementor-element-a68e429 elementor-widget elementor-widget-video\" data-id=\"a68e429\" data-element_type=\"widget\" data-settings=\"{&quot;video_type&quot;:&quot;vimeo&quot;}\" data-widget_type=\"video.default\">\n\t\t\t\t<div class=\"elementor-widget-container\">\n\t\t\t\t\t\t\t<div class=\"elementor-wrapper elementor-open-inline\">\n\t\t\t<iframe class=\"elementor-video-iframe\" allowfullscreen allow=\"clipboard-write\" title=\"vimeo-videospelare\" src=\"https:\/\/player.vimeo.com\/video\/55467913?color&amp;autopause=0&amp;loop=0&amp;muted=0&amp;title=1&amp;portrait=1&amp;byline=1#t=\"><\/iframe>\t\t<\/div>\n\t\t\t\t\t\t<\/div>\n\t\t\t\t<\/div>\n\t\t\t\t<div class=\"elementor-element elementor-element-d1448ed vid-cred elementor-widget elementor-widget-accordion\" data-id=\"d1448ed\" data-element_type=\"widget\" data-widget_type=\"accordion.default\">\n\t\t\t\t<div class=\"elementor-widget-container\">\n\t\t\t\t\t\t\t<div class=\"elementor-accordion\">\n\t\t\t\t\t\t\t<div class=\"elementor-accordion-item\">\n\t\t\t\t\t<div id=\"elementor-tab-title-2191\" class=\"elementor-tab-title\" data-tab=\"1\" role=\"button\" aria-controls=\"elementor-tab-content-2191\" aria-expanded=\"false\">\n\t\t\t\t\t\t\t\t\t\t\t\t\t<span class=\"elementor-accordion-icon elementor-accordion-icon-left\" aria-hidden=\"true\">\n\t\t\t\t\t\t\t\t\t\t\t\t\t\t\t<span class=\"elementor-accordion-icon-closed\"><i class=\"fas fa-plus\"><\/i><\/span>\n\t\t\t\t\t\t\t\t<span class=\"elementor-accordion-icon-opened\"><i class=\"fas fa-minus\"><\/i><\/span>\n\t\t\t\t\t\t\t\t\t\t\t\t\t\t<\/span>\n\t\t\t\t\t\t\t\t\t\t\t\t<a class=\"elementor-accordion-title\" tabindex=\"0\">I videon medverkar<\/a>\n\t\t\t\t\t<\/div>\n\t\t\t\t\t<div id=\"elementor-tab-content-2191\" class=\"elementor-tab-content elementor-clearfix\" data-tab=\"1\" role=\"region\" aria-labelledby=\"elementor-tab-title-2191\"><p><span style=\"font-weight: 400;\">Ik\u00e4valko, Elina \u2014 pol.mag., doktorand, Gustavsson, Malin \u2014 J\u00e4mst\u00e4lldhets- och m\u00e5ngfaldskonsult, Ekvalita Ab<\/span><\/p><\/div>\n\t\t\t\t<\/div>\n\t\t\t\t\t\t\t\t<\/div>\n\t\t\t\t\t\t<\/div>\n\t\t\t\t<\/div>\n\t\t\t\t<div class=\"elementor-element elementor-element-81dac27 elementor-widget elementor-widget-text-editor\" data-id=\"81dac27\" data-element_type=\"widget\" data-widget_type=\"text-editor.default\">\n\t\t\t\t<div class=\"elementor-widget-container\">\n\t\t\t\t\t\t\t\t\t<h3>Reflektionsfr\u00e5gor:<\/h3><ul><li>Har din skola en j\u00e4mst\u00e4lldhetsgrupp? Om ja, vet du vad den h\u00e4r gruppen g\u00f6r? Om inte, kan ni grunda en s\u00e5dan grupp?<\/li><\/ul><h3><strong>Att kartl\u00e4gga j\u00e4mst\u00e4lldhetsl\u00e4get<\/strong><\/h3><p>Det finns ingen enkel l\u00f6sning p\u00e5 hur man n\u00e5r j\u00e4mst\u00e4lldhet \u2014 varje skola beh\u00f6ver unders\u00f6ka sin egen vardag ur ett k\u00f6nsperspektiv f\u00f6r att komma underfund med vilka styrkor och vilka svagheter som finns. Skolans j\u00e4mst\u00e4lldhetssituation kan utredas genom att granska k\u00f6nsuppdelad information som samlats om elever och verksamheten. I kartl\u00e4ggningen kan till exempel \u00e4mnesval, vitsord och\/eller v\u00e4lbefinnande granskas. Informationen samlas ofta in av eleverna och personalen genom en enk\u00e4t. F\u00f6r att alla ska kunna delta i diskussionen kan j\u00e4mst\u00e4lldhet diskuteras p\u00e5 lektioner eller p\u00e5 temadagar.<\/p><p>I den h\u00e4r videon presenteras erfarenheter av kartl\u00e4ggning, varf\u00f6r det beh\u00f6vs och p\u00e5 vilket s\u00e4tt kartl\u00e4ggningen h\u00e4nger ihop med j\u00e4mst\u00e4lldhetsplanen.<\/p>\t\t\t\t\t\t\t\t<\/div>\n\t\t\t\t<\/div>\n\t\t\t\t<div class=\"elementor-element elementor-element-2d8a621 elementor-widget elementor-widget-video\" data-id=\"2d8a621\" data-element_type=\"widget\" data-settings=\"{&quot;video_type&quot;:&quot;vimeo&quot;}\" data-widget_type=\"video.default\">\n\t\t\t\t<div class=\"elementor-widget-container\">\n\t\t\t\t\t\t\t<div class=\"elementor-wrapper elementor-open-inline\">\n\t\t\t<iframe class=\"elementor-video-iframe\" allowfullscreen allow=\"clipboard-write\" title=\"vimeo-videospelare\" src=\"https:\/\/player.vimeo.com\/video\/55467912?color&amp;autopause=0&amp;loop=0&amp;muted=0&amp;title=1&amp;portrait=1&amp;byline=1#t=\"><\/iframe>\t\t<\/div>\n\t\t\t\t\t\t<\/div>\n\t\t\t\t<\/div>\n\t\t\t\t<div class=\"elementor-element elementor-element-7c7cab1 vid-cred elementor-widget elementor-widget-accordion\" data-id=\"7c7cab1\" data-element_type=\"widget\" data-widget_type=\"accordion.default\">\n\t\t\t\t<div class=\"elementor-widget-container\">\n\t\t\t\t\t\t\t<div class=\"elementor-accordion\">\n\t\t\t\t\t\t\t<div class=\"elementor-accordion-item\">\n\t\t\t\t\t<div id=\"elementor-tab-title-1301\" class=\"elementor-tab-title\" data-tab=\"1\" role=\"button\" aria-controls=\"elementor-tab-content-1301\" aria-expanded=\"false\">\n\t\t\t\t\t\t\t\t\t\t\t\t\t<span class=\"elementor-accordion-icon elementor-accordion-icon-left\" aria-hidden=\"true\">\n\t\t\t\t\t\t\t\t\t\t\t\t\t\t\t<span class=\"elementor-accordion-icon-closed\"><i class=\"fas fa-plus\"><\/i><\/span>\n\t\t\t\t\t\t\t\t<span class=\"elementor-accordion-icon-opened\"><i class=\"fas fa-minus\"><\/i><\/span>\n\t\t\t\t\t\t\t\t\t\t\t\t\t\t<\/span>\n\t\t\t\t\t\t\t\t\t\t\t\t<a class=\"elementor-accordion-title\" tabindex=\"0\">I videon medverkar<\/a>\n\t\t\t\t\t<\/div>\n\t\t\t\t\t<div id=\"elementor-tab-content-1301\" class=\"elementor-tab-content elementor-clearfix\" data-tab=\"1\" role=\"region\" aria-labelledby=\"elementor-tab-title-1301\"><p>Karlsson, Bob \u2014 Chef f\u00f6r den svenskspr\u00e5kiga enheten, Utbildningsstyrelsen, Ouakrim-Soivio, Najat \u2014 Lektor i historia och samh\u00e4llskunskap, Helsingin normaalilyseo<\/p><\/div>\n\t\t\t\t<\/div>\n\t\t\t\t\t\t\t\t<\/div>\n\t\t\t\t\t\t<\/div>\n\t\t\t\t<\/div>\n\t\t\t\t<div class=\"elementor-element elementor-element-648c4cd elementor-widget elementor-widget-text-editor\" data-id=\"648c4cd\" data-element_type=\"widget\" data-widget_type=\"text-editor.default\">\n\t\t\t\t<div class=\"elementor-widget-container\">\n\t\t\t\t\t\t\t\t\t<h3><strong>\u00c5tg\u00e4rder<\/strong><\/h3><p>J\u00e4mst\u00e4lldhetsarbetet ska utg\u00e5 fr\u00e5n l\u00e4roanstaltens situation och \u00e5tg\u00e4rderna ska grunda sig i l\u00e4roanstaltens egna behov. Oftast \u00e4r det mest effektivt att v\u00e4lja n\u00e5gra konkreta \u00e5tg\u00e4rder som sedan genomf\u00f6rs p\u00e5 ett effektivt s\u00e4tt. \u00c5tg\u00e4rderna kan best\u00e5 av f\u00f6r\u00e4ndringar av metoder, pedagogik, undervisningens inneh\u00e5ll, l\u00e4romedel eller av handledningen, eller s\u00e5 kan man till exempel besluta att anordna j\u00e4mst\u00e4lldhetsutbildning f\u00f6r l\u00e4rarna och\/eller eleverna.<\/p><p>D\u00e5 ni skapar j\u00e4mst\u00e4lldhetsplanen och fattar beslut om j\u00e4mst\u00e4lldhetsfr\u00e4mjande \u00e5tg\u00e4rder b\u00f6r ni ocks\u00e5 str\u00e4va till att f\u00f6rebygga diskriminering som grundar sig p\u00e5 k\u00f6nsidentitet eller -uttryck.<\/p><h3>Att skapa en j\u00e4mst\u00e4lldhetsplan<\/h3><p>J\u00e4mst\u00e4lldhetsplanen utarbetas i regel \u00e5rligen. Den kan ocks\u00e5 utarbetas f\u00f6r tv\u00e5 eller tre \u00e5r \u00e5t g\u00e5ngen.<\/p><p>J\u00e4mst\u00e4lldhetsplanens syfte \u00e4r att s\u00e4kerst\u00e4lla att det i l\u00e4roanstalterna utf\u00f6r systematiskt j\u00e4mst\u00e4lldhetsarbete. Det l\u00f6nar sig allts\u00e5 att satsa p\u00e5 planering, genomf\u00f6rande och utv\u00e4rdering och utg\u00e5ende fr\u00e5n dem utforma en plan.<\/p><p>J\u00e4mst\u00e4lldhetsplanen beh\u00f6ver inte utarbetas som ett separat dokument, utan ist\u00e4llet kan j\u00e4mst\u00e4lldhetssituationen, \u00e5tg\u00e4rderna och utv\u00e4rderingen integreras som en del i n\u00e5gon annan undervisningsplan. \u00c5tg\u00e4rderna kan skrivas in i skolans l\u00e4s\u00e5rsplan. Resultaten samt hur \u00e5tg\u00e4rderna f\u00f6rverkligats kan sedan utv\u00e4rderas d\u00e5 n\u00e4sta l\u00e4s\u00e5rsplan skapas, d\u00e5 n\u00e4sta terminsplan g\u00f6rs.<\/p><p>Om skolan har minst 30 arbetstagare \u00e4r skolan ocks\u00e5 tvungen att utarbeta en personalpolitisk j\u00e4mst\u00e4lldhetsplan.<\/p><p>I dokumentet nedan finns tips p\u00e5 hur ni kan granska j\u00e4mst\u00e4lldhetsplanen och -arbetet samt hur ni kan f\u00f6lja upp f\u00f6rverkligandet av m\u00e5len. En j\u00e4mst\u00e4lldhetsplan innefattar en kartl\u00e4ggning p\u00e5 skolans situation, \u00e5tg\u00e4rder som \u00e4r framtagna utg\u00e5ende fr\u00e5n situationen och uppskattningar om hur de tidigare \u00e5tg\u00e4rderna har f\u00f6rverkligats.<\/p><p><a href=\"https:\/\/tasa-arvokasvatuksessa.fi\/wp-content\/uploads\/2022\/02\/2.1.6.-Checklista-for-kvalitetssakring-av-jamstalldhetsarbete-1.pdf\">\u00a0Checklista f\u00f6r kvalitetss\u00e4kring av j\u00e4mst\u00e4lldhetsarbete. <\/a>(PDF).<\/p><h3><strong>Reflektionsfr\u00e5gor:<\/strong><\/h3><ul><li>K\u00e4nner du till din skolas j\u00e4mst\u00e4lldhetsplan?<\/li><li>Hur f\u00f6ljer ni skolans j\u00e4mst\u00e4lldhetsplan och hur den f\u00f6rverkligas?<\/li><li>Hur deltar du i f\u00f6rverkligandet av j\u00e4mst\u00e4lldhetsplanen?<\/li><\/ul>\t\t\t\t\t\t\t\t<\/div>\n\t\t\t\t<\/div>\n\t\t\t\t\t<\/div>\n\t\t<\/div>\n\t\t\t\t<div class=\"elementor-column elementor-col-33 elementor-top-column elementor-element elementor-element-5b2725b\" data-id=\"5b2725b\" data-element_type=\"column\">\n\t\t\t<div class=\"elementor-widget-wrap elementor-element-populated\">\n\t\t\t\t\t\t<div class=\"elementor-element elementor-element-1787ef9 elementor-nav-menu--dropdown-none elementor-widget elementor-widget-global elementor-global-5330 elementor-widget-nav-menu\" data-id=\"1787ef9\" data-element_type=\"widget\" id=\"widget-green\" data-settings=\"{&quot;layout&quot;:&quot;vertical&quot;,&quot;submenu_icon&quot;:{&quot;value&quot;:&quot;&quot;,&quot;library&quot;:&quot;&quot;}}\" data-widget_type=\"nav-menu.default\">\n\t\t\t\t<div class=\"elementor-widget-container\">\n\t\t\t\t\t\t\t\t<nav aria-label=\"Meny\" class=\"elementor-nav-menu--main elementor-nav-menu__container elementor-nav-menu--layout-vertical e--pointer-none\">\n\t\t\t\t<ul id=\"menu-1-1787ef9\" class=\"elementor-nav-menu sm-vertical\"><li class=\"menu-item menu-item-type-post_type menu-item-object-page menu-item-5690\"><a href=\"https:\/\/tasa-arvokasvatuksessa.fi\/sv\/klasslarare-verktygslada-arbetet-borjar-med-oss\/\" class=\"elementor-item\">Arbetet b\u00f6rjar med oss<\/a><\/li>\n<li class=\"menu-item menu-item-type-post_type menu-item-object-page menu-item-6629\"><a href=\"https:\/\/tasa-arvokasvatuksessa.fi\/sv\/klasslarare-verktygslada-lar-dig-begreppen\/\" class=\"elementor-item\">L\u00e4r dig begreppen<\/a><\/li>\n<li class=\"menu-item menu-item-type-post_type menu-item-object-page menu-item-6630\"><a href=\"https:\/\/tasa-arvokasvatuksessa.fi\/sv\/klasslarare-verktygslada-konsstereotyper-i-skolan\/\" class=\"elementor-item\">K\u00f6nsstereotyper i skolan<\/a><\/li>\n<li class=\"menu-item menu-item-type-post_type menu-item-object-page menu-item-6631\"><a href=\"https:\/\/tasa-arvokasvatuksessa.fi\/sv\/klasslarare-verktygslada-fem-synvinklar-pa-skolans-jamstalldhetsarbete\/\" class=\"elementor-item\">Fem synvinklar p\u00e5 skolans j\u00e4mst\u00e4lldhetsarbete<\/a><\/li>\n<li class=\"menu-item menu-item-type-post_type menu-item-object-page menu-item-6632\"><a href=\"https:\/\/tasa-arvokasvatuksessa.fi\/sv\/klasslarare-verktygslada-skolans-jamstalldhetsplan\/\" class=\"elementor-item\">Skolans j\u00e4mst\u00e4lldhetsplan<\/a><\/li>\n<li class=\"menu-item menu-item-type-post_type menu-item-object-page menu-item-6633\"><a href=\"https:\/\/tasa-arvokasvatuksessa.fi\/sv\/klasslarare-verktygslada-samarbete\/\" class=\"elementor-item\">Samarbete<\/a><\/li>\n<li class=\"menu-item menu-item-type-post_type menu-item-object-page menu-item-5680\"><a href=\"https:\/\/tasa-arvokasvatuksessa.fi\/sv\/klasslarare-verktygslada-trakasserier-och-mobbning\/\" class=\"elementor-item\">Trakasserier och mobbning<\/a><\/li>\n<li class=\"menu-item menu-item-type-post_type menu-item-object-page menu-item-6634\"><a href=\"https:\/\/tasa-arvokasvatuksessa.fi\/sv\/klasslarare-verktygslada-lagstiftningen-och-avtal-som-stod\/\" class=\"elementor-item\">Lagstiftningen och avtal som st\u00f6d<\/a><\/li>\n<li class=\"menu-item menu-item-type-post_type menu-item-object-page menu-item-6635\"><a href=\"https:\/\/tasa-arvokasvatuksessa.fi\/sv\/klasslarare-verktygslada-lanktips\/\" class=\"elementor-item\">L\u00e4nktips<\/a><\/li>\n<\/ul>\t\t\t<\/nav>\n\t\t\t\t\t\t<nav class=\"elementor-nav-menu--dropdown elementor-nav-menu__container\" aria-hidden=\"true\">\n\t\t\t\t<ul id=\"menu-2-1787ef9\" class=\"elementor-nav-menu sm-vertical\"><li class=\"menu-item menu-item-type-post_type menu-item-object-page menu-item-5690\"><a href=\"https:\/\/tasa-arvokasvatuksessa.fi\/sv\/klasslarare-verktygslada-arbetet-borjar-med-oss\/\" class=\"elementor-item\" tabindex=\"-1\">Arbetet b\u00f6rjar med oss<\/a><\/li>\n<li class=\"menu-item menu-item-type-post_type menu-item-object-page menu-item-6629\"><a href=\"https:\/\/tasa-arvokasvatuksessa.fi\/sv\/klasslarare-verktygslada-lar-dig-begreppen\/\" class=\"elementor-item\" tabindex=\"-1\">L\u00e4r dig begreppen<\/a><\/li>\n<li class=\"menu-item menu-item-type-post_type menu-item-object-page menu-item-6630\"><a href=\"https:\/\/tasa-arvokasvatuksessa.fi\/sv\/klasslarare-verktygslada-konsstereotyper-i-skolan\/\" class=\"elementor-item\" tabindex=\"-1\">K\u00f6nsstereotyper i skolan<\/a><\/li>\n<li class=\"menu-item menu-item-type-post_type menu-item-object-page menu-item-6631\"><a href=\"https:\/\/tasa-arvokasvatuksessa.fi\/sv\/klasslarare-verktygslada-fem-synvinklar-pa-skolans-jamstalldhetsarbete\/\" class=\"elementor-item\" tabindex=\"-1\">Fem synvinklar p\u00e5 skolans j\u00e4mst\u00e4lldhetsarbete<\/a><\/li>\n<li class=\"menu-item menu-item-type-post_type menu-item-object-page menu-item-6632\"><a href=\"https:\/\/tasa-arvokasvatuksessa.fi\/sv\/klasslarare-verktygslada-skolans-jamstalldhetsplan\/\" class=\"elementor-item\" tabindex=\"-1\">Skolans j\u00e4mst\u00e4lldhetsplan<\/a><\/li>\n<li class=\"menu-item menu-item-type-post_type menu-item-object-page menu-item-6633\"><a href=\"https:\/\/tasa-arvokasvatuksessa.fi\/sv\/klasslarare-verktygslada-samarbete\/\" class=\"elementor-item\" tabindex=\"-1\">Samarbete<\/a><\/li>\n<li class=\"menu-item menu-item-type-post_type menu-item-object-page menu-item-5680\"><a href=\"https:\/\/tasa-arvokasvatuksessa.fi\/sv\/klasslarare-verktygslada-trakasserier-och-mobbning\/\" class=\"elementor-item\" tabindex=\"-1\">Trakasserier och mobbning<\/a><\/li>\n<li class=\"menu-item menu-item-type-post_type menu-item-object-page menu-item-6634\"><a href=\"https:\/\/tasa-arvokasvatuksessa.fi\/sv\/klasslarare-verktygslada-lagstiftningen-och-avtal-som-stod\/\" class=\"elementor-item\" tabindex=\"-1\">Lagstiftningen och avtal som st\u00f6d<\/a><\/li>\n<li class=\"menu-item menu-item-type-post_type menu-item-object-page menu-item-6635\"><a href=\"https:\/\/tasa-arvokasvatuksessa.fi\/sv\/klasslarare-verktygslada-lanktips\/\" class=\"elementor-item\" tabindex=\"-1\">L\u00e4nktips<\/a><\/li>\n<\/ul>\t\t\t<\/nav>\n\t\t\t\t\t\t<\/div>\n\t\t\t\t<\/div>\n\t\t\t\t\t<\/div>\n\t\t<\/div>\n\t\t\t\t\t<\/div>\n\t\t<\/section>\n\t\t\t\t<\/div>\n\t\t","protected":false},"excerpt":{"rendered":"<p>Enligt j\u00e4mst\u00e4lldhetslagen ska alla skolor ha en j\u00e4mst\u00e4lldhetsplan. J\u00e4mst\u00e4lldhetsplanen omfattar en rapport som beskriver j\u00e4mst\u00e4lldhetssituationen p\u00e5 skolan och p\u00e5 basen av den fastst\u00e4lls \u00e5tg\u00e4rder f\u00f6r att fr\u00e4mja j\u00e4mst\u00e4lldhet och utv\u00e4rderingar av tidigare planerade \u00e5tg\u00e4rder och dess resultat.\u00a0 Enligt j\u00e4mst\u00e4lldhetslagen ska undervisningen, forskningen samt undervisningsmaterialen st\u00f6dja j\u00e4mst\u00e4lldhet. Samma m\u00f6jligheter f\u00f6r utbildning och yrkesm\u00e4ssig utveckling ska ordnas [&hellip;]<\/p>\n","protected":false},"author":5,"featured_media":0,"parent":0,"menu_order":0,"comment_status":"closed","ping_status":"closed","template":"","meta":{"footnotes":""},"class_list":["post-5795","page","type-page","status-publish","hentry"],"_links":{"self":[{"href":"https:\/\/tasa-arvokasvatuksessa.fi\/sv\/wp-json\/wp\/v2\/pages\/5795","targetHints":{"allow":["GET"]}}],"collection":[{"href":"https:\/\/tasa-arvokasvatuksessa.fi\/sv\/wp-json\/wp\/v2\/pages"}],"about":[{"href":"https:\/\/tasa-arvokasvatuksessa.fi\/sv\/wp-json\/wp\/v2\/types\/page"}],"author":[{"embeddable":true,"href":"https:\/\/tasa-arvokasvatuksessa.fi\/sv\/wp-json\/wp\/v2\/users\/5"}],"replies":[{"embeddable":true,"href":"https:\/\/tasa-arvokasvatuksessa.fi\/sv\/wp-json\/wp\/v2\/comments?post=5795"}],"version-history":[{"count":65,"href":"https:\/\/tasa-arvokasvatuksessa.fi\/sv\/wp-json\/wp\/v2\/pages\/5795\/revisions"}],"predecessor-version":[{"id":8246,"href":"https:\/\/tasa-arvokasvatuksessa.fi\/sv\/wp-json\/wp\/v2\/pages\/5795\/revisions\/8246"}],"wp:attachment":[{"href":"https:\/\/tasa-arvokasvatuksessa.fi\/sv\/wp-json\/wp\/v2\/media?parent=5795"}],"curies":[{"name":"wp","href":"https:\/\/api.w.org\/{rel}","templated":true}]}}