{"id":5797,"date":"2021-12-09T14:48:34","date_gmt":"2021-12-09T14:48:34","guid":{"rendered":"https:\/\/tasa-arvokasvatuksessa.fi\/?page_id=5797"},"modified":"2022-03-01T11:13:56","modified_gmt":"2022-03-01T11:13:56","slug":"klasslarare-verktygslada","status":"publish","type":"page","link":"https:\/\/tasa-arvokasvatuksessa.fi\/sv\/klasslarare-verktygslada\/","title":{"rendered":"Verktygsl\u00e5da"},"content":{"rendered":"\t\t<div data-elementor-type=\"wp-page\" data-elementor-id=\"5797\" class=\"elementor elementor-5797 elementor-3039\" data-elementor-post-type=\"page\">\n\t\t\t\t\t\t<section class=\"elementor-section elementor-top-section elementor-element elementor-element-7c8c1b19 elementor-section-boxed elementor-section-height-default elementor-section-height-default\" data-id=\"7c8c1b19\" data-element_type=\"section\">\n\t\t\t\t\t\t<div class=\"elementor-container elementor-column-gap-default\">\n\t\t\t\t\t<div class=\"elementor-column elementor-col-100 elementor-top-column elementor-element elementor-element-3d4bd914\" data-id=\"3d4bd914\" data-element_type=\"column\">\n\t\t\t<div class=\"elementor-widget-wrap elementor-element-populated\">\n\t\t\t\t\t\t<div class=\"elementor-element elementor-element-b2f5fc5 elementor-widget elementor-widget-heading\" data-id=\"b2f5fc5\" data-element_type=\"widget\" data-widget_type=\"heading.default\">\n\t\t\t\t<div class=\"elementor-widget-container\">\n\t\t\t\t\t<h2 class=\"elementor-heading-title elementor-size-default\">J\u00e4mst\u00e4lldhet i l\u00e4rande<\/h2>\t\t\t\t<\/div>\n\t\t\t\t<\/div>\n\t\t\t\t<div class=\"elementor-element elementor-element-7b0adb04 elementor-nav-menu--dropdown-none elementor-widget elementor-widget-nav-menu\" data-id=\"7b0adb04\" data-element_type=\"widget\" id=\"subheader-green\" data-settings=\"{&quot;submenu_icon&quot;:{&quot;value&quot;:&quot;&lt;i class=\\&quot;\\&quot; aria-hidden=\\&quot;true\\&quot;&gt;&lt;\\\/i&gt;&quot;,&quot;library&quot;:&quot;&quot;},&quot;layout&quot;:&quot;horizontal&quot;}\" data-widget_type=\"nav-menu.default\">\n\t\t\t\t<div class=\"elementor-widget-container\">\n\t\t\t\t\t\t\t\t<nav aria-label=\"Meny\" class=\"elementor-nav-menu--main elementor-nav-menu__container elementor-nav-menu--layout-horizontal e--pointer-none\">\n\t\t\t\t<ul id=\"menu-1-7b0adb04\" class=\"elementor-nav-menu\"><li class=\"menu-item menu-item-type-post_type menu-item-object-page menu-item-6624\"><a href=\"https:\/\/tasa-arvokasvatuksessa.fi\/sv\/klasslarare\/\" class=\"elementor-item\">Klassl\u00e4rare<\/a><\/li>\n<li class=\"menu-item menu-item-type-post_type menu-item-object-page menu-item-6625\"><a href=\"https:\/\/tasa-arvokasvatuksessa.fi\/sv\/klasslarare-testa-dig-sjalv-klasslarare\/\" class=\"elementor-item\">Testa dig sj\u00e4lv<\/a><\/li>\n<li class=\"menu-item menu-item-type-post_type menu-item-object-page menu-item-6626\"><a href=\"https:\/\/tasa-arvokasvatuksessa.fi\/sv\/klasslarare-verktygslada\/\" class=\"elementor-item\">Verktygsl\u00e5da<\/a><\/li>\n<\/ul>\t\t\t<\/nav>\n\t\t\t\t\t\t<nav class=\"elementor-nav-menu--dropdown elementor-nav-menu__container\" aria-hidden=\"true\">\n\t\t\t\t<ul id=\"menu-2-7b0adb04\" class=\"elementor-nav-menu\"><li class=\"menu-item menu-item-type-post_type menu-item-object-page menu-item-6624\"><a href=\"https:\/\/tasa-arvokasvatuksessa.fi\/sv\/klasslarare\/\" class=\"elementor-item\" tabindex=\"-1\">Klassl\u00e4rare<\/a><\/li>\n<li class=\"menu-item menu-item-type-post_type menu-item-object-page menu-item-6625\"><a href=\"https:\/\/tasa-arvokasvatuksessa.fi\/sv\/klasslarare-testa-dig-sjalv-klasslarare\/\" class=\"elementor-item\" tabindex=\"-1\">Testa dig sj\u00e4lv<\/a><\/li>\n<li class=\"menu-item menu-item-type-post_type menu-item-object-page menu-item-6626\"><a href=\"https:\/\/tasa-arvokasvatuksessa.fi\/sv\/klasslarare-verktygslada\/\" class=\"elementor-item\" tabindex=\"-1\">Verktygsl\u00e5da<\/a><\/li>\n<\/ul>\t\t\t<\/nav>\n\t\t\t\t\t\t<\/div>\n\t\t\t\t<\/div>\n\t\t\t\t\t<\/div>\n\t\t<\/div>\n\t\t\t\t\t<\/div>\n\t\t<\/section>\n\t\t\t\t<section class=\"elementor-section elementor-top-section elementor-element elementor-element-3fe0a81 block__elem_tasa_arvo elementor-section-boxed elementor-section-height-default elementor-section-height-default\" data-id=\"3fe0a81\" data-element_type=\"section\" data-settings=\"{&quot;background_background&quot;:&quot;classic&quot;}\">\n\t\t\t\t\t\t<div class=\"elementor-container elementor-column-gap-default\">\n\t\t\t\t\t<div class=\"elementor-column elementor-col-66 elementor-top-column elementor-element elementor-element-8b6f6d2\" data-id=\"8b6f6d2\" data-element_type=\"column\">\n\t\t\t<div class=\"elementor-widget-wrap elementor-element-populated\">\n\t\t\t\t\t\t<div class=\"elementor-element elementor-element-fe8b669 elementor-widget elementor-widget-text-editor\" data-id=\"fe8b669\" data-element_type=\"widget\" data-widget_type=\"text-editor.default\">\n\t\t\t\t<div class=\"elementor-widget-container\">\n\t\t\t\t\t\t\t\t\t<p>V\u00e4lkommen att bekanta dig med l\u00e4rarens m\u00e5ngsidiga j\u00e4mst\u00e4lldhetsverktyg! I verktygsl\u00e5dan hittar du intervjuer d\u00e4r professionella inom fostran, utbildning och j\u00e4mst\u00e4lldhetsarbete medverkar, st\u00f6d f\u00f6r det vardagliga j\u00e4mst\u00e4lldhetsarbetet s\u00e5som information om j\u00e4mst\u00e4lldhet, terminologi, lagstiftning, arbetsblad och l\u00e4nkar till andra material. Fr\u00e5n menyn kan du v\u00e4lja ett tema som \u00e4r mest intressant f\u00f6r dig.<\/p><p>Vi \u00f6nskar dig ett inspirerande j\u00e4mst\u00e4lldhetsarbete!<\/p>\t\t\t\t\t\t\t\t<\/div>\n\t\t\t\t<\/div>\n\t\t\t\t<div class=\"elementor-element elementor-element-99c359e elementor-widget elementor-widget-image\" data-id=\"99c359e\" data-element_type=\"widget\" data-widget_type=\"image.default\">\n\t\t\t\t<div class=\"elementor-widget-container\">\n\t\t\t\t\t\t\t\t\t\t\t\t\t\t\t<img decoding=\"async\" src=\"https:\/\/tasa-arvokasvatuksessa.fi\/wp-content\/uploads\/elementor\/thumbs\/1-pgza92h418idwvaoeibo30ttlgmu62670z06olz6dc.png\" title=\"1\" alt=\"1\" loading=\"lazy\" \/>\t\t\t\t\t\t\t\t\t\t\t\t\t\t\t<\/div>\n\t\t\t\t<\/div>\n\t\t\t\t\t<\/div>\n\t\t<\/div>\n\t\t\t\t<div class=\"elementor-column elementor-col-33 elementor-top-column elementor-element elementor-element-74582e0\" data-id=\"74582e0\" data-element_type=\"column\">\n\t\t\t<div class=\"elementor-widget-wrap elementor-element-populated\">\n\t\t\t\t\t\t<div class=\"elementor-element elementor-element-4e37685 elementor-nav-menu--dropdown-none elementor-widget elementor-widget-global elementor-global-5330 elementor-widget-nav-menu\" data-id=\"4e37685\" data-element_type=\"widget\" id=\"widget-green\" data-settings=\"{&quot;layout&quot;:&quot;vertical&quot;,&quot;submenu_icon&quot;:{&quot;value&quot;:&quot;&quot;,&quot;library&quot;:&quot;&quot;}}\" data-widget_type=\"nav-menu.default\">\n\t\t\t\t<div class=\"elementor-widget-container\">\n\t\t\t\t\t\t\t\t<nav aria-label=\"Meny\" class=\"elementor-nav-menu--main elementor-nav-menu__container elementor-nav-menu--layout-vertical e--pointer-none\">\n\t\t\t\t<ul id=\"menu-1-4e37685\" class=\"elementor-nav-menu sm-vertical\"><li class=\"menu-item menu-item-type-post_type menu-item-object-page menu-item-5690\"><a href=\"https:\/\/tasa-arvokasvatuksessa.fi\/sv\/klasslarare-verktygslada-arbetet-borjar-med-oss\/\" class=\"elementor-item\">Arbetet b\u00f6rjar med oss<\/a><\/li>\n<li class=\"menu-item menu-item-type-post_type menu-item-object-page menu-item-6629\"><a href=\"https:\/\/tasa-arvokasvatuksessa.fi\/sv\/klasslarare-verktygslada-lar-dig-begreppen\/\" class=\"elementor-item\">L\u00e4r dig begreppen<\/a><\/li>\n<li class=\"menu-item menu-item-type-post_type menu-item-object-page menu-item-6630\"><a href=\"https:\/\/tasa-arvokasvatuksessa.fi\/sv\/klasslarare-verktygslada-konsstereotyper-i-skolan\/\" class=\"elementor-item\">K\u00f6nsstereotyper i skolan<\/a><\/li>\n<li class=\"menu-item menu-item-type-post_type menu-item-object-page menu-item-6631\"><a href=\"https:\/\/tasa-arvokasvatuksessa.fi\/sv\/klasslarare-verktygslada-fem-synvinklar-pa-skolans-jamstalldhetsarbete\/\" class=\"elementor-item\">Fem synvinklar p\u00e5 skolans j\u00e4mst\u00e4lldhetsarbete<\/a><\/li>\n<li class=\"menu-item menu-item-type-post_type menu-item-object-page menu-item-6632\"><a href=\"https:\/\/tasa-arvokasvatuksessa.fi\/sv\/klasslarare-verktygslada-skolans-jamstalldhetsplan\/\" class=\"elementor-item\">Skolans j\u00e4mst\u00e4lldhetsplan<\/a><\/li>\n<li class=\"menu-item menu-item-type-post_type menu-item-object-page menu-item-6633\"><a href=\"https:\/\/tasa-arvokasvatuksessa.fi\/sv\/klasslarare-verktygslada-samarbete\/\" class=\"elementor-item\">Samarbete<\/a><\/li>\n<li class=\"menu-item menu-item-type-post_type menu-item-object-page menu-item-5680\"><a href=\"https:\/\/tasa-arvokasvatuksessa.fi\/sv\/klasslarare-verktygslada-trakasserier-och-mobbning\/\" class=\"elementor-item\">Trakasserier och mobbning<\/a><\/li>\n<li class=\"menu-item menu-item-type-post_type menu-item-object-page menu-item-6634\"><a href=\"https:\/\/tasa-arvokasvatuksessa.fi\/sv\/klasslarare-verktygslada-lagstiftningen-och-avtal-som-stod\/\" class=\"elementor-item\">Lagstiftningen och avtal som st\u00f6d<\/a><\/li>\n<li class=\"menu-item menu-item-type-post_type menu-item-object-page menu-item-6635\"><a href=\"https:\/\/tasa-arvokasvatuksessa.fi\/sv\/klasslarare-verktygslada-lanktips\/\" class=\"elementor-item\">L\u00e4nktips<\/a><\/li>\n<\/ul>\t\t\t<\/nav>\n\t\t\t\t\t\t<nav class=\"elementor-nav-menu--dropdown elementor-nav-menu__container\" aria-hidden=\"true\">\n\t\t\t\t<ul id=\"menu-2-4e37685\" class=\"elementor-nav-menu sm-vertical\"><li class=\"menu-item menu-item-type-post_type menu-item-object-page menu-item-5690\"><a href=\"https:\/\/tasa-arvokasvatuksessa.fi\/sv\/klasslarare-verktygslada-arbetet-borjar-med-oss\/\" class=\"elementor-item\" tabindex=\"-1\">Arbetet b\u00f6rjar med oss<\/a><\/li>\n<li class=\"menu-item menu-item-type-post_type menu-item-object-page menu-item-6629\"><a href=\"https:\/\/tasa-arvokasvatuksessa.fi\/sv\/klasslarare-verktygslada-lar-dig-begreppen\/\" class=\"elementor-item\" tabindex=\"-1\">L\u00e4r dig begreppen<\/a><\/li>\n<li class=\"menu-item menu-item-type-post_type menu-item-object-page menu-item-6630\"><a href=\"https:\/\/tasa-arvokasvatuksessa.fi\/sv\/klasslarare-verktygslada-konsstereotyper-i-skolan\/\" class=\"elementor-item\" tabindex=\"-1\">K\u00f6nsstereotyper i skolan<\/a><\/li>\n<li class=\"menu-item menu-item-type-post_type menu-item-object-page menu-item-6631\"><a href=\"https:\/\/tasa-arvokasvatuksessa.fi\/sv\/klasslarare-verktygslada-fem-synvinklar-pa-skolans-jamstalldhetsarbete\/\" class=\"elementor-item\" tabindex=\"-1\">Fem synvinklar p\u00e5 skolans j\u00e4mst\u00e4lldhetsarbete<\/a><\/li>\n<li class=\"menu-item menu-item-type-post_type menu-item-object-page menu-item-6632\"><a href=\"https:\/\/tasa-arvokasvatuksessa.fi\/sv\/klasslarare-verktygslada-skolans-jamstalldhetsplan\/\" class=\"elementor-item\" tabindex=\"-1\">Skolans j\u00e4mst\u00e4lldhetsplan<\/a><\/li>\n<li class=\"menu-item menu-item-type-post_type menu-item-object-page menu-item-6633\"><a href=\"https:\/\/tasa-arvokasvatuksessa.fi\/sv\/klasslarare-verktygslada-samarbete\/\" class=\"elementor-item\" tabindex=\"-1\">Samarbete<\/a><\/li>\n<li class=\"menu-item menu-item-type-post_type menu-item-object-page menu-item-5680\"><a href=\"https:\/\/tasa-arvokasvatuksessa.fi\/sv\/klasslarare-verktygslada-trakasserier-och-mobbning\/\" class=\"elementor-item\" tabindex=\"-1\">Trakasserier och mobbning<\/a><\/li>\n<li class=\"menu-item menu-item-type-post_type menu-item-object-page menu-item-6634\"><a href=\"https:\/\/tasa-arvokasvatuksessa.fi\/sv\/klasslarare-verktygslada-lagstiftningen-och-avtal-som-stod\/\" class=\"elementor-item\" tabindex=\"-1\">Lagstiftningen och avtal som st\u00f6d<\/a><\/li>\n<li class=\"menu-item menu-item-type-post_type menu-item-object-page menu-item-6635\"><a href=\"https:\/\/tasa-arvokasvatuksessa.fi\/sv\/klasslarare-verktygslada-lanktips\/\" class=\"elementor-item\" tabindex=\"-1\">L\u00e4nktips<\/a><\/li>\n<\/ul>\t\t\t<\/nav>\n\t\t\t\t\t\t<\/div>\n\t\t\t\t<\/div>\n\t\t\t\t\t<\/div>\n\t\t<\/div>\n\t\t\t\t\t<\/div>\n\t\t<\/section>\n\t\t\t\t<\/div>\n\t\t","protected":false},"excerpt":{"rendered":"<p>J\u00e4mst\u00e4lldhet i l\u00e4rande V\u00e4lkommen att bekanta dig med l\u00e4rarens m\u00e5ngsidiga j\u00e4mst\u00e4lldhetsverktyg! I verktygsl\u00e5dan hittar du intervjuer d\u00e4r professionella inom fostran, utbildning och j\u00e4mst\u00e4lldhetsarbete medverkar, st\u00f6d f\u00f6r det vardagliga j\u00e4mst\u00e4lldhetsarbetet s\u00e5som information om j\u00e4mst\u00e4lldhet, terminologi, lagstiftning, arbetsblad och l\u00e4nkar till andra material. Fr\u00e5n menyn kan du v\u00e4lja ett tema som \u00e4r mest intressant f\u00f6r dig. Vi [&hellip;]<\/p>\n","protected":false},"author":5,"featured_media":0,"parent":0,"menu_order":0,"comment_status":"closed","ping_status":"closed","template":"","meta":{"footnotes":""},"class_list":["post-5797","page","type-page","status-publish","hentry"],"_links":{"self":[{"href":"https:\/\/tasa-arvokasvatuksessa.fi\/sv\/wp-json\/wp\/v2\/pages\/5797","targetHints":{"allow":["GET"]}}],"collection":[{"href":"https:\/\/tasa-arvokasvatuksessa.fi\/sv\/wp-json\/wp\/v2\/pages"}],"about":[{"href":"https:\/\/tasa-arvokasvatuksessa.fi\/sv\/wp-json\/wp\/v2\/types\/page"}],"author":[{"embeddable":true,"href":"https:\/\/tasa-arvokasvatuksessa.fi\/sv\/wp-json\/wp\/v2\/users\/5"}],"replies":[{"embeddable":true,"href":"https:\/\/tasa-arvokasvatuksessa.fi\/sv\/wp-json\/wp\/v2\/comments?post=5797"}],"version-history":[{"count":11,"href":"https:\/\/tasa-arvokasvatuksessa.fi\/sv\/wp-json\/wp\/v2\/pages\/5797\/revisions"}],"predecessor-version":[{"id":8502,"href":"https:\/\/tasa-arvokasvatuksessa.fi\/sv\/wp-json\/wp\/v2\/pages\/5797\/revisions\/8502"}],"wp:attachment":[{"href":"https:\/\/tasa-arvokasvatuksessa.fi\/sv\/wp-json\/wp\/v2\/media?parent=5797"}],"curies":[{"name":"wp","href":"https:\/\/api.w.org\/{rel}","templated":true}]}}