{"id":5801,"date":"2021-12-09T14:50:56","date_gmt":"2021-12-09T14:50:56","guid":{"rendered":"https:\/\/tasa-arvokasvatuksessa.fi\/?page_id=5801"},"modified":"2022-08-12T06:22:25","modified_gmt":"2022-08-12T06:22:25","slug":"klasslarare","status":"publish","type":"page","link":"https:\/\/tasa-arvokasvatuksessa.fi\/sv\/klasslarare\/","title":{"rendered":"Klassl\u00e4rare"},"content":{"rendered":"\t\t<div data-elementor-type=\"wp-page\" data-elementor-id=\"5801\" class=\"elementor elementor-5801 elementor-29\" data-elementor-post-type=\"page\">\n\t\t\t\t\t\t<section class=\"elementor-section elementor-top-section elementor-element elementor-element-697cb4af elementor-section-boxed elementor-section-height-default elementor-section-height-default\" data-id=\"697cb4af\" data-element_type=\"section\">\n\t\t\t\t\t\t<div class=\"elementor-container elementor-column-gap-default\">\n\t\t\t\t\t<div class=\"elementor-column elementor-col-100 elementor-top-column elementor-element elementor-element-651c8765\" data-id=\"651c8765\" data-element_type=\"column\">\n\t\t\t<div class=\"elementor-widget-wrap elementor-element-populated\">\n\t\t\t\t\t\t<div class=\"elementor-element elementor-element-b22b7be elementor-widget elementor-widget-heading\" data-id=\"b22b7be\" data-element_type=\"widget\" data-widget_type=\"heading.default\">\n\t\t\t\t<div class=\"elementor-widget-container\">\n\t\t\t\t\t<h2 class=\"elementor-heading-title elementor-size-default\">Tasa-arvo kasvatuksessa<\/h2>\t\t\t\t<\/div>\n\t\t\t\t<\/div>\n\t\t\t\t<div class=\"elementor-element elementor-element-2484d2e elementor-nav-menu--dropdown-none elementor-widget elementor-widget-global elementor-global-5442 elementor-widget-nav-menu\" data-id=\"2484d2e\" data-element_type=\"widget\" id=\"subheader-green\" data-settings=\"{&quot;submenu_icon&quot;:{&quot;value&quot;:&quot;&quot;,&quot;library&quot;:&quot;&quot;},&quot;layout&quot;:&quot;horizontal&quot;}\" data-widget_type=\"nav-menu.default\">\n\t\t\t\t<div class=\"elementor-widget-container\">\n\t\t\t\t\t\t\t\t<nav aria-label=\"Meny\" class=\"elementor-nav-menu--main elementor-nav-menu__container elementor-nav-menu--layout-horizontal e--pointer-none\">\n\t\t\t\t<ul id=\"menu-1-2484d2e\" class=\"elementor-nav-menu\"><li class=\"menu-item menu-item-type-post_type menu-item-object-page menu-item-6624\"><a href=\"https:\/\/tasa-arvokasvatuksessa.fi\/sv\/klasslarare\/\" class=\"elementor-item\">Klassl\u00e4rare<\/a><\/li>\n<li class=\"menu-item menu-item-type-post_type menu-item-object-page menu-item-6625\"><a href=\"https:\/\/tasa-arvokasvatuksessa.fi\/sv\/klasslarare-testa-dig-sjalv-klasslarare\/\" class=\"elementor-item\">Testa dig sj\u00e4lv<\/a><\/li>\n<li class=\"menu-item menu-item-type-post_type menu-item-object-page menu-item-6626\"><a href=\"https:\/\/tasa-arvokasvatuksessa.fi\/sv\/klasslarare-verktygslada\/\" class=\"elementor-item\">Verktygsl\u00e5da<\/a><\/li>\n<\/ul>\t\t\t<\/nav>\n\t\t\t\t\t\t<nav class=\"elementor-nav-menu--dropdown elementor-nav-menu__container\" aria-hidden=\"true\">\n\t\t\t\t<ul id=\"menu-2-2484d2e\" class=\"elementor-nav-menu\"><li class=\"menu-item menu-item-type-post_type menu-item-object-page menu-item-6624\"><a href=\"https:\/\/tasa-arvokasvatuksessa.fi\/sv\/klasslarare\/\" class=\"elementor-item\" tabindex=\"-1\">Klassl\u00e4rare<\/a><\/li>\n<li class=\"menu-item menu-item-type-post_type menu-item-object-page menu-item-6625\"><a href=\"https:\/\/tasa-arvokasvatuksessa.fi\/sv\/klasslarare-testa-dig-sjalv-klasslarare\/\" class=\"elementor-item\" tabindex=\"-1\">Testa dig sj\u00e4lv<\/a><\/li>\n<li class=\"menu-item menu-item-type-post_type menu-item-object-page menu-item-6626\"><a href=\"https:\/\/tasa-arvokasvatuksessa.fi\/sv\/klasslarare-verktygslada\/\" class=\"elementor-item\" tabindex=\"-1\">Verktygsl\u00e5da<\/a><\/li>\n<\/ul>\t\t\t<\/nav>\n\t\t\t\t\t\t<\/div>\n\t\t\t\t<\/div>\n\t\t\t\t\t<\/div>\n\t\t<\/div>\n\t\t\t\t\t<\/div>\n\t\t<\/section>\n\t\t\t\t<section class=\"elementor-section elementor-top-section elementor-element elementor-element-3beb1d8 block__elem_tasa_arvo elementor-section-boxed elementor-section-height-default elementor-section-height-default\" data-id=\"3beb1d8\" data-element_type=\"section\" data-settings=\"{&quot;background_background&quot;:&quot;classic&quot;}\">\n\t\t\t\t\t\t<div class=\"elementor-container elementor-column-gap-default\">\n\t\t\t\t\t<div class=\"elementor-column elementor-col-50 elementor-top-column elementor-element elementor-element-9613ae9 page__content\" data-id=\"9613ae9\" data-element_type=\"column\">\n\t\t\t<div class=\"elementor-widget-wrap elementor-element-populated\">\n\t\t\t\t\t\t<div class=\"elementor-element elementor-element-cee2b0c elementor-widget elementor-widget-text-editor\" data-id=\"cee2b0c\" data-element_type=\"widget\" data-widget_type=\"text-editor.default\">\n\t\t\t\t<div class=\"elementor-widget-container\">\n\t\t\t\t\t\t\t\t\t<h2>V\u00e4lkommen, klassl\u00e4rare!<\/h2><p>Du g\u00f6r ett viktigt jobb och d\u00e4rf\u00f6r vill vi specifikt st\u00f6dja dig i j\u00e4mst\u00e4lldhetsarbetet.<\/p><h2>Varf\u00f6r?<\/h2><p>Det publiceras hela tiden rapporter som ber\u00e4ttar om hur flickor och pojkar presterar p\u00e5 olika niv\u00e5er i skolan. Det finns ocks\u00e5 skillnader i v\u00e4lbefinnande mellan elever av olika k\u00f6n.<\/p><p>J\u00e4mst\u00e4lldhetsarbete kr\u00e4ver kunskap om existerande oj\u00e4mst\u00e4lldhet och hur detta p\u00e5verkar olika s\u00e4tt att se p\u00e5 olika k\u00f6n. Stereotypiserande praktiker finns i skolans vardag och de sker oftast omedvetet. Det \u00e4r m\u00f6jligt att bli medveten om dessa praktiker och det g\u00e5r att utveckla och utmana dem b\u00e5de bland skolpersonalen och i samarbete med familjerna.<\/p><p>J\u00e4mst\u00e4lldhet handlar om att str\u00e4va till att alla barn, oberoende av k\u00f6n ska ha lika r\u00e4ttigheter och skyldigheter till utbildning och att utvecklas yrkesm\u00e4ssigt. Det h\u00e4r ber\u00f6r b\u00e5de flickor, pojkar och ickebin\u00e4ra elever. Det spelar ingen roll om en elev \u00e4r transk\u00f6nad eller cisk\u00f6nad\u00b9 &#8211; hen ska ha m\u00f6jlighet att g\u00e5 i en trygg skola d\u00e4r hen kan vara sig sj\u00e4lv och d\u00e4r hen blir respektfullt bem\u00f6tt.<\/p><h2>Hur?<\/h2><p>Arbetet b\u00f6rjar fr\u00e5n oss sj\u00e4lva. F\u00f6rst m\u00e5ste vi se det som \u00e4r fel omkring oss.<\/p><p>K\u00f6nsmedvetenhet samt att k\u00e4nna igen k\u00f6nsm\u00e5ngfald f\u00f6ruts\u00e4tter en medvetenhet om stereotypa k\u00f6nsuppfattningar bland pedagogerna. Stereotypa k\u00f6nsuppfattningar f\u00f6rekommer i v\u00e5ra attityder, i hur vi l\u00e4rt oss att bete oss samt i hur barn bem\u00f6ts som individer.<\/p><p>I materialet J\u00e4mst\u00e4lldhet i l\u00e4rande startar vi fr\u00e5n grunderna f\u00f6r grundskolans l\u00e4roplan d\u00e4r j\u00e4mst\u00e4lldhet betyder en str\u00e4van till samma villkor oberoende av k\u00f6n. M\u00e5let \u00e4r att ge plats f\u00f6r alla elever s\u00e5 att de kan g\u00f6ra val utan f\u00f6rutfattade meningar som \u00e4r kopplade till k\u00f6n eller andra egenskaper.<\/p><p>Det finns en str\u00e4van om att:<\/p><ul><li>undervisningen, forskningen och undervisningsmaterialet st\u00f6djer j\u00e4mst\u00e4lldhet<\/li><li>f\u00f6rebygga diskriminering som grundar sig p\u00e5 k\u00f6nsidentitet eller k\u00f6nsuttryck<\/li><li>erbjuda verktyg f\u00f6r eleverna i hur de kan identifiera sig och f\u00f6rh\u00e5lla sig till begr\u00e4nsande och uteslutande f\u00f6rv\u00e4ntningar utg\u00e5ende fr\u00e5n k\u00f6n<\/li><li>j\u00e4mst\u00e4lldhet fr\u00e4mjas med barnens \u00e5lder och utveckling i \u00e5tanke.<\/li><\/ul><p>Pedagogernas uppgift \u00e4r att s\u00e4kerst\u00e4lla att alla barn f\u00e5r samma m\u00f6jligheter att se och f\u00f6rst\u00e5, att alla har r\u00e4tt att definiera eller l\u00e5ta bli att definiera sitt k\u00f6n. En del av eleverna vet redan att det finns andra k\u00f6n \u00e4n flickor och pojkar. Elevens v\u00e5rdnadshavare eller n\u00e5gon annan n\u00e4rst\u00e5ende vuxen kan vara transperson, det vill s\u00e4ga exempelvis transk\u00f6nad, transvestit eller ickebin\u00e4r. Det \u00e4r med andra ord viktigt att det i skolan l\u00e4rs ut ett respektfullt s\u00e4tt gentemot alla och ber\u00e4tta grundfakta om k\u00f6nsm\u00e5ngfald.<\/p><p>Vi hoppas att du hittar mycket nytt och inspirerande material l\u00e4ngs med v\u00e4gen!<\/p><p>Arbetet b\u00f6rjar med oss!<\/p><p>\u00b9En cisperson \u00e4r en person vars k\u00f6nsidentitet \u00e4r inom normerna f\u00f6r det k\u00f6n som registrerades vid f\u00f6dseln. K\u00e4lla: Regnb\u00e5gsallians Svenskfinland rf<\/p>\t\t\t\t\t\t\t\t<\/div>\n\t\t\t\t<\/div>\n\t\t\t\t\t<\/div>\n\t\t<\/div>\n\t\t\t\t<div class=\"elementor-column elementor-col-50 elementor-top-column elementor-element elementor-element-fc57234\" data-id=\"fc57234\" data-element_type=\"column\">\n\t\t\t<div class=\"elementor-widget-wrap elementor-element-populated\">\n\t\t\t\t\t\t<div class=\"elementor-element elementor-element-c2c9275 elementor-widget elementor-widget-image\" data-id=\"c2c9275\" data-element_type=\"widget\" data-widget_type=\"image.default\">\n\t\t\t\t<div class=\"elementor-widget-container\">\n\t\t\t\t\t\t\t\t\t\t\t\t\t\t\t<img fetchpriority=\"high\" decoding=\"async\" width=\"800\" height=\"742\" src=\"https:\/\/tasa-arvokasvatuksessa.fi\/wp-content\/uploads\/2021\/11\/7-2-1024x950.png\" class=\"attachment-large size-large wp-image-4282\" alt=\"\" srcset=\"https:\/\/tasa-arvokasvatuksessa.fi\/wp-content\/uploads\/2021\/11\/7-2-1024x950.png 1024w, https:\/\/tasa-arvokasvatuksessa.fi\/wp-content\/uploads\/2021\/11\/7-2-300x278.png 300w, https:\/\/tasa-arvokasvatuksessa.fi\/wp-content\/uploads\/2021\/11\/7-2-768x712.png 768w, https:\/\/tasa-arvokasvatuksessa.fi\/wp-content\/uploads\/2021\/11\/7-2.png 1078w\" sizes=\"(max-width: 800px) 100vw, 800px\" \/>\t\t\t\t\t\t\t\t\t\t\t\t\t\t\t<\/div>\n\t\t\t\t<\/div>\n\t\t\t\t\t<\/div>\n\t\t<\/div>\n\t\t\t\t\t<\/div>\n\t\t<\/section>\n\t\t\t\t<\/div>\n\t\t","protected":false},"excerpt":{"rendered":"<p>Tasa-arvo kasvatuksessa V\u00e4lkommen, klassl\u00e4rare! Du g\u00f6r ett viktigt jobb och d\u00e4rf\u00f6r vill vi specifikt st\u00f6dja dig i j\u00e4mst\u00e4lldhetsarbetet. Varf\u00f6r? Det publiceras hela tiden rapporter som ber\u00e4ttar om hur flickor och pojkar presterar p\u00e5 olika niv\u00e5er i skolan. Det finns ocks\u00e5 skillnader i v\u00e4lbefinnande mellan elever av olika k\u00f6n. J\u00e4mst\u00e4lldhetsarbete kr\u00e4ver kunskap om existerande oj\u00e4mst\u00e4lldhet och [&hellip;]<\/p>\n","protected":false},"author":5,"featured_media":0,"parent":0,"menu_order":0,"comment_status":"closed","ping_status":"closed","template":"","meta":{"footnotes":""},"class_list":["post-5801","page","type-page","status-publish","hentry"],"_links":{"self":[{"href":"https:\/\/tasa-arvokasvatuksessa.fi\/sv\/wp-json\/wp\/v2\/pages\/5801","targetHints":{"allow":["GET"]}}],"collection":[{"href":"https:\/\/tasa-arvokasvatuksessa.fi\/sv\/wp-json\/wp\/v2\/pages"}],"about":[{"href":"https:\/\/tasa-arvokasvatuksessa.fi\/sv\/wp-json\/wp\/v2\/types\/page"}],"author":[{"embeddable":true,"href":"https:\/\/tasa-arvokasvatuksessa.fi\/sv\/wp-json\/wp\/v2\/users\/5"}],"replies":[{"embeddable":true,"href":"https:\/\/tasa-arvokasvatuksessa.fi\/sv\/wp-json\/wp\/v2\/comments?post=5801"}],"version-history":[{"count":23,"href":"https:\/\/tasa-arvokasvatuksessa.fi\/sv\/wp-json\/wp\/v2\/pages\/5801\/revisions"}],"predecessor-version":[{"id":8867,"href":"https:\/\/tasa-arvokasvatuksessa.fi\/sv\/wp-json\/wp\/v2\/pages\/5801\/revisions\/8867"}],"wp:attachment":[{"href":"https:\/\/tasa-arvokasvatuksessa.fi\/sv\/wp-json\/wp\/v2\/media?parent=5801"}],"curies":[{"name":"wp","href":"https:\/\/api.w.org\/{rel}","templated":true}]}}