{"id":5814,"date":"2021-12-09T15:27:28","date_gmt":"2021-12-09T15:27:28","guid":{"rendered":"https:\/\/tasa-arvokasvatuksessa.fi\/?page_id=5814"},"modified":"2022-02-22T09:37:07","modified_gmt":"2022-02-22T09:37:07","slug":"amneslarare-verktygslada-lagstifningen-och-avtal-som-stod","status":"publish","type":"page","link":"https:\/\/tasa-arvokasvatuksessa.fi\/sv\/amneslarare-verktygslada-lagstifningen-och-avtal-som-stod\/","title":{"rendered":"Lagstiftningen och avtal som st\u00f6d"},"content":{"rendered":"\t\t<div data-elementor-type=\"wp-page\" data-elementor-id=\"5814\" class=\"elementor elementor-5814 elementor-4340\" data-elementor-post-type=\"page\">\n\t\t\t\t\t\t<section class=\"elementor-section elementor-top-section elementor-element elementor-element-e872da0 elementor-section-boxed elementor-section-height-default elementor-section-height-default\" data-id=\"e872da0\" data-element_type=\"section\">\n\t\t\t\t\t\t<div class=\"elementor-container elementor-column-gap-default\">\n\t\t\t\t\t<div class=\"elementor-column elementor-col-100 elementor-top-column elementor-element elementor-element-13da2dc\" data-id=\"13da2dc\" data-element_type=\"column\">\n\t\t\t<div class=\"elementor-widget-wrap elementor-element-populated\">\n\t\t\t\t\t\t<div class=\"elementor-element elementor-element-05aac7f elementor-widget elementor-widget-theme-site-title elementor-widget-heading\" data-id=\"05aac7f\" data-element_type=\"widget\" data-widget_type=\"theme-site-title.default\">\n\t\t\t\t<div class=\"elementor-widget-container\">\n\t\t\t\t\t<h2 class=\"elementor-heading-title elementor-size-default\"><a href=\"https:\/\/tasa-arvokasvatuksessa.fi\/sv\/\">J\u00e4mst\u00e4lldhet i l\u00e4rande\n<\/a><\/h2>\t\t\t\t<\/div>\n\t\t\t\t<\/div>\n\t\t\t\t<div class=\"elementor-element elementor-element-ab1ab79 elementor-nav-menu--dropdown-none elementor-widget elementor-widget-global elementor-global-5448 elementor-widget-nav-menu\" data-id=\"ab1ab79\" data-element_type=\"widget\" id=\"subheader-yellow\" data-settings=\"{&quot;submenu_icon&quot;:{&quot;value&quot;:&quot;&quot;,&quot;library&quot;:&quot;&quot;},&quot;layout&quot;:&quot;horizontal&quot;}\" data-widget_type=\"nav-menu.default\">\n\t\t\t\t<div class=\"elementor-widget-container\">\n\t\t\t\t\t\t\t\t<nav aria-label=\"Meny\" class=\"elementor-nav-menu--main elementor-nav-menu__container elementor-nav-menu--layout-horizontal e--pointer-none\">\n\t\t\t\t<ul id=\"menu-1-ab1ab79\" class=\"elementor-nav-menu\"><li class=\"menu-item menu-item-type-post_type menu-item-object-page menu-item-5274\"><a href=\"https:\/\/tasa-arvokasvatuksessa.fi\/aineenopettaja\/\" class=\"elementor-item\">Johdanto<\/a><\/li>\n<li class=\"menu-item menu-item-type-post_type menu-item-object-page menu-item-6801\"><a href=\"https:\/\/tasa-arvokasvatuksessa.fi\/aineenopettaja-testaa-itsesi-aineenopettaja\/\" class=\"elementor-item\">Testaa itsesi<\/a><\/li>\n<li class=\"menu-item menu-item-type-post_type menu-item-object-page menu-item-2987\"><a href=\"https:\/\/tasa-arvokasvatuksessa.fi\/aineenopettaja-tyokalupakki\/\" class=\"elementor-item\">Ty\u00f6kalupakki<\/a><\/li>\n<\/ul>\t\t\t<\/nav>\n\t\t\t\t\t\t<nav class=\"elementor-nav-menu--dropdown elementor-nav-menu__container\" aria-hidden=\"true\">\n\t\t\t\t<ul id=\"menu-2-ab1ab79\" class=\"elementor-nav-menu\"><li class=\"menu-item menu-item-type-post_type menu-item-object-page menu-item-5274\"><a href=\"https:\/\/tasa-arvokasvatuksessa.fi\/aineenopettaja\/\" class=\"elementor-item\" tabindex=\"-1\">Johdanto<\/a><\/li>\n<li class=\"menu-item menu-item-type-post_type menu-item-object-page menu-item-6801\"><a href=\"https:\/\/tasa-arvokasvatuksessa.fi\/aineenopettaja-testaa-itsesi-aineenopettaja\/\" class=\"elementor-item\" tabindex=\"-1\">Testaa itsesi<\/a><\/li>\n<li class=\"menu-item menu-item-type-post_type menu-item-object-page menu-item-2987\"><a href=\"https:\/\/tasa-arvokasvatuksessa.fi\/aineenopettaja-tyokalupakki\/\" class=\"elementor-item\" tabindex=\"-1\">Ty\u00f6kalupakki<\/a><\/li>\n<\/ul>\t\t\t<\/nav>\n\t\t\t\t\t\t<\/div>\n\t\t\t\t<\/div>\n\t\t\t\t\t<\/div>\n\t\t<\/div>\n\t\t\t\t\t<\/div>\n\t\t<\/section>\n\t\t\t\t<section class=\"elementor-section elementor-top-section elementor-element elementor-element-1d218bc elementor-section-boxed elementor-section-height-default elementor-section-height-default\" data-id=\"1d218bc\" data-element_type=\"section\" data-settings=\"{&quot;background_background&quot;:&quot;classic&quot;}\">\n\t\t\t\t\t\t<div class=\"elementor-container elementor-column-gap-default\">\n\t\t\t\t\t<div class=\"elementor-column elementor-col-66 elementor-top-column elementor-element elementor-element-e3a513a\" data-id=\"e3a513a\" data-element_type=\"column\">\n\t\t\t<div class=\"elementor-widget-wrap elementor-element-populated\">\n\t\t\t\t\t\t<div class=\"elementor-element elementor-element-d0ab10f elementor-widget elementor-widget-text-editor\" data-id=\"d0ab10f\" data-element_type=\"widget\" data-widget_type=\"text-editor.default\">\n\t\t\t\t<div class=\"elementor-widget-container\">\n\t\t\t\t\t\t\t\t\t<p><span style=\"font-weight: 400;\">Som st\u00f6d och grund i skolans j\u00e4mst\u00e4lldhetsarbete finns lagstiftningen och olika avtal. <a href=\"https:\/\/www.oph.fi\/sites\/default\/files\/documents\/grunderna_for_laroplanen_for_den_grundlaggande_utbildningen_2014.pdf\">I l\u00e4roplanen<\/a> understryks att varje elev \u00e4r en individ, har ett v\u00e4rde och r\u00e4tt till bra undervisning. (2.2. V\u00e4rdegrunden f\u00f6r den grundl\u00e4ggande utbildningen)<\/span><\/p><h2><strong>Hur?<\/strong><\/h2><p>Som grund f\u00f6r att fr\u00e4mja j\u00e4mst\u00e4lldhet bland fostrare och barn kan till exempel barnkonventionen anv\u00e4ndas.\u00a0<\/p><p><a href=\"https:\/\/tasa-arvokasvatuksessa.fi\/wp-content\/uploads\/2022\/02\/2.2.8.-FN-s-konvention-om-barnets-rattigheter-ur-ett-konsperspektiv-1.pdf\">FN:s konvention om barnets r\u00e4ttigheter ur ett k\u00f6nsperspektiv.<\/a>(PDF).<\/p><p><a href=\"https:\/\/finlex.fi\/sv\/laki\/ajantasa\/1986\/19860609\">J\u00e4mst\u00e4lldhetslagen<\/a>, dvs. lag om j\u00e4mst\u00e4lldhet mellan kvinnor och m\u00e4n, som bl.a. f\u00f6rbjuder trakasserier utg\u00e5ende fr\u00e5n k\u00f6n, kan fungera som botten f\u00f6r diskussioner om j\u00e4mst\u00e4lldhet. Lagen innefattar myndighetens skyldighet (4\u00a7).\u00a0<\/p><p><a href=\"https:\/\/tasa-arvokasvatuksessa.fi\/wp-content\/uploads\/2022\/02\/2.2.11.-Lag-om-jamstalldhet-mellan-kvinnor-och-man-Skola-och-utbildning.pdf\">Lag om j\u00e4mst\u00e4lldhet mellan kvinnor och m\u00e4n. <\/a>(PDF).\u00a0<\/p>\t\t\t\t\t\t\t\t<\/div>\n\t\t\t\t<\/div>\n\t\t\t\t\t<\/div>\n\t\t<\/div>\n\t\t\t\t<div class=\"elementor-column elementor-col-33 elementor-top-column elementor-element elementor-element-e68e1c8\" data-id=\"e68e1c8\" data-element_type=\"column\">\n\t\t\t<div class=\"elementor-widget-wrap elementor-element-populated\">\n\t\t\t\t\t\t<div class=\"elementor-element elementor-element-9813ad4 elementor-nav-menu--dropdown-none elementor-widget elementor-widget-global elementor-global-5339 elementor-widget-nav-menu\" data-id=\"9813ad4\" data-element_type=\"widget\" id=\"widget-yellow\" data-settings=\"{&quot;layout&quot;:&quot;vertical&quot;,&quot;submenu_icon&quot;:{&quot;value&quot;:&quot;&quot;,&quot;library&quot;:&quot;&quot;}}\" data-widget_type=\"nav-menu.default\">\n\t\t\t\t<div class=\"elementor-widget-container\">\n\t\t\t\t\t\t\t\t<nav aria-label=\"Meny\" class=\"elementor-nav-menu--main elementor-nav-menu__container elementor-nav-menu--layout-vertical e--pointer-none\">\n\t\t\t\t<ul id=\"menu-1-9813ad4\" class=\"elementor-nav-menu sm-vertical\"><li class=\"menu-item menu-item-type-post_type menu-item-object-page menu-item-6636\"><a href=\"https:\/\/tasa-arvokasvatuksessa.fi\/sv\/amneslarare-verktygslada-arbetet-borjar-med-oss\/\" class=\"elementor-item\">Arbetet b\u00f6rjar med oss<\/a><\/li>\n<li class=\"menu-item menu-item-type-post_type menu-item-object-page menu-item-6637\"><a href=\"https:\/\/tasa-arvokasvatuksessa.fi\/sv\/amneslarare-verktygslada-lar-dig-begreppen\/\" class=\"elementor-item\">L\u00e4r dig begreppen<\/a><\/li>\n<li class=\"menu-item menu-item-type-post_type menu-item-object-page menu-item-6638\"><a href=\"https:\/\/tasa-arvokasvatuksessa.fi\/sv\/amneslarare-verktygslada-konsstereotyper-i-skolan\/\" class=\"elementor-item\">K\u00f6nsstereotyper i skolan<\/a><\/li>\n<li class=\"menu-item menu-item-type-post_type menu-item-object-page menu-item-6639\"><a href=\"https:\/\/tasa-arvokasvatuksessa.fi\/sv\/amneslarare-verktygslada-fem-synvinklar-pa-skolans-jamstalldshetsarbete\/\" class=\"elementor-item\">Fem synvinklar p\u00e5 skolans j\u00e4mst\u00e4lldshetsarbete<\/a><\/li>\n<li class=\"menu-item menu-item-type-post_type menu-item-object-page menu-item-6640\"><a href=\"https:\/\/tasa-arvokasvatuksessa.fi\/sv\/amneslarare-verktygslada-skolans-jamstalldhetsplan\/\" class=\"elementor-item\">Skolans j\u00e4mst\u00e4lldhetsplan<\/a><\/li>\n<li class=\"menu-item menu-item-type-post_type menu-item-object-page menu-item-6641\"><a href=\"https:\/\/tasa-arvokasvatuksessa.fi\/sv\/amneslarare-verktygslada-samarbete\/\" class=\"elementor-item\">Samarbete<\/a><\/li>\n<li class=\"menu-item menu-item-type-post_type menu-item-object-page menu-item-6642\"><a href=\"https:\/\/tasa-arvokasvatuksessa.fi\/sv\/amneslarare-verktygslada-trakasserier-och-mobbning\/\" class=\"elementor-item\">Trakasserier och mobbning<\/a><\/li>\n<li class=\"menu-item menu-item-type-post_type menu-item-object-page menu-item-6643\"><a href=\"https:\/\/tasa-arvokasvatuksessa.fi\/sv\/amneslarare-verktygslada-lagstifningen-och-avtal-som-stod\/\" class=\"elementor-item\">Lagstiftningen och avtal som st\u00f6d<\/a><\/li>\n<li class=\"menu-item menu-item-type-post_type menu-item-object-page menu-item-6644\"><a href=\"https:\/\/tasa-arvokasvatuksessa.fi\/sv\/amneslarare-verktygslada-lanktips\/\" class=\"elementor-item\">L\u00e4nktips<\/a><\/li>\n<\/ul>\t\t\t<\/nav>\n\t\t\t\t\t\t<nav class=\"elementor-nav-menu--dropdown elementor-nav-menu__container\" aria-hidden=\"true\">\n\t\t\t\t<ul id=\"menu-2-9813ad4\" class=\"elementor-nav-menu sm-vertical\"><li class=\"menu-item menu-item-type-post_type menu-item-object-page menu-item-6636\"><a href=\"https:\/\/tasa-arvokasvatuksessa.fi\/sv\/amneslarare-verktygslada-arbetet-borjar-med-oss\/\" class=\"elementor-item\" tabindex=\"-1\">Arbetet b\u00f6rjar med oss<\/a><\/li>\n<li class=\"menu-item menu-item-type-post_type menu-item-object-page menu-item-6637\"><a href=\"https:\/\/tasa-arvokasvatuksessa.fi\/sv\/amneslarare-verktygslada-lar-dig-begreppen\/\" class=\"elementor-item\" tabindex=\"-1\">L\u00e4r dig begreppen<\/a><\/li>\n<li class=\"menu-item menu-item-type-post_type menu-item-object-page menu-item-6638\"><a href=\"https:\/\/tasa-arvokasvatuksessa.fi\/sv\/amneslarare-verktygslada-konsstereotyper-i-skolan\/\" class=\"elementor-item\" tabindex=\"-1\">K\u00f6nsstereotyper i skolan<\/a><\/li>\n<li class=\"menu-item menu-item-type-post_type menu-item-object-page menu-item-6639\"><a href=\"https:\/\/tasa-arvokasvatuksessa.fi\/sv\/amneslarare-verktygslada-fem-synvinklar-pa-skolans-jamstalldshetsarbete\/\" class=\"elementor-item\" tabindex=\"-1\">Fem synvinklar p\u00e5 skolans j\u00e4mst\u00e4lldshetsarbete<\/a><\/li>\n<li class=\"menu-item menu-item-type-post_type menu-item-object-page menu-item-6640\"><a href=\"https:\/\/tasa-arvokasvatuksessa.fi\/sv\/amneslarare-verktygslada-skolans-jamstalldhetsplan\/\" class=\"elementor-item\" tabindex=\"-1\">Skolans j\u00e4mst\u00e4lldhetsplan<\/a><\/li>\n<li class=\"menu-item menu-item-type-post_type menu-item-object-page menu-item-6641\"><a href=\"https:\/\/tasa-arvokasvatuksessa.fi\/sv\/amneslarare-verktygslada-samarbete\/\" class=\"elementor-item\" tabindex=\"-1\">Samarbete<\/a><\/li>\n<li class=\"menu-item menu-item-type-post_type menu-item-object-page menu-item-6642\"><a href=\"https:\/\/tasa-arvokasvatuksessa.fi\/sv\/amneslarare-verktygslada-trakasserier-och-mobbning\/\" class=\"elementor-item\" tabindex=\"-1\">Trakasserier och mobbning<\/a><\/li>\n<li class=\"menu-item menu-item-type-post_type menu-item-object-page menu-item-6643\"><a href=\"https:\/\/tasa-arvokasvatuksessa.fi\/sv\/amneslarare-verktygslada-lagstifningen-och-avtal-som-stod\/\" class=\"elementor-item\" tabindex=\"-1\">Lagstiftningen och avtal som st\u00f6d<\/a><\/li>\n<li class=\"menu-item menu-item-type-post_type menu-item-object-page menu-item-6644\"><a href=\"https:\/\/tasa-arvokasvatuksessa.fi\/sv\/amneslarare-verktygslada-lanktips\/\" class=\"elementor-item\" tabindex=\"-1\">L\u00e4nktips<\/a><\/li>\n<\/ul>\t\t\t<\/nav>\n\t\t\t\t\t\t<\/div>\n\t\t\t\t<\/div>\n\t\t\t\t\t<\/div>\n\t\t<\/div>\n\t\t\t\t\t<\/div>\n\t\t<\/section>\n\t\t\t\t<\/div>\n\t\t","protected":false},"excerpt":{"rendered":"<p>Som st\u00f6d och grund i skolans j\u00e4mst\u00e4lldhetsarbete finns lagstiftningen och olika avtal. I l\u00e4roplanen understryks att varje elev \u00e4r en individ, har ett v\u00e4rde och r\u00e4tt till bra undervisning. (2.2. V\u00e4rdegrunden f\u00f6r den grundl\u00e4ggande utbildningen) Hur? Som grund f\u00f6r att fr\u00e4mja j\u00e4mst\u00e4lldhet bland fostrare och barn kan till exempel barnkonventionen anv\u00e4ndas.\u00a0 FN:s konvention om barnets [&hellip;]<\/p>\n","protected":false},"author":5,"featured_media":0,"parent":0,"menu_order":0,"comment_status":"closed","ping_status":"closed","template":"","meta":{"footnotes":""},"class_list":["post-5814","page","type-page","status-publish","hentry"],"_links":{"self":[{"href":"https:\/\/tasa-arvokasvatuksessa.fi\/sv\/wp-json\/wp\/v2\/pages\/5814","targetHints":{"allow":["GET"]}}],"collection":[{"href":"https:\/\/tasa-arvokasvatuksessa.fi\/sv\/wp-json\/wp\/v2\/pages"}],"about":[{"href":"https:\/\/tasa-arvokasvatuksessa.fi\/sv\/wp-json\/wp\/v2\/types\/page"}],"author":[{"embeddable":true,"href":"https:\/\/tasa-arvokasvatuksessa.fi\/sv\/wp-json\/wp\/v2\/users\/5"}],"replies":[{"embeddable":true,"href":"https:\/\/tasa-arvokasvatuksessa.fi\/sv\/wp-json\/wp\/v2\/comments?post=5814"}],"version-history":[{"count":26,"href":"https:\/\/tasa-arvokasvatuksessa.fi\/sv\/wp-json\/wp\/v2\/pages\/5814\/revisions"}],"predecessor-version":[{"id":8318,"href":"https:\/\/tasa-arvokasvatuksessa.fi\/sv\/wp-json\/wp\/v2\/pages\/5814\/revisions\/8318"}],"wp:attachment":[{"href":"https:\/\/tasa-arvokasvatuksessa.fi\/sv\/wp-json\/wp\/v2\/media?parent=5814"}],"curies":[{"name":"wp","href":"https:\/\/api.w.org\/{rel}","templated":true}]}}