{"id":5816,"date":"2021-12-09T15:28:48","date_gmt":"2021-12-09T15:28:48","guid":{"rendered":"https:\/\/tasa-arvokasvatuksessa.fi\/?page_id=5816"},"modified":"2022-02-10T15:08:32","modified_gmt":"2022-02-10T15:08:32","slug":"amneslarare-verktygslada-lanktips","status":"publish","type":"page","link":"https:\/\/tasa-arvokasvatuksessa.fi\/sv\/amneslarare-verktygslada-lanktips\/","title":{"rendered":"L\u00e4nktips"},"content":{"rendered":"\t\t<div data-elementor-type=\"wp-page\" data-elementor-id=\"5816\" class=\"elementor elementor-5816 elementor-4339\" data-elementor-post-type=\"page\">\n\t\t\t\t\t\t<section class=\"elementor-section elementor-top-section elementor-element elementor-element-e872da0 elementor-section-boxed elementor-section-height-default elementor-section-height-default\" data-id=\"e872da0\" data-element_type=\"section\">\n\t\t\t\t\t\t<div class=\"elementor-container elementor-column-gap-default\">\n\t\t\t\t\t<div class=\"elementor-column elementor-col-100 elementor-top-column elementor-element elementor-element-13da2dc\" data-id=\"13da2dc\" data-element_type=\"column\">\n\t\t\t<div class=\"elementor-widget-wrap elementor-element-populated\">\n\t\t\t\t\t\t<div class=\"elementor-element elementor-element-05aac7f elementor-widget elementor-widget-theme-site-title elementor-widget-heading\" data-id=\"05aac7f\" data-element_type=\"widget\" data-widget_type=\"theme-site-title.default\">\n\t\t\t\t<div class=\"elementor-widget-container\">\n\t\t\t\t\t<h2 class=\"elementor-heading-title elementor-size-default\"><a href=\"https:\/\/tasa-arvokasvatuksessa.fi\/sv\/\">J\u00e4mst\u00e4lldhet i l\u00e4rande\n<\/a><\/h2>\t\t\t\t<\/div>\n\t\t\t\t<\/div>\n\t\t\t\t<div class=\"elementor-element elementor-element-3b8ef7c elementor-nav-menu--dropdown-none elementor-widget elementor-widget-global elementor-global-5448 elementor-widget-nav-menu\" data-id=\"3b8ef7c\" data-element_type=\"widget\" id=\"subheader-yellow\" data-settings=\"{&quot;submenu_icon&quot;:{&quot;value&quot;:&quot;&quot;,&quot;library&quot;:&quot;&quot;},&quot;layout&quot;:&quot;horizontal&quot;}\" data-widget_type=\"nav-menu.default\">\n\t\t\t\t<div class=\"elementor-widget-container\">\n\t\t\t\t\t\t\t\t<nav aria-label=\"Meny\" class=\"elementor-nav-menu--main elementor-nav-menu__container elementor-nav-menu--layout-horizontal e--pointer-none\">\n\t\t\t\t<ul id=\"menu-1-3b8ef7c\" class=\"elementor-nav-menu\"><li class=\"menu-item menu-item-type-post_type menu-item-object-page menu-item-5274\"><a href=\"https:\/\/tasa-arvokasvatuksessa.fi\/aineenopettaja\/\" class=\"elementor-item\">Johdanto<\/a><\/li>\n<li class=\"menu-item menu-item-type-post_type menu-item-object-page menu-item-6801\"><a href=\"https:\/\/tasa-arvokasvatuksessa.fi\/aineenopettaja-testaa-itsesi-aineenopettaja\/\" class=\"elementor-item\">Testaa itsesi<\/a><\/li>\n<li class=\"menu-item menu-item-type-post_type menu-item-object-page menu-item-2987\"><a href=\"https:\/\/tasa-arvokasvatuksessa.fi\/aineenopettaja-tyokalupakki\/\" class=\"elementor-item\">Ty\u00f6kalupakki<\/a><\/li>\n<\/ul>\t\t\t<\/nav>\n\t\t\t\t\t\t<nav class=\"elementor-nav-menu--dropdown elementor-nav-menu__container\" aria-hidden=\"true\">\n\t\t\t\t<ul id=\"menu-2-3b8ef7c\" class=\"elementor-nav-menu\"><li class=\"menu-item menu-item-type-post_type menu-item-object-page menu-item-5274\"><a href=\"https:\/\/tasa-arvokasvatuksessa.fi\/aineenopettaja\/\" class=\"elementor-item\" tabindex=\"-1\">Johdanto<\/a><\/li>\n<li class=\"menu-item menu-item-type-post_type menu-item-object-page menu-item-6801\"><a href=\"https:\/\/tasa-arvokasvatuksessa.fi\/aineenopettaja-testaa-itsesi-aineenopettaja\/\" class=\"elementor-item\" tabindex=\"-1\">Testaa itsesi<\/a><\/li>\n<li class=\"menu-item menu-item-type-post_type menu-item-object-page menu-item-2987\"><a href=\"https:\/\/tasa-arvokasvatuksessa.fi\/aineenopettaja-tyokalupakki\/\" class=\"elementor-item\" tabindex=\"-1\">Ty\u00f6kalupakki<\/a><\/li>\n<\/ul>\t\t\t<\/nav>\n\t\t\t\t\t\t<\/div>\n\t\t\t\t<\/div>\n\t\t\t\t\t<\/div>\n\t\t<\/div>\n\t\t\t\t\t<\/div>\n\t\t<\/section>\n\t\t\t\t<section class=\"elementor-section elementor-top-section elementor-element elementor-element-1d218bc elementor-section-boxed elementor-section-height-default elementor-section-height-default\" data-id=\"1d218bc\" data-element_type=\"section\" data-settings=\"{&quot;background_background&quot;:&quot;classic&quot;}\">\n\t\t\t\t\t\t<div class=\"elementor-container elementor-column-gap-default\">\n\t\t\t\t\t<div class=\"elementor-column elementor-col-66 elementor-top-column elementor-element elementor-element-e3a513a\" data-id=\"e3a513a\" data-element_type=\"column\">\n\t\t\t<div class=\"elementor-widget-wrap elementor-element-populated\">\n\t\t\t\t\t\t<div class=\"elementor-element elementor-element-90b367d elementor-widget elementor-widget-text-editor\" data-id=\"90b367d\" data-element_type=\"widget\" data-widget_type=\"text-editor.default\">\n\t\t\t\t<div class=\"elementor-widget-container\">\n\t\t\t\t\t\t\t\t\t<h3>Allm\u00e4nt om j\u00e4mst\u00e4lldhet i skolan<\/h3><ul><li>Centret f\u00f6r j\u00e4mst\u00e4lldhetsinformation. <a href=\"https:\/\/thl.fi\/sv\/web\/jamstalldhet\/jamstalldhet-i-finland\/utbildning\">Utbildning.<\/a> Webbsida.\u00a0<\/li><li>Esbo stad. <a href=\"https:\/\/sites.google.com\/eduespoo.fi\/lage\/materialbank\/j%C3%A4mst%C3%A4lldhet-och-likabehandling\">J\u00e4mst\u00e4lldhet och likabehandling <\/a>\u00a0Webbsida.\u00a0<\/li><li>J\u00e4mst\u00e4lldhetombudsmannen. <a href=\"https:\/\/tasa-arvo.fi\/sv\/skolor-och-laroanstalter\">J\u00e4mst\u00e4lldhet i skolor och vid l\u00e4roanstalter.<\/a>\u00a0Webbsida.<\/li><li>Utbildningsstyrelsen. <a href=\"https:\/\/www.oph.fi\/sv\/utbildning-och-examina\/planering-av-jamstalldhet-och-likabehandling-i-laroanstalterna\">Planering av j\u00e4mst\u00e4lldhet och likabehandling i l\u00e4roanstalterna.<\/a> Webbsida.<\/li><li>Utbildningsstyrelsen. <a href=\"https:\/\/www.oph.fi\/sv\/utbildning-och-examina\/genusmedveten-undervisning-och-handledning\">Genusmedveten undervisning och handledning.<\/a> Webbsida.<\/li><li>Social och h\u00e4lsov\u00e5rdsministeriet. <a href=\"https:\/\/stm.fi\/documents\/1271139\/5825378\/STM_kasvatusjakoulutus_SWE_verkko.pdf\/2d44fed0-a701-4cc1-b21c-bdf578421153\/STM_kasvatusjakoulutus_SWE_verkko.pdf\">J\u00e4mst\u00e4lldhet i fostran och utbildning.<\/a> Kort sammandrag.<\/li><li>Suomen Ammattiin Opiskelevien Liitto &#8211; SAKKI ry, Seta ry, Suomen lukiolaisten Liitto SLL ry., Finlands Svenska Skolungdom FSS rf. (2013).\u00a0<a href=\"https:\/\/www.dropbox.com\/s\/4dvkhb2pjk4f0la\/AntaInt-WEB.pdf?dl=0\">Anta int\u2019! Bryt normen! Ett normkritiskt material om likabehandling, att motverka diskriminering och friheten att f\u00e5 vara sig sj\u00e4lv.<\/a><\/li><\/ul><h3><strong>J\u00e4mst\u00e4lldhet, familj, kropp och sexualitet<\/strong><\/h3><ul><li>Folkh\u00e4lsan &amp; Nektaria.\u00a0 <a href=\"https:\/\/indd.adobe.com\/view\/aa97152c-068e-4d2a-9ccd-5fe8509ce8cf\">Snippelisnopp. Enkel sexualundervisning f\u00f6r \u00e5k 1-6<\/a><\/li><li>N\u00e4tverket f\u00f6r familjers diversitet. <a href=\"https:\/\/monimuotoisetperheet.fi\/pa-svenska\/inlarningsmaterial\/\">Inl\u00e4rningsmaterial.<\/a> Video och plansch.<\/li><li>Suss, \u00c5hman (2019).\u00a0<a href=\"https:\/\/www.hyvakysymys.fi\/sv\/lecture\/trygghetsfostran-och-att-forebygga-sexuella-overgrepp\/\">Trygghetsfostran och att f\u00f6rebygga sexuella \u00f6vergrepp.<\/a> Videof\u00f6rel\u00e4sning. Hyv\u00e4 kysymys.<\/li><li>V\u00e4est\u00f6liitto, L\u00e4ttl\u00e4st, Folkh\u00e4lsan, Emma och Elias. <a href=\"http:\/\/vaestoliitto-fi.directo.fi\/@Bin\/d2e2ec0dd7a9a9b5438050271a42c92e\/1642777481\/application\/pdf\/6366525\/Turvataidot%20ja%20lapsen%20keho_svenska.pdf\">Alla har r\u00e4tt att best\u00e4mma \u00f6ver sin egen kropp.<\/a> Planch.\u00a0\u00a0<\/li><\/ul><h3><strong>Studerandearbeten kring j\u00e4mst\u00e4lldhet i skolan<\/strong><\/h3><ul><li>Breitenstein, Selma (2016). <a href=\"https:\/\/helda.helsinki.fi\/handle\/10138\/163608\">&#8221;Du sa att skolan inte kan f\u00f6r\u00e4ndras s\u00e5 att alla accepteras. Varf\u00f6r t\u00e4nker du s\u00e5?&#8221; : \u00e5ttondeklassare reflekterar \u00f6ver och utmanar konstruktioner av genus, k\u00f6nsroller, sexualitet och heteronormativitet i skolvardagen.<\/a> Pro gradu avhandling. Helsingfors universitet.\u00a0\u00a0<\/li><li>Hagstr\u00f6m, Laura (2018). <a href=\"https:\/\/www.diva-portal.org\/smash\/get\/diva2:1473747\/FULLTEXT01.pdf\">\u201dMan l\u00e5tsades vara som alla andra\u201d: En kvalitativ studie om transpersoners upplevelse av sin skolg\u00e5ng.<\/a> Pro gradu avhandling. Uppsala Universitet.<\/li><li>Hongell, Sebastian (2019). <a href=\"https:\/\/www.doria.fi\/handle\/10024\/172960\">Gruppdynamik i k\u00f6nsheterogena och k\u00f6nshomogena gymnastikgrupper ur elevers synvinklar.<\/a> Pro gradu avhandling. \u00c5bo Akademi.\u00a0<\/li><li>Lundst\u00e9n, Linda (2019). <a href=\"https:\/\/www.doria.fi\/handle\/10024\/169545\">N\u00e4tpornografi utmanar skolans v\u00e4rdegrund : Klassl\u00e4rarstuderandes uppfattningar om fenomenet n\u00e4tporr i ett genuspedagogiskt perspektiv.<\/a> Pro gradu avhandling. \u00c5bo Akademi.\u00a0<\/li><li>Lundberg, Victoria (2021). <a href=\"https:\/\/helda.helsinki.fi\/handle\/10138\/330576\">\u201dStereotyper borde int finnas om de int \u00e4r s\u00e5na som att pojkar ska f\u00e5 vara pojkar om dom vill, och flickor ska f\u00e5 vara flickor om dom vill\u201d : elevers upplevelser av k\u00f6nsidentitet och \u00e5sikter om stereotyper.<\/a> Pro gradu avhandling. Helsingfors universitet.<\/li><li>Mansner-L\u00f6nnqvist, Anna (2020). <a href=\"https:\/\/helda.helsinki.fi\/handle\/10138\/318261\">Hur uttrycks genus i skolors j\u00e4mst\u00e4lldhetsplaner? : en kritisk diskursanalys.<\/a> Pro Gradu. Helsingfors universitet.\u00a0<\/li><li>Manula, Jutta (2019). <a href=\"https:\/\/www.doria.fi\/bitstream\/handle\/10024\/168812\/maunula_jutta.pdf?sequence=2&amp;isAllowed=y\">J\u00e4mst\u00e4lldhetsarbete \u2013 en pedagogisk princip. Tredjeklassisters uppfattningar om k\u00f6nsnormer i skolans verksamhetskultur.<\/a> Magisteravhandling. \u00c5bo Akademi.<\/li><li>Nyberg, Alexandra (2019). <a href=\"https:\/\/www.doria.fi\/handle\/10024\/169072\">P\u00e5 v\u00e4g mot en normkritisk l\u00e4rarutbildning? : En kvalitativ studie om l\u00e4rarstuderandes uppfattningar om l\u00e4rarutbildningen i fr\u00e5gor om j\u00e4mst\u00e4lldhet, genus och hbtq.<\/a> Pro gradu avhandling. \u00c5bo Akademi.\u00a0<\/li><li>Petas, Roh (2017). <a href=\"https:\/\/helda.helsinki.fi\/handle\/10138\/193529\">M\u00f6jligt M\u00e5ste Bra Att veta : F\u00f6rst\u00e5elser av j\u00e4mst\u00e4lldhet i skolan ur Dole\u017eels modalitetsperspektiv.<\/a> Pro gradu avhandling. Helsingfors universitet.\u00a0<\/li><li>Raevuori, Marika (2020). <a href=\"https:\/\/www.doria.fi\/handle\/10024\/177036\">\u201dMin uppfattning f\u00f6r\u00e4ndrades en dag n\u00e4r jag l\u00e4ste om en unders\u00f6kning hur l\u00e4rarna f\u00f6rh\u00e5ller sig gentemot flickor och pojkar under matematiklektioner\u201d : En flerformsstudie om finlandssvenska klassl\u00e4rares uppfattningar om beg\u00e5vning hos flickor och pojkar i matematik.<\/a> Pro gradu avhandling. \u00c5bo Akademi.\u00a0<\/li><li>Vikstr\u00f6m, Maria (2021). <a href=\"https:\/\/helda.helsinki.fi\/handle\/10138\/330582\">L\u00e4rares syn p\u00e5 m\u00e5ngfald och skolans j\u00e4mlikhetsuppgift : en diskursanalytisk studie om f\u00f6ruts\u00e4ttningar f\u00f6r j\u00e4mlikhetsfostran i l\u00e5gstadiet.<\/a> Pro gradu avhandling. Helsingfors universitet.\u00a0<\/li><li>Wulff, Fredrika (2019). <a href=\"https:\/\/docplayer.se\/197752101-Det-viktigaste-ar-inte-sjalva-planen-utan-arbetet-med-den.html\">\u201dDet viktigaste \u00e4r inte sj\u00e4lva planen, utan arbetet med den\u201d: En kvalitativ studie om finlandssvenska skolors j\u00e4mst\u00e4lldhetsplaner och hur de f\u00f6rverkligas.<\/a> Pro gradu avhandling. \u00c5bo Akademi.\u00a0<\/li><\/ul><h3><strong>J\u00e4mst\u00e4lldhet och normkritik fr\u00e5n Sverige<\/strong><\/h3><ul><li>Friends.\u00a0<a href=\"https:\/\/friends.se\/kunskap-och-stod\/forskola\/normkritik\/\">Jobba med normkritik.<\/a>Webbsida.<\/li><li>L\u00e4nsstyrelsen i V\u00e4stermanland. <a href=\"http:\/\/www.jamstalldskola.se\/index.shtml\">J\u00e4mst\u00e4lldhet i skolan.<\/a> Webbsida.<\/li><li>Uppsala diskrimineringsbyr\u00e5 (2019). <a href=\"https:\/\/www.antidiskrimineringuppsala.se\/wp-content\/uploads\/2018\/09\/PraLin_helaboken_digital.pdf\">Verktygsboken PraLin \u2013 Praktiskt arbete med lika r\u00e4ttigheter i skolan.<\/a><\/li><li>\u00a0<\/li><\/ul><h3><strong>K\u00f6nsm\u00e5ngfald och sexuell m\u00e5ngfald<\/strong><\/h3><ul><li>Harrysson, Viktoria.\u00a0<a href=\"https:\/\/www.youtube.com\/playlist?list=PLJD4xmsR--uQR4cvfh41swbexkOjkjRVR\">Min transsexuella resa.\u00a0<\/a>Youtube-kanal<\/li><li>J\u00e4mst\u00e4lldhetsombudsmannen. <a href=\"https:\/\/tasa-arvo.fi\/sv\/konsidentitet-och-konsuttryck\">K\u00f6nsm\u00e5ngfald.<\/a> Webbsida.<\/li><li>Kompetenscentrum f\u00f6r k\u00f6nsm\u00e5ngfald (2021). <a href=\"https:\/\/seta.fi\/tue\/sukupuolen-moninaisuus-ja-kehon-kirjo-svenska\/\">M\u00e5ngfalden av k\u00f6n och kroppar.<\/a> Handbok.<\/li><li>RFSL (2020). <a href=\"https:\/\/www.rfsl.se\/wp-content\/uploads\/2020\/01\/OavsettKo%CC%88n.pdf\">Oavsett k\u00f6n?\u00a0Handbok f\u00f6r arbete med j\u00e4mst\u00e4lldhet och<\/a><br \/>trans.<\/li><li>Seta och Kompetenscentrum f\u00f6r k\u00f6nsm\u00e5ngfald (2017).\u00a0<a href=\"https:\/\/sukupuolenosaamiskeskus.fi\/wp-content\/uploads\/2020\/03\/Va%CC%88rldens-finaste-bal.pdf\">En saga om Santeri.<\/a><\/li><li>Transammans hemsida. <a href=\"https:\/\/www.transammans.se\/om-trans\/personliga-ber%C3%A4ttelser\">Personliga ber\u00e4ttelser om transbarn och -unga.\u00a0<\/a><\/li><li>UR (2020).\u00a0<a href=\"https:\/\/urplay.se\/program\/219286-tack-gud-jag-ar-homo-vad-ar-trans-egentligen\">Vad \u00e4r trans egentligen?<\/a> UR Video.<\/li><\/ul><h3><strong>Terminologi<\/strong><\/h3><ul><li>Centret f\u00f6r j\u00e4mst\u00e4lldhetsinformation.\u00a0<a href=\"https:\/\/thl.fi\/sv\/web\/jamstalldhet\/kon\/ordlista\">Ordlista.<\/a><\/li><li>Regnb\u00e5gsallians.\u00a0<a href=\"https:\/\/www.regnbagsankan.fi\/utbildning\/fakta-om-hbtiq\/\">Svenskfinlands ordlista.\u00a0<\/a><\/li><\/ul>\t\t\t\t\t\t\t\t<\/div>\n\t\t\t\t<\/div>\n\t\t\t\t\t<\/div>\n\t\t<\/div>\n\t\t\t\t<div class=\"elementor-column elementor-col-33 elementor-top-column elementor-element elementor-element-e68e1c8\" data-id=\"e68e1c8\" data-element_type=\"column\">\n\t\t\t<div class=\"elementor-widget-wrap elementor-element-populated\">\n\t\t\t\t\t\t<div class=\"elementor-element elementor-element-ef842fe elementor-nav-menu--dropdown-none elementor-widget elementor-widget-global elementor-global-5339 elementor-widget-nav-menu\" data-id=\"ef842fe\" data-element_type=\"widget\" id=\"widget-yellow\" data-settings=\"{&quot;layout&quot;:&quot;vertical&quot;,&quot;submenu_icon&quot;:{&quot;value&quot;:&quot;&quot;,&quot;library&quot;:&quot;&quot;}}\" data-widget_type=\"nav-menu.default\">\n\t\t\t\t<div class=\"elementor-widget-container\">\n\t\t\t\t\t\t\t\t<nav aria-label=\"Meny\" class=\"elementor-nav-menu--main elementor-nav-menu__container elementor-nav-menu--layout-vertical e--pointer-none\">\n\t\t\t\t<ul id=\"menu-1-ef842fe\" class=\"elementor-nav-menu sm-vertical\"><li class=\"menu-item menu-item-type-post_type menu-item-object-page menu-item-6636\"><a href=\"https:\/\/tasa-arvokasvatuksessa.fi\/sv\/amneslarare-verktygslada-arbetet-borjar-med-oss\/\" class=\"elementor-item\">Arbetet b\u00f6rjar med oss<\/a><\/li>\n<li class=\"menu-item menu-item-type-post_type menu-item-object-page menu-item-6637\"><a href=\"https:\/\/tasa-arvokasvatuksessa.fi\/sv\/amneslarare-verktygslada-lar-dig-begreppen\/\" class=\"elementor-item\">L\u00e4r dig begreppen<\/a><\/li>\n<li class=\"menu-item menu-item-type-post_type menu-item-object-page menu-item-6638\"><a href=\"https:\/\/tasa-arvokasvatuksessa.fi\/sv\/amneslarare-verktygslada-konsstereotyper-i-skolan\/\" class=\"elementor-item\">K\u00f6nsstereotyper i skolan<\/a><\/li>\n<li class=\"menu-item menu-item-type-post_type menu-item-object-page menu-item-6639\"><a href=\"https:\/\/tasa-arvokasvatuksessa.fi\/sv\/amneslarare-verktygslada-fem-synvinklar-pa-skolans-jamstalldshetsarbete\/\" class=\"elementor-item\">Fem synvinklar p\u00e5 skolans j\u00e4mst\u00e4lldshetsarbete<\/a><\/li>\n<li class=\"menu-item menu-item-type-post_type menu-item-object-page menu-item-6640\"><a href=\"https:\/\/tasa-arvokasvatuksessa.fi\/sv\/amneslarare-verktygslada-skolans-jamstalldhetsplan\/\" class=\"elementor-item\">Skolans j\u00e4mst\u00e4lldhetsplan<\/a><\/li>\n<li class=\"menu-item menu-item-type-post_type menu-item-object-page menu-item-6641\"><a href=\"https:\/\/tasa-arvokasvatuksessa.fi\/sv\/amneslarare-verktygslada-samarbete\/\" class=\"elementor-item\">Samarbete<\/a><\/li>\n<li class=\"menu-item menu-item-type-post_type menu-item-object-page menu-item-6642\"><a href=\"https:\/\/tasa-arvokasvatuksessa.fi\/sv\/amneslarare-verktygslada-trakasserier-och-mobbning\/\" class=\"elementor-item\">Trakasserier och mobbning<\/a><\/li>\n<li class=\"menu-item menu-item-type-post_type menu-item-object-page menu-item-6643\"><a href=\"https:\/\/tasa-arvokasvatuksessa.fi\/sv\/amneslarare-verktygslada-lagstifningen-och-avtal-som-stod\/\" class=\"elementor-item\">Lagstiftningen och avtal som st\u00f6d<\/a><\/li>\n<li class=\"menu-item menu-item-type-post_type menu-item-object-page menu-item-6644\"><a href=\"https:\/\/tasa-arvokasvatuksessa.fi\/sv\/amneslarare-verktygslada-lanktips\/\" class=\"elementor-item\">L\u00e4nktips<\/a><\/li>\n<\/ul>\t\t\t<\/nav>\n\t\t\t\t\t\t<nav class=\"elementor-nav-menu--dropdown elementor-nav-menu__container\" aria-hidden=\"true\">\n\t\t\t\t<ul id=\"menu-2-ef842fe\" class=\"elementor-nav-menu sm-vertical\"><li class=\"menu-item menu-item-type-post_type menu-item-object-page menu-item-6636\"><a href=\"https:\/\/tasa-arvokasvatuksessa.fi\/sv\/amneslarare-verktygslada-arbetet-borjar-med-oss\/\" class=\"elementor-item\" tabindex=\"-1\">Arbetet b\u00f6rjar med oss<\/a><\/li>\n<li class=\"menu-item menu-item-type-post_type menu-item-object-page menu-item-6637\"><a href=\"https:\/\/tasa-arvokasvatuksessa.fi\/sv\/amneslarare-verktygslada-lar-dig-begreppen\/\" class=\"elementor-item\" tabindex=\"-1\">L\u00e4r dig begreppen<\/a><\/li>\n<li class=\"menu-item menu-item-type-post_type menu-item-object-page menu-item-6638\"><a href=\"https:\/\/tasa-arvokasvatuksessa.fi\/sv\/amneslarare-verktygslada-konsstereotyper-i-skolan\/\" class=\"elementor-item\" tabindex=\"-1\">K\u00f6nsstereotyper i skolan<\/a><\/li>\n<li class=\"menu-item menu-item-type-post_type menu-item-object-page menu-item-6639\"><a href=\"https:\/\/tasa-arvokasvatuksessa.fi\/sv\/amneslarare-verktygslada-fem-synvinklar-pa-skolans-jamstalldshetsarbete\/\" class=\"elementor-item\" tabindex=\"-1\">Fem synvinklar p\u00e5 skolans j\u00e4mst\u00e4lldshetsarbete<\/a><\/li>\n<li class=\"menu-item menu-item-type-post_type menu-item-object-page menu-item-6640\"><a href=\"https:\/\/tasa-arvokasvatuksessa.fi\/sv\/amneslarare-verktygslada-skolans-jamstalldhetsplan\/\" class=\"elementor-item\" tabindex=\"-1\">Skolans j\u00e4mst\u00e4lldhetsplan<\/a><\/li>\n<li class=\"menu-item menu-item-type-post_type menu-item-object-page menu-item-6641\"><a href=\"https:\/\/tasa-arvokasvatuksessa.fi\/sv\/amneslarare-verktygslada-samarbete\/\" class=\"elementor-item\" tabindex=\"-1\">Samarbete<\/a><\/li>\n<li class=\"menu-item menu-item-type-post_type menu-item-object-page menu-item-6642\"><a href=\"https:\/\/tasa-arvokasvatuksessa.fi\/sv\/amneslarare-verktygslada-trakasserier-och-mobbning\/\" class=\"elementor-item\" tabindex=\"-1\">Trakasserier och mobbning<\/a><\/li>\n<li class=\"menu-item menu-item-type-post_type menu-item-object-page menu-item-6643\"><a href=\"https:\/\/tasa-arvokasvatuksessa.fi\/sv\/amneslarare-verktygslada-lagstifningen-och-avtal-som-stod\/\" class=\"elementor-item\" tabindex=\"-1\">Lagstiftningen och avtal som st\u00f6d<\/a><\/li>\n<li class=\"menu-item menu-item-type-post_type menu-item-object-page menu-item-6644\"><a href=\"https:\/\/tasa-arvokasvatuksessa.fi\/sv\/amneslarare-verktygslada-lanktips\/\" class=\"elementor-item\" tabindex=\"-1\">L\u00e4nktips<\/a><\/li>\n<\/ul>\t\t\t<\/nav>\n\t\t\t\t\t\t<\/div>\n\t\t\t\t<\/div>\n\t\t\t\t\t<\/div>\n\t\t<\/div>\n\t\t\t\t\t<\/div>\n\t\t<\/section>\n\t\t\t\t<\/div>\n\t\t","protected":false},"excerpt":{"rendered":"<p>Allm\u00e4nt om j\u00e4mst\u00e4lldhet i skolan Centret f\u00f6r j\u00e4mst\u00e4lldhetsinformation. Utbildning. Webbsida.\u00a0 Esbo stad. J\u00e4mst\u00e4lldhet och likabehandling \u00a0Webbsida.\u00a0 J\u00e4mst\u00e4lldhetombudsmannen. J\u00e4mst\u00e4lldhet i skolor och vid l\u00e4roanstalter.\u00a0Webbsida. Utbildningsstyrelsen. Planering av j\u00e4mst\u00e4lldhet och likabehandling i l\u00e4roanstalterna. Webbsida. Utbildningsstyrelsen. Genusmedveten undervisning och handledning. Webbsida. Social och h\u00e4lsov\u00e5rdsministeriet. J\u00e4mst\u00e4lldhet i fostran och utbildning. Kort sammandrag. Suomen Ammattiin Opiskelevien Liitto &#8211; SAKKI ry, [&hellip;]<\/p>\n","protected":false},"author":5,"featured_media":0,"parent":0,"menu_order":0,"comment_status":"closed","ping_status":"closed","template":"","meta":{"footnotes":""},"class_list":["post-5816","page","type-page","status-publish","hentry"],"_links":{"self":[{"href":"https:\/\/tasa-arvokasvatuksessa.fi\/sv\/wp-json\/wp\/v2\/pages\/5816","targetHints":{"allow":["GET"]}}],"collection":[{"href":"https:\/\/tasa-arvokasvatuksessa.fi\/sv\/wp-json\/wp\/v2\/pages"}],"about":[{"href":"https:\/\/tasa-arvokasvatuksessa.fi\/sv\/wp-json\/wp\/v2\/types\/page"}],"author":[{"embeddable":true,"href":"https:\/\/tasa-arvokasvatuksessa.fi\/sv\/wp-json\/wp\/v2\/users\/5"}],"replies":[{"embeddable":true,"href":"https:\/\/tasa-arvokasvatuksessa.fi\/sv\/wp-json\/wp\/v2\/comments?post=5816"}],"version-history":[{"count":19,"href":"https:\/\/tasa-arvokasvatuksessa.fi\/sv\/wp-json\/wp\/v2\/pages\/5816\/revisions"}],"predecessor-version":[{"id":8139,"href":"https:\/\/tasa-arvokasvatuksessa.fi\/sv\/wp-json\/wp\/v2\/pages\/5816\/revisions\/8139"}],"wp:attachment":[{"href":"https:\/\/tasa-arvokasvatuksessa.fi\/sv\/wp-json\/wp\/v2\/media?parent=5816"}],"curies":[{"name":"wp","href":"https:\/\/api.w.org\/{rel}","templated":true}]}}