{"id":5818,"date":"2021-12-09T15:30:21","date_gmt":"2021-12-09T15:30:21","guid":{"rendered":"https:\/\/tasa-arvokasvatuksessa.fi\/?page_id=5818"},"modified":"2022-02-22T09:26:15","modified_gmt":"2022-02-22T09:26:15","slug":"amneslarare-verktygslada-konsstereotyper-i-skolan","status":"publish","type":"page","link":"https:\/\/tasa-arvokasvatuksessa.fi\/sv\/amneslarare-verktygslada-konsstereotyper-i-skolan\/","title":{"rendered":"K\u00f6nsstereotyper i skolan"},"content":{"rendered":"\t\t<div data-elementor-type=\"wp-page\" data-elementor-id=\"5818\" class=\"elementor elementor-5818 elementor-3713\" data-elementor-post-type=\"page\">\n\t\t\t\t\t\t<section class=\"elementor-section elementor-top-section elementor-element elementor-element-3c2b11c elementor-section-boxed elementor-section-height-default elementor-section-height-default\" data-id=\"3c2b11c\" data-element_type=\"section\">\n\t\t\t\t\t\t<div class=\"elementor-container elementor-column-gap-default\">\n\t\t\t\t\t<div class=\"elementor-column elementor-col-100 elementor-top-column elementor-element elementor-element-1faa315a\" data-id=\"1faa315a\" data-element_type=\"column\">\n\t\t\t<div class=\"elementor-widget-wrap elementor-element-populated\">\n\t\t\t\t\t\t<div class=\"elementor-element elementor-element-4dd0419a elementor-widget elementor-widget-theme-site-title elementor-widget-heading\" data-id=\"4dd0419a\" data-element_type=\"widget\" data-widget_type=\"theme-site-title.default\">\n\t\t\t\t<div class=\"elementor-widget-container\">\n\t\t\t\t\t<h2 class=\"elementor-heading-title elementor-size-default\"><a href=\"https:\/\/tasa-arvokasvatuksessa.fi\/sv\/\">J\u00e4mst\u00e4lldhet i l\u00e4rande\n<\/a><\/h2>\t\t\t\t<\/div>\n\t\t\t\t<\/div>\n\t\t\t\t<div class=\"elementor-element elementor-element-1995274 elementor-nav-menu--dropdown-none elementor-widget elementor-widget-global elementor-global-5448 elementor-widget-nav-menu\" data-id=\"1995274\" data-element_type=\"widget\" id=\"subheader-yellow\" data-settings=\"{&quot;submenu_icon&quot;:{&quot;value&quot;:&quot;&quot;,&quot;library&quot;:&quot;&quot;},&quot;layout&quot;:&quot;horizontal&quot;}\" data-widget_type=\"nav-menu.default\">\n\t\t\t\t<div class=\"elementor-widget-container\">\n\t\t\t\t\t\t\t\t<nav aria-label=\"Meny\" class=\"elementor-nav-menu--main elementor-nav-menu__container elementor-nav-menu--layout-horizontal e--pointer-none\">\n\t\t\t\t<ul id=\"menu-1-1995274\" class=\"elementor-nav-menu\"><li class=\"menu-item menu-item-type-post_type menu-item-object-page menu-item-5274\"><a href=\"https:\/\/tasa-arvokasvatuksessa.fi\/aineenopettaja\/\" class=\"elementor-item\">Johdanto<\/a><\/li>\n<li class=\"menu-item menu-item-type-post_type menu-item-object-page menu-item-6801\"><a href=\"https:\/\/tasa-arvokasvatuksessa.fi\/aineenopettaja-testaa-itsesi-aineenopettaja\/\" class=\"elementor-item\">Testaa itsesi<\/a><\/li>\n<li class=\"menu-item menu-item-type-post_type menu-item-object-page menu-item-2987\"><a href=\"https:\/\/tasa-arvokasvatuksessa.fi\/aineenopettaja-tyokalupakki\/\" class=\"elementor-item\">Ty\u00f6kalupakki<\/a><\/li>\n<\/ul>\t\t\t<\/nav>\n\t\t\t\t\t\t<nav class=\"elementor-nav-menu--dropdown elementor-nav-menu__container\" aria-hidden=\"true\">\n\t\t\t\t<ul id=\"menu-2-1995274\" class=\"elementor-nav-menu\"><li class=\"menu-item menu-item-type-post_type menu-item-object-page menu-item-5274\"><a href=\"https:\/\/tasa-arvokasvatuksessa.fi\/aineenopettaja\/\" class=\"elementor-item\" tabindex=\"-1\">Johdanto<\/a><\/li>\n<li class=\"menu-item menu-item-type-post_type menu-item-object-page menu-item-6801\"><a href=\"https:\/\/tasa-arvokasvatuksessa.fi\/aineenopettaja-testaa-itsesi-aineenopettaja\/\" class=\"elementor-item\" tabindex=\"-1\">Testaa itsesi<\/a><\/li>\n<li class=\"menu-item menu-item-type-post_type menu-item-object-page menu-item-2987\"><a href=\"https:\/\/tasa-arvokasvatuksessa.fi\/aineenopettaja-tyokalupakki\/\" class=\"elementor-item\" tabindex=\"-1\">Ty\u00f6kalupakki<\/a><\/li>\n<\/ul>\t\t\t<\/nav>\n\t\t\t\t\t\t<\/div>\n\t\t\t\t<\/div>\n\t\t\t\t\t<\/div>\n\t\t<\/div>\n\t\t\t\t\t<\/div>\n\t\t<\/section>\n\t\t\t\t<section class=\"elementor-section elementor-top-section elementor-element elementor-element-0f87259 elementor-section-boxed elementor-section-height-default elementor-section-height-default\" data-id=\"0f87259\" data-element_type=\"section\" data-settings=\"{&quot;background_background&quot;:&quot;classic&quot;}\">\n\t\t\t\t\t\t<div class=\"elementor-container elementor-column-gap-default\">\n\t\t\t\t\t<div class=\"elementor-column elementor-col-66 elementor-top-column elementor-element elementor-element-10fd5ca\" data-id=\"10fd5ca\" data-element_type=\"column\">\n\t\t\t<div class=\"elementor-widget-wrap elementor-element-populated\">\n\t\t\t\t\t\t<div class=\"elementor-element elementor-element-f6dc1be elementor-widget elementor-widget-text-editor\" data-id=\"f6dc1be\" data-element_type=\"widget\" data-widget_type=\"text-editor.default\">\n\t\t\t\t<div class=\"elementor-widget-container\">\n\t\t\t\t\t\t\t\t\t<p>J\u00e4mst\u00e4lldhetsarbete handlar om att bryta f\u00f6rlegade f\u00f6rest\u00e4llningar och ifr\u00e5gas\u00e4tta normer som begr\u00e4nsar eleverna att v\u00e4xa och utvecklas enligt sin egen potential. En av de \u00e5terkommande uppgifterna \u00e4r att utmana och bryta k\u00f6nade normer p\u00e5 skolan<\/p><p>Vi blir alla p\u00e5verkade av det <strong>heteronormativa tankes\u00e4ttet<\/strong> enligt vilket det existerar endast tv\u00e5 k\u00f6n (kvinna\/man). Heteronormativitet inneb\u00e4r \u00e4ven att kvinnor och flickor f\u00f6rv\u00e4ntas vara feminina och att de ska uttrycka sin femininitet p\u00e5 ett visst s\u00e4tt, medan m\u00e4n och pojkar f\u00f6rv\u00e4ntas vara maskulina och att de ska uttrycka sin maskulinitet p\u00e5 ett visst s\u00e4tt. P\u00e5 grund av det h\u00e4r har vi olika, b\u00e5de medvetna och omedvetna f\u00f6rv\u00e4ntningar p\u00e5 flickor och pojkar om hur de ska vara och bete sig, klara sig i skolan, v\u00e4lja sina skol\u00e4mnen och hurdant spr\u00e5k de ska anv\u00e4nda.<\/p>\t\t\t\t\t\t\t\t<\/div>\n\t\t\t\t<\/div>\n\t\t\t\t<div class=\"elementor-element elementor-element-0cdf26c elementor-widget elementor-widget-text-editor\" data-id=\"0cdf26c\" data-element_type=\"widget\" data-widget_type=\"text-editor.default\">\n\t\t\t\t<div class=\"elementor-widget-container\">\n\t\t\t\t\t\t\t\t\t<p>Heteronormativitet handlar \u00e4ven om att alla f\u00f6rv\u00e4ntas vara heterosexuella och att mellanm\u00e4nskliga relationer ska vara p\u00e5 ett visst s\u00e4tt. D\u00e4rf\u00f6r \u00e4r det sv\u00e5rt att i j\u00e4mst\u00e4lldhetsarbete fokusera endast p\u00e5 k\u00f6n och k\u00f6nsminoriteter &#8211; k\u00f6nsnormer \u00e4r ofta kopplade till sexualitet.<\/p><p>Det heteronormativa t\u00e4nket syns p\u00e5 m\u00e5nga olika s\u00e4tt i skolans vardag. Det h\u00e4r kommer fram till exempel i undervisningsmaterialen d\u00e5 vi funderar p\u00e5 vem som syns i dem och vad de g\u00f6r i dem (grundar en familj, k\u00f6per ett hus). Ett annat exempel p\u00e5 heteronormativitet \u00e4r praktiker d\u00e4r eleverna delas in i flick-\/pojkgrupper, utan att vi t\u00e4nker p\u00e5 att vi kanske k\u00f6nar n\u00e5gon elev fel eller att ickebin\u00e4ra och transk\u00f6nade elever kan uppleva en s\u00e5dan indelning som obekv\u00e4m.<\/p><h2><strong>Hur?<\/strong><\/h2><p>K\u00f6nsstereotyper syns i skolans vardag. I den h\u00e4r videon lyfts det fram p\u00e5 vilket s\u00e4tt k\u00f6n \u00e4r n\u00e4rvarande i skolan och varf\u00f6r det \u00e4r bra att vara medveten om det.<\/p>\t\t\t\t\t\t\t\t<\/div>\n\t\t\t\t<\/div>\n\t\t\t\t<div class=\"elementor-element elementor-element-514b20b elementor-widget elementor-widget-video\" data-id=\"514b20b\" data-element_type=\"widget\" data-settings=\"{&quot;video_type&quot;:&quot;vimeo&quot;}\" data-widget_type=\"video.default\">\n\t\t\t\t<div class=\"elementor-widget-container\">\n\t\t\t\t\t\t\t<div class=\"elementor-wrapper elementor-open-inline\">\n\t\t\t<iframe class=\"elementor-video-iframe\" allowfullscreen allow=\"clipboard-write\" title=\"vimeo-videospelare\" src=\"https:\/\/player.vimeo.com\/video\/55466655?color&amp;autopause=0&amp;loop=0&amp;muted=0&amp;title=1&amp;portrait=1&amp;byline=1#t=\"><\/iframe>\t\t<\/div>\n\t\t\t\t\t\t<\/div>\n\t\t\t\t<\/div>\n\t\t\t\t<div class=\"elementor-element elementor-element-bbc896f vid-cred elementor-widget elementor-widget-accordion\" data-id=\"bbc896f\" data-element_type=\"widget\" data-widget_type=\"accordion.default\">\n\t\t\t\t<div class=\"elementor-widget-container\">\n\t\t\t\t\t\t\t<div class=\"elementor-accordion\">\n\t\t\t\t\t\t\t<div class=\"elementor-accordion-item\">\n\t\t\t\t\t<div id=\"elementor-tab-title-1961\" class=\"elementor-tab-title\" data-tab=\"1\" role=\"button\" aria-controls=\"elementor-tab-content-1961\" aria-expanded=\"false\">\n\t\t\t\t\t\t\t\t\t\t\t\t\t<span class=\"elementor-accordion-icon elementor-accordion-icon-left\" aria-hidden=\"true\">\n\t\t\t\t\t\t\t\t\t\t\t\t\t\t\t<span class=\"elementor-accordion-icon-closed\"><i class=\"fas fa-plus\"><\/i><\/span>\n\t\t\t\t\t\t\t\t<span class=\"elementor-accordion-icon-opened\"><i class=\"fas fa-minus\"><\/i><\/span>\n\t\t\t\t\t\t\t\t\t\t\t\t\t\t<\/span>\n\t\t\t\t\t\t\t\t\t\t\t\t<a class=\"elementor-accordion-title\" tabindex=\"0\">I videon medverkar<\/a>\n\t\t\t\t\t<\/div>\n\t\t\t\t\t<div id=\"elementor-tab-content-1961\" class=\"elementor-tab-content elementor-clearfix\" data-tab=\"1\" role=\"region\" aria-labelledby=\"elementor-tab-title-1961\"><p><span style=\"font-weight: 400;\">Ter\u00e4s, Leena \u2014 Projektledare, forskare (Oulun yliopisto), verkst\u00e4llande direkt\u00f6r (SINNI Oy), Isaksson, Bernt \u2014 Rektor, Vikinga\u00e5sens skola,Pietil\u00e4, Penni \u2014 L\u00e4rare i modersm\u00e5l och litteratur, Ik\u00e4valko, Elina \u2014 VTM, doktorand, Griffis, Larrie \u2014 L\u00e4rare inom sm\u00e5barnspedagogik, Smedsby daghem<\/span><\/p><\/div>\n\t\t\t\t<\/div>\n\t\t\t\t\t\t\t\t<\/div>\n\t\t\t\t\t\t<\/div>\n\t\t\t\t<\/div>\n\t\t\t\t<div class=\"elementor-element elementor-element-541c674 elementor-widget elementor-widget-text-editor\" data-id=\"541c674\" data-element_type=\"widget\" data-widget_type=\"text-editor.default\">\n\t\t\t\t<div class=\"elementor-widget-container\">\n\t\t\t\t\t\t\t\t\t<p>Det \u00e4r i princip om\u00f6jligt att inte ber\u00f6ra j\u00e4mst\u00e4lldhet, utan att \u00e4ven ber\u00f6ra fr\u00e5gor om sexualitet. Detta beror p\u00e5 att k\u00f6n och sexualitet \u00e4r t\u00e4tt sammanfl\u00e4tade begrepp och h\u00e4nger ihop med hur vi f\u00f6rst\u00e5r k\u00f6n. Bland annat detta diskuteras i f\u00f6ljande video.<\/p>\t\t\t\t\t\t\t\t<\/div>\n\t\t\t\t<\/div>\n\t\t\t\t<div class=\"elementor-element elementor-element-e3e1b30 elementor-widget elementor-widget-video\" data-id=\"e3e1b30\" data-element_type=\"widget\" data-settings=\"{&quot;video_type&quot;:&quot;vimeo&quot;}\" data-widget_type=\"video.default\">\n\t\t\t\t<div class=\"elementor-widget-container\">\n\t\t\t\t\t\t\t<div class=\"elementor-wrapper elementor-open-inline\">\n\t\t\t<iframe class=\"elementor-video-iframe\" allowfullscreen allow=\"clipboard-write\" title=\"vimeo-videospelare\" src=\"https:\/\/player.vimeo.com\/video\/55463079?color&amp;autopause=0&amp;loop=0&amp;muted=0&amp;title=1&amp;portrait=1&amp;byline=1#t=\"><\/iframe>\t\t<\/div>\n\t\t\t\t\t\t<\/div>\n\t\t\t\t<\/div>\n\t\t\t\t<div class=\"elementor-element elementor-element-fb04559 vid-cred elementor-widget elementor-widget-accordion\" data-id=\"fb04559\" data-element_type=\"widget\" data-widget_type=\"accordion.default\">\n\t\t\t\t<div class=\"elementor-widget-container\">\n\t\t\t\t\t\t\t<div class=\"elementor-accordion\">\n\t\t\t\t\t\t\t<div class=\"elementor-accordion-item\">\n\t\t\t\t\t<div id=\"elementor-tab-title-2631\" class=\"elementor-tab-title\" data-tab=\"1\" role=\"button\" aria-controls=\"elementor-tab-content-2631\" aria-expanded=\"false\">\n\t\t\t\t\t\t\t\t\t\t\t\t\t<span class=\"elementor-accordion-icon elementor-accordion-icon-left\" aria-hidden=\"true\">\n\t\t\t\t\t\t\t\t\t\t\t\t\t\t\t<span class=\"elementor-accordion-icon-closed\"><i class=\"fas fa-plus\"><\/i><\/span>\n\t\t\t\t\t\t\t\t<span class=\"elementor-accordion-icon-opened\"><i class=\"fas fa-minus\"><\/i><\/span>\n\t\t\t\t\t\t\t\t\t\t\t\t\t\t<\/span>\n\t\t\t\t\t\t\t\t\t\t\t\t<a class=\"elementor-accordion-title\" tabindex=\"0\">I videon medverkar<\/a>\n\t\t\t\t\t<\/div>\n\t\t\t\t\t<div id=\"elementor-tab-content-2631\" class=\"elementor-tab-content elementor-clearfix\" data-tab=\"1\" role=\"region\" aria-labelledby=\"elementor-tab-title-2631\"><p><span style=\"font-weight: 400;\">Lehtonen, Jukka \u2014 Docent i utbildningssociologi, Helsingfors universitet, Friman, Gerts \u2014 Rektor, Kyrkby h\u00f6gstadieskola, Helldorff, Malin \u2014 Utbildare Machofabrikens material, Isaksson, Bernt \u2014 Rektor, Vikinga\u00e5sens skola, Enkvist, Eira \u2014 L\u00e4rare i bildkonst, Svenska samskolan i Tammerfors, Rundgren, Anita \u2014 Kurator, Svenska samskolan i Tammerfors, Tanhuanp\u00e4\u00e4, Marika \u2014 L\u00e4rare i gymnastik och h\u00e4lsokunskap, Svenska samskolan i Tammerfors, Kotkamaa, Joonas \u2014 L\u00e4rare i historia och samh\u00e4llskunskap, Svenska samskolan i Tammerfors <\/span><\/p><\/div>\n\t\t\t\t<\/div>\n\t\t\t\t\t\t\t\t<\/div>\n\t\t\t\t\t\t<\/div>\n\t\t\t\t<\/div>\n\t\t\t\t<div class=\"elementor-element elementor-element-06f0a8a elementor-widget elementor-widget-text-editor\" data-id=\"06f0a8a\" data-element_type=\"widget\" data-widget_type=\"text-editor.default\">\n\t\t\t\t<div class=\"elementor-widget-container\">\n\t\t\t\t\t\t\t\t\t<h3><strong>Reflektionsfr\u00e5gor:<\/strong><\/h3><ul><li>Vilken av denna argumentationsretorik (k\u00f6nsneutralitet, olika behov eller manliga l\u00e4rare) f\u00f6rekommer i din skola och hur ser det ut?<\/li><li>Hur kan man bem\u00f6ta ovann\u00e4mnda retorik?<\/li><\/ul><h3>Ifr\u00e5gas\u00e4ttande av heteronormativa uttryck<\/h3><p>Den h\u00e4r videon inneh\u00e5ller reflektioner kring hur en enskild l\u00e4rare eller kolleger gemensamt kan integrera ett k\u00f6nsperspektiv och normkritik i undervisningen. I videon ifr\u00e5gas\u00e4tts uppfattningen om k\u00f6nsneutrala l\u00e4ro\u00e4mnens existens, reflekteras kring oj\u00e4mst\u00e4llt bem\u00f6tande hos l\u00e4rare och elever, men ocks\u00e5 kring vilka teman som lyfts fram och inte lyfts fram i undervisningen, avsaknad av kunskap om heteronormativitet och hur detta kan motverkas.<\/p>\t\t\t\t\t\t\t\t<\/div>\n\t\t\t\t<\/div>\n\t\t\t\t<div class=\"elementor-element elementor-element-2cbfd01 elementor-widget elementor-widget-video\" data-id=\"2cbfd01\" data-element_type=\"widget\" data-settings=\"{&quot;video_type&quot;:&quot;vimeo&quot;}\" data-widget_type=\"video.default\">\n\t\t\t\t<div class=\"elementor-widget-container\">\n\t\t\t\t\t\t\t<div class=\"elementor-wrapper elementor-open-inline\">\n\t\t\t<iframe class=\"elementor-video-iframe\" allowfullscreen allow=\"clipboard-write\" title=\"vimeo-videospelare\" src=\"https:\/\/player.vimeo.com\/video\/55469641?color&amp;autopause=0&amp;loop=0&amp;muted=0&amp;title=1&amp;portrait=1&amp;byline=1#t=\"><\/iframe>\t\t<\/div>\n\t\t\t\t\t\t<\/div>\n\t\t\t\t<\/div>\n\t\t\t\t<div class=\"elementor-element elementor-element-1632c6a vid-cred elementor-widget elementor-widget-accordion\" data-id=\"1632c6a\" data-element_type=\"widget\" data-widget_type=\"accordion.default\">\n\t\t\t\t<div class=\"elementor-widget-container\">\n\t\t\t\t\t\t\t<div class=\"elementor-accordion\">\n\t\t\t\t\t\t\t<div class=\"elementor-accordion-item\">\n\t\t\t\t\t<div id=\"elementor-tab-title-2321\" class=\"elementor-tab-title\" data-tab=\"1\" role=\"button\" aria-controls=\"elementor-tab-content-2321\" aria-expanded=\"false\">\n\t\t\t\t\t\t\t\t\t\t\t\t\t<span class=\"elementor-accordion-icon elementor-accordion-icon-left\" aria-hidden=\"true\">\n\t\t\t\t\t\t\t\t\t\t\t\t\t\t\t<span class=\"elementor-accordion-icon-closed\"><i class=\"fas fa-plus\"><\/i><\/span>\n\t\t\t\t\t\t\t\t<span class=\"elementor-accordion-icon-opened\"><i class=\"fas fa-minus\"><\/i><\/span>\n\t\t\t\t\t\t\t\t\t\t\t\t\t\t<\/span>\n\t\t\t\t\t\t\t\t\t\t\t\t<a class=\"elementor-accordion-title\" tabindex=\"0\">I videon medverkar<\/a>\n\t\t\t\t\t<\/div>\n\t\t\t\t\t<div id=\"elementor-tab-content-2321\" class=\"elementor-tab-content elementor-clearfix\" data-tab=\"1\" role=\"region\" aria-labelledby=\"elementor-tab-title-2321\"><p><span style=\"font-weight: 400;\">Alar\u00e4is\u00e4nen, Heli \u2014 Projektledare, Lapin Letka, Pietil\u00e4, Penni \u2014 L\u00e4rare i modersm\u00e5l och litteratur, Lehtonen, Jukka \u2014 Docent i utbildningssociologi, Helsingfors universitet, Ik\u00e4valko, Elina \u2014 VTM, doktorand, Gustavsson, Malin \u2014 J\u00e4mst\u00e4lldhets- och m\u00e5ngfaldskonsult, Ekvalita Ab, Isaksson, Bernt \u2014 Rektor, Vikinga\u00e5sens skola, Kotkamaa, Joonas \u2014 L\u00e4rare i historia och samh\u00e4llskunskap, Svenska samskolan i Tammerfors, Harju, Aino \u2014 Gymnasiestuderande, Karhu, Veera \u2014 Gymnasiestuderande, Helenius, Soile \u2014 Skolh\u00e4lsov\u00e5rdare, Sompion koulu<\/span><\/p><\/div>\n\t\t\t\t<\/div>\n\t\t\t\t\t\t\t\t<\/div>\n\t\t\t\t\t\t<\/div>\n\t\t\t\t<\/div>\n\t\t\t\t<div class=\"elementor-element elementor-element-bd7f1c1 elementor-widget elementor-widget-text-editor\" data-id=\"bd7f1c1\" data-element_type=\"widget\" data-widget_type=\"text-editor.default\">\n\t\t\t\t<div class=\"elementor-widget-container\">\n\t\t\t\t\t\t\t\t\t<p>Bekanta dig med v\u00e5r material kring hbtqi+ :\u00a0<\/p><p><a href=\"https:\/\/tasa-arvokasvatuksessa.fi\/wp-content\/uploads\/2022\/02\/Mer-mangfald-i-skolan-\u2014-kunskapshojning-kring-HBTQI-2.pdf\">Mer m\u00e5ngfald i skolan \u2014 kunskapsh\u00f6jning kring HBTQI+.<\/a> (PDF).\u00a0<\/p>\t\t\t\t\t\t\t\t<\/div>\n\t\t\t\t<\/div>\n\t\t\t\t<div class=\"elementor-element elementor-element-3239b73 elementor-widget elementor-widget-text-editor\" data-id=\"3239b73\" data-element_type=\"widget\" data-widget_type=\"text-editor.default\">\n\t\t\t\t<div class=\"elementor-widget-container\">\n\t\t\t\t\t\t\t\t\t<h3><strong>Reflektionsfr\u00e5gor:<\/strong><\/h3><ul><li style=\"font-weight: 400;\" aria-level=\"1\">Har du m\u00e4rkt eller har elever p\u00e5pekat att du anv\u00e4nder uttryck eller beskrivningar som f\u00f6rst\u00e4rker k\u00f6nsstereotyper, eller att du reagerar p\u00e5 n\u00e5gon situation p\u00e5 olika s\u00e4tt beroende p\u00e5 elevens k\u00f6n?<br \/><ul><li style=\"font-weight: 400;\" aria-level=\"2\"><span style=\"font-weight: 400;\">Om ja, hur gick det till?<\/span><\/li><li style=\"font-weight: 400;\" aria-level=\"2\"><span style=\"font-weight: 400;\">Om inte, p\u00e5 vilket s\u00e4tt kunde den h\u00e4r videon st\u00f6dja ett kritiskt granskade av ditt bem\u00f6tande?<\/span><\/li><\/ul><\/li><li style=\"font-weight: 400;\" aria-level=\"1\">Kommer du p\u00e5 exempel p\u00e5 hur du kunde \u201drekonstruera\u201d bilder eller ber\u00e4ttelser f\u00f6r att synligg\u00f6ra k\u00f6n och makt, likt exemplet i videon?<\/li><\/ul>\t\t\t\t\t\t\t\t<\/div>\n\t\t\t\t<\/div>\n\t\t\t\t\t<\/div>\n\t\t<\/div>\n\t\t\t\t<div class=\"elementor-column elementor-col-33 elementor-top-column elementor-element elementor-element-1e75c39\" data-id=\"1e75c39\" data-element_type=\"column\">\n\t\t\t<div class=\"elementor-widget-wrap elementor-element-populated\">\n\t\t\t\t\t\t<div class=\"elementor-element elementor-element-733b218 elementor-nav-menu--dropdown-none elementor-widget elementor-widget-global elementor-global-5339 elementor-widget-nav-menu\" data-id=\"733b218\" data-element_type=\"widget\" id=\"widget-yellow\" data-settings=\"{&quot;layout&quot;:&quot;vertical&quot;,&quot;submenu_icon&quot;:{&quot;value&quot;:&quot;&quot;,&quot;library&quot;:&quot;&quot;}}\" data-widget_type=\"nav-menu.default\">\n\t\t\t\t<div class=\"elementor-widget-container\">\n\t\t\t\t\t\t\t\t<nav aria-label=\"Meny\" class=\"elementor-nav-menu--main elementor-nav-menu__container elementor-nav-menu--layout-vertical e--pointer-none\">\n\t\t\t\t<ul id=\"menu-1-733b218\" class=\"elementor-nav-menu sm-vertical\"><li class=\"menu-item menu-item-type-post_type menu-item-object-page menu-item-6636\"><a href=\"https:\/\/tasa-arvokasvatuksessa.fi\/sv\/amneslarare-verktygslada-arbetet-borjar-med-oss\/\" class=\"elementor-item\">Arbetet b\u00f6rjar med oss<\/a><\/li>\n<li class=\"menu-item menu-item-type-post_type menu-item-object-page menu-item-6637\"><a href=\"https:\/\/tasa-arvokasvatuksessa.fi\/sv\/amneslarare-verktygslada-lar-dig-begreppen\/\" class=\"elementor-item\">L\u00e4r dig begreppen<\/a><\/li>\n<li class=\"menu-item menu-item-type-post_type menu-item-object-page menu-item-6638\"><a href=\"https:\/\/tasa-arvokasvatuksessa.fi\/sv\/amneslarare-verktygslada-konsstereotyper-i-skolan\/\" class=\"elementor-item\">K\u00f6nsstereotyper i skolan<\/a><\/li>\n<li class=\"menu-item menu-item-type-post_type menu-item-object-page menu-item-6639\"><a href=\"https:\/\/tasa-arvokasvatuksessa.fi\/sv\/amneslarare-verktygslada-fem-synvinklar-pa-skolans-jamstalldshetsarbete\/\" class=\"elementor-item\">Fem synvinklar p\u00e5 skolans j\u00e4mst\u00e4lldshetsarbete<\/a><\/li>\n<li class=\"menu-item menu-item-type-post_type menu-item-object-page menu-item-6640\"><a href=\"https:\/\/tasa-arvokasvatuksessa.fi\/sv\/amneslarare-verktygslada-skolans-jamstalldhetsplan\/\" class=\"elementor-item\">Skolans j\u00e4mst\u00e4lldhetsplan<\/a><\/li>\n<li class=\"menu-item menu-item-type-post_type menu-item-object-page menu-item-6641\"><a href=\"https:\/\/tasa-arvokasvatuksessa.fi\/sv\/amneslarare-verktygslada-samarbete\/\" class=\"elementor-item\">Samarbete<\/a><\/li>\n<li class=\"menu-item menu-item-type-post_type menu-item-object-page menu-item-6642\"><a href=\"https:\/\/tasa-arvokasvatuksessa.fi\/sv\/amneslarare-verktygslada-trakasserier-och-mobbning\/\" class=\"elementor-item\">Trakasserier och mobbning<\/a><\/li>\n<li class=\"menu-item menu-item-type-post_type menu-item-object-page menu-item-6643\"><a href=\"https:\/\/tasa-arvokasvatuksessa.fi\/sv\/amneslarare-verktygslada-lagstifningen-och-avtal-som-stod\/\" class=\"elementor-item\">Lagstiftningen och avtal som st\u00f6d<\/a><\/li>\n<li class=\"menu-item menu-item-type-post_type menu-item-object-page menu-item-6644\"><a href=\"https:\/\/tasa-arvokasvatuksessa.fi\/sv\/amneslarare-verktygslada-lanktips\/\" class=\"elementor-item\">L\u00e4nktips<\/a><\/li>\n<\/ul>\t\t\t<\/nav>\n\t\t\t\t\t\t<nav class=\"elementor-nav-menu--dropdown elementor-nav-menu__container\" aria-hidden=\"true\">\n\t\t\t\t<ul id=\"menu-2-733b218\" class=\"elementor-nav-menu sm-vertical\"><li class=\"menu-item menu-item-type-post_type menu-item-object-page menu-item-6636\"><a href=\"https:\/\/tasa-arvokasvatuksessa.fi\/sv\/amneslarare-verktygslada-arbetet-borjar-med-oss\/\" class=\"elementor-item\" tabindex=\"-1\">Arbetet b\u00f6rjar med oss<\/a><\/li>\n<li class=\"menu-item menu-item-type-post_type menu-item-object-page menu-item-6637\"><a href=\"https:\/\/tasa-arvokasvatuksessa.fi\/sv\/amneslarare-verktygslada-lar-dig-begreppen\/\" class=\"elementor-item\" tabindex=\"-1\">L\u00e4r dig begreppen<\/a><\/li>\n<li class=\"menu-item menu-item-type-post_type menu-item-object-page menu-item-6638\"><a href=\"https:\/\/tasa-arvokasvatuksessa.fi\/sv\/amneslarare-verktygslada-konsstereotyper-i-skolan\/\" class=\"elementor-item\" tabindex=\"-1\">K\u00f6nsstereotyper i skolan<\/a><\/li>\n<li class=\"menu-item menu-item-type-post_type menu-item-object-page menu-item-6639\"><a href=\"https:\/\/tasa-arvokasvatuksessa.fi\/sv\/amneslarare-verktygslada-fem-synvinklar-pa-skolans-jamstalldshetsarbete\/\" class=\"elementor-item\" tabindex=\"-1\">Fem synvinklar p\u00e5 skolans j\u00e4mst\u00e4lldshetsarbete<\/a><\/li>\n<li class=\"menu-item menu-item-type-post_type menu-item-object-page menu-item-6640\"><a href=\"https:\/\/tasa-arvokasvatuksessa.fi\/sv\/amneslarare-verktygslada-skolans-jamstalldhetsplan\/\" class=\"elementor-item\" tabindex=\"-1\">Skolans j\u00e4mst\u00e4lldhetsplan<\/a><\/li>\n<li class=\"menu-item menu-item-type-post_type menu-item-object-page menu-item-6641\"><a href=\"https:\/\/tasa-arvokasvatuksessa.fi\/sv\/amneslarare-verktygslada-samarbete\/\" class=\"elementor-item\" tabindex=\"-1\">Samarbete<\/a><\/li>\n<li class=\"menu-item menu-item-type-post_type menu-item-object-page menu-item-6642\"><a href=\"https:\/\/tasa-arvokasvatuksessa.fi\/sv\/amneslarare-verktygslada-trakasserier-och-mobbning\/\" class=\"elementor-item\" tabindex=\"-1\">Trakasserier och mobbning<\/a><\/li>\n<li class=\"menu-item menu-item-type-post_type menu-item-object-page menu-item-6643\"><a href=\"https:\/\/tasa-arvokasvatuksessa.fi\/sv\/amneslarare-verktygslada-lagstifningen-och-avtal-som-stod\/\" class=\"elementor-item\" tabindex=\"-1\">Lagstiftningen och avtal som st\u00f6d<\/a><\/li>\n<li class=\"menu-item menu-item-type-post_type menu-item-object-page menu-item-6644\"><a href=\"https:\/\/tasa-arvokasvatuksessa.fi\/sv\/amneslarare-verktygslada-lanktips\/\" class=\"elementor-item\" tabindex=\"-1\">L\u00e4nktips<\/a><\/li>\n<\/ul>\t\t\t<\/nav>\n\t\t\t\t\t\t<\/div>\n\t\t\t\t<\/div>\n\t\t\t\t\t<\/div>\n\t\t<\/div>\n\t\t\t\t\t<\/div>\n\t\t<\/section>\n\t\t\t\t<\/div>\n\t\t","protected":false},"excerpt":{"rendered":"<p>J\u00e4mst\u00e4lldhetsarbete handlar om att bryta f\u00f6rlegade f\u00f6rest\u00e4llningar och ifr\u00e5gas\u00e4tta normer som begr\u00e4nsar eleverna att v\u00e4xa och utvecklas enligt sin egen potential. En av de \u00e5terkommande uppgifterna \u00e4r att utmana och bryta k\u00f6nade normer p\u00e5 skolan Vi blir alla p\u00e5verkade av det heteronormativa tankes\u00e4ttet enligt vilket det existerar endast tv\u00e5 k\u00f6n (kvinna\/man). Heteronormativitet inneb\u00e4r \u00e4ven att [&hellip;]<\/p>\n","protected":false},"author":5,"featured_media":0,"parent":0,"menu_order":0,"comment_status":"closed","ping_status":"closed","template":"","meta":{"footnotes":""},"class_list":["post-5818","page","type-page","status-publish","hentry"],"_links":{"self":[{"href":"https:\/\/tasa-arvokasvatuksessa.fi\/sv\/wp-json\/wp\/v2\/pages\/5818","targetHints":{"allow":["GET"]}}],"collection":[{"href":"https:\/\/tasa-arvokasvatuksessa.fi\/sv\/wp-json\/wp\/v2\/pages"}],"about":[{"href":"https:\/\/tasa-arvokasvatuksessa.fi\/sv\/wp-json\/wp\/v2\/types\/page"}],"author":[{"embeddable":true,"href":"https:\/\/tasa-arvokasvatuksessa.fi\/sv\/wp-json\/wp\/v2\/users\/5"}],"replies":[{"embeddable":true,"href":"https:\/\/tasa-arvokasvatuksessa.fi\/sv\/wp-json\/wp\/v2\/comments?post=5818"}],"version-history":[{"count":43,"href":"https:\/\/tasa-arvokasvatuksessa.fi\/sv\/wp-json\/wp\/v2\/pages\/5818\/revisions"}],"predecessor-version":[{"id":8273,"href":"https:\/\/tasa-arvokasvatuksessa.fi\/sv\/wp-json\/wp\/v2\/pages\/5818\/revisions\/8273"}],"wp:attachment":[{"href":"https:\/\/tasa-arvokasvatuksessa.fi\/sv\/wp-json\/wp\/v2\/media?parent=5818"}],"curies":[{"name":"wp","href":"https:\/\/api.w.org\/{rel}","templated":true}]}}