{"id":5825,"date":"2021-12-09T15:38:49","date_gmt":"2021-12-09T15:38:49","guid":{"rendered":"https:\/\/tasa-arvokasvatuksessa.fi\/?page_id=5825"},"modified":"2022-02-28T12:45:39","modified_gmt":"2022-02-28T12:45:39","slug":"amneslarare-verktygslada-samarbete","status":"publish","type":"page","link":"https:\/\/tasa-arvokasvatuksessa.fi\/sv\/amneslarare-verktygslada-samarbete\/","title":{"rendered":"Samarbete"},"content":{"rendered":"\t\t<div data-elementor-type=\"wp-page\" data-elementor-id=\"5825\" class=\"elementor elementor-5825 elementor-3756\" data-elementor-post-type=\"page\">\n\t\t\t\t\t\t<section class=\"elementor-section elementor-top-section elementor-element elementor-element-3c2b11c elementor-section-boxed elementor-section-height-default elementor-section-height-default\" data-id=\"3c2b11c\" data-element_type=\"section\">\n\t\t\t\t\t\t<div class=\"elementor-container elementor-column-gap-default\">\n\t\t\t\t\t<div class=\"elementor-column elementor-col-100 elementor-top-column elementor-element elementor-element-1faa315a\" data-id=\"1faa315a\" data-element_type=\"column\">\n\t\t\t<div class=\"elementor-widget-wrap elementor-element-populated\">\n\t\t\t\t\t\t<div class=\"elementor-element elementor-element-4dd0419a elementor-widget elementor-widget-theme-site-title elementor-widget-heading\" data-id=\"4dd0419a\" data-element_type=\"widget\" data-widget_type=\"theme-site-title.default\">\n\t\t\t\t<div class=\"elementor-widget-container\">\n\t\t\t\t\t<h2 class=\"elementor-heading-title elementor-size-default\"><a href=\"https:\/\/tasa-arvokasvatuksessa.fi\/sv\/\">J\u00e4mst\u00e4lldhet i l\u00e4rande\n<\/a><\/h2>\t\t\t\t<\/div>\n\t\t\t\t<\/div>\n\t\t\t\t<div class=\"elementor-element elementor-element-c706670 elementor-nav-menu--dropdown-none elementor-widget elementor-widget-global elementor-global-5448 elementor-widget-nav-menu\" data-id=\"c706670\" data-element_type=\"widget\" id=\"subheader-yellow\" data-settings=\"{&quot;submenu_icon&quot;:{&quot;value&quot;:&quot;&quot;,&quot;library&quot;:&quot;&quot;},&quot;layout&quot;:&quot;horizontal&quot;}\" data-widget_type=\"nav-menu.default\">\n\t\t\t\t<div class=\"elementor-widget-container\">\n\t\t\t\t\t\t\t\t<nav aria-label=\"Meny\" class=\"elementor-nav-menu--main elementor-nav-menu__container elementor-nav-menu--layout-horizontal e--pointer-none\">\n\t\t\t\t<ul id=\"menu-1-c706670\" class=\"elementor-nav-menu\"><li class=\"menu-item menu-item-type-post_type menu-item-object-page menu-item-5274\"><a href=\"https:\/\/tasa-arvokasvatuksessa.fi\/aineenopettaja\/\" class=\"elementor-item\">Johdanto<\/a><\/li>\n<li class=\"menu-item menu-item-type-post_type menu-item-object-page menu-item-6801\"><a href=\"https:\/\/tasa-arvokasvatuksessa.fi\/aineenopettaja-testaa-itsesi-aineenopettaja\/\" class=\"elementor-item\">Testaa itsesi<\/a><\/li>\n<li class=\"menu-item menu-item-type-post_type menu-item-object-page menu-item-2987\"><a href=\"https:\/\/tasa-arvokasvatuksessa.fi\/aineenopettaja-tyokalupakki\/\" class=\"elementor-item\">Ty\u00f6kalupakki<\/a><\/li>\n<\/ul>\t\t\t<\/nav>\n\t\t\t\t\t\t<nav class=\"elementor-nav-menu--dropdown elementor-nav-menu__container\" aria-hidden=\"true\">\n\t\t\t\t<ul id=\"menu-2-c706670\" class=\"elementor-nav-menu\"><li class=\"menu-item menu-item-type-post_type menu-item-object-page menu-item-5274\"><a href=\"https:\/\/tasa-arvokasvatuksessa.fi\/aineenopettaja\/\" class=\"elementor-item\" tabindex=\"-1\">Johdanto<\/a><\/li>\n<li class=\"menu-item menu-item-type-post_type menu-item-object-page menu-item-6801\"><a href=\"https:\/\/tasa-arvokasvatuksessa.fi\/aineenopettaja-testaa-itsesi-aineenopettaja\/\" class=\"elementor-item\" tabindex=\"-1\">Testaa itsesi<\/a><\/li>\n<li class=\"menu-item menu-item-type-post_type menu-item-object-page menu-item-2987\"><a href=\"https:\/\/tasa-arvokasvatuksessa.fi\/aineenopettaja-tyokalupakki\/\" class=\"elementor-item\" tabindex=\"-1\">Ty\u00f6kalupakki<\/a><\/li>\n<\/ul>\t\t\t<\/nav>\n\t\t\t\t\t\t<\/div>\n\t\t\t\t<\/div>\n\t\t\t\t\t<\/div>\n\t\t<\/div>\n\t\t\t\t\t<\/div>\n\t\t<\/section>\n\t\t\t\t<section class=\"elementor-section elementor-top-section elementor-element elementor-element-0f87259 elementor-section-boxed elementor-section-height-default elementor-section-height-default\" data-id=\"0f87259\" data-element_type=\"section\" data-settings=\"{&quot;background_background&quot;:&quot;classic&quot;}\">\n\t\t\t\t\t\t<div class=\"elementor-container elementor-column-gap-default\">\n\t\t\t\t\t<div class=\"elementor-column elementor-col-66 elementor-top-column elementor-element elementor-element-10fd5ca\" data-id=\"10fd5ca\" data-element_type=\"column\">\n\t\t\t<div class=\"elementor-widget-wrap elementor-element-populated\">\n\t\t\t\t\t\t<div class=\"elementor-element elementor-element-55bddad elementor-widget elementor-widget-text-editor\" data-id=\"55bddad\" data-element_type=\"widget\" data-widget_type=\"text-editor.default\">\n\t\t\t\t<div class=\"elementor-widget-container\">\n\t\t\t\t\t\t\t\t\t<p>Samarbete inom j\u00e4mst\u00e4lldhetsarbete betyder att man kollegor emellan skapar en gemensam bild av m\u00e5len f\u00f6r j\u00e4mst\u00e4lldhetsarbetet, utbyter erfarenheter, st\u00f6djer varandra och tillsammans f\u00f6r en konstruktiv diskussion kring hur vi pratar med och om eleverna.Samarbetet handlar ocks\u00e5 om att skapa en enhetlig linje om hur vissa problem ska l\u00f6sas. Samarbetet med v\u00e5rdnadshavarna handlar om att skapa ett f\u00f6rtroende och en trygghet vuxna emellan, b\u00e5de v\u00e5rdnadshavarna sinsemellan och mellan hemmet och skolan.<\/p><p>Det g\u00e5r inte att understryka vikten nog i ansvaret i det fortl\u00f6pande j\u00e4mst\u00e4lldhetsarbetet hos vuxna. Vi uppmuntrar er till att v\u00e5ga ta till tals obekv\u00e4ma saker, att samarbeta, att lyssna in och att skapa f\u00f6r\u00e4ndring tillsammans. P\u00e5 det h\u00e4r s\u00e4ttet l\u00e4r vi oss metoder f\u00f6r samarbete mellan kollegor och utvecklar relationerna till v\u00e5rdnadshavare. Samtal kolleger emellan om k\u00f6n och j\u00e4mst\u00e4lldhet skapar m\u00f6jligheter till att \u00f6ka den gemensamma medvetenheten om hur vi kan arbeta med barn.<\/p><h2><strong>Hur?\u00a0<\/strong><\/h2><p>En \u00e4mnesl\u00e4rare har kanske ingen helhetsbild av eleverna; hur de m\u00e5r, vad de har f\u00f6r utmaningar i skolan eller kanske till och med i sin kompiskrets. Du \u00e4r inte ensam om detta, men med hj\u00e4lp av samarbete kollegor emellan kan du p\u00e5verka dina elevers v\u00e4lm\u00e5ende och j\u00e4mst\u00e4lldhetssituationen i din skola. Familjer kan ocks\u00e5 engageras i j\u00e4mst\u00e4lldhetsfr\u00e5gor, till exempel i arbetet mot sexuella trakasserier.<\/p><p>F\u00f6ljande videor introducerar olika perspektiv p\u00e5 samarbete.\u00a0<span style=\"letter-spacing: 0px;\">I de f\u00f6ljande videorna presenteras olika samarbetsperspektiv. I den f\u00f6rsta videon presenteras hur brett samarbetet kan ses. Den andra videon lyfter fram b\u00e5de fostrarens och ledningens roll i j\u00e4mst\u00e4lldhetsfr\u00e4mjandet som en del av utbildningens m\u00e5l.<\/span><\/p>\t\t\t\t\t\t\t\t<\/div>\n\t\t\t\t<\/div>\n\t\t\t\t<div class=\"elementor-element elementor-element-a1ed24d elementor-widget elementor-widget-video\" data-id=\"a1ed24d\" data-element_type=\"widget\" data-settings=\"{&quot;video_type&quot;:&quot;vimeo&quot;}\" data-widget_type=\"video.default\">\n\t\t\t\t<div class=\"elementor-widget-container\">\n\t\t\t\t\t\t\t<div class=\"elementor-wrapper elementor-open-inline\">\n\t\t\t<iframe class=\"elementor-video-iframe\" allowfullscreen allow=\"clipboard-write\" title=\"vimeo-videospelare\" src=\"https:\/\/player.vimeo.com\/video\/55469644?color&amp;autopause=0&amp;loop=0&amp;muted=0&amp;title=1&amp;portrait=1&amp;byline=1#t=\"><\/iframe>\t\t<\/div>\n\t\t\t\t\t\t<\/div>\n\t\t\t\t<\/div>\n\t\t\t\t<div class=\"elementor-element elementor-element-08ebe2e vid-cred elementor-widget elementor-widget-accordion\" data-id=\"08ebe2e\" data-element_type=\"widget\" data-widget_type=\"accordion.default\">\n\t\t\t\t<div class=\"elementor-widget-container\">\n\t\t\t\t\t\t\t<div class=\"elementor-accordion\">\n\t\t\t\t\t\t\t<div class=\"elementor-accordion-item\">\n\t\t\t\t\t<div id=\"elementor-tab-title-9351\" class=\"elementor-tab-title\" data-tab=\"1\" role=\"button\" aria-controls=\"elementor-tab-content-9351\" aria-expanded=\"false\">\n\t\t\t\t\t\t\t\t\t\t\t\t\t<span class=\"elementor-accordion-icon elementor-accordion-icon-left\" aria-hidden=\"true\">\n\t\t\t\t\t\t\t\t\t\t\t\t\t\t\t<span class=\"elementor-accordion-icon-closed\"><i class=\"fas fa-plus\"><\/i><\/span>\n\t\t\t\t\t\t\t\t<span class=\"elementor-accordion-icon-opened\"><i class=\"fas fa-minus\"><\/i><\/span>\n\t\t\t\t\t\t\t\t\t\t\t\t\t\t<\/span>\n\t\t\t\t\t\t\t\t\t\t\t\t<a class=\"elementor-accordion-title\" tabindex=\"0\">I videon medverkar<\/a>\n\t\t\t\t\t<\/div>\n\t\t\t\t\t<div id=\"elementor-tab-content-9351\" class=\"elementor-tab-content elementor-clearfix\" data-tab=\"1\" role=\"region\" aria-labelledby=\"elementor-tab-title-9351\"><p><span style=\"font-weight: 400;\">Manninen, Sari \u2014 Pedagogie doktori, Oulun yliopisto<\/span><\/p><\/div>\n\t\t\t\t<\/div>\n\t\t\t\t\t\t\t\t<\/div>\n\t\t\t\t\t\t<\/div>\n\t\t\t\t<\/div>\n\t\t\t\t<div class=\"elementor-element elementor-element-6d62d0b elementor-widget elementor-widget-video\" data-id=\"6d62d0b\" data-element_type=\"widget\" data-settings=\"{&quot;video_type&quot;:&quot;vimeo&quot;}\" data-widget_type=\"video.default\">\n\t\t\t\t<div class=\"elementor-widget-container\">\n\t\t\t\t\t\t\t<div class=\"elementor-wrapper elementor-open-inline\">\n\t\t\t<iframe class=\"elementor-video-iframe\" allowfullscreen allow=\"clipboard-write\" title=\"vimeo-videospelare\" src=\"https:\/\/player.vimeo.com\/video\/55474801?color&amp;autopause=0&amp;loop=0&amp;muted=0&amp;title=1&amp;portrait=1&amp;byline=1#t=\"><\/iframe>\t\t<\/div>\n\t\t\t\t\t\t<\/div>\n\t\t\t\t<\/div>\n\t\t\t\t<div class=\"elementor-element elementor-element-5a401a8 vid-cred elementor-widget elementor-widget-accordion\" data-id=\"5a401a8\" data-element_type=\"widget\" data-widget_type=\"accordion.default\">\n\t\t\t\t<div class=\"elementor-widget-container\">\n\t\t\t\t\t\t\t<div class=\"elementor-accordion\">\n\t\t\t\t\t\t\t<div class=\"elementor-accordion-item\">\n\t\t\t\t\t<div id=\"elementor-tab-title-9461\" class=\"elementor-tab-title\" data-tab=\"1\" role=\"button\" aria-controls=\"elementor-tab-content-9461\" aria-expanded=\"false\">\n\t\t\t\t\t\t\t\t\t\t\t\t\t<span class=\"elementor-accordion-icon elementor-accordion-icon-left\" aria-hidden=\"true\">\n\t\t\t\t\t\t\t\t\t\t\t\t\t\t\t<span class=\"elementor-accordion-icon-closed\"><i class=\"fas fa-plus\"><\/i><\/span>\n\t\t\t\t\t\t\t\t<span class=\"elementor-accordion-icon-opened\"><i class=\"fas fa-minus\"><\/i><\/span>\n\t\t\t\t\t\t\t\t\t\t\t\t\t\t<\/span>\n\t\t\t\t\t\t\t\t\t\t\t\t<a class=\"elementor-accordion-title\" tabindex=\"0\">I videon medverkar<\/a>\n\t\t\t\t\t<\/div>\n\t\t\t\t\t<div id=\"elementor-tab-content-9461\" class=\"elementor-tab-content elementor-clearfix\" data-tab=\"1\" role=\"region\" aria-labelledby=\"elementor-tab-title-9461\"><p><span style=\"font-weight: 400;\">Ter\u00e4s, Leena \u2014 Projektledare, forskare (Oulun yliopisto), verkst\u00e4llande direkt\u00f6r (SINNI Oy), Ik\u00e4valko, Elina \u2014 pol.mag., doktorand, Isaksson, Bernt \u2014 Rektor, Vikinga\u00e5sens skola, Friman, Gerts \u2014 Rektor, Kyrkby h\u00f6gstadieskola, Helenius, Soile \u2014 Skolh\u00e4lsov\u00e5rdare, Sompion koulu, Harju, Aino \u2014 Gymnasiestuderande, Karhu, Veera \u2014 Gymnasiestuderande, Rundgren, Anita \u2014 Kurator, Svenska samskolan i Tammerfors, Romantschuk, Michaela \u2014 Verksamhetsledare, Hem och skola rf, J\u00e4ms\u00e4, Juha \u2014 Verksamhetsledare, Sateenkariperheet ry<\/span><\/p><\/div>\n\t\t\t\t<\/div>\n\t\t\t\t\t\t\t\t<\/div>\n\t\t\t\t\t\t<\/div>\n\t\t\t\t<\/div>\n\t\t\t\t<div class=\"elementor-element elementor-element-f0eb990 elementor-widget elementor-widget-text-editor\" data-id=\"f0eb990\" data-element_type=\"widget\" data-widget_type=\"text-editor.default\">\n\t\t\t\t<div class=\"elementor-widget-container\">\n\t\t\t\t\t\t\t\t\t<h3><strong>Reflektionsfr\u00e5gor:<\/strong><\/h3><ul><li aria-level=\"1\">Hur l\u00f6nar det sig att behandla den stereotypa uppfattningen om j\u00e4mst\u00e4lldhetsarbete som presenterades i videon?<\/li><li aria-level=\"1\">Vilka tips i videon upplever du att \u00e4r anv\u00e4ndbara i ditt eget j\u00e4mst\u00e4lldhetsarbete?<\/li><\/ul><h3><strong>Samarbete med familjer\u00a0<\/strong><\/h3><p>Elevernas familjer beh\u00f6ver kunskap om j\u00e4mst\u00e4lldhetsarbete och om hur de kan st\u00f6dja och vara en del av processen. Vi ska inte underskatta familjens betydelse i j\u00e4mst\u00e4lldhetsarbetet. I den h\u00e4r videon ges exempel p\u00e5 hur man kan involvera v\u00e5rdnadshavarna i arbetet mot sexualiserade sk\u00e4llsord och i fr\u00e4mjande av j\u00e4mst\u00e4lldhet.<\/p>\t\t\t\t\t\t\t\t<\/div>\n\t\t\t\t<\/div>\n\t\t\t\t<div class=\"elementor-element elementor-element-29095a7 elementor-widget elementor-widget-video\" data-id=\"29095a7\" data-element_type=\"widget\" data-settings=\"{&quot;video_type&quot;:&quot;vimeo&quot;}\" data-widget_type=\"video.default\">\n\t\t\t\t<div class=\"elementor-widget-container\">\n\t\t\t\t\t\t\t<div class=\"elementor-wrapper elementor-open-inline\">\n\t\t\t<iframe class=\"elementor-video-iframe\" allowfullscreen allow=\"clipboard-write\" title=\"vimeo-videospelare\" src=\"https:\/\/player.vimeo.com\/video\/55474804?color&amp;autopause=0&amp;loop=0&amp;muted=0&amp;title=1&amp;portrait=1&amp;byline=1#t=\"><\/iframe>\t\t<\/div>\n\t\t\t\t\t\t<\/div>\n\t\t\t\t<\/div>\n\t\t\t\t<div class=\"elementor-element elementor-element-db5011b vid-cred elementor-widget elementor-widget-accordion\" data-id=\"db5011b\" data-element_type=\"widget\" data-widget_type=\"accordion.default\">\n\t\t\t\t<div class=\"elementor-widget-container\">\n\t\t\t\t\t\t\t<div class=\"elementor-accordion\">\n\t\t\t\t\t\t\t<div class=\"elementor-accordion-item\">\n\t\t\t\t\t<div id=\"elementor-tab-title-2291\" class=\"elementor-tab-title\" data-tab=\"1\" role=\"button\" aria-controls=\"elementor-tab-content-2291\" aria-expanded=\"false\">\n\t\t\t\t\t\t\t\t\t\t\t\t\t<span class=\"elementor-accordion-icon elementor-accordion-icon-left\" aria-hidden=\"true\">\n\t\t\t\t\t\t\t\t\t\t\t\t\t\t\t<span class=\"elementor-accordion-icon-closed\"><i class=\"fas fa-plus\"><\/i><\/span>\n\t\t\t\t\t\t\t\t<span class=\"elementor-accordion-icon-opened\"><i class=\"fas fa-minus\"><\/i><\/span>\n\t\t\t\t\t\t\t\t\t\t\t\t\t\t<\/span>\n\t\t\t\t\t\t\t\t\t\t\t\t<a class=\"elementor-accordion-title\" tabindex=\"0\">I videon medverkar<\/a>\n\t\t\t\t\t<\/div>\n\t\t\t\t\t<div id=\"elementor-tab-content-2291\" class=\"elementor-tab-content elementor-clearfix\" data-tab=\"1\" role=\"region\" aria-labelledby=\"elementor-tab-title-2291\"><p><span style=\"font-weight: 400;\">Helenius, Soile \u2014 Skolh\u00e4lsov\u00e5rdare, Sompion koulu, Romantschuk, Michaela \u2014 Verksamhetsledare, Hem och skola rf\u00a0 <\/span><\/p><\/div>\n\t\t\t\t<\/div>\n\t\t\t\t\t\t\t\t<\/div>\n\t\t\t\t\t\t<\/div>\n\t\t\t\t<\/div>\n\t\t\t\t<div class=\"elementor-element elementor-element-ff71131 elementor-widget elementor-widget-text-editor\" data-id=\"ff71131\" data-element_type=\"widget\" data-widget_type=\"text-editor.default\">\n\t\t\t\t<div class=\"elementor-widget-container\">\n\t\t\t\t\t\t\t\t\t<p>Bekanta dig med tipsen om hur en f\u00f6r\u00e4ldrakv\u00e4ll med tema j\u00e4mst\u00e4lldhet kan ordnas :\u00a0<\/p><p><a href=\"https:\/\/tasa-arvokasvatuksessa.fi\/wp-content\/uploads\/2022\/02\/2.2.7.-Foraldramote-med-temat-jamstalldhet-.pdf\">F\u00f6r\u00e4ldram\u00f6te med temat j\u00e4mst\u00e4lldhet. <\/a>(PDF).<\/p><p>Under en f\u00f6r\u00e4ldrarkv\u00e4ll kan ni tillsammans bekanta er med Setas och Kompetenscentrum f\u00f6r k\u00f6nsm\u00e5ngfalds material V\u00e4rldens finaste bal.\u00a0<\/p><p><span style=\"font-weight: 400;\">Seta och Kompetenscentrum f\u00f6r k\u00f6nsm\u00e5ngfald (2017). <a href=\"https:\/\/sukupuolenosaamiskeskus.fi\/wp-content\/uploads\/2020\/03\/Va%CC%88rldens-finaste-bal.pdf\">V\u00e4rldens finaste bal.<\/a><\/span><span style=\"font-weight: 400;\"><br \/><\/span><\/p><h3>Samarbete i m\u00e5nga former<\/h3><p>Samarbete med andra skolor eller med utomst\u00e5ende experter kan ske b\u00e5de s\u00e5 att man delar erfarenheter och utarbetar material, men inte heller den enskilda l\u00e4rarens samarbete med eleverna ska underskattas i arbetet med j\u00e4mst\u00e4lldhet. I den h\u00e4r videon presenteras hur ett samarbete kan se ut.<\/p>\t\t\t\t\t\t\t\t<\/div>\n\t\t\t\t<\/div>\n\t\t\t\t<div class=\"elementor-element elementor-element-57a6a81 elementor-widget elementor-widget-video\" data-id=\"57a6a81\" data-element_type=\"widget\" data-settings=\"{&quot;video_type&quot;:&quot;vimeo&quot;}\" data-widget_type=\"video.default\">\n\t\t\t\t<div class=\"elementor-widget-container\">\n\t\t\t\t\t\t\t<div class=\"elementor-wrapper elementor-open-inline\">\n\t\t\t<iframe class=\"elementor-video-iframe\" allowfullscreen allow=\"clipboard-write\" title=\"vimeo-videospelare\" src=\"https:\/\/player.vimeo.com\/video\/55594163?color&amp;autopause=0&amp;loop=0&amp;muted=0&amp;title=1&amp;portrait=1&amp;byline=1#t=\"><\/iframe>\t\t<\/div>\n\t\t\t\t\t\t<\/div>\n\t\t\t\t<\/div>\n\t\t\t\t<div class=\"elementor-element elementor-element-5815aa8 vid-cred elementor-widget elementor-widget-accordion\" data-id=\"5815aa8\" data-element_type=\"widget\" data-widget_type=\"accordion.default\">\n\t\t\t\t<div class=\"elementor-widget-container\">\n\t\t\t\t\t\t\t<div class=\"elementor-accordion\">\n\t\t\t\t\t\t\t<div class=\"elementor-accordion-item\">\n\t\t\t\t\t<div id=\"elementor-tab-title-9231\" class=\"elementor-tab-title\" data-tab=\"1\" role=\"button\" aria-controls=\"elementor-tab-content-9231\" aria-expanded=\"false\">\n\t\t\t\t\t\t\t\t\t\t\t\t\t<span class=\"elementor-accordion-icon elementor-accordion-icon-left\" aria-hidden=\"true\">\n\t\t\t\t\t\t\t\t\t\t\t\t\t\t\t<span class=\"elementor-accordion-icon-closed\"><i class=\"fas fa-plus\"><\/i><\/span>\n\t\t\t\t\t\t\t\t<span class=\"elementor-accordion-icon-opened\"><i class=\"fas fa-minus\"><\/i><\/span>\n\t\t\t\t\t\t\t\t\t\t\t\t\t\t<\/span>\n\t\t\t\t\t\t\t\t\t\t\t\t<a class=\"elementor-accordion-title\" tabindex=\"0\">I videon medverkar<\/a>\n\t\t\t\t\t<\/div>\n\t\t\t\t\t<div id=\"elementor-tab-content-9231\" class=\"elementor-tab-content elementor-clearfix\" data-tab=\"1\" role=\"region\" aria-labelledby=\"elementor-tab-title-9231\"><p><span style=\"font-weight: 400;\">Ik\u00e4valko, Elina \u2014 pol.mag., doktorand, Alar\u00e4is\u00e4nen, Heli \u2014 Projektledare, Lapin Letka<\/span><\/p><\/div>\n\t\t\t\t<\/div>\n\t\t\t\t\t\t\t\t<\/div>\n\t\t\t\t\t\t<\/div>\n\t\t\t\t<\/div>\n\t\t\t\t<div class=\"elementor-element elementor-element-9fa1325 elementor-widget elementor-widget-text-editor\" data-id=\"9fa1325\" data-element_type=\"widget\" data-widget_type=\"text-editor.default\">\n\t\t\t\t<div class=\"elementor-widget-container\">\n\t\t\t\t\t\t\t\t\t<p>Bekanta dig med tips p\u00e5 hur konventionen om barnets r\u00e4ttigheter kan anv\u00e4ndas som grund f\u00f6r det j\u00e4mst\u00e4lldhetsfr\u00e4mjande arbetet b\u00e5de med kollegerna och med eleverna:<\/p><p><a href=\"https:\/\/tasa-arvokasvatuksessa.fi\/wp-content\/uploads\/2022\/02\/2.2.8.-FN-s-konvention-om-barnets-rattigheter-ur-ett-konsperspektiv.pdf\">FN:s konvention om barnets r\u00e4ttigheter ur ett k\u00f6nsperspektiv. <\/a>(PDF).<\/p>\t\t\t\t\t\t\t\t<\/div>\n\t\t\t\t<\/div>\n\t\t\t\t\t<\/div>\n\t\t<\/div>\n\t\t\t\t<div class=\"elementor-column elementor-col-33 elementor-top-column elementor-element elementor-element-1e75c39\" data-id=\"1e75c39\" data-element_type=\"column\">\n\t\t\t<div class=\"elementor-widget-wrap elementor-element-populated\">\n\t\t\t\t\t\t<div class=\"elementor-element elementor-element-89de9b7 elementor-nav-menu--dropdown-none elementor-widget elementor-widget-global elementor-global-5339 elementor-widget-nav-menu\" data-id=\"89de9b7\" data-element_type=\"widget\" id=\"widget-yellow\" data-settings=\"{&quot;layout&quot;:&quot;vertical&quot;,&quot;submenu_icon&quot;:{&quot;value&quot;:&quot;&quot;,&quot;library&quot;:&quot;&quot;}}\" data-widget_type=\"nav-menu.default\">\n\t\t\t\t<div class=\"elementor-widget-container\">\n\t\t\t\t\t\t\t\t<nav aria-label=\"Meny\" class=\"elementor-nav-menu--main elementor-nav-menu__container elementor-nav-menu--layout-vertical e--pointer-none\">\n\t\t\t\t<ul id=\"menu-1-89de9b7\" class=\"elementor-nav-menu sm-vertical\"><li class=\"menu-item menu-item-type-post_type menu-item-object-page menu-item-6636\"><a href=\"https:\/\/tasa-arvokasvatuksessa.fi\/sv\/amneslarare-verktygslada-arbetet-borjar-med-oss\/\" class=\"elementor-item\">Arbetet b\u00f6rjar med oss<\/a><\/li>\n<li class=\"menu-item menu-item-type-post_type menu-item-object-page menu-item-6637\"><a href=\"https:\/\/tasa-arvokasvatuksessa.fi\/sv\/amneslarare-verktygslada-lar-dig-begreppen\/\" class=\"elementor-item\">L\u00e4r dig begreppen<\/a><\/li>\n<li class=\"menu-item menu-item-type-post_type menu-item-object-page menu-item-6638\"><a href=\"https:\/\/tasa-arvokasvatuksessa.fi\/sv\/amneslarare-verktygslada-konsstereotyper-i-skolan\/\" class=\"elementor-item\">K\u00f6nsstereotyper i skolan<\/a><\/li>\n<li class=\"menu-item menu-item-type-post_type menu-item-object-page menu-item-6639\"><a href=\"https:\/\/tasa-arvokasvatuksessa.fi\/sv\/amneslarare-verktygslada-fem-synvinklar-pa-skolans-jamstalldshetsarbete\/\" class=\"elementor-item\">Fem synvinklar p\u00e5 skolans j\u00e4mst\u00e4lldshetsarbete<\/a><\/li>\n<li class=\"menu-item menu-item-type-post_type menu-item-object-page menu-item-6640\"><a href=\"https:\/\/tasa-arvokasvatuksessa.fi\/sv\/amneslarare-verktygslada-skolans-jamstalldhetsplan\/\" class=\"elementor-item\">Skolans j\u00e4mst\u00e4lldhetsplan<\/a><\/li>\n<li class=\"menu-item menu-item-type-post_type menu-item-object-page menu-item-6641\"><a href=\"https:\/\/tasa-arvokasvatuksessa.fi\/sv\/amneslarare-verktygslada-samarbete\/\" class=\"elementor-item\">Samarbete<\/a><\/li>\n<li class=\"menu-item menu-item-type-post_type menu-item-object-page menu-item-6642\"><a href=\"https:\/\/tasa-arvokasvatuksessa.fi\/sv\/amneslarare-verktygslada-trakasserier-och-mobbning\/\" class=\"elementor-item\">Trakasserier och mobbning<\/a><\/li>\n<li class=\"menu-item menu-item-type-post_type menu-item-object-page menu-item-6643\"><a href=\"https:\/\/tasa-arvokasvatuksessa.fi\/sv\/amneslarare-verktygslada-lagstifningen-och-avtal-som-stod\/\" class=\"elementor-item\">Lagstiftningen och avtal som st\u00f6d<\/a><\/li>\n<li class=\"menu-item menu-item-type-post_type menu-item-object-page menu-item-6644\"><a href=\"https:\/\/tasa-arvokasvatuksessa.fi\/sv\/amneslarare-verktygslada-lanktips\/\" class=\"elementor-item\">L\u00e4nktips<\/a><\/li>\n<\/ul>\t\t\t<\/nav>\n\t\t\t\t\t\t<nav class=\"elementor-nav-menu--dropdown elementor-nav-menu__container\" aria-hidden=\"true\">\n\t\t\t\t<ul id=\"menu-2-89de9b7\" class=\"elementor-nav-menu sm-vertical\"><li class=\"menu-item menu-item-type-post_type menu-item-object-page menu-item-6636\"><a href=\"https:\/\/tasa-arvokasvatuksessa.fi\/sv\/amneslarare-verktygslada-arbetet-borjar-med-oss\/\" class=\"elementor-item\" tabindex=\"-1\">Arbetet b\u00f6rjar med oss<\/a><\/li>\n<li class=\"menu-item menu-item-type-post_type menu-item-object-page menu-item-6637\"><a href=\"https:\/\/tasa-arvokasvatuksessa.fi\/sv\/amneslarare-verktygslada-lar-dig-begreppen\/\" class=\"elementor-item\" tabindex=\"-1\">L\u00e4r dig begreppen<\/a><\/li>\n<li class=\"menu-item menu-item-type-post_type menu-item-object-page menu-item-6638\"><a href=\"https:\/\/tasa-arvokasvatuksessa.fi\/sv\/amneslarare-verktygslada-konsstereotyper-i-skolan\/\" class=\"elementor-item\" tabindex=\"-1\">K\u00f6nsstereotyper i skolan<\/a><\/li>\n<li class=\"menu-item menu-item-type-post_type menu-item-object-page menu-item-6639\"><a href=\"https:\/\/tasa-arvokasvatuksessa.fi\/sv\/amneslarare-verktygslada-fem-synvinklar-pa-skolans-jamstalldshetsarbete\/\" class=\"elementor-item\" tabindex=\"-1\">Fem synvinklar p\u00e5 skolans j\u00e4mst\u00e4lldshetsarbete<\/a><\/li>\n<li class=\"menu-item menu-item-type-post_type menu-item-object-page menu-item-6640\"><a href=\"https:\/\/tasa-arvokasvatuksessa.fi\/sv\/amneslarare-verktygslada-skolans-jamstalldhetsplan\/\" class=\"elementor-item\" tabindex=\"-1\">Skolans j\u00e4mst\u00e4lldhetsplan<\/a><\/li>\n<li class=\"menu-item menu-item-type-post_type menu-item-object-page menu-item-6641\"><a href=\"https:\/\/tasa-arvokasvatuksessa.fi\/sv\/amneslarare-verktygslada-samarbete\/\" class=\"elementor-item\" tabindex=\"-1\">Samarbete<\/a><\/li>\n<li class=\"menu-item menu-item-type-post_type menu-item-object-page menu-item-6642\"><a href=\"https:\/\/tasa-arvokasvatuksessa.fi\/sv\/amneslarare-verktygslada-trakasserier-och-mobbning\/\" class=\"elementor-item\" tabindex=\"-1\">Trakasserier och mobbning<\/a><\/li>\n<li class=\"menu-item menu-item-type-post_type menu-item-object-page menu-item-6643\"><a href=\"https:\/\/tasa-arvokasvatuksessa.fi\/sv\/amneslarare-verktygslada-lagstifningen-och-avtal-som-stod\/\" class=\"elementor-item\" tabindex=\"-1\">Lagstiftningen och avtal som st\u00f6d<\/a><\/li>\n<li class=\"menu-item menu-item-type-post_type menu-item-object-page menu-item-6644\"><a href=\"https:\/\/tasa-arvokasvatuksessa.fi\/sv\/amneslarare-verktygslada-lanktips\/\" class=\"elementor-item\" tabindex=\"-1\">L\u00e4nktips<\/a><\/li>\n<\/ul>\t\t\t<\/nav>\n\t\t\t\t\t\t<\/div>\n\t\t\t\t<\/div>\n\t\t\t\t\t<\/div>\n\t\t<\/div>\n\t\t\t\t\t<\/div>\n\t\t<\/section>\n\t\t\t\t<\/div>\n\t\t","protected":false},"excerpt":{"rendered":"<p>Samarbete inom j\u00e4mst\u00e4lldhetsarbete betyder att man kollegor emellan skapar en gemensam bild av m\u00e5len f\u00f6r j\u00e4mst\u00e4lldhetsarbetet, utbyter erfarenheter, st\u00f6djer varandra och tillsammans f\u00f6r en konstruktiv diskussion kring hur vi pratar med och om eleverna.Samarbetet handlar ocks\u00e5 om att skapa en enhetlig linje om hur vissa problem ska l\u00f6sas. Samarbetet med v\u00e5rdnadshavarna handlar om att skapa [&hellip;]<\/p>\n","protected":false},"author":5,"featured_media":0,"parent":0,"menu_order":0,"comment_status":"closed","ping_status":"closed","template":"","meta":{"footnotes":""},"class_list":["post-5825","page","type-page","status-publish","hentry"],"_links":{"self":[{"href":"https:\/\/tasa-arvokasvatuksessa.fi\/sv\/wp-json\/wp\/v2\/pages\/5825","targetHints":{"allow":["GET"]}}],"collection":[{"href":"https:\/\/tasa-arvokasvatuksessa.fi\/sv\/wp-json\/wp\/v2\/pages"}],"about":[{"href":"https:\/\/tasa-arvokasvatuksessa.fi\/sv\/wp-json\/wp\/v2\/types\/page"}],"author":[{"embeddable":true,"href":"https:\/\/tasa-arvokasvatuksessa.fi\/sv\/wp-json\/wp\/v2\/users\/5"}],"replies":[{"embeddable":true,"href":"https:\/\/tasa-arvokasvatuksessa.fi\/sv\/wp-json\/wp\/v2\/comments?post=5825"}],"version-history":[{"count":41,"href":"https:\/\/tasa-arvokasvatuksessa.fi\/sv\/wp-json\/wp\/v2\/pages\/5825\/revisions"}],"predecessor-version":[{"id":8362,"href":"https:\/\/tasa-arvokasvatuksessa.fi\/sv\/wp-json\/wp\/v2\/pages\/5825\/revisions\/8362"}],"wp:attachment":[{"href":"https:\/\/tasa-arvokasvatuksessa.fi\/sv\/wp-json\/wp\/v2\/media?parent=5825"}],"curies":[{"name":"wp","href":"https:\/\/api.w.org\/{rel}","templated":true}]}}