{"id":6688,"date":"2021-12-22T11:40:08","date_gmt":"2021-12-22T11:40:08","guid":{"rendered":"https:\/\/tasa-arvokasvatuksessa.fi\/ammattiopettaja\/"},"modified":"2022-03-01T10:58:16","modified_gmt":"2022-03-01T10:58:16","slug":"ammattiopettaja","status":"publish","type":"page","link":"https:\/\/tasa-arvokasvatuksessa.fi\/sv\/ammattiopettaja\/","title":{"rendered":"Yrkesl\u00e4rare"},"content":{"rendered":"\t\t<div data-elementor-type=\"wp-page\" data-elementor-id=\"6688\" class=\"elementor elementor-6688 elementor-33\" data-elementor-post-type=\"page\">\n\t\t\t\t\t\t<section class=\"elementor-section elementor-top-section elementor-element elementor-element-385e6331 elementor-section-boxed elementor-section-height-default elementor-section-height-default\" data-id=\"385e6331\" data-element_type=\"section\">\n\t\t\t\t\t\t<div class=\"elementor-container elementor-column-gap-default\">\n\t\t\t\t\t<div class=\"elementor-column elementor-col-100 elementor-top-column elementor-element elementor-element-17f9a834\" data-id=\"17f9a834\" data-element_type=\"column\">\n\t\t\t<div class=\"elementor-widget-wrap elementor-element-populated\">\n\t\t\t\t\t\t<div class=\"elementor-element elementor-element-94671cb elementor-widget elementor-widget-heading\" data-id=\"94671cb\" data-element_type=\"widget\" data-widget_type=\"heading.default\">\n\t\t\t\t<div class=\"elementor-widget-container\">\n\t\t\t\t\t<h2 class=\"elementor-heading-title elementor-size-default\">Tasa-arvo kasvatuksessa<\/h2>\t\t\t\t<\/div>\n\t\t\t\t<\/div>\n\t\t\t\t\t<\/div>\n\t\t<\/div>\n\t\t\t\t\t<\/div>\n\t\t<\/section>\n\t\t\t\t<section class=\"elementor-section elementor-top-section elementor-element elementor-element-053bafb block__elem_tasa_arvo elementor-section-boxed elementor-section-height-default elementor-section-height-default\" data-id=\"053bafb\" data-element_type=\"section\" data-settings=\"{&quot;background_background&quot;:&quot;classic&quot;}\">\n\t\t\t\t\t\t<div class=\"elementor-container elementor-column-gap-default\">\n\t\t\t\t\t<div class=\"elementor-column elementor-col-50 elementor-top-column elementor-element elementor-element-e7b61f6 page__content\" data-id=\"e7b61f6\" data-element_type=\"column\">\n\t\t\t<div class=\"elementor-widget-wrap elementor-element-populated\">\n\t\t\t\t\t\t<div class=\"elementor-element elementor-element-b46fb0a elementor-widget elementor-widget-text-editor\" data-id=\"b46fb0a\" data-element_type=\"widget\" data-widget_type=\"text-editor.default\">\n\t\t\t\t<div class=\"elementor-widget-container\">\n\t\t\t\t\t\t\t\t\t<h2>V\u00e4lkommen hit yrkesl\u00e4rare!\u00a0<\/h2><p>H\u00e4r kan du bekanta dig med n\u00e4tmaterialet Allas yrkes. Allas yrkes \u00e4r ett material som skapats f\u00f6r personal inom yrkesutbildningen. Materialets syfte \u00e4r att st\u00f6dja personalen i j\u00e4mlikhets-, j\u00e4mst\u00e4lldhets- och likabehandlingsarbete. Allas yrkes har skapats inom ramen f\u00f6r Ekvalitas projekt Mer plats! F\u00f6r\u00e4ndring av k\u00f6nsnormer i yrkesskolan. Projektet \u00e4r finansierat av Undervisnings- och kulturministeriet.\u00a0<\/p><p>Bes\u00f6k sidan <a href=\"https:\/\/allasyrkes.fi\/\">h\u00e4r.<\/a><\/p>\t\t\t\t\t\t\t\t<\/div>\n\t\t\t\t<\/div>\n\t\t\t\t<div class=\"elementor-element elementor-element-d659923 elementor-widget elementor-widget-image\" data-id=\"d659923\" data-element_type=\"widget\" data-widget_type=\"image.default\">\n\t\t\t\t<div class=\"elementor-widget-container\">\n\t\t\t\t\t\t\t\t\t\t\t\t\t\t\t\t<a href=\"https:\/\/allasyrkes.fi\/\" target=\"_blank\" rel=\"nofollow\">\n\t\t\t\t\t\t\t<img decoding=\"async\" src=\"https:\/\/tasa-arvokasvatuksessa.fi\/wp-content\/uploads\/elementor\/thumbs\/kaikkien_amis_hashtag_SVE-pkcmjncyo5w7fg6kb1eah9426g588anpy65idqc2ik.png\" title=\"kaikkien_amis_hashtag_SVE\" alt=\"kaikkien_amis_hashtag_SVE\" loading=\"lazy\" \/>\t\t\t\t\t\t\t\t<\/a>\n\t\t\t\t\t\t\t\t\t\t\t\t\t\t\t<\/div>\n\t\t\t\t<\/div>\n\t\t\t\t\t<\/div>\n\t\t<\/div>\n\t\t\t\t<div class=\"elementor-column elementor-col-50 elementor-top-column elementor-element elementor-element-8b3349b\" data-id=\"8b3349b\" data-element_type=\"column\">\n\t\t\t<div class=\"elementor-widget-wrap elementor-element-populated\">\n\t\t\t\t\t\t<div class=\"elementor-element elementor-element-db78b15 elementor-widget elementor-widget-image\" data-id=\"db78b15\" data-element_type=\"widget\" data-widget_type=\"image.default\">\n\t\t\t\t<div class=\"elementor-widget-container\">\n\t\t\t\t\t\t\t\t\t\t\t\t\t\t\t<img fetchpriority=\"high\" decoding=\"async\" width=\"800\" height=\"800\" src=\"https:\/\/tasa-arvokasvatuksessa.fi\/wp-content\/uploads\/2021\/11\/1-2-1024x1024.png\" class=\"attachment-large size-large wp-image-4241\" alt=\"\" srcset=\"https:\/\/tasa-arvokasvatuksessa.fi\/wp-content\/uploads\/2021\/11\/1-2-1024x1024.png 1024w, https:\/\/tasa-arvokasvatuksessa.fi\/wp-content\/uploads\/2021\/11\/1-2-300x300.png 300w, https:\/\/tasa-arvokasvatuksessa.fi\/wp-content\/uploads\/2021\/11\/1-2-150x150.png 150w, https:\/\/tasa-arvokasvatuksessa.fi\/wp-content\/uploads\/2021\/11\/1-2-768x768.png 768w, https:\/\/tasa-arvokasvatuksessa.fi\/wp-content\/uploads\/2021\/11\/1-2-1536x1536.png 1536w, https:\/\/tasa-arvokasvatuksessa.fi\/wp-content\/uploads\/2021\/11\/1-2-2048x2048.png 2048w\" sizes=\"(max-width: 800px) 100vw, 800px\" \/>\t\t\t\t\t\t\t\t\t\t\t\t\t\t\t<\/div>\n\t\t\t\t<\/div>\n\t\t\t\t\t<\/div>\n\t\t<\/div>\n\t\t\t\t\t<\/div>\n\t\t<\/section>\n\t\t\t\t<\/div>\n\t\t","protected":false},"excerpt":{"rendered":"<p>Tasa-arvo kasvatuksessa V\u00e4lkommen hit yrkesl\u00e4rare!\u00a0 H\u00e4r kan du bekanta dig med n\u00e4tmaterialet Allas yrkes. Allas yrkes \u00e4r ett material som skapats f\u00f6r personal inom yrkesutbildningen. Materialets syfte \u00e4r att st\u00f6dja personalen i j\u00e4mlikhets-, j\u00e4mst\u00e4lldhets- och likabehandlingsarbete. Allas yrkes har skapats inom ramen f\u00f6r Ekvalitas projekt Mer plats! F\u00f6r\u00e4ndring av k\u00f6nsnormer i yrkesskolan. Projektet \u00e4r finansierat [&hellip;]<\/p>\n","protected":false},"author":4,"featured_media":0,"parent":0,"menu_order":0,"comment_status":"closed","ping_status":"closed","template":"","meta":{"footnotes":""},"class_list":["post-6688","page","type-page","status-publish","hentry"],"_links":{"self":[{"href":"https:\/\/tasa-arvokasvatuksessa.fi\/sv\/wp-json\/wp\/v2\/pages\/6688","targetHints":{"allow":["GET"]}}],"collection":[{"href":"https:\/\/tasa-arvokasvatuksessa.fi\/sv\/wp-json\/wp\/v2\/pages"}],"about":[{"href":"https:\/\/tasa-arvokasvatuksessa.fi\/sv\/wp-json\/wp\/v2\/types\/page"}],"author":[{"embeddable":true,"href":"https:\/\/tasa-arvokasvatuksessa.fi\/sv\/wp-json\/wp\/v2\/users\/4"}],"replies":[{"embeddable":true,"href":"https:\/\/tasa-arvokasvatuksessa.fi\/sv\/wp-json\/wp\/v2\/comments?post=6688"}],"version-history":[{"count":14,"href":"https:\/\/tasa-arvokasvatuksessa.fi\/sv\/wp-json\/wp\/v2\/pages\/6688\/revisions"}],"predecessor-version":[{"id":8430,"href":"https:\/\/tasa-arvokasvatuksessa.fi\/sv\/wp-json\/wp\/v2\/pages\/6688\/revisions\/8430"}],"wp:attachment":[{"href":"https:\/\/tasa-arvokasvatuksessa.fi\/sv\/wp-json\/wp\/v2\/media?parent=6688"}],"curies":[{"name":"wp","href":"https:\/\/api.w.org\/{rel}","templated":true}]}}