{"id":8660,"date":"2022-03-22T11:48:12","date_gmt":"2022-03-22T11:48:12","guid":{"rendered":"https:\/\/tasa-arvokasvatuksessa.fi\/?page_id=8660"},"modified":"2022-03-29T14:49:38","modified_gmt":"2022-03-29T14:49:38","slug":"information-om-sidans-tillganglighet","status":"publish","type":"page","link":"https:\/\/tasa-arvokasvatuksessa.fi\/sv\/information-om-sidans-tillganglighet\/","title":{"rendered":"Information om sidans tillg\u00e4nglighet"},"content":{"rendered":"\t\t<div data-elementor-type=\"wp-page\" data-elementor-id=\"8660\" class=\"elementor elementor-8660 elementor-8621\" data-elementor-post-type=\"page\">\n\t\t\t\t\t\t<section class=\"elementor-section elementor-top-section elementor-element elementor-element-6e670c67 elementor-section-boxed elementor-section-height-default elementor-section-height-default\" data-id=\"6e670c67\" data-element_type=\"section\">\n\t\t\t\t\t\t<div class=\"elementor-container elementor-column-gap-default\">\n\t\t\t\t\t<div class=\"elementor-column elementor-col-100 elementor-top-column elementor-element elementor-element-7478be56\" data-id=\"7478be56\" data-element_type=\"column\">\n\t\t\t<div class=\"elementor-widget-wrap elementor-element-populated\">\n\t\t\t\t\t\t<div class=\"elementor-element elementor-element-21adae1c elementor-widget elementor-widget-heading\" data-id=\"21adae1c\" data-element_type=\"widget\" data-widget_type=\"heading.default\">\n\t\t\t\t<div class=\"elementor-widget-container\">\n\t\t\t\t\t<h2 class=\"elementor-heading-title elementor-size-default\">Tasa-arvo kasvatuksessa<\/h2>\t\t\t\t<\/div>\n\t\t\t\t<\/div>\n\t\t\t\t\t<\/div>\n\t\t<\/div>\n\t\t\t\t\t<\/div>\n\t\t<\/section>\n\t\t\t\t<section class=\"elementor-section elementor-top-section elementor-element elementor-element-57c082fe block__elem_tasa_arvo elementor-section-boxed elementor-section-height-default elementor-section-height-default\" data-id=\"57c082fe\" data-element_type=\"section\" data-settings=\"{&quot;background_background&quot;:&quot;classic&quot;}\">\n\t\t\t\t\t\t<div class=\"elementor-container elementor-column-gap-default\">\n\t\t\t\t\t<div class=\"elementor-column elementor-col-100 elementor-top-column elementor-element elementor-element-792596c9 page__content\" data-id=\"792596c9\" data-element_type=\"column\">\n\t\t\t<div class=\"elementor-widget-wrap elementor-element-populated\">\n\t\t\t\t\t\t<div class=\"elementor-element elementor-element-6c46cbef elementor-widget elementor-widget-text-editor\" data-id=\"6c46cbef\" data-element_type=\"widget\" data-widget_type=\"text-editor.default\">\n\t\t\t\t<div class=\"elementor-widget-container\">\n\t\t\t\t\t\t\t\t\t<h2><strong>Saavutettavuusseloste<\/strong><\/h2><p><span style=\"font-weight: 400;\">Saavutettavuusseloste sivustolle <\/span><a href=\"https:\/\/tasa-arvokasvatuksessa.fi\/\"><span style=\"font-weight: 400;\">https:\/\/tasa-arvokasvatuksessa.fi<\/span><\/a><span style=\"font-weight: 400;\">\/.T\u00e4m\u00e4 saavutettavuusseloste koskee palvelua www.tasa-arvokasvatuksessa.fi ja on p\u00e4ivitetty 15.1.2022.<\/span><\/p><h3><span style=\"font-weight: 400;\">Saavutettavuutta tukevat toimenpiteet<\/span><\/h3><p><span style=\"font-weight: 400;\">https:\/\/tasa-arvokasvatuksessa.fi\/ ryhtyy seuraaviin toimenpiteisiin varmistaakseen https:\/\/tasa-arvokasvatuksessa.fi\/ saavutettavuuden:<\/span><\/p><ul><li style=\"font-weight: 400;\" aria-level=\"1\"><span style=\"font-weight: 400;\">Sis\u00e4llyt\u00e4mme esteett\u00f6myyden osaksi teht\u00e4v\u00e4\u00e4mme.<\/span><\/li><li style=\"font-weight: 400;\" aria-level=\"1\"><span style=\"font-weight: 400;\">M\u00e4\u00e4rit\u00e4mme selke\u00e4t esteett\u00f6myystavoitteet ja -vastuut.<\/span><\/li><\/ul><h3><span style=\"font-weight: 400;\">Sivuston saavutettavuuden tila<\/span><\/h3><p><a href=\"https:\/\/www.w3.org\/WAI\/standards-guidelines\/wcag\/\"><span style=\"font-weight: 400;\">Web Content Accessibility Guidelines (WCAG)<\/span><\/a><span style=\"font-weight: 400;\"> m\u00e4\u00e4rittelee suunnittelijoille ja kehitt\u00e4jille vaatimukset saavutettavuuden parantamiseksi. Se m\u00e4\u00e4rittelee kolme vaatimustenmukaisuustasoa: Taso A, Taso AA ja Taso AAA. https:\/\/kaikkienamis.fi\/ on t\u00e4ysin yhteensopiva WCAG 2.1 tason AA kanssa. T\u00e4ysin yhteensopiva tarkoittaa, ett\u00e4 sis\u00e4lt\u00f6 on t\u00e4ysin saavutettavuusstandardin mukainen ilman poikkeuksia.<\/span><\/p><h3><span style=\"font-weight: 400;\">Poikkeus ei saavutettavasta sis\u00e4ll\u00f6st\u00e4<\/span><\/h3><p><span style=\"font-weight: 400;\">Videot on tuotettu ja julkaistu vuonna 2013 jolloin vaatimus videoiden tekstityksest\u00e4 ei ollut voimassa. <\/span><span style=\"font-weight: 400;\">Materiaalin videot eiv\u00e4t ole tekstitetty videossa puhutulle kielelle.<\/span><\/p><h3><span style=\"font-weight: 400;\">Palaute<\/span><\/h3><p><span style=\"font-weight: 400;\">Otamme mielell\u00e4mme vastaan palautetta https:\/\/tasa-arvokasvatuksessa.fi\/ saavutettavuudesta. Kerro meille, jos kohtaat saavutettavuuden esteit\u00e4 osoitteessa https:\/\/tasa-arvokasvatuksessa.fi\/\u00a0<\/span><\/p><p><span style=\"font-weight: 400;\">S\u00e4hk\u00f6posti: tane.stm@gov.fi<\/span><\/p><p><span style=\"font-weight: 400;\">Vastauksessa voi menn\u00e4 14 p\u00e4iv\u00e4\u00e4.<\/span><\/p><h3><span style=\"font-weight: 400;\">Yhteensopivuus selainten ja aputekniikan kanssa<\/span><\/h3><p><a href=\"https:\/\/tasa-arvokasvatuksessa.fi\/\"><span style=\"font-weight: 400;\">https:\/\/tasa-arvokasvatuksessa.fi\/<\/span><\/a><span style=\"font-weight: 400;\"> on suunniteltu yhteensopivaksi seuraavien aputekniikoiden kanssa:<\/span><\/p><ul><li style=\"font-weight: 400;\" aria-level=\"1\"><span style=\"font-weight: 400;\">toimii hyvin kaikissa nykyaikaisissa selaimissa; toimii Windows- ja Mac-pohjaisten n\u00e4yt\u00f6nlukuohjelmien kanssa.<\/span><\/li><\/ul><h3><span style=\"font-weight: 400;\">Tekniset tiedot<\/span><\/h3><p><a href=\"https:\/\/tasa-arvokasvatuksessa.fi\/\"><span style=\"font-weight: 400;\">https:\/\/tasa-arvokasvatuksessa.fi\/<\/span><\/a><span style=\"font-weight: 400;\"> saavutettavuus perustuu seuraaviin teknologioihin toimiakseen tietyn verkkoselaimen ja tietokoneellesi asennettujen aputekniikoiden tai lis\u00e4osien yhdistelm\u00e4n kanssa:<\/span><\/p><p><span style=\"font-weight: 400;\">HTML<\/span><\/p><p><span style=\"font-weight: 400;\">WAI-ARIA<\/span><\/p><p><span style=\"font-weight: 400;\">CSS<\/span><\/p><p><span style=\"font-weight: 400;\">JavaScript<\/span><\/p><p><span style=\"font-weight: 400;\">N\u00e4iden tekniikoiden on noudatettava k\u00e4ytettyj\u00e4 saavutettavuusstandardeja.<\/span><\/p><h3><span style=\"font-weight: 400;\">Arviointimenetelm\u00e4<\/span><\/h3><p><a href=\"https:\/\/tasa-arvokasvatuksessa.fi\/\"><span style=\"font-weight: 400;\">https:\/\/tasa-arvokasvatuksessa.fi\/<\/span><\/a><span style=\"font-weight: 400;\"> arvioi <\/span><a href=\"https:\/\/tasa-arvokasvatuksessa.fi\/\"><span style=\"font-weight: 400;\">https:\/\/tasa-arvokasvatuksessa.fi\/<\/span><\/a><span style=\"font-weight: 400;\"> saavutettavuuden seuraavilla tavoilla:<\/span><\/p><ul><li style=\"font-weight: 400;\" aria-level=\"1\"><span style=\"font-weight: 400;\">Ulkoinen arviointi<\/span><\/li><\/ul><h3><span style=\"font-weight: 400;\">P\u00e4iv\u00e4m\u00e4\u00e4r\u00e4<\/span><\/h3><p><span style=\"font-weight: 400;\">T\u00e4m\u00e4 lausunto luotiin 15. tammikuuta 2022 k\u00e4ytt\u00e4m\u00e4ll\u00e4 <\/span><a href=\"https:\/\/www.w3.org\/WAI\/planning\/statements\/\"><span style=\"font-weight: 400;\">W3C Accessibility Statement Generator<\/span><\/a><span style=\"font-weight: 400;\"> -ty\u00f6kalua.<\/span><\/p>\t\t\t\t\t\t\t\t<\/div>\n\t\t\t\t<\/div>\n\t\t\t\t\t<\/div>\n\t\t<\/div>\n\t\t\t\t\t<\/div>\n\t\t<\/section>\n\t\t\t\t<\/div>\n\t\t","protected":false},"excerpt":{"rendered":"<p>Tasa-arvo kasvatuksessa Saavutettavuusseloste Saavutettavuusseloste sivustolle https:\/\/tasa-arvokasvatuksessa.fi\/.T\u00e4m\u00e4 saavutettavuusseloste koskee palvelua www.tasa-arvokasvatuksessa.fi ja on p\u00e4ivitetty 15.1.2022. Saavutettavuutta tukevat toimenpiteet https:\/\/tasa-arvokasvatuksessa.fi\/ ryhtyy seuraaviin toimenpiteisiin varmistaakseen https:\/\/tasa-arvokasvatuksessa.fi\/ saavutettavuuden: Sis\u00e4llyt\u00e4mme esteett\u00f6myyden osaksi teht\u00e4v\u00e4\u00e4mme. M\u00e4\u00e4rit\u00e4mme selke\u00e4t esteett\u00f6myystavoitteet ja -vastuut. Sivuston saavutettavuuden tila Web Content Accessibility Guidelines (WCAG) m\u00e4\u00e4rittelee suunnittelijoille ja kehitt\u00e4jille vaatimukset saavutettavuuden parantamiseksi. Se m\u00e4\u00e4rittelee kolme vaatimustenmukaisuustasoa: Taso A, Taso [&hellip;]<\/p>\n","protected":false},"author":4,"featured_media":0,"parent":0,"menu_order":0,"comment_status":"closed","ping_status":"closed","template":"","meta":{"footnotes":""},"class_list":["post-8660","page","type-page","status-publish","hentry"],"_links":{"self":[{"href":"https:\/\/tasa-arvokasvatuksessa.fi\/sv\/wp-json\/wp\/v2\/pages\/8660","targetHints":{"allow":["GET"]}}],"collection":[{"href":"https:\/\/tasa-arvokasvatuksessa.fi\/sv\/wp-json\/wp\/v2\/pages"}],"about":[{"href":"https:\/\/tasa-arvokasvatuksessa.fi\/sv\/wp-json\/wp\/v2\/types\/page"}],"author":[{"embeddable":true,"href":"https:\/\/tasa-arvokasvatuksessa.fi\/sv\/wp-json\/wp\/v2\/users\/4"}],"replies":[{"embeddable":true,"href":"https:\/\/tasa-arvokasvatuksessa.fi\/sv\/wp-json\/wp\/v2\/comments?post=8660"}],"version-history":[{"count":14,"href":"https:\/\/tasa-arvokasvatuksessa.fi\/sv\/wp-json\/wp\/v2\/pages\/8660\/revisions"}],"predecessor-version":[{"id":8794,"href":"https:\/\/tasa-arvokasvatuksessa.fi\/sv\/wp-json\/wp\/v2\/pages\/8660\/revisions\/8794"}],"wp:attachment":[{"href":"https:\/\/tasa-arvokasvatuksessa.fi\/sv\/wp-json\/wp\/v2\/media?parent=8660"}],"curies":[{"name":"wp","href":"https:\/\/api.w.org\/{rel}","templated":true}]}}