{"id":8675,"date":"2022-03-22T11:51:42","date_gmt":"2022-03-22T11:51:42","guid":{"rendered":"https:\/\/tasa-arvokasvatuksessa.fi\/?page_id=8675"},"modified":"2022-03-29T14:52:14","modified_gmt":"2022-03-29T14:52:14","slug":"behandling-av-personuppgifter","status":"publish","type":"page","link":"https:\/\/tasa-arvokasvatuksessa.fi\/sv\/behandling-av-personuppgifter\/","title":{"rendered":"Behandling av personuppgifter"},"content":{"rendered":"\t\t<div data-elementor-type=\"wp-page\" data-elementor-id=\"8675\" class=\"elementor elementor-8675 elementor-8619\" data-elementor-post-type=\"page\">\n\t\t\t\t\t\t<section class=\"elementor-section elementor-top-section elementor-element elementor-element-67fd9be2 elementor-section-boxed elementor-section-height-default elementor-section-height-default\" data-id=\"67fd9be2\" data-element_type=\"section\">\n\t\t\t\t\t\t<div class=\"elementor-container elementor-column-gap-default\">\n\t\t\t\t\t<div class=\"elementor-column elementor-col-100 elementor-top-column elementor-element elementor-element-7bc9e2e6\" data-id=\"7bc9e2e6\" data-element_type=\"column\">\n\t\t\t<div class=\"elementor-widget-wrap elementor-element-populated\">\n\t\t\t\t\t\t<div class=\"elementor-element elementor-element-3ced3c66 elementor-widget elementor-widget-heading\" data-id=\"3ced3c66\" data-element_type=\"widget\" data-widget_type=\"heading.default\">\n\t\t\t\t<div class=\"elementor-widget-container\">\n\t\t\t\t\t<h2 class=\"elementor-heading-title elementor-size-default\">Tasa-arvo kasvatuksessa<\/h2>\t\t\t\t<\/div>\n\t\t\t\t<\/div>\n\t\t\t\t\t<\/div>\n\t\t<\/div>\n\t\t\t\t\t<\/div>\n\t\t<\/section>\n\t\t\t\t<section class=\"elementor-section elementor-top-section elementor-element elementor-element-4cd73959 block__elem_tasa_arvo elementor-section-boxed elementor-section-height-default elementor-section-height-default\" data-id=\"4cd73959\" data-element_type=\"section\" data-settings=\"{&quot;background_background&quot;:&quot;classic&quot;}\">\n\t\t\t\t\t\t<div class=\"elementor-container elementor-column-gap-default\">\n\t\t\t\t\t<div class=\"elementor-column elementor-col-100 elementor-top-column elementor-element elementor-element-65a31d92 page__content\" data-id=\"65a31d92\" data-element_type=\"column\">\n\t\t\t<div class=\"elementor-widget-wrap elementor-element-populated\">\n\t\t\t\t\t\t<div class=\"elementor-element elementor-element-167b809a elementor-widget elementor-widget-text-editor\" data-id=\"167b809a\" data-element_type=\"widget\" data-widget_type=\"text-editor.default\">\n\t\t\t\t<div class=\"elementor-widget-container\">\n\t\t\t\t\t\t\t\t\t<h2><strong>Tietosuoja<\/strong><\/h2><p><span style=\"font-weight: 400;\">T\u00e4lt\u00e4 sivulta l\u00f6yd\u00e4t Tasa-arvo kasvatuksessa-portaalin tietosuojaselosteet sek\u00e4 tietoa tasa-arvokasvatuksessa.fi-sivustolla k\u00e4ytett\u00e4vist\u00e4 ev\u00e4steist\u00e4<\/span><\/p><h3><span style=\"font-weight: 400;\">Tietosuojaselosteet<\/span><\/h3><p><span style=\"font-weight: 400;\">Tietosuojaselosteet l\u00f6yd\u00e4t tasa-arvoasiain neuvottelukunnan sivuilta (<a href=\"https:\/\/tane.fi\/tietosuoja\">tane.fi)<\/a><\/span><\/p><p>\u00a0<\/p><h2><strong>Ev\u00e4steet<\/strong><\/h2><h3><span style=\"font-weight: 400;\">Tietoa ev\u00e4steiden k\u00e4yt\u00f6st\u00e4 tasa-arvokasvatuksessa.fi-sivustolla<\/span><\/h3><p><span style=\"font-weight: 400;\">Tasa-arvo kasvatuksessa -portaalik\u00e4ytt\u00e4\u00e4 verkkosivuillaan ev\u00e4steit\u00e4 parantaakseen k\u00e4ytt\u00f6kokemusta ja ker\u00e4t\u00e4kseen tietoja sen k\u00e4yt\u00f6st\u00e4. Ev\u00e4steiden avulla voidaan luoda turvallisia ja k\u00e4ytt\u00e4j\u00e4yst\u00e4v\u00e4llisi\u00e4 palveluita, muokata verkkosivujen sis\u00e4lt\u00f6\u00e4 ja helpottaa palvelun k\u00e4ytt\u00f6\u00e4.<\/span><\/p><p><span style=\"font-weight: 400;\">Ev\u00e4ste on pieni tekstitiedosto, jonka verkkopalvelin l\u00e4hett\u00e4\u00e4 k\u00e4ytt\u00e4j\u00e4n selaimeen ja joka tallennetaan k\u00e4ytt\u00e4j\u00e4n laitteelle. Ev\u00e4steiden avulla saadaan selville, mik\u00e4 tietosis\u00e4lt\u00f6 kiinnostaa k\u00e4ytt\u00e4ji\u00e4 ja mill\u00e4 tavalla palvelua k\u00e4ytet\u00e4\u00e4n.<\/span><\/p><h3><span style=\"font-weight: 400;\">Ev\u00e4steet, jotka parantavat k\u00e4ytt\u00f6kokemusta<\/span><\/h3><p><span style=\"font-weight: 400;\">Jotkut ev\u00e4steet ovat v\u00e4ltt\u00e4m\u00e4tt\u00f6mi\u00e4 verkkopalvelun toiminnan, turvallisuuden ja k\u00e4ytt\u00e4j\u00e4yst\u00e4v\u00e4llisyyden varmistamiseksi. N\u00e4m\u00e4 ev\u00e4steet auttavat tekem\u00e4\u00e4n verkkosivustosta hy\u00f6dyllisen aktivoimalla perustoiminnot, kuten sivulla navigoinnin ja p\u00e4\u00e4syn verkkosivuston turvallisille alueille.<\/span><\/p><h3><span style=\"font-weight: 400;\">Ev\u00e4steet, jotka ker\u00e4\u00e4v\u00e4t tietoja k\u00e4yt\u00f6st\u00e4<\/span><\/h3><p><span style=\"font-weight: 400;\">K\u00e4yt\u00e4mme verkkosivuillamme ev\u00e4steit\u00e4 k\u00e4vij\u00e4tilastojen ker\u00e4\u00e4miseen. Tilastoev\u00e4steet auttavat meit\u00e4 ymm\u00e4rt\u00e4m\u00e4\u00e4n, kuinka vierailijat k\u00e4ytt\u00e4v\u00e4t sivustoa ker\u00e4\u00e4m\u00e4ll\u00e4 ja raportoimalla tietoja nimett\u00f6m\u00e4sti. N\u00e4iden ev\u00e4steiden avulla ker\u00e4\u00e4mme tietoa siit\u00e4, kuinka paljon ja mill\u00e4 tavalla palvelua k\u00e4ytet\u00e4\u00e4n ja mit\u00e4 erityisesti on kehitett\u00e4v\u00e4. Samalla saamme tietoa palvelun kapasiteetista. N\u00e4iden palveluiden puitteissa ty\u00f6skentelemme vain pseudonyymisill\u00e4 tiedoilla.<\/span><\/p><p><span style=\"font-weight: 400;\">Tasa-arvokasvatuksessa.fi-sivustolla k\u00e4ytet\u00e4\u00e4n Google Analytics -palvelua analysoimaan palvelun k\u00e4ytt\u00f6\u00e4 ja parantamaan k\u00e4ytt\u00f6kokemusta. Googlen ker\u00e4\u00e4m\u00e4t tiedot ovat anonyymej\u00e4. Lue <a href=\"https:\/\/developers.google.com\/analytics\/devguides\/collection\/analyticsjs\/cookie-usage\">t\u00e4\u00e4lt\u00e4<\/a> lis\u00e4\u00e4, miten Google k\u00e4ytt\u00e4\u00e4 tietojasi. <\/span><\/p><h3><span style=\"font-weight: 400;\">Suostumuksesi<\/span><\/h3><p><span style=\"font-weight: 400;\">Asettamalla selaimesi hyv\u00e4ksym\u00e4\u00e4n ev\u00e4steet ja huomioimalla ev\u00e4steilmoituksemme, annat suostumuksesi ev\u00e4steiden k\u00e4ytt\u00f6\u00f6n t\u00e4ll\u00e4 verkkosivustolla.<\/span><\/p><p><span style=\"font-weight: 400;\">Jos haluat peruuttaa suostumuksesi, sinun on poistettava laitteellesi tallennetut ev\u00e4steet selaimesi asetuksista. Lis\u00e4ksi, jos haluat est\u00e4\u00e4 ev\u00e4steiden tallentamisen laitteellesi, sinun on muutettava selaimesi asetuksia niin, ett\u00e4 ev\u00e4steet estet\u00e4\u00e4n. Huomio kuitenkin, ett\u00e4 jos p\u00e4\u00e4t\u00e4t poistaa ev\u00e4steet k\u00e4yt\u00f6st\u00e4, verkkosivusto ei v\u00e4ltt\u00e4m\u00e4tt\u00e4 toimi kunnolla.<\/span><\/p>\t\t\t\t\t\t\t\t<\/div>\n\t\t\t\t<\/div>\n\t\t\t\t\t<\/div>\n\t\t<\/div>\n\t\t\t\t\t<\/div>\n\t\t<\/section>\n\t\t\t\t<\/div>\n\t\t","protected":false},"excerpt":{"rendered":"<p>Tasa-arvo kasvatuksessa Tietosuoja T\u00e4lt\u00e4 sivulta l\u00f6yd\u00e4t Tasa-arvo kasvatuksessa-portaalin tietosuojaselosteet sek\u00e4 tietoa tasa-arvokasvatuksessa.fi-sivustolla k\u00e4ytett\u00e4vist\u00e4 ev\u00e4steist\u00e4 Tietosuojaselosteet Tietosuojaselosteet l\u00f6yd\u00e4t tasa-arvoasiain neuvottelukunnan sivuilta (tane.fi) \u00a0 Ev\u00e4steet Tietoa ev\u00e4steiden k\u00e4yt\u00f6st\u00e4 tasa-arvokasvatuksessa.fi-sivustolla Tasa-arvo kasvatuksessa -portaalik\u00e4ytt\u00e4\u00e4 verkkosivuillaan ev\u00e4steit\u00e4 parantaakseen k\u00e4ytt\u00f6kokemusta ja ker\u00e4t\u00e4kseen tietoja sen k\u00e4yt\u00f6st\u00e4. Ev\u00e4steiden avulla voidaan luoda turvallisia ja k\u00e4ytt\u00e4j\u00e4yst\u00e4v\u00e4llisi\u00e4 palveluita, muokata verkkosivujen sis\u00e4lt\u00f6\u00e4 ja helpottaa palvelun k\u00e4ytt\u00f6\u00e4. Ev\u00e4ste [&hellip;]<\/p>\n","protected":false},"author":4,"featured_media":0,"parent":0,"menu_order":0,"comment_status":"closed","ping_status":"closed","template":"","meta":{"footnotes":""},"class_list":["post-8675","page","type-page","status-publish","hentry"],"_links":{"self":[{"href":"https:\/\/tasa-arvokasvatuksessa.fi\/sv\/wp-json\/wp\/v2\/pages\/8675","targetHints":{"allow":["GET"]}}],"collection":[{"href":"https:\/\/tasa-arvokasvatuksessa.fi\/sv\/wp-json\/wp\/v2\/pages"}],"about":[{"href":"https:\/\/tasa-arvokasvatuksessa.fi\/sv\/wp-json\/wp\/v2\/types\/page"}],"author":[{"embeddable":true,"href":"https:\/\/tasa-arvokasvatuksessa.fi\/sv\/wp-json\/wp\/v2\/users\/4"}],"replies":[{"embeddable":true,"href":"https:\/\/tasa-arvokasvatuksessa.fi\/sv\/wp-json\/wp\/v2\/comments?post=8675"}],"version-history":[{"count":11,"href":"https:\/\/tasa-arvokasvatuksessa.fi\/sv\/wp-json\/wp\/v2\/pages\/8675\/revisions"}],"predecessor-version":[{"id":8800,"href":"https:\/\/tasa-arvokasvatuksessa.fi\/sv\/wp-json\/wp\/v2\/pages\/8675\/revisions\/8800"}],"wp:attachment":[{"href":"https:\/\/tasa-arvokasvatuksessa.fi\/sv\/wp-json\/wp\/v2\/media?parent=8675"}],"curies":[{"name":"wp","href":"https:\/\/api.w.org\/{rel}","templated":true}]}}