{"id":8680,"date":"2022-03-22T11:52:52","date_gmt":"2022-03-22T11:52:52","guid":{"rendered":"https:\/\/tasa-arvokasvatuksessa.fi\/?page_id=8680"},"modified":"2022-03-29T14:50:05","modified_gmt":"2022-03-29T14:50:05","slug":"info-om-portalen","status":"publish","type":"page","link":"https:\/\/tasa-arvokasvatuksessa.fi\/sv\/info-om-portalen\/","title":{"rendered":"Info om portalen"},"content":{"rendered":"\t\t<div data-elementor-type=\"wp-page\" data-elementor-id=\"8680\" class=\"elementor elementor-8680 elementor-8617\" data-elementor-post-type=\"page\">\n\t\t\t\t\t\t<section class=\"elementor-section elementor-top-section elementor-element elementor-element-28ca2f5a elementor-section-boxed elementor-section-height-default elementor-section-height-default\" data-id=\"28ca2f5a\" data-element_type=\"section\">\n\t\t\t\t\t\t<div class=\"elementor-container elementor-column-gap-default\">\n\t\t\t\t\t<div class=\"elementor-column elementor-col-100 elementor-top-column elementor-element elementor-element-582b1db0\" data-id=\"582b1db0\" data-element_type=\"column\">\n\t\t\t<div class=\"elementor-widget-wrap elementor-element-populated\">\n\t\t\t\t\t\t<div class=\"elementor-element elementor-element-2e227eda elementor-widget elementor-widget-heading\" data-id=\"2e227eda\" data-element_type=\"widget\" data-widget_type=\"heading.default\">\n\t\t\t\t<div class=\"elementor-widget-container\">\n\t\t\t\t\t<h2 class=\"elementor-heading-title elementor-size-default\">Tasa-arvo kasvatuksessa<\/h2>\t\t\t\t<\/div>\n\t\t\t\t<\/div>\n\t\t\t\t\t<\/div>\n\t\t<\/div>\n\t\t\t\t\t<\/div>\n\t\t<\/section>\n\t\t\t\t<section class=\"elementor-section elementor-top-section elementor-element elementor-element-4b8cd946 block__elem_tasa_arvo elementor-section-boxed elementor-section-height-default elementor-section-height-default\" data-id=\"4b8cd946\" data-element_type=\"section\" data-settings=\"{&quot;background_background&quot;:&quot;classic&quot;}\">\n\t\t\t\t\t\t<div class=\"elementor-container elementor-column-gap-default\">\n\t\t\t\t\t<div class=\"elementor-column elementor-col-100 elementor-top-column elementor-element elementor-element-466500f9 page__content\" data-id=\"466500f9\" data-element_type=\"column\">\n\t\t\t<div class=\"elementor-widget-wrap elementor-element-populated\">\n\t\t\t\t\t\t<div class=\"elementor-element elementor-element-724cc1d8 elementor-widget elementor-widget-text-editor\" data-id=\"724cc1d8\" data-element_type=\"widget\" data-widget_type=\"text-editor.default\">\n\t\t\t\t<div class=\"elementor-widget-container\">\n\t\t\t\t\t\t\t\t\t<h2><strong>Tekij\u00e4noikeudet<\/strong><\/h2><p><span style=\"font-weight: 400;\">Tasa-arvoasiain neuvottelukunta (Tane) omistaa oikeudet sivuston materiaaliin. Mahdolliset kysymykset sis\u00e4ll\u00f6ist\u00e4 voi l\u00e4hett\u00e4\u00e4: <\/span><a href=\"http:\/\/mailto:tane.stm@gov.fi\"><span style=\"font-weight: 400;\">tane.stm@gov.fi<\/span><\/a><\/p><p><span style=\"font-weight: 400;\">Lis\u00e4tietoja <\/span><span style=\"font-weight: 400;\">tasa-arvoasiain neuvottelukunnasta<\/span><span style=\"font-weight: 400;\"> (<a href=\"https:\/\/tane.fi\/etusivu\">siirry tane.fi<\/a>)<\/span><\/p><h2>\u00a0<\/h2><h2><strong>Toteutus<\/strong><\/h2><p><span style=\"font-weight: 400;\">Verkkosivuston<\/span><a href=\"http:\/\/www.tasa-arvokasvatuksessa.fi\"><span style=\"font-weight: 400;\"> www.tasa-arvokasvatuksessa.fi<\/span><\/a><span style=\"font-weight: 400;\"> on kehitt\u00e4nyt ja tuottanut Ekvalita (<\/span><a href=\"http:\/\/www.ekvalita.fi\"><span style=\"font-weight: 400;\">www.ekvalitaeducation.fi<\/span><\/a><span style=\"font-weight: 400;\">).\u00a0<\/span><\/p><h2>\u00a0<\/h2><h2><strong>Saavutettavuusseloste<\/strong><\/h2><p><span style=\"font-weight: 400;\"><a href=\"https:\/\/tasa-arvokasvatuksessa.fi\/saavutettavuusseloste\/\">T\u00e4m\u00e4 saavutettavuusseloste<\/a> koskee tasa-arvokasvastuksessa.fi-verkkopalvelua ja on laadittu 15.1.2022.<\/span><\/p><h2><strong>\u00a0<\/strong><\/h2><h2><strong>Saavutettavuuspalaute<\/strong><\/h2><p><span style=\"font-weight: 400;\">Huomasitko saavutettavuuspuutteen sivustollamme? Kerro se meille ja teemme parhaamme puutteen korjaamiseksi.<\/span><\/p><p><span style=\"font-weight: 400;\">S\u00e4hk\u00f6posti: <a href=\"http:\/\/mailto:tane.stm@gov.fi\">tane.stm@gov.fi<\/a><\/span><\/p><h2>\u00a0<\/h2><h2><strong>Tietosuoja ja ev\u00e4steet <\/strong><\/h2><p><span style=\"font-weight: 400;\">Tietosuojaselosteet l\u00f6yd\u00e4t tasa-arvoasiain neuvottelukunnan sivuilta (<a href=\"https:\/\/tane.fi\/tietosuoja\">tane.fi<\/a>).<\/span><\/p><p><span style=\"font-weight: 400;\"><a href=\"https:\/\/tasa-arvokasvatuksessa.fi\/tietosuoja-ja-evasteet\/\">T\u00e4lt\u00e4 sivulta<\/a> l\u00f6yd\u00e4t tietoa tasa-arvokasvatuksessa.fi-sivustolla k\u00e4ytett\u00e4vist\u00e4 ev\u00e4steist\u00e4.<\/span><\/p>\t\t\t\t\t\t\t\t<\/div>\n\t\t\t\t<\/div>\n\t\t\t\t\t<\/div>\n\t\t<\/div>\n\t\t\t\t\t<\/div>\n\t\t<\/section>\n\t\t\t\t<\/div>\n\t\t","protected":false},"excerpt":{"rendered":"<p>Tasa-arvo kasvatuksessa Tekij\u00e4noikeudet Tasa-arvoasiain neuvottelukunta (Tane) omistaa oikeudet sivuston materiaaliin. Mahdolliset kysymykset sis\u00e4ll\u00f6ist\u00e4 voi l\u00e4hett\u00e4\u00e4: tane.stm@gov.fi Lis\u00e4tietoja tasa-arvoasiain neuvottelukunnasta (siirry tane.fi) \u00a0 Toteutus Verkkosivuston www.tasa-arvokasvatuksessa.fi on kehitt\u00e4nyt ja tuottanut Ekvalita (www.ekvalitaeducation.fi).\u00a0 \u00a0 Saavutettavuusseloste T\u00e4m\u00e4 saavutettavuusseloste koskee tasa-arvokasvastuksessa.fi-verkkopalvelua ja on laadittu 15.1.2022. \u00a0 Saavutettavuuspalaute Huomasitko saavutettavuuspuutteen sivustollamme? Kerro se meille ja teemme parhaamme puutteen korjaamiseksi. S\u00e4hk\u00f6posti: [&hellip;]<\/p>\n","protected":false},"author":4,"featured_media":0,"parent":0,"menu_order":0,"comment_status":"closed","ping_status":"closed","template":"","meta":{"footnotes":""},"class_list":["post-8680","page","type-page","status-publish","hentry"],"_links":{"self":[{"href":"https:\/\/tasa-arvokasvatuksessa.fi\/sv\/wp-json\/wp\/v2\/pages\/8680","targetHints":{"allow":["GET"]}}],"collection":[{"href":"https:\/\/tasa-arvokasvatuksessa.fi\/sv\/wp-json\/wp\/v2\/pages"}],"about":[{"href":"https:\/\/tasa-arvokasvatuksessa.fi\/sv\/wp-json\/wp\/v2\/types\/page"}],"author":[{"embeddable":true,"href":"https:\/\/tasa-arvokasvatuksessa.fi\/sv\/wp-json\/wp\/v2\/users\/4"}],"replies":[{"embeddable":true,"href":"https:\/\/tasa-arvokasvatuksessa.fi\/sv\/wp-json\/wp\/v2\/comments?post=8680"}],"version-history":[{"count":17,"href":"https:\/\/tasa-arvokasvatuksessa.fi\/sv\/wp-json\/wp\/v2\/pages\/8680\/revisions"}],"predecessor-version":[{"id":8797,"href":"https:\/\/tasa-arvokasvatuksessa.fi\/sv\/wp-json\/wp\/v2\/pages\/8680\/revisions\/8797"}],"wp:attachment":[{"href":"https:\/\/tasa-arvokasvatuksessa.fi\/sv\/wp-json\/wp\/v2\/media?parent=8680"}],"curies":[{"name":"wp","href":"https:\/\/api.w.org\/{rel}","templated":true}]}}